{"id":9849,"date":"2024-12-08T16:12:33","date_gmt":"2024-12-08T15:12:35","guid":{"rendered":"https:\/\/www.absinthemarket.com\/?post_type=product&#038;p=9849"},"modified":"2024-12-08T16:35:51","modified_gmt":"2024-12-08T15:35:51","slug":"absinthe-fontaene-edelstahl","status":"publish","type":"product","link":"https:\/\/www.absinthemarket.com\/de\/produkt\/absinthe-fontaene-edelstahl\/","title":{"rendered":"Absinthe-Font\u00e4ne aus Edelstahl"},"content":{"rendered":"<div class=\"wpb-content-wrapper\"><p>[vc_row content_placement=&#8220;top&#8220;][vc_column width=&#8220;1\/2&#8243;][vc_column_text css=&#8220;&#8220; text_larger=&#8220;no&#8220; woodmart_inline=&#8220;no&#8220;]Diese Absinthe-Font\u00e4ne aus geb\u00fcrstetem Edelstahl ist die widerstandsf\u00e4higste unserer Auswahl. Sie ist unzerbrechlich, mit vier hochwertigen H\u00e4hnen ausgestattet und wird in der Europ\u00e4ischen Union handwerklich hergestellt.<\/p>\n<p>Genie\u00dfen Sie ihren avantgardistischen Look und ihre originelle Silhouette, die auf vier rutschfesten F\u00fc\u00dfen steht. Eine Absinthe-Font\u00e4ne, die lange halten wird, perfekt geeignet f\u00fcr den h\u00e4ufigen Gebrauch, insbesondere f\u00fcr professionelle Gastronomen. Rekordverd\u00e4chtiges Fassungsverm\u00f6gen von 3,8 l. Schweizer Exklusivit\u00e4t Absinthemarket.[\/vc_column_text][\/vc_column][vc_column width=&#8220;1\/2&#8243; css=&#8220;.vc_custom_1490694541710{padding-top: 0px !important;}&#8220;][vc_column_text css=&#8220;&#8220; text_larger=&#8220;no&#8220; woodmart_inline=&#8220;no&#8220;]<\/p>\n<h2>Eigenschaften:<\/h2>\n<p>H\u00f6he: 48 cm<br \/>\nH\u00f6he unter dem Wasserhahn: 20,5 cm[\/vc_column_text][\/vc_column][\/vc_row]<\/p>\n<\/div>","protected":false},"excerpt":{"rendered":"<p>Exklusiv in der Schweiz! Entdecken Sie unsere unzerbrechliche Absinth-Font\u00e4ne aus Edelstahl. Mit einem rekordverd\u00e4chtigen Fassungsverm\u00f6gen von 3,8 l, vier hochwertigen H\u00e4hnen und rutschfesten F\u00fc\u00dfen. Handgefertigt in der Europ\u00e4ischen Union.<\/p>\n","protected":false},"featured_media":9852,"comment_status":"open","ping_status":"closed","template":"","meta":[],"product_brand":[],"product_cat":[125],"product_tag":[],"class_list":{"0":"post-9849","1":"product","2":"type-product","3":"status-publish","4":"has-post-thumbnail","6":"product_cat-absinth-fontaenen","8":"first","9":"instock","10":"taxable","11":"shipping-taxable","12":"purchasable","13":"product-type-simple"},"_links":{"self":[{"href":"https:\/\/www.absinthemarket.com\/de\/wp-json\/wp\/v2\/product\/9849","targetHints":{"allow":["GET"]}}],"collection":[{"href":"https:\/\/www.absinthemarket.com\/de\/wp-json\/wp\/v2\/product"}],"about":[{"href":"https:\/\/www.absinthemarket.com\/de\/wp-json\/wp\/v2\/types\/product"}],"replies":[{"embeddable":true,"href":"https:\/\/www.absinthemarket.com\/de\/wp-json\/wp\/v2\/comments?post=9849"}],"wp:featuredmedia":[{"embeddable":true,"href":"https:\/\/www.absinthemarket.com\/de\/wp-json\/wp\/v2\/media\/9852"}],"wp:attachment":[{"href":"https:\/\/www.absinthemarket.com\/de\/wp-json\/wp\/v2\/media?parent=9849"}],"wp:term":[{"taxonomy":"product_brand","embeddable":true,"href":"https:\/\/www.absinthemarket.com\/de\/wp-json\/wp\/v2\/product_brand?post=9849"},{"taxonomy":"product_cat","embeddable":true,"href":"https:\/\/www.absinthemarket.com\/de\/wp-json\/wp\/v2\/product_cat?post=9849"},{"taxonomy":"product_tag","embeddable":true,"href":"https:\/\/www.absinthemarket.com\/de\/wp-json\/wp\/v2\/product_tag?post=9849"}],"curies":[{"name":"wp","href":"https:\/\/api.w.org\/{rel}","templated":true}]}}