{"id":9844,"date":"2024-12-08T14:50:05","date_gmt":"2024-12-08T13:50:05","guid":{"rendered":"https:\/\/www.absinthemarket.com\/?post_type=product&#038;p=9844"},"modified":"2025-06-16T17:02:35","modified_gmt":"2025-06-16T15:02:35","slug":"salziges-absinthe-set","status":"publish","type":"product","link":"https:\/\/www.absinthemarket.com\/de\/produkt\/salziges-absinthe-set\/","title":{"rendered":"Salziges Absinthe-Set: Senf, Risotto und Trockenwurst mit Absinth"},"content":{"rendered":"<div class=\"wpb-content-wrapper\"><p>[vc_row content_placement=&#8220;top&#8220;][vc_column width=&#8220;1\/2&#8243;][vc_column_text css=&#8220;&#8220; text_larger=&#8220;no&#8220; woodmart_inline=&#8220;no&#8220;]In dieser speziellen herzhaften Box finden Sie die beliebtesten Feinkostprodukte aus unserem Shop. Ein Senf (180 g), der mit Gew\u00fcrzen und einem Schuss Absinth aus dem Val-de-Travers verfeinert wurde, um Fleisch, Fisch oder K\u00e4se zu w\u00fcrzen. Eine in der Metzgerei D\u00e4nzer hergestellte Trockenwurst als Aperitif und das ber\u00fchmte \u201eRisotto du Distillateur\u201c des Feinkosth\u00e4ndlers Daniel Givord, das in seinem Set aus San-Andrea-Risotto, Gew\u00fcrzen und dem charaktervollen Absinth \u201eLa Fine du Clandestin\u201c gebrauchsfertig ist.[\/vc_column_text][\/vc_column][vc_column width=&#8220;1\/2&#8243; css=&#8220;.vc_custom_1490694541710{padding-top: 0px !important;}&#8220;][vc_column_text css=&#8220;&#8220; text_larger=&#8220;no&#8220; woodmart_inline=&#8220;no&#8220;]<\/p>\n<h2>Eigenschaften:<\/h2>\n<p>&#8211; Risotto du distillateur<br \/>\nHersteller : Au Grenier Gourmand, Travers (NE) und Distillerie du Val-de-Travers, M\u00f4tiers (NE)<\/p>\n<p>&#8211; Senf mit Absinth<br \/>\nHersteller: Distillerie du Val-de-Travers, M\u00f4tiers (NE)<\/p>\n<p>&#8211; Trockenwurst mit Absinth<br \/>\nHersteller: Metzgerei D\u00e4nzer, Travers (NE)[\/vc_column_text][\/vc_column][\/vc_row]<\/p>\n<\/div>","protected":false},"excerpt":{"rendered":"<p>Diese Box stellt einige der beliebtesten herzhaften K\u00f6stlichkeiten aus unserem Feinkostladen zusammen. Ein Anis-Senf, eine Trockenwurst mit gr\u00fcner Fee und ein fertiges Risotto mit einem Fl\u00e4schchen komplexen Absinth (40 ml), das Sie nur noch \u00fcber das Gericht gie\u00dfen und vor dem Servieren flambieren m\u00fcssen.<\/p>\n","protected":false},"featured_media":9847,"comment_status":"open","ping_status":"closed","template":"","meta":[],"product_brand":[],"product_cat":[126,127],"product_tag":[],"class_list":{"0":"post-9844","1":"product","2":"type-product","3":"status-publish","4":"has-post-thumbnail","6":"product_cat-absinth-sets","7":"product_cat-feinkost-delikatessen","9":"first","10":"outofstock","11":"taxable","12":"shipping-taxable","13":"purchasable","14":"product-type-simple"},"_links":{"self":[{"href":"https:\/\/www.absinthemarket.com\/de\/wp-json\/wp\/v2\/product\/9844","targetHints":{"allow":["GET"]}}],"collection":[{"href":"https:\/\/www.absinthemarket.com\/de\/wp-json\/wp\/v2\/product"}],"about":[{"href":"https:\/\/www.absinthemarket.com\/de\/wp-json\/wp\/v2\/types\/product"}],"replies":[{"embeddable":true,"href":"https:\/\/www.absinthemarket.com\/de\/wp-json\/wp\/v2\/comments?post=9844"}],"wp:featuredmedia":[{"embeddable":true,"href":"https:\/\/www.absinthemarket.com\/de\/wp-json\/wp\/v2\/media\/9847"}],"wp:attachment":[{"href":"https:\/\/www.absinthemarket.com\/de\/wp-json\/wp\/v2\/media?parent=9844"}],"wp:term":[{"taxonomy":"product_brand","embeddable":true,"href":"https:\/\/www.absinthemarket.com\/de\/wp-json\/wp\/v2\/product_brand?post=9844"},{"taxonomy":"product_cat","embeddable":true,"href":"https:\/\/www.absinthemarket.com\/de\/wp-json\/wp\/v2\/product_cat?post=9844"},{"taxonomy":"product_tag","embeddable":true,"href":"https:\/\/www.absinthemarket.com\/de\/wp-json\/wp\/v2\/product_tag?post=9844"}],"curies":[{"name":"wp","href":"https:\/\/api.w.org\/{rel}","templated":true}]}}