{"id":9839,"date":"2024-12-08T14:30:15","date_gmt":"2024-12-08T13:30:15","guid":{"rendered":"https:\/\/www.absinthemarket.com\/?post_type=product&#038;p=9839"},"modified":"2025-11-02T19:13:51","modified_gmt":"2025-11-02T18:13:51","slug":"suesses-absinth-set","status":"publish","type":"product","link":"https:\/\/www.absinthemarket.com\/de\/produkt\/suesses-absinth-set\/","title":{"rendered":"S\u00fcsses Geschenkset : Baiser, Kr\u00e4utertee und Absinth-Pralinen"},"content":{"rendered":"<div class=\"wpb-content-wrapper\"><p>[vc_row content_placement=&#8220;top&#8220;][vc_column width=&#8220;1\/2&#8243;][vc_column_text css=&#8220;&#8220; text_larger=&#8220;no&#8220; woodmart_inline=&#8220;no&#8220;]In dieser sehr leckeren Box finden Sie die s\u00fc\u00dfen K\u00f6stlichkeiten aus unserem Shop. Die ber\u00fchmten Absinth-Baisers der Ferme des Tourbi\u00e8res mit dem Label \u201eTerroir neuch\u00e2telois\u201c, die Absinth-Schokolade der handwerklichen Chocolaterie Douceur des F\u00e9es mit ihrer Ganache aus Zartbitterschokolade, Pistazienmarzipan und s\u00fc\u00dfem Wermut sowie ein Kr\u00e4utertee, der die Anis- und Mentholaromen des Absinths wiedergibt und von dem talentierten Destillateur Christophe Racine handwerklich zusammengestellt wurde.[\/vc_column_text][\/vc_column][vc_column width=&#8220;1\/2&#8243; css=&#8220;.vc_custom_1490694541710{padding-top: 0px !important;}&#8220;][vc_column_text css=&#8220;&#8220; text_larger=&#8220;no&#8220; woodmart_inline=&#8220;no&#8220;]<\/p>\n<h2>Eigenschaften:<\/h2>\n<p>&#8211; Kr\u00e4utertee mit Absinth<br \/>\nHersteller: Distillerie du Val-de-Travers, M\u00f4tiers (NE)<\/p>\n<p>&#8211; Schokolade mit Absinth<br \/>\nHersteller: Douceur des F\u00e9es, Fleurier (NE)<\/p>\n<p>&#8211; Meringues mit Absinth<br \/>\nHersteller: La Ferme des Tourbi\u00e8res, Brot-Plamboz (NE)[\/vc_column_text][\/vc_column][\/vc_row]<\/p>\n<\/div>","protected":false},"excerpt":{"rendered":"<p>Meringues aus der Region mit Absinth, cremige Schokolade mit Absinth und Kr\u00e4utertee, der alle Aromen der gr\u00fcnen Fee wiedergibt; begeben Sie sich in dieser Auswahl an S\u00fc\u00dfigkeiten auf eine Entdeckungsreise durch die k\u00f6stlichen Aromen des Absinths. Um sich oder anderen eine Freude zu machen.<\/p>\n","protected":false},"featured_media":9842,"comment_status":"open","ping_status":"closed","template":"","meta":[],"product_brand":[],"product_cat":[126,127],"product_tag":[],"class_list":{"0":"post-9839","1":"product","2":"type-product","3":"status-publish","4":"has-post-thumbnail","6":"product_cat-absinth-sets","7":"product_cat-feinkost-delikatessen","9":"first","10":"outofstock","11":"taxable","12":"shipping-taxable","13":"purchasable","14":"product-type-simple"},"_links":{"self":[{"href":"https:\/\/www.absinthemarket.com\/de\/wp-json\/wp\/v2\/product\/9839","targetHints":{"allow":["GET"]}}],"collection":[{"href":"https:\/\/www.absinthemarket.com\/de\/wp-json\/wp\/v2\/product"}],"about":[{"href":"https:\/\/www.absinthemarket.com\/de\/wp-json\/wp\/v2\/types\/product"}],"replies":[{"embeddable":true,"href":"https:\/\/www.absinthemarket.com\/de\/wp-json\/wp\/v2\/comments?post=9839"}],"wp:featuredmedia":[{"embeddable":true,"href":"https:\/\/www.absinthemarket.com\/de\/wp-json\/wp\/v2\/media\/9842"}],"wp:attachment":[{"href":"https:\/\/www.absinthemarket.com\/de\/wp-json\/wp\/v2\/media?parent=9839"}],"wp:term":[{"taxonomy":"product_brand","embeddable":true,"href":"https:\/\/www.absinthemarket.com\/de\/wp-json\/wp\/v2\/product_brand?post=9839"},{"taxonomy":"product_cat","embeddable":true,"href":"https:\/\/www.absinthemarket.com\/de\/wp-json\/wp\/v2\/product_cat?post=9839"},{"taxonomy":"product_tag","embeddable":true,"href":"https:\/\/www.absinthemarket.com\/de\/wp-json\/wp\/v2\/product_tag?post=9839"}],"curies":[{"name":"wp","href":"https:\/\/api.w.org\/{rel}","templated":true}]}}