{"id":9834,"date":"2024-12-08T13:41:12","date_gmt":"2024-12-08T12:41:12","guid":{"rendered":"https:\/\/www.absinthemarket.com\/?post_type=product&#038;p=9834"},"modified":"2025-12-14T20:29:57","modified_gmt":"2025-12-14T19:29:57","slug":"absinth-trockenwurst","status":"publish","type":"product","link":"https:\/\/www.absinthemarket.com\/de\/produkt\/absinth-trockenwurst\/","title":{"rendered":"Trockenwurst mit Absinth"},"content":{"rendered":"<div class=\"wpb-content-wrapper\"><p>[vc_row content_placement=&#8220;top&#8220;][vc_column width=&#8220;1\/2&#8243;][vc_column_text css=&#8220;&#8220; text_larger=&#8220;no&#8220; woodmart_inline=&#8220;no&#8220;]Diese Trockenwurst mit Absinth ist ein Juwel der Vallon Region und wird von der renommierten Metzgerei D\u00e4nzer in Travers hergestellt, die mit dem Label \u201eNeuch\u00e2tel Vins et Terroir\u201c (NVT) ausgezeichnet wurde.<\/p>\n<p>Seine K\u00fchnheit? In seine Gourmet-Komposition (Schweine- und Rindfleisch, Speck und Rotwein) einige Tr\u00e4nen der gr\u00fcnen Fee zu integrieren. Erliegen Sie den kr\u00e4ftigen Aromen des mehrfach ausgezeichneten Absinths \u201eLa Fine du Clandestin\u201c aus der \u201eDistillerie du Val-de-Travers\u201c, \u00fcberraschen Sie Ihre Geschmacksknospen und verwandeln Sie jeden Aperitif in einen magischen Moment.[\/vc_column_text][\/vc_column][vc_column width=&#8220;1\/2&#8243; css=&#8220;.vc_custom_1490694541710{padding-top: 0px !important;}&#8220;][vc_column_text css=&#8220;&#8220; text_larger=&#8220;no&#8220; woodmart_inline=&#8220;no&#8220;]<\/p>\n<h2>Eigenschaften:<\/h2>\n<p>Hersteller : Metzgerei D\u00e4nzer, Travers (NE).<br \/>\nZusammensetzung: Schweizer Fleischprodukt zum rohen Verzehr. Schweinefleisch, Rindfleisch, Speck, Schweine- oder Rindsherz, Rotwein, Nitritp\u00f6kelsalz (Kochsalz, Konservierungsmittel E250), Wermut 2%, Gew\u00fcrze, Dextrose, Glukose (Mais), Antioxidationsmittel E301 (Ascorbins\u00e4ure), Geschmacksverst\u00e4rker E621. H\u00fclle: Speisedarm von Rindern.[\/vc_column_text][\/vc_column][\/vc_row]<\/p>\n<\/div>","protected":false},"excerpt":{"rendered":"<p>Diese im Val-de-Travers handwerklich hergestellte Trockenwurst enth\u00e4lt die komplexe und pflanzliche Kraft des mehrfach ausgezeichneten Absinths \u201eLa Fine du Clandestin\u201c in ihrer Zusammensetzung. Ein Geschmackserlebnis, das auch beim Aperitif seine Wirkung nicht verfehlt!<\/p>\n","protected":false},"featured_media":9837,"comment_status":"open","ping_status":"closed","template":"","meta":[],"product_brand":[],"product_cat":[127],"product_tag":[],"class_list":{"0":"post-9834","1":"product","2":"type-product","3":"status-publish","4":"has-post-thumbnail","6":"product_cat-feinkost-delikatessen","8":"first","9":"outofstock","10":"taxable","11":"shipping-taxable","12":"purchasable","13":"product-type-simple"},"_links":{"self":[{"href":"https:\/\/www.absinthemarket.com\/de\/wp-json\/wp\/v2\/product\/9834","targetHints":{"allow":["GET"]}}],"collection":[{"href":"https:\/\/www.absinthemarket.com\/de\/wp-json\/wp\/v2\/product"}],"about":[{"href":"https:\/\/www.absinthemarket.com\/de\/wp-json\/wp\/v2\/types\/product"}],"replies":[{"embeddable":true,"href":"https:\/\/www.absinthemarket.com\/de\/wp-json\/wp\/v2\/comments?post=9834"}],"wp:featuredmedia":[{"embeddable":true,"href":"https:\/\/www.absinthemarket.com\/de\/wp-json\/wp\/v2\/media\/9837"}],"wp:attachment":[{"href":"https:\/\/www.absinthemarket.com\/de\/wp-json\/wp\/v2\/media?parent=9834"}],"wp:term":[{"taxonomy":"product_brand","embeddable":true,"href":"https:\/\/www.absinthemarket.com\/de\/wp-json\/wp\/v2\/product_brand?post=9834"},{"taxonomy":"product_cat","embeddable":true,"href":"https:\/\/www.absinthemarket.com\/de\/wp-json\/wp\/v2\/product_cat?post=9834"},{"taxonomy":"product_tag","embeddable":true,"href":"https:\/\/www.absinthemarket.com\/de\/wp-json\/wp\/v2\/product_tag?post=9834"}],"curies":[{"name":"wp","href":"https:\/\/api.w.org\/{rel}","templated":true}]}}