{"id":9806,"date":"2024-12-08T15:12:51","date_gmt":"2024-12-08T14:12:51","guid":{"rendered":"https:\/\/www.absinthemarket.com\/?post_type=product&#038;p=9806"},"modified":"2025-02-13T20:39:12","modified_gmt":"2025-02-13T19:39:12","slug":"absinth-fontaene-art-deco","status":"publish","type":"product","link":"https:\/\/www.absinthemarket.com\/de\/produkt\/absinth-fontaene-art-deco\/","title":{"rendered":"Absinth Font\u00e4ne \u201eArt Deco&#8220;"},"content":{"rendered":"<div class=\"wpb-content-wrapper\"><p>[vc_row content_placement=&#8220;top&#8220;][vc_column width=&#8220;1\/2&#8243;][vc_column_text css=&#8220;&#8220; text_larger=&#8220;no&#8220; woodmart_inline=&#8220;no&#8220;]Eine Absinth-Font\u00e4ne? Nein, ein Kunstwerk! Diese schlanke Font\u00e4ne leiht sich die modernen, geometrischen Linien des Art d\u00e9co aus, um Ihrem Ritual einen Retro-Touch zu verleihen.<\/p>\n<p>Nehmen Sie sich Zeit, f\u00fcllen Sie seinen Tank mit Wasser, das mit einigen Eisw\u00fcrfeln gek\u00fchlt wurde, gie\u00dfen Sie reinen Absinth auf den Boden von zwei Gl\u00e4sern (wir haben sehr sch\u00f6ne in unserem Shop!) und stellen Sie sie unter seine Wasserh\u00e4hne. Drehen Sie jeden Hahn langsam auf und lassen Sie das Wasser entweichen, zun\u00e4chst tropfenweise, bis die Gr\u00fcne Fee ihre \u201eKelle\u201c, die typische Tr\u00fcbung des Absinths, entwickelt hat. Schlie\u00dflich drehen Sie den Hahn weiter auf, um den Absinth mit Sauerstoff zu versorgen, der nun alle seine Aromen verstr\u00f6mt. Einige letzte Augenblicke Geduld, damit die Aromen ihre ganze Intensit\u00e4t entfalten k\u00f6nnen&#8230; und dann ist es fertig.[\/vc_column_text][\/vc_column][vc_column width=&#8220;1\/2&#8243; css=&#8220;.vc_custom_1490694541710{padding-top: 0px !important;}&#8220;][vc_column_text css=&#8220;&#8220; text_larger=&#8220;no&#8220; woodmart_inline=&#8220;no&#8220;]<\/p>\n<h2>Eigenschaften:<\/h2>\n<p>H\u00f6he: 46,5 cm<br \/>\nH\u00f6he unter dem Wasserhahn: 19 cm[\/vc_column_text][\/vc_column][\/vc_row]<\/p>\n<\/div>","protected":false},"excerpt":{"rendered":"<p>Diese Absinth-Font\u00e4ne im Art-Deco-Stil ist f\u00fcr alle, die Retro-Design lieben. Zwei H\u00e4hne f\u00fcr ein T\u00eate-\u00e0-T\u00eate mit der gr\u00fcnen Fee, die sich Zeit l\u00e4sst und uns mehr als hundert Jahre in die Vergangenheit katapultiert, als der Absinth im geheimnisvollen Val-de-Travers in den Untergrund ging&#8230;<\/p>\n","protected":false},"featured_media":9809,"comment_status":"open","ping_status":"closed","template":"","meta":[],"product_brand":[],"product_cat":[125],"product_tag":[],"class_list":{"0":"post-9806","1":"product","2":"type-product","3":"status-publish","4":"has-post-thumbnail","6":"product_cat-absinth-fontaenen","8":"first","9":"instock","10":"taxable","11":"shipping-taxable","12":"purchasable","13":"product-type-simple"},"_links":{"self":[{"href":"https:\/\/www.absinthemarket.com\/de\/wp-json\/wp\/v2\/product\/9806","targetHints":{"allow":["GET"]}}],"collection":[{"href":"https:\/\/www.absinthemarket.com\/de\/wp-json\/wp\/v2\/product"}],"about":[{"href":"https:\/\/www.absinthemarket.com\/de\/wp-json\/wp\/v2\/types\/product"}],"replies":[{"embeddable":true,"href":"https:\/\/www.absinthemarket.com\/de\/wp-json\/wp\/v2\/comments?post=9806"}],"wp:featuredmedia":[{"embeddable":true,"href":"https:\/\/www.absinthemarket.com\/de\/wp-json\/wp\/v2\/media\/9809"}],"wp:attachment":[{"href":"https:\/\/www.absinthemarket.com\/de\/wp-json\/wp\/v2\/media?parent=9806"}],"wp:term":[{"taxonomy":"product_brand","embeddable":true,"href":"https:\/\/www.absinthemarket.com\/de\/wp-json\/wp\/v2\/product_brand?post=9806"},{"taxonomy":"product_cat","embeddable":true,"href":"https:\/\/www.absinthemarket.com\/de\/wp-json\/wp\/v2\/product_cat?post=9806"},{"taxonomy":"product_tag","embeddable":true,"href":"https:\/\/www.absinthemarket.com\/de\/wp-json\/wp\/v2\/product_tag?post=9806"}],"curies":[{"name":"wp","href":"https:\/\/api.w.org\/{rel}","templated":true}]}}