{"id":9796,"date":"2024-12-06T16:36:03","date_gmt":"2024-12-06T15:36:04","guid":{"rendered":"https:\/\/www.absinthemarket.com\/?post_type=product&#038;p=9796"},"modified":"2025-08-25T09:36:36","modified_gmt":"2025-08-25T07:36:36","slug":"absinth-glas-belle-epoque","status":"publish","type":"product","link":"https:\/\/www.absinthemarket.com\/de\/produkt\/absinth-glas-belle-epoque\/","title":{"rendered":"Absinth Glas \u201eBelle Epoque\u201c"},"content":{"rendered":"<div class=\"wpb-content-wrapper\"><p>[vc_row content_placement=&#8220;top&#8220;][vc_column width=&#8220;1\/2&#8243;][vc_column_text css=&#8220;&#8220; text_larger=&#8220;no&#8220; woodmart_inline=&#8220;no&#8220;]Dies ist eines der elegantesten Gl\u00e4ser in unserer Auswahl. \u00dcber dem zart geriffelten Fu\u00df dieses Glases aus der Belle \u00c9poque befindet sich eine Kugel, mit der Sie Ihren puren Absinthe genau dosieren k\u00f6nnen. F\u00fcllen Sie einfach die Kugel und verd\u00fcnnen Sie den Inhalt mit kaltem Wasser. Das Glas \u00f6ffnet sich wie eine Krone, um die kostbaren Aromen besser zu verstr\u00f6men. Es rollt sich um sich selbst und scheint eine Bewegung, einen hypnotischen Tanz zu erzeugen.[\/vc_column_text][\/vc_column][vc_column width=&#8220;1\/2&#8243; css=&#8220;.vc_custom_1490694541710{padding-top: 0px !important;}&#8220;][vc_column_text css=&#8220;&#8220; text_larger=&#8220;no&#8220; woodmart_inline=&#8220;no&#8220;]<\/p>\n<h2>Eigenschaften:<\/h2>\n<p>H\u00f6he: 175 mm,<br \/>\n\u00d8 : 67 mm[\/vc_column_text][\/vc_column][\/vc_row]<\/p>\n<\/div>","protected":false},"excerpt":{"rendered":"<p>Dieses mundgeblasene Belle \u00c9poque-Glas ist ein Kunstwerk. Es greift die eleganten Codes aus den Glanzzeiten der Gr\u00fcnen Fee auf und ruht auf einer Kugel, die man mit reinem Absinth f\u00fcllt, um ihn genau zu dosieren.<\/p>\n","protected":false},"featured_media":9799,"comment_status":"open","ping_status":"closed","template":"","meta":[],"product_brand":[],"product_cat":[124],"product_tag":[],"class_list":{"0":"post-9796","1":"product","2":"type-product","3":"status-publish","4":"has-post-thumbnail","6":"product_cat-absinth-glaeser","8":"first","9":"instock","10":"taxable","11":"shipping-taxable","12":"purchasable","13":"product-type-simple"},"_links":{"self":[{"href":"https:\/\/www.absinthemarket.com\/de\/wp-json\/wp\/v2\/product\/9796","targetHints":{"allow":["GET"]}}],"collection":[{"href":"https:\/\/www.absinthemarket.com\/de\/wp-json\/wp\/v2\/product"}],"about":[{"href":"https:\/\/www.absinthemarket.com\/de\/wp-json\/wp\/v2\/types\/product"}],"replies":[{"embeddable":true,"href":"https:\/\/www.absinthemarket.com\/de\/wp-json\/wp\/v2\/comments?post=9796"}],"wp:featuredmedia":[{"embeddable":true,"href":"https:\/\/www.absinthemarket.com\/de\/wp-json\/wp\/v2\/media\/9799"}],"wp:attachment":[{"href":"https:\/\/www.absinthemarket.com\/de\/wp-json\/wp\/v2\/media?parent=9796"}],"wp:term":[{"taxonomy":"product_brand","embeddable":true,"href":"https:\/\/www.absinthemarket.com\/de\/wp-json\/wp\/v2\/product_brand?post=9796"},{"taxonomy":"product_cat","embeddable":true,"href":"https:\/\/www.absinthemarket.com\/de\/wp-json\/wp\/v2\/product_cat?post=9796"},{"taxonomy":"product_tag","embeddable":true,"href":"https:\/\/www.absinthemarket.com\/de\/wp-json\/wp\/v2\/product_tag?post=9796"}],"curies":[{"name":"wp","href":"https:\/\/api.w.org\/{rel}","templated":true}]}}