{"id":9788,"date":"2024-12-06T15:18:47","date_gmt":"2024-12-06T14:18:49","guid":{"rendered":"https:\/\/www.absinthemarket.com\/?post_type=product&#038;p=9788"},"modified":"2024-12-12T18:09:02","modified_gmt":"2024-12-12T17:09:02","slug":"feuerloescher-absinth-loeffel","status":"publish","type":"product","link":"https:\/\/www.absinthemarket.com\/de\/produkt\/feuerloescher-absinth-loeffel\/","title":{"rendered":"Feuerl\u00f6scher-Set Absinth und L\u00f6ffel"},"content":{"rendered":"<div class=\"wpb-content-wrapper\"><p>[vc_row content_placement=&#8220;top&#8220;][vc_column width=&#8220;1\/2&#8243;][vc_column_text css=&#8220;&#8220; text_larger=&#8220;no&#8220; woodmart_inline=&#8220;no&#8220;]Passen Sie auf, dass Sie nicht den falschen Feuerl\u00f6scher verwenden! Dieser l\u00f6scht nur den Durst&#8230; und das ist schon etwas. In diesem gl\u00e4nzend roten Feuerl\u00f6scher befindet sich der mehrfach ausgezeichnete Absinth \u201eLa Fine du Clandestin\u201c 35cl aus der talentierten Brennerei \u201eDistillerie du Val-de-Travers\u201c, mit komplexen Noten, die von 15 Pflanzen durchzogen sind. Und da er am liebsten aus einem Zuckerw\u00fcrfel gefiltert getrunken wird, verbirgt sich in der Schachtel auch ein perforierter L\u00f6ffel, um dem historischen L\u00f6ffelritual zu erliegen, das aus dem 19.[\/vc_column_text][\/vc_column][vc_column width=&#8220;1\/2&#8243; css=&#8220;.vc_custom_1490694541710{padding-top: 0px !important;}&#8220;][vc_column_text css=&#8220;&#8220; text_larger=&#8220;no&#8220; woodmart_inline=&#8220;no&#8220;]<\/p>\n<h2>Eigenschaften:<\/h2>\n<p>H\u00f6he: 37 cm<br \/>\nDurchmesser: 11 cm<br \/>\nEnth\u00e4lt: Eine Flasche Absinthe \u201eLa Fine du Clandestin\u201c 35cl und einen Absinthe-L\u00f6ffel.[\/vc_column_text][\/vc_column][\/vc_row]<\/p>\n<\/div>","protected":false},"excerpt":{"rendered":"<p>Ein Feuerl\u00f6scher? Nein, eine Fee! \u00d6ffnen Sie die T\u00fcr und entdecken Sie den renommierten wei\u00dfen Absinth \u201eLa Fine du Clandestin\u201c, der aufgrund seines Charakters und seiner Komplexit\u00e4t dazu einl\u00e4dt, ihn wie in der guten alten Zeit zu vers\u00fc\u00dfen. Und das trifft sich gut, denn in der Schatulle verbirgt sich auch ein zarter, perforierter L\u00f6ffel.<\/p>\n","protected":false},"featured_media":9791,"comment_status":"open","ping_status":"closed","template":"","meta":[],"product_brand":[],"product_cat":[126,191],"product_tag":[],"class_list":{"0":"post-9788","1":"product","2":"type-product","3":"status-publish","4":"has-post-thumbnail","6":"product_cat-absinth-sets","7":"product_cat-zubehoer","9":"first","10":"outofstock","11":"taxable","12":"shipping-taxable","13":"purchasable","14":"product-type-simple"},"_links":{"self":[{"href":"https:\/\/www.absinthemarket.com\/de\/wp-json\/wp\/v2\/product\/9788","targetHints":{"allow":["GET"]}}],"collection":[{"href":"https:\/\/www.absinthemarket.com\/de\/wp-json\/wp\/v2\/product"}],"about":[{"href":"https:\/\/www.absinthemarket.com\/de\/wp-json\/wp\/v2\/types\/product"}],"replies":[{"embeddable":true,"href":"https:\/\/www.absinthemarket.com\/de\/wp-json\/wp\/v2\/comments?post=9788"}],"wp:featuredmedia":[{"embeddable":true,"href":"https:\/\/www.absinthemarket.com\/de\/wp-json\/wp\/v2\/media\/9791"}],"wp:attachment":[{"href":"https:\/\/www.absinthemarket.com\/de\/wp-json\/wp\/v2\/media?parent=9788"}],"wp:term":[{"taxonomy":"product_brand","embeddable":true,"href":"https:\/\/www.absinthemarket.com\/de\/wp-json\/wp\/v2\/product_brand?post=9788"},{"taxonomy":"product_cat","embeddable":true,"href":"https:\/\/www.absinthemarket.com\/de\/wp-json\/wp\/v2\/product_cat?post=9788"},{"taxonomy":"product_tag","embeddable":true,"href":"https:\/\/www.absinthemarket.com\/de\/wp-json\/wp\/v2\/product_tag?post=9788"}],"curies":[{"name":"wp","href":"https:\/\/api.w.org\/{rel}","templated":true}]}}