{"id":9142,"date":"2023-12-06T15:09:39","date_gmt":"2023-12-06T14:09:41","guid":{"rendered":"https:\/\/www.absinthemarket.com\/?post_type=product&#038;p=9142"},"modified":"2026-01-15T21:16:29","modified_gmt":"2026-01-15T20:16:29","slug":"krautertee-absinth-wermut","status":"publish","type":"product","link":"https:\/\/www.absinthemarket.com\/de\/produkt\/krautertee-absinth-wermut\/","title":{"rendered":"Kr\u00e4utertee mit Wermut (Absinth)"},"content":{"rendered":"<div class=\"wpb-content-wrapper\"><p>[vc_row content_placement=&#8220;top&#8220;][vc_column width=&#8220;1\/2&#8243;][vc_column_text text_larger=&#8220;no&#8220; woodmart_inline=&#8220;no&#8220;]Endlich ein Absinth, den man ohne jede M\u00e4\u00dfigung genie\u00dfen kann! Dieser Kr\u00e4utertee wurde von einem der talentiertesten Destillateure seiner Generation, Christophe Racine von der Distillerie du Val-de-Travers, zusammengestellt und gibt den guten Geschmack der ber\u00fchmten Spirituose gekonnt wieder.<\/p>\n<p>In diesem Kr\u00e4utertee, der in M\u00f4tiers im Herzen des Val-de-Travers handwerklich zusammengestellt wird, steckt viel Liebe&#8230; aber auch Anis, Fenchel, Wermut, Melisse, Sternanis, Minze, Eisenkraut, Kamille, Holunder und Lakritze. 100 g pures Gl\u00fcck![\/vc_column_text][\/vc_column][vc_column width=&#8220;1\/2&#8243; css=&#8220;.vc_custom_1490694541710{padding-top: 0px !important;}&#8220;][vc_column_text text_larger=&#8220;no&#8220; woodmart_inline=&#8220;no&#8220;]<\/p>\n<h3>Wussten Sie schon?<\/h3>\n<p><a href=\"https:\/\/www.absinthemarket.com\/de\/wermut-artemisia-absinthium\/\">Die Wermutpflanze<\/a>, aus der dieser Kr\u00e4utertee unter anderem besteht, ist f\u00fcr ihre vielfach dokumentierten medizinischen Eigenschaften bekannt. Sie geh\u00f6rt zu den nat\u00fcrlichen Zutaten mit dem h\u00f6chsten Gehalt an Flavonoiden, starken Antioxidantien, die unsere Zellen vor vorzeitiger Alterung sch\u00fctzen. Die Wermutpflanze ist auch f\u00fcr ihre verdauungsf\u00f6rdernden Eigenschaften bekannt.<\/p>\n<h3>Verwendung<\/h3>\n<p>Pro Tasse einen Teel\u00f6ffel der getrockneten Pflanzen entnehmen.<br \/>\nMit simmerndem, aber nicht kochendem Wasser \u00fcbergie\u00dfen.<br \/>\n5 bis 7 Minuten ziehen lassen, idealerweise zugedeckt, um die Wirkung der \u00e4therischen \u00d6le zu nutzen.<br \/>\nGenie\u00dfen Sie (ohne M\u00e4\u00dfigung).<\/p>\n<p><strong>Zusammensetzung:<\/strong> Anis, Fenchel, Wermut, Minze, Melisse, Sternanis, Eisenkraut, Kamille, Holunder, Lakritze.[\/vc_column_text][\/vc_column][\/vc_row]<\/p>\n<\/div>","protected":false},"excerpt":{"rendered":"<p>Entdecken Sie die Aromen des Absinths in einem Kr\u00e4utertee&#8230; m\u00e4rchenhaft! Von unseren Experten liebevoll ausgew\u00e4hlte Kr\u00e4uter, eine Goldschmiede-Dosierung f\u00fcr ganz sanfte Aromen, die den typischen Geschmack des Absinths originalgetreu wiedergeben &#8211; verbl\u00fcffend!<\/p>\n","protected":false},"featured_media":9154,"comment_status":"open","ping_status":"closed","template":"","meta":[],"product_brand":[],"product_cat":[127],"product_tag":[],"class_list":{"0":"post-9142","1":"product","2":"type-product","3":"status-publish","4":"has-post-thumbnail","6":"product_cat-feinkost-delikatessen","8":"first","9":"instock","10":"taxable","11":"shipping-taxable","12":"purchasable","13":"product-type-simple"},"_links":{"self":[{"href":"https:\/\/www.absinthemarket.com\/de\/wp-json\/wp\/v2\/product\/9142","targetHints":{"allow":["GET"]}}],"collection":[{"href":"https:\/\/www.absinthemarket.com\/de\/wp-json\/wp\/v2\/product"}],"about":[{"href":"https:\/\/www.absinthemarket.com\/de\/wp-json\/wp\/v2\/types\/product"}],"replies":[{"embeddable":true,"href":"https:\/\/www.absinthemarket.com\/de\/wp-json\/wp\/v2\/comments?post=9142"}],"wp:featuredmedia":[{"embeddable":true,"href":"https:\/\/www.absinthemarket.com\/de\/wp-json\/wp\/v2\/media\/9154"}],"wp:attachment":[{"href":"https:\/\/www.absinthemarket.com\/de\/wp-json\/wp\/v2\/media?parent=9142"}],"wp:term":[{"taxonomy":"product_brand","embeddable":true,"href":"https:\/\/www.absinthemarket.com\/de\/wp-json\/wp\/v2\/product_brand?post=9142"},{"taxonomy":"product_cat","embeddable":true,"href":"https:\/\/www.absinthemarket.com\/de\/wp-json\/wp\/v2\/product_cat?post=9142"},{"taxonomy":"product_tag","embeddable":true,"href":"https:\/\/www.absinthemarket.com\/de\/wp-json\/wp\/v2\/product_tag?post=9142"}],"curies":[{"name":"wp","href":"https:\/\/api.w.org\/{rel}","templated":true}]}}