{"id":8022,"date":"2022-03-29T13:08:03","date_gmt":"2022-03-29T11:08:03","guid":{"rendered":"https:\/\/www.absinthemarket.com\/?post_type=product&#038;p=8022"},"modified":"2023-12-17T14:16:07","modified_gmt":"2023-12-17T13:16:07","slug":"la-bleue-a-fernand-4cl","status":"publish","type":"product","link":"https:\/\/www.absinthemarket.com\/de\/produkt\/la-bleue-a-fernand-4cl\/","title":{"rendered":"Absinth La Bleue \u00e0 Fernand 4cl"},"content":{"rendered":"<div class=\"wpb-content-wrapper\"><p>[vc_row content_placement=&#8220;top&#8220;][vc_column width=&#8220;1\/2&#8243;][vc_column_text text_larger=&#8220;no&#8220;]La Bleue \u00e0 Fernand war der Absinth, den Fernand mehrere Jahrzehnte lang heimlich gebrannt hatte. Ein Rezept aus dem Jahr 1850 von seinem Gro\u00dfvater. Als er nach mehr als hundert Jahren (!) verstarb, vertraute Fernand sein kostbares Rezept Ren\u00e9 Wanner an, der sein Erbe treu bewahrt hat.<\/p>\n<p>Liebhaber der S\u00fc\u00dfe, hier seid ihr fehl am Platz! Hier ist ein Absinth mit starker Bitterkeit, bemerkenswert trocken, der wahren Kennern vorbehalten ist, die Struktur, Gew\u00fcrze und Komplexit\u00e4t lieben.<\/p>\n<p>Ein sirupartiges Vergn\u00fcgen? Genie\u00dfen Sie das jahrhundertealte L\u00f6ffel-Zucker-Ritual, das durch das Filtern des Absinths einen beruhigenden Bonus an S\u00fc\u00dfe verleiht. Auch wenn \u201eFernand es nie mit Zucker getrunken hat&#8220;, lacht Ren\u00e9 Wanner. Es liegt ganz an Ihnen.[\/vc_column_text][vc_column_text text_larger=&#8220;no&#8220;]<\/p>\n<ul>\n<li>ANISLASTIG: <img decoding=\"async\" class=\"alignnone size-full wp-image-3153\" style=\"margin-top: -7px;\" src=\"https:\/\/www.absinthemarket.com\/wp-content\/uploads\/2020\/05\/2-stars.png\" alt=\"\" width=\"93\" height=\"17\" \/><\/li>\n<li>BITTERKEIT: <img decoding=\"async\" class=\"alignnone size-full wp-image-3159\" style=\"margin-top: -7px;\" src=\"https:\/\/www.absinthemarket.com\/wp-content\/uploads\/2020\/05\/4-stars.png\" alt=\"\" width=\"93\" height=\"17\" \/><\/li>\n<li>S\u00dcSSE: <img decoding=\"async\" class=\"alignnone size-full wp-image-3150\" style=\"margin-top: -7px;\" src=\"https:\/\/www.absinthemarket.com\/wp-content\/uploads\/2020\/05\/1-star.png\" alt=\"\" width=\"93\" height=\"17\" \/><\/li>\n<li>PFLANZLICH (KR\u00c4UTERIG): <img decoding=\"async\" class=\"alignnone size-full wp-image-3156\" style=\"margin-top: -7px;\" src=\"https:\/\/www.absinthemarket.com\/wp-content\/uploads\/2020\/05\/3-stars.png\" alt=\"\" width=\"93\" height=\"17\" \/><\/li>\n<li>BLUMIG: <img decoding=\"async\" class=\"alignnone size-full wp-image-3150\" style=\"margin-top: -7px;\" src=\"https:\/\/www.absinthemarket.com\/wp-content\/uploads\/2020\/05\/1-star.png\" alt=\"\" width=\"93\" height=\"17\" \/><\/li>\n<li>KOMPLEXIT\u00c4T: <img decoding=\"async\" class=\"alignnone size-full wp-image-3159\" style=\"margin-top: -7px;\" src=\"https:\/\/www.absinthemarket.com\/wp-content\/uploads\/2020\/05\/4-stars.png\" alt=\"\" width=\"93\" height=\"17\" \/><\/li>\n<\/ul>\n<p>[\/vc_column_text][\/vc_column][vc_column width=&#8220;1\/2&#8243; css=&#8220;.vc_custom_1490694541710{padding-top: 0px !important;}&#8220;][vc_row_inner content_placement=&#8220;top&#8220;][vc_column_inner width=&#8220;1\/2&#8243; css=&#8220;.vc_custom_1490695011353{margin-bottom: 20px !important;}&#8220;]\t\t\t<div class=\"info-box-wrapper\">\n\t\t\t\t<div id=\"wd-5eccf10e9e734\" class=\" wd-rs-5eccf10e9e734 wd-info-box wd-wpb text-center box-icon-align-top box-style- color-scheme- wd-bg-none vc_custom_1590489388584\">\n\t\t\t\t\t\t\t\t\t\t\t<div class=\"box-icon-wrapper  box-with-icon box-icon-simple\">\n\t\t\t\t\t\t\t<div class=\"info-box-icon\">\n\t\t\t\t\t\t\t\t<img decoding=\"async\" width=\"90\" height=\"90\" src=\"https:\/\/www.absinthemarket.com\/wp-content\/uploads\/2020\/05\/icon-amere.png\" class=\"attachment-90x90 size-90x90\" alt=\"Am\u00e8re\" \/>\t\t\t\t\t\t\t<\/div>\n\t\t\t\t\t\t<\/div>\n\t\t\t\t\t\t\t\t\t\t<div class=\"info-box-content\">\n\t\t\t\t\t\t<h3 class=\"info-box-title title box-title-style-default wd-fontsize-s\">BITTER<\/h3>\t\t\t\t\t\t<div class=\"info-box-inner reset-last-child\"><p>Entdecken Sie die typische Bitterkeit der Wermutpflanze<\/p>\n<\/div>\n\n\t\t\t\t\t\t\t\t\t\t\t<\/div>\n\n\t\t\t\t\t\n\t\t\t\t\t\t\t\t\t<\/div>\n\t\t\t<\/div>\n\t\t[\/vc_column_inner][vc_column_inner width=&#8220;1\/2&#8243; css=&#8220;.vc_custom_1490694847874{margin-bottom: 20px !important;}&#8220;]\t\t\t<div class=\"info-box-wrapper\">\n\t\t\t\t<div id=\"wd-5eccf12fe0aa8\" class=\" wd-rs-5eccf12fe0aa8 wd-info-box wd-wpb text-center box-icon-align-top box-style- color-scheme- wd-bg-none vc_custom_1590489432208\">\n\t\t\t\t\t\t\t\t\t\t\t<div class=\"box-icon-wrapper  box-with-icon box-icon-simple\">\n\t\t\t\t\t\t\t<div class=\"info-box-icon\">\n\t\t\t\t\t\t\t\t<img decoding=\"async\" width=\"90\" height=\"90\" src=\"https:\/\/www.absinthemarket.com\/wp-content\/uploads\/2020\/05\/icon-seche-90x90.png\" class=\"attachment-90x90 size-90x90\" alt=\"S\u00e8che\" \/>\t\t\t\t\t\t\t<\/div>\n\t\t\t\t\t\t<\/div>\n\t\t\t\t\t\t\t\t\t\t<div class=\"info-box-content\">\n\t\t\t\t\t\t<h3 class=\"info-box-title title box-title-style-default wd-fontsize-s\">TROCKEN<\/h3>\t\t\t\t\t\t<div class=\"info-box-inner reset-last-child\"><p>Im Gegensatz zu s\u00fc\u00dfen Absinthen haben trockene Absinthe wenig oder keine S\u00fc\u00dfe<\/p>\n<\/div>\n\n\t\t\t\t\t\t\t\t\t\t\t<\/div>\n\n\t\t\t\t\t\n\t\t\t\t\t\t\t\t\t<\/div>\n\t\t\t<\/div>\n\t\t[\/vc_column_inner][vc_column_inner width=&#8220;1\/2&#8243; css=&#8220;.vc_custom_1490694856753{margin-bottom: 20px !important;}&#8220;]\t\t\t<div class=\"info-box-wrapper\">\n\t\t\t\t<div id=\"wd-5eccf3f053925\" class=\" wd-rs-5eccf3f053925 wd-info-box wd-wpb text-center box-icon-align-top box-style- color-scheme- wd-bg-none vc_custom_1590490123831\">\n\t\t\t\t\t\t\t\t\t\t\t<div class=\"box-icon-wrapper  box-with-icon box-icon-simple\">\n\t\t\t\t\t\t\t<div class=\"info-box-icon\">\n\t\t\t\t\t\t\t\t<img decoding=\"async\" width=\"90\" height=\"90\" src=\"https:\/\/www.absinthemarket.com\/wp-content\/uploads\/2020\/05\/icon-complexe.png\" class=\"attachment-90x90 size-90x90\" alt=\"Complexe\" \/>\t\t\t\t\t\t\t<\/div>\n\t\t\t\t\t\t<\/div>\n\t\t\t\t\t\t\t\t\t\t<div class=\"info-box-content\">\n\t\t\t\t\t\t<h3 class=\"info-box-title title box-title-style-default wd-fontsize-s\">KOMPLEX<\/h3>\t\t\t\t\t\t<div class=\"info-box-inner reset-last-child\"><p>Komplexe Aromen aus einer gro\u00dfen Vielfalt destillierter Pflanzen<\/p>\n<\/div>\n\n\t\t\t\t\t\t\t\t\t\t\t<\/div>\n\n\t\t\t\t\t\n\t\t\t\t\t\t\t\t\t<\/div>\n\t\t\t<\/div>\n\t\t[\/vc_column_inner][vc_column_inner width=&#8220;1\/2&#8243; css=&#8220;.vc_custom_1490695008312{margin-bottom: 20px !important;}&#8220;]\t\t\t<div class=\"info-box-wrapper\">\n\t\t\t\t<div id=\"wd-5eccf3ac60811\" class=\" wd-rs-5eccf3ac60811 wd-info-box wd-wpb text-center box-icon-align-top box-style- color-scheme- wd-bg-none vc_custom_1590490077763\">\n\t\t\t\t\t\t\t\t\t\t\t<div class=\"box-icon-wrapper  box-with-icon box-icon-simple\">\n\t\t\t\t\t\t\t<div class=\"info-box-icon\">\n\t\t\t\t\t\t\t\t<img decoding=\"async\" width=\"90\" height=\"90\" src=\"https:\/\/www.absinthemarket.com\/wp-content\/uploads\/2020\/05\/icon-cuillere-1-90x90.png\" class=\"attachment-90x90 size-90x90\" alt=\"Cuill\u00e8re et sucre\" \/>\t\t\t\t\t\t\t<\/div>\n\t\t\t\t\t\t<\/div>\n\t\t\t\t\t\t\t\t\t\t<div class=\"info-box-content\">\n\t\t\t\t\t\t<h3 class=\"info-box-title title box-title-style-default wd-fontsize-s\">L\u00d6FFEL UND ZUCKER<\/h3>\t\t\t\t\t\t<div class=\"info-box-inner reset-last-child\"><p>Mit einem St\u00fcck Zucker auf einem perforierten L\u00f6ffel abzuschmecken<\/p>\n<p>\n<\/div>\n\n\t\t\t\t\t\t\t\t\t\t\t<\/div>\n\n\t\t\t\t\t\n\t\t\t\t\t\t\t\t\t<\/div>\n\t\t\t<\/div>\n\t\t[\/vc_column_inner][\/vc_row_inner][\/vc_column][\/vc_row]<\/p>\n<\/div>","protected":false},"excerpt":{"rendered":"<p>M\u00f6gen Sie Bitterkeit? Und lehnen Sie S\u00fc\u00dfe ab? Probieren Sie Bleue \u00e0 Fernand, einen mythischen Absinth aus dem Untergrund des Val-de-Travers, der mehr als einhundert Jahre alt ist. Das Rezept von 1850 wurde Ren\u00e9 Wanner anvertraut, der sein Erbe h\u00fctet.<\/p>\n<p>Brenner: <a href=\"https:\/\/www.absinthemarket.com\/de\/absinth-brennerei-absintissimo-rene-wanner\/\">Absintissimo, Ren\u00e9 Wanner<\/a><br \/>\nAlkoholgehalt: 50 Vol.-%<br \/>\nInhalt: <a href=\"https:\/\/www.absinthemarket.com\/de\/produkt\/la-bleue-a-fernand-absintissimo\/\">50cl<\/a>, 4cl<\/p>\n","protected":false},"featured_media":8025,"comment_status":"open","ping_status":"closed","template":"","meta":[],"product_brand":[],"product_cat":[120],"product_tag":[],"class_list":{"0":"post-8022","1":"product","2":"type-product","3":"status-publish","4":"has-post-thumbnail","6":"product_cat-klare-absinthe","8":"first","9":"outofstock","10":"taxable","11":"shipping-taxable","12":"purchasable","13":"product-type-simple"},"_links":{"self":[{"href":"https:\/\/www.absinthemarket.com\/de\/wp-json\/wp\/v2\/product\/8022","targetHints":{"allow":["GET"]}}],"collection":[{"href":"https:\/\/www.absinthemarket.com\/de\/wp-json\/wp\/v2\/product"}],"about":[{"href":"https:\/\/www.absinthemarket.com\/de\/wp-json\/wp\/v2\/types\/product"}],"replies":[{"embeddable":true,"href":"https:\/\/www.absinthemarket.com\/de\/wp-json\/wp\/v2\/comments?post=8022"}],"wp:featuredmedia":[{"embeddable":true,"href":"https:\/\/www.absinthemarket.com\/de\/wp-json\/wp\/v2\/media\/8025"}],"wp:attachment":[{"href":"https:\/\/www.absinthemarket.com\/de\/wp-json\/wp\/v2\/media?parent=8022"}],"wp:term":[{"taxonomy":"product_brand","embeddable":true,"href":"https:\/\/www.absinthemarket.com\/de\/wp-json\/wp\/v2\/product_brand?post=8022"},{"taxonomy":"product_cat","embeddable":true,"href":"https:\/\/www.absinthemarket.com\/de\/wp-json\/wp\/v2\/product_cat?post=8022"},{"taxonomy":"product_tag","embeddable":true,"href":"https:\/\/www.absinthemarket.com\/de\/wp-json\/wp\/v2\/product_tag?post=8022"}],"curies":[{"name":"wp","href":"https:\/\/api.w.org\/{rel}","templated":true}]}}