{"id":7859,"date":"2022-01-18T09:14:07","date_gmt":"2022-01-18T08:14:10","guid":{"rendered":"https:\/\/www.absinthemarket.com\/?post_type=product&#038;p=7859"},"modified":"2025-12-12T11:31:52","modified_gmt":"2025-12-12T10:31:52","slug":"absinth-fontaene-marguerite","status":"publish","type":"product","link":"https:\/\/www.absinthemarket.com\/de\/produkt\/absinth-fontaene-marguerite\/","title":{"rendered":"Absinth Font\u00e4ne \u201eMarguerite&#8220;"},"content":{"rendered":"<div class=\"wpb-content-wrapper\"><p>[vc_row content_placement=&#8220;top&#8220;][vc_column width=&#8220;1\/2&#8243;][vc_column_text text_larger=&#8220;no&#8220; woodmart_inline=&#8220;no&#8220;]N\u00fcchtern und stilvoll ist die Marguerite-Font\u00e4ne die Freundin des romantischen oder freundlichen Treffen von zwei Menschen und wird auf dem Tisch gerne vergessen, so sehr ziert ihre Silhouette das Dekor. 41,5 Zentimeter, 1 Liter Fassungsverm\u00f6gen, 2 Zapfh\u00e4hne: das Versprechen eines Aperitifs, der keinem anderen gleicht. Und das aus gutem Grund: Die Zeremonie der Font\u00e4ne ist ein Erlebnis.<\/p>\n<p>Beginnen Sie damit, zwei Absinthgl\u00e4ser mit einem Drittel reinen Absinths zu f\u00fcllen. Stellen Sie sie unter jeden der Wasserh\u00e4hne. Und \u00f6ffnen Sie diese. Anfangs sehr langsam. Jeder Tropfen trifft auf die Oberfl\u00e4che des Alkohols, der \u201edie Fee bildet\u201c; Alkohold\u00e4mpfe steigen auf, wie eine Fee, die zu tanzen beginnt. (La f\u00e9e verte, die gr\u00fcne Fee, ist ein Synonym f\u00fcr Absinth im Franz\u00f6sischen, Anmerkung des \u00dcbersetzers). Dann den Wasserhahn \u00f6ffnen, den Durchfluss beschleunigen, bis das Glas zu zwei Dritteln mit Wasser gef\u00fcllt ist. Der Absinth hat seine opale Farbe angenommen und ist bereit, gekostet zu werden.<\/p>\n<p>Marguerite? Eine Hommage an Marguerite Henriette Henriod (1734-1801), bekannt als Mutter Henriod, die vermutlich um 1760 in Couvet im Val-de-Travers den Absinth erfand.[\/vc_column_text][\/vc_column][vc_column width=&#8220;1\/2&#8243; css=&#8220;.vc_custom_1490694541710{padding-top: 0px !important;}&#8220;][vc_column_text text_larger=&#8220;no&#8220; woodmart_inline=&#8220;no&#8220;]<\/p>\n<h2>Woher stammen die Absinthfont\u00e4nen?<\/h2>\n<p>Keinem Historiker ist es bisher gelungen, das Auftauchen der Absinthfont\u00e4nen genau zu datieren.<\/p>\n<p>Wir wissen, dass der Absinth davor ganz einfach mit einer Karaffe verd\u00fcnnt wurde. Wann hat sich die Font\u00e4ne durchgesetzt? Fest steht, dass ihre Verwendung sich Ende des 19. Jahrhunderts verbreitete; Gem\u00e4lde, Poesie, Literatur erz\u00e4hlen in H\u00fclle und F\u00fclle von diesen Font\u00e4nen, die die Gr\u00fcne Stunde belebten, der Spitzname, der der Zeit des Aperitifs in Frankreich gegeben wurde, da dort so viel Absinth floss!<\/p>\n<p>Als zu Beginn des 20. Jahrhunderts Absinth verboten wurde, \u00fcberlebte die Font\u00e4ne dies, insbesondere um den Pastis zu verd\u00fcnnen, der in Frankreich den Absinth ersetzt hatte. Vintage-Mode, Nostalgie f\u00fcr eine andere Zeit, die Font\u00e4ne erlebt nun ein sp\u00fcrbares Comeback und wird zu einem immer gefragteren Accessoire. Sowohl zum Verkosten als auch als Dekoration!<\/p>\n<p>&nbsp;[\/vc_column_text][\/vc_column][\/vc_row]<\/p>\n<\/div>","protected":false},"excerpt":{"rendered":"<p>Vollkommen abgerundet, entfaltet die Marguerite-Font\u00e4ne ihre h\u00fcbschen Rundungen hinter einem zarten mundgeblasenen Glas, das von einer eleganten Edelstahlabdeckung gekr\u00f6nt wird. Der Tank hat ein Fassungsverm\u00f6gen von einem Liter Frischwasser, der unter seinen Wasserh\u00e4hnen Platz f\u00fcr zwei G\u00e4ste bietet. Genug, um einen einfachen Aperitif in einen Moment der Anmut zu verwandeln, der sich Zeit nimmt und zum Austausch von Vertraulichkeiten einl\u00e4dt &#8230;<\/p>\n<p>Fassungsverm\u00f6gen: 1 Liter<br \/>\nH\u00f6he: 41,5 cm<br \/>\nH\u00f6he unter dem Wasserhahn: 18,5 cm<\/p>\n","protected":false},"featured_media":7862,"comment_status":"open","ping_status":"closed","template":"","meta":[],"product_brand":[],"product_cat":[125],"product_tag":[],"class_list":{"0":"post-7859","1":"product","2":"type-product","3":"status-publish","4":"has-post-thumbnail","6":"product_cat-absinth-fontaenen","8":"first","9":"instock","10":"taxable","11":"shipping-taxable","12":"purchasable","13":"product-type-simple"},"_links":{"self":[{"href":"https:\/\/www.absinthemarket.com\/de\/wp-json\/wp\/v2\/product\/7859","targetHints":{"allow":["GET"]}}],"collection":[{"href":"https:\/\/www.absinthemarket.com\/de\/wp-json\/wp\/v2\/product"}],"about":[{"href":"https:\/\/www.absinthemarket.com\/de\/wp-json\/wp\/v2\/types\/product"}],"replies":[{"embeddable":true,"href":"https:\/\/www.absinthemarket.com\/de\/wp-json\/wp\/v2\/comments?post=7859"}],"wp:featuredmedia":[{"embeddable":true,"href":"https:\/\/www.absinthemarket.com\/de\/wp-json\/wp\/v2\/media\/7862"}],"wp:attachment":[{"href":"https:\/\/www.absinthemarket.com\/de\/wp-json\/wp\/v2\/media?parent=7859"}],"wp:term":[{"taxonomy":"product_brand","embeddable":true,"href":"https:\/\/www.absinthemarket.com\/de\/wp-json\/wp\/v2\/product_brand?post=7859"},{"taxonomy":"product_cat","embeddable":true,"href":"https:\/\/www.absinthemarket.com\/de\/wp-json\/wp\/v2\/product_cat?post=7859"},{"taxonomy":"product_tag","embeddable":true,"href":"https:\/\/www.absinthemarket.com\/de\/wp-json\/wp\/v2\/product_tag?post=7859"}],"curies":[{"name":"wp","href":"https:\/\/api.w.org\/{rel}","templated":true}]}}