{"id":7846,"date":"2022-01-17T14:39:09","date_gmt":"2022-01-17T13:39:12","guid":{"rendered":"https:\/\/www.absinthemarket.com\/?post_type=product&#038;p=7846"},"modified":"2026-01-07T06:52:59","modified_gmt":"2026-01-07T05:52:59","slug":"absinth-fontaene-mini","status":"publish","type":"product","link":"https:\/\/www.absinthemarket.com\/de\/produkt\/absinth-fontaene-mini\/","title":{"rendered":"Absinth Font\u00e4ne \u201eMini&#8220;"},"content":{"rendered":"<div class=\"wpb-content-wrapper\"><p>[vc_row content_placement=&#8220;top&#8220;][vc_column width=&#8220;1\/2&#8243;][vc_column_text text_larger=&#8220;no&#8220; woodmart_inline=&#8220;no&#8220;]Mit einer H\u00f6he von 32 Zentimetern geht der \u201eMini\u201c-Font\u00e4ne gerne \u00fcberallhin mit. Im Wohnmobil, im Ferienhaus, bei Freunden, das Zauberritual des Absinth ist mobil geworden! Ein weiterer Pluspunkt ist, dass sie aufgrund ihrer Gr\u00f6\u00dfe nach Gebrauch in einen Schrank geschoben werden kann.<\/p>\n<p>Unter ihrer mit Edelstahl eingefassten Glasabdeckung sind Fu\u00df und Beh\u00e4lter aus mundgeblasenem Glas.<\/p>\n<p>Einfacher geht es nicht: Zwei Gl\u00e4ser (in unserem Shop erwarten Sie grandiose Belle-\u00c9poque-Reproduktionen) gef\u00fcllt mit einem Drittel reinem Absinth unter die beiden H\u00e4hne schieben. Der Wasserhahn wird bet\u00e4tigt, Tropfen f\u00fcr Tropfen, dann schneller, bis zwei Drittel des Glases gef\u00fcllt sind. Prost![\/vc_column_text][\/vc_column][vc_column width=&#8220;1\/2&#8243; css=&#8220;.vc_custom_1490694541710{padding-top: 0px !important;}&#8220;][vc_column_text text_larger=&#8220;no&#8220; woodmart_inline=&#8220;no&#8220;]<\/p>\n<h2>Weitere unverzichtbare Accessoires f\u00fcr das Font\u00e4nenritual<\/h2>\n<p>Aus dem neunzehnten Jahrhundert geflohen, wurde die Zeremonie der Font\u00e4ne zur Legende des Absinths. Dies sind die wesentlichen Zubeh\u00f6rteile daf\u00fcr:<\/p>\n<p><strong><a href=\"https:\/\/www.absinthemarket.com\/de\/produktkategorie\/absinth-glaeser\/\">Absinthgl\u00e4ser<\/a><\/strong><br \/>\nSie \u00f6ffnen sich in einer Korolla f\u00fcr eine optimale Aromenverteilung. Einige enthalten eine Kugel oder eine Messlinie, mit der Sie die richtige Menge Absinth einschenken k\u00f6nnen.<\/p>\n<p><strong><a href=\"https:\/\/www.absinthemarket.com\/de\/produktkategorie\/absinth-loeffel\/\">Absinthl\u00f6ffel<\/a><\/strong><br \/>\nSie wurden zu einer Zeit eingef\u00fchrt, als Absinth nicht ges\u00fc\u00dft und daher besonders bitter war. Man gibt ein St\u00fcck W\u00fcrfelzucker auf den gelochten L\u00f6ffel. Letzterer wird auf den Rand der Gl\u00e4ser gelegt, bevor ddie Font\u00e4ne aktiviert wird. Das tropfende Wasser l\u00f6st den Zucker auf, der sich mit dem Absinth vermischt.<\/p>\n<p><strong><a href=\"https:\/\/www.absinthemarket.com\/de\/produktkategorie\/absinth-fontaenen\/\">Die Absinthfont\u00e4ne<\/a><\/strong><br \/>\nW\u00e4hrend der Belle-\u00c9poque in Bistros unverzichtbar, war das Ritual der Font\u00e4ne ein echtes Spektakel auf den Grands Boulevards von Paris und trug zum Ruhm des Absinths in Frankreich bei, wo er damals 90 % aller im Restaurant konsumierten Aperitifs in Frankreich ausmachte.<\/p>\n<p><strong>Ein leicht s\u00fc\u00dfer Absinth<\/strong><br \/>\nF\u00fcr die komplette Zeremonie der Font\u00e4ne mit dem Zucker ist es notwendig, im Gegensatz zu den s\u00fc\u00dfen Absinthen einen sogenannten \u201etrockenen\u201c Absinth zu w\u00e4hlen. Mehrere Brennereien aus unserer Auswahl haben speziell auf das Ritual des L\u00f6ffels abgestimmte rustikale Nektare entwickelt: <a href=\"https:\/\/www.absinthemarket.com\/de\/produkt\/absinthe-la-fine-verte-70cl\/\">La Fine Verte<\/a> (Distillerie du Val-de-Travers), <a href=\"https:\/\/www.absinthemarket.com\/de\/produkt\/tradition-bovet-la-valote-100cl\/\">La Tradition<\/a> (Destillerie Bovet La Valote), <a href=\"https:\/\/www.absinthemarket.com\/de\/produkt\/la-veuve-verte\/\">La Veuve verte<\/a> (DuVallon) oder <a href=\"https:\/\/www.absinthemarket.com\/de\/produkt\/la-bleue-a-fernand-absintissimo\/\">La Bleue \u00e0 Fernand<\/a> (Absintissimo).[\/vc_column_text][\/vc_column][\/vc_row]<\/p>\n<\/div>","protected":false},"excerpt":{"rendered":"<p>Mini-Format, 32 Zentimeter hoch, hier ist die Font\u00e4ne, die Sie \u00fcberall hin mitnehmen k\u00f6nnen. Im Wohnmobil, im Urlaub, &#8230; mit ihr ist es immer Zeit f\u00fcr einen Absinth! Geht es noch besser? Sie passt problemlos in einen Schrank und verf\u00fchrt hinter ihrem filigranen mundgeblasenen Glas und unter ihrem eleganten, mit Edelstahl umrandeten Sammeldeckel.<\/p>\n<p>Fassungsverm\u00f6gen: 0,5 Liter<br \/>\nH\u00f6he: 32 cm<br \/>\nH\u00f6he unter den Wasserh\u00e4hnen: 14 cm<\/p>\n","protected":false},"featured_media":7849,"comment_status":"open","ping_status":"closed","template":"","meta":[],"product_brand":[],"product_cat":[125],"product_tag":[],"class_list":{"0":"post-7846","1":"product","2":"type-product","3":"status-publish","4":"has-post-thumbnail","6":"product_cat-absinth-fontaenen","8":"first","9":"instock","10":"taxable","11":"shipping-taxable","12":"purchasable","13":"product-type-simple"},"_links":{"self":[{"href":"https:\/\/www.absinthemarket.com\/de\/wp-json\/wp\/v2\/product\/7846","targetHints":{"allow":["GET"]}}],"collection":[{"href":"https:\/\/www.absinthemarket.com\/de\/wp-json\/wp\/v2\/product"}],"about":[{"href":"https:\/\/www.absinthemarket.com\/de\/wp-json\/wp\/v2\/types\/product"}],"replies":[{"embeddable":true,"href":"https:\/\/www.absinthemarket.com\/de\/wp-json\/wp\/v2\/comments?post=7846"}],"wp:featuredmedia":[{"embeddable":true,"href":"https:\/\/www.absinthemarket.com\/de\/wp-json\/wp\/v2\/media\/7849"}],"wp:attachment":[{"href":"https:\/\/www.absinthemarket.com\/de\/wp-json\/wp\/v2\/media?parent=7846"}],"wp:term":[{"taxonomy":"product_brand","embeddable":true,"href":"https:\/\/www.absinthemarket.com\/de\/wp-json\/wp\/v2\/product_brand?post=7846"},{"taxonomy":"product_cat","embeddable":true,"href":"https:\/\/www.absinthemarket.com\/de\/wp-json\/wp\/v2\/product_cat?post=7846"},{"taxonomy":"product_tag","embeddable":true,"href":"https:\/\/www.absinthemarket.com\/de\/wp-json\/wp\/v2\/product_tag?post=7846"}],"curies":[{"name":"wp","href":"https:\/\/api.w.org\/{rel}","templated":true}]}}