{"id":7837,"date":"2022-01-17T12:51:37","date_gmt":"2022-01-17T11:51:41","guid":{"rendered":"https:\/\/www.absinthemarket.com\/?post_type=product&#038;p=7837"},"modified":"2026-04-18T18:37:10","modified_gmt":"2026-04-18T16:37:10","slug":"plakat-absinth-fee-verte-guguss","status":"publish","type":"product","link":"https:\/\/www.absinthemarket.com\/de\/produkt\/plakat-absinth-fee-verte-guguss\/","title":{"rendered":"Plakat La Fin de la F\u00e9e verte (Guguss)"},"content":{"rendered":"<div class=\"wpb-content-wrapper\"><p>[vc_row content_placement=&#8220;top&#8220;][vc_column width=&#8220;1\/2&#8243;][vc_column_text text_larger=&#8220;no&#8220; woodmart_inline=&#8220;no&#8220;]Um die Jahrhundertwende war Absinth beliebt &#8230; und umstritten. Es wird gesch\u00e4tzt, dass 90 % der in Frankreich getrunkenen Aperitifs Absinth sind. Winzer und das Blaue Kreuz (!) schlie\u00dfen sich gegen Absinth zusammen, um sein Verbot zu erwirken. Eine schmutzige Aff\u00e4re im Kanton Waadt wird sein Verbot beschleunigen. Ein Mann, der sich mit Absinth betrunken hat, t\u00f6tet seine Frau und Kinder. Drei Jahre sp\u00e4ter wird das Schweizer Volk an die Wahlurnen gerufen: F\u00fcr oder gegen \u201eHerstellung, Einfuhr, Transport, Verkauf und Besitz zum Verkauf des sogenannten Absinthlik\u00f6rs in der gesamten Eidgenossenschaft\u201c?<\/p>\n<p>In Genf, damals eine wichtige Absinth-Region, f\u00fchrte die satirische Wochenzeitung Le Guguss die Rebellion gegen das Verbot an und stigmatisierte die \u201eM\u00f4miers\u201c, die \u201eConf\u00e9d\u00e9r\u00e9s Schnocks\u201c und andere \u201eBodieusards\u201c gegen den Absinth. Eine Initiative, die sich als vergeblich erwies. Am 5. Juli 1908 stimmte das Schweizer Volk f\u00fcr das Absinthverbot mit 63,5 %.<\/p>\n<p>In der Guguss-Ausgabe vom 15. Oktober 1910 erschien dann diese Zeichnung von Albert Gantner, \u201eDas Ende des Absinths\u201c. \u201eMeine Herren, es ist so weit\u201c, verk\u00fcndet das Plakat mit einer Szene einer Figur in der Kleidung des Blauen Kreuzes, in der einen Hand eine Bibel, die mit der anderen auf die schicksalhafte Stunde des Inkrafttretens des neuen Gesetzes hinweist: 7. Oktober 1910 um Mitternacht. Zu seinen F\u00fc\u00dfen liegt die Gr\u00fcne Fee (franz\u00f6sisches Synonym f\u00fcr Absinth, Anmerkung des \u00dcbersetzers), ein Dolch in ihrem Herzen mit den Abbildern des Blauen Kreuzes, umgeben von Trauerkr\u00e4nzen mit den Namen Genf und Neuenburg, die einzigen beiden Schweizer Kantone, die das Verbot abgelehnt haben. \u201eIm Namen der individuellen Freiheit\u201c kann man lesen, w\u00e4hrend im Hintergrund die Szene der Verfassung einer starken Schweiz im Jahr 1291 und das Bild einer m\u00fcden und ver\u00e4rgerten Schweiz im Jahr 1910 kontrastiert wird.<\/p>\n<p>Gantners Plakat war sofort ein Erfolg. \u201eVon allen Seiten wurden wir gefragt, ob wir (&#8230;) die nebenstehende Zeichnung nicht zum Verkauf anbieten w\u00fcrden\u201c, was der Guguss in der darauffolgenden Woche tut und ein Abonnement zum Preis von 1,90 CHF startet.<\/p>\n<p>Entdecken Sie das gro\u00dfartige Guguss-Plakat, so wie es 1910 ver\u00f6ffentlicht wurde neu, in einer restaurierten Version, die die Farben der Originalzeichnung respektiert, im Format 50 x 70 cm.[\/vc_column_text][\/vc_column][vc_column width=&#8220;1\/2&#8243; css=&#8220;.vc_custom_1490694541710{padding-top: 0px !important;}&#8220;][vc_column_text text_larger=&#8220;no&#8220; woodmart_inline=&#8220;no&#8220;]<\/p>\n<h2>Wussten Sie bereits?<\/h2>\n<p>Die Genfer Satirezeitschrift Guguss war zun\u00e4chst eine Theaterzeitschrift (1878-1879), bevor sie 1894 vom Drucker Louis Bron \u00fcbernommen wurde. Sie ist zu einer beliebten, sp\u00f6ttischen Wochenzeitung geworden, die f\u00fcr 10 Rappen verkauft wurde und gerne Politiker, Soldaten, Einheimische, Schnocks, Waadtl\u00e4nder usw. l\u00e4cherlich macht.<\/p>\n<p>Seit den ersten Kampagnen f\u00fcr das Verbot von Absinth verteidigte der Guguss den Absinth und verurteilte die Man\u00f6ver der Abstinenzler und Fanatiker. Mit Inkrafttreten des verbots wurde Gantners ber\u00fchmte Zeichnung erstmals im Kleinformat (15 x 25 cm) und in Schwarzwei\u00df ver\u00f6ffentlicht. Auf Druck der Leser, die davon tr\u00e4umen, ein Exemplar zu erhalten, wird es schlie\u00dflich als Poster ver\u00f6ffentlicht, das im Abonnement zum Preis von 1,90 CHF erh\u00e4ltlich ist.<\/p>\n<p>Nachdem er sich \u00fcber den Kaiser lustig gemacht hatte, wurde der Guguss 1914 mit einem Ver\u00f6ffentlichungsverbot belegt. Im Jahr 1917 wird er unter dem Namen \u201ePetit suisse\u201c wieder auftauchen &#8230; bis zu seinem endg\u00fcltigen Verschwinden im Jahre 1936.<\/p>\n<p>[\/vc_column_text][vc_column_text text_larger=&#8220;no&#8220; woodmart_inline=&#8220;no&#8220;]<\/p>\n<h2>Ein sehr relatives Verbot &#8230;<\/h2>\n<p>Als die Absinthproduktion in der ganzen Schweiz nach ihrem Verbot, aber auch in Frankreich ab 1915 eingestellt wurde, wehrte sich eine Region. Im Val-de-Travers, auf den H\u00f6hen des Kantons Neuenburg, wird die Destillation von Absinth nie aufh\u00f6ren. Es wurden mehr als 300 illegale Einwanderer gez\u00e4hlt, die jedes Jahr 35.000 Liter Absinth als Schmuggelware \u201ekochten\u201c. Diese, und nur diese, bewahrten das \u00fcberlieferte Know-how, das bis heute anh\u00e4lt und von Generation zu Generation weitergegeben wird. Ein einzigartiges, seltenes und kostbares Erbe, das exklusiv auf AbsintheMarket zu finden ist, der Plattform, die die gr\u00f6\u00dfte Anzahl von Absinthen anbietet, die von echten ehemaligen Illegalen aus dem Val-de-Travers hergestellt wurden, die unter der Prohibition litten.<\/p>\n<p>[\/vc_column_text][\/vc_column][\/vc_row]<\/p>\n<\/div>","protected":false},"excerpt":{"rendered":"<p>G\u00f6nnen Sie sich das legend\u00e4re Plakat zum Absinthverbot in der Schweiz \u201eLa Fin de la F\u00e9e verte\u201c (\u201eDas Ende des Absinths\u201c) von Gantner, erschienen im Oktober 1910 in der Genfer Satirezeitschrift \u201eGuguss\u201c. Restauriert, neu gef\u00e4rbt, erz\u00e4hlt es die Legende des Absinths, der sich dann darauf vorbereitet, am 7. Oktober 1910 um Mitternacht in fast ein Jahrhundert der Geheimhaltung einzutauchen: Meine Herren, es ist so weit!<\/p>\n<p>Format: 50 cm x 70 cm<\/p>\n","protected":false},"featured_media":7844,"comment_status":"open","ping_status":"closed","template":"","meta":[],"product_brand":[],"product_cat":[192],"product_tag":[],"class_list":{"0":"post-7837","1":"product","2":"type-product","3":"status-publish","4":"has-post-thumbnail","6":"product_cat-buecher","8":"first","9":"instock","10":"taxable","11":"shipping-taxable","12":"purchasable","13":"product-type-simple"},"_links":{"self":[{"href":"https:\/\/www.absinthemarket.com\/de\/wp-json\/wp\/v2\/product\/7837","targetHints":{"allow":["GET"]}}],"collection":[{"href":"https:\/\/www.absinthemarket.com\/de\/wp-json\/wp\/v2\/product"}],"about":[{"href":"https:\/\/www.absinthemarket.com\/de\/wp-json\/wp\/v2\/types\/product"}],"replies":[{"embeddable":true,"href":"https:\/\/www.absinthemarket.com\/de\/wp-json\/wp\/v2\/comments?post=7837"}],"wp:featuredmedia":[{"embeddable":true,"href":"https:\/\/www.absinthemarket.com\/de\/wp-json\/wp\/v2\/media\/7844"}],"wp:attachment":[{"href":"https:\/\/www.absinthemarket.com\/de\/wp-json\/wp\/v2\/media?parent=7837"}],"wp:term":[{"taxonomy":"product_brand","embeddable":true,"href":"https:\/\/www.absinthemarket.com\/de\/wp-json\/wp\/v2\/product_brand?post=7837"},{"taxonomy":"product_cat","embeddable":true,"href":"https:\/\/www.absinthemarket.com\/de\/wp-json\/wp\/v2\/product_cat?post=7837"},{"taxonomy":"product_tag","embeddable":true,"href":"https:\/\/www.absinthemarket.com\/de\/wp-json\/wp\/v2\/product_tag?post=7837"}],"curies":[{"name":"wp","href":"https:\/\/api.w.org\/{rel}","templated":true}]}}