{"id":7529,"date":"2021-09-28T15:53:22","date_gmt":"2021-09-28T13:53:25","guid":{"rendered":"https:\/\/www.absinthemarket.com\/?post_type=product&#038;p=7529"},"modified":"2023-03-07T22:26:49","modified_gmt":"2023-03-07T21:26:49","slug":"tradition-bovet-la-valote-4cl","status":"publish","type":"product","link":"https:\/\/www.absinthemarket.com\/de\/produkt\/tradition-bovet-la-valote-4cl\/","title":{"rendered":"Absinth Tradition 4cl"},"content":{"rendered":"<div class=\"wpb-content-wrapper\"><p>[vc_row content_placement=&#8220;top&#8220;][vc_column width=&#8220;1\/2&#8243;][vc_column_text text_larger=&#8220;no&#8220;]Dieser wei\u00dfe Absinth mit 10 Pflanzen, von denen 5 in der Region angebaut werden, wurde von Fran\u00e7oises Vater kreiert, um mit einem L\u00f6ffel und einem Zucker getrunken zu werden, so wie man es in den sch\u00f6nsten Stunden der Gr\u00fcnen Fee im Montmartre des 19. Jahrhunderts getan hat.<\/p>\n<p>Um dies zu erreichen, hat Willy Bovet auf eine Milderung verzichtet und die bemerkenswerte Bitterkeit des Wermutkrauts bewahrt.<\/p>\n<p>Der Absinth wird durch ein St\u00fcck Zucker auf einem perforierten L\u00f6ffel gefiltert und entfaltet dann alle seine Reize. \u201eZucker wird nicht nur zum S\u00fc\u00dfen von Absinth verwendet. Er betont auch die Aromen\u201c, so die Brennerin. Sie f\u00fcgt hinzu: \u201eIm Val-de-Travers trinken ihn viele Menschen pur, ohne Zucker\u201c.<\/p>\n<p>Egal, ob f\u00fcr Liebhaber von Bitterkeit oder S\u00fc\u00dfe: Dieser Absinth l\u00e4sst definitiv keine W\u00fcnsche offen\u2026<\/p>\n<p>Goldmedaille Distisuisse 2013-2014[\/vc_column_text][vc_column_text text_larger=&#8220;no&#8220;]<\/p>\n<ul>\n<li>ANISLASTIG: <img decoding=\"async\" class=\"alignnone size-full wp-image-3155\" style=\"margin-top: -7px;\" src=\"https:\/\/www.absinthemarket.com\/wp-content\/uploads\/2020\/05\/3-stars.png\" alt=\"\" width=\"93\" height=\"17\" \/><\/li>\n<li>BITTERKEIT: <img decoding=\"async\" class=\"alignnone size-full wp-image-3158\" style=\"margin-top: -7px;\" src=\"https:\/\/www.absinthemarket.com\/wp-content\/uploads\/2020\/05\/4-stars.png\" alt=\"\" width=\"93\" height=\"17\" \/><\/li>\n<li>S\u00dcSSE: <img decoding=\"async\" class=\"alignnone size-full wp-image-3152\" style=\"margin-top: -7px;\" src=\"https:\/\/www.absinthemarket.com\/wp-content\/uploads\/2020\/05\/2-stars.png\" alt=\"\" width=\"93\" height=\"17\" \/><\/li>\n<li>PFLANZLICH (KR\u00c4UTERIG): <img decoding=\"async\" class=\"alignnone size-full wp-image-3155\" style=\"margin-top: -7px;\" src=\"https:\/\/www.absinthemarket.com\/wp-content\/uploads\/2020\/05\/3-stars.png\" alt=\"\" width=\"93\" height=\"17\" \/><\/li>\n<li>BLUMIG: <img decoding=\"async\" class=\"alignnone size-full wp-image-3149\" style=\"margin-top: -7px;\" src=\"https:\/\/www.absinthemarket.com\/wp-content\/uploads\/2020\/05\/1-star.png\" alt=\"\" width=\"93\" height=\"17\" \/><\/li>\n<li>KOMPLEXIT\u00c4T: <img decoding=\"async\" class=\"alignnone size-full wp-image-3155\" style=\"margin-top: -7px;\" src=\"https:\/\/www.absinthemarket.com\/wp-content\/uploads\/2020\/05\/3-stars.png\" alt=\"\" width=\"93\" height=\"17\" \/><\/li>\n<li>TYPIZIT\u00c4T: Trinken Sie ihn wie fr\u00fcher mit einem St\u00fcck Zucker auf einem L\u00f6ffel. Bitter, leicht s\u00fc\u00df.<\/li>\n<\/ul>\n<p>[\/vc_column_text][\/vc_column][vc_column width=&#8220;1\/2&#8243; css=&#8220;.vc_custom_1490694541710{padding-top: 0px !important;}&#8220;][vc_row_inner content_placement=&#8220;top&#8220;][vc_column_inner width=&#8220;1\/2&#8243; css=&#8220;.vc_custom_1490695008312{margin-bottom: 20px !important;}&#8220;]\t\t\t<div class=\"info-box-wrapper\">\n\t\t\t\t<div id=\"wd-5edba21d99598\" class=\" wd-rs-5edba21d99598 wd-info-box wd-wpb text-center box-icon-align-top box-style- color-scheme- wd-bg-none vc_custom_1591452241861\">\n\t\t\t\t\t\t\t\t\t\t\t<div class=\"box-icon-wrapper  box-with-icon box-icon-simple\">\n\t\t\t\t\t\t\t<div class=\"info-box-icon\">\n\t\t\t\t\t\t\t\t<img decoding=\"async\" width=\"90\" height=\"90\" src=\"https:\/\/www.absinthemarket.com\/wp-content\/uploads\/2020\/05\/icon-cuillere.png\" class=\"attachment-90x90 size-90x90\" alt=\"Cuill\u00e8re et sucre\" \/>\t\t\t\t\t\t\t<\/div>\n\t\t\t\t\t\t<\/div>\n\t\t\t\t\t\t\t\t\t\t<div class=\"info-box-content\">\n\t\t\t\t\t\t<h3 class=\"info-box-title title box-title-style-default wd-fontsize-s\">L\u00d6FFEL UND ZUCKER<\/h3>\t\t\t\t\t\t<div class=\"info-box-inner reset-last-child\"><p>Mit einem St\u00fcck Zucker auf einem perforierten L\u00f6ffel abzuschmecken<\/p>\n<\/div>\n\n\t\t\t\t\t\t\t\t\t\t\t<\/div>\n\n\t\t\t\t\t\n\t\t\t\t\t\t\t\t\t<\/div>\n\t\t\t<\/div>\n\t\t[\/vc_column_inner][vc_column_inner width=&#8220;1\/2&#8243; css=&#8220;.vc_custom_1490695011353{margin-bottom: 20px !important;}&#8220;]\t\t\t<div class=\"info-box-wrapper\">\n\t\t\t\t<div id=\"wd-5edb5ea853978\" class=\" wd-rs-5edb5ea853978 wd-info-box wd-wpb text-center box-icon-align-top box-style- color-scheme- wd-bg-none vc_custom_1591434975197\">\n\t\t\t\t\t\t\t\t\t\t\t<div class=\"box-icon-wrapper  box-with-icon box-icon-simple\">\n\t\t\t\t\t\t\t<div class=\"info-box-icon\">\n\t\t\t\t\t\t\t\t<img decoding=\"async\" width=\"90\" height=\"90\" src=\"https:\/\/www.absinthemarket.com\/wp-content\/uploads\/2020\/06\/icon-primee-90x90.png\" class=\"attachment-90x90 size-90x90\" alt=\"Prim\u00e9e\" \/>\t\t\t\t\t\t\t<\/div>\n\t\t\t\t\t\t<\/div>\n\t\t\t\t\t\t\t\t\t\t<div class=\"info-box-content\">\n\t\t\t\t\t\t<h3 class=\"info-box-title title box-title-style-default wd-fontsize-s\">AUSGEZEICHNET<\/h3>\t\t\t\t\t\t<div class=\"info-box-inner reset-last-child\"><p>Ein au\u00dfergew\u00f6hnlicher Absinth, der von renommierten Jurys ausgezeichnet wurde<\/p>\n<p>\n<\/div>\n\n\t\t\t\t\t\t\t\t\t\t\t<\/div>\n\n\t\t\t\t\t\n\t\t\t\t\t\t\t\t\t<\/div>\n\t\t\t<\/div>\n\t\t[\/vc_column_inner][vc_column_inner width=&#8220;1\/2&#8243; css=&#8220;.vc_custom_1490694847874{margin-bottom: 20px !important;}&#8220;]\t\t\t<div class=\"info-box-wrapper\">\n\t\t\t\t<div id=\"wd-5edba260f1a69\" class=\" wd-rs-5edba260f1a69 wd-info-box wd-wpb text-center box-icon-align-top box-style- color-scheme- wd-bg-none vc_custom_1591452283280\">\n\t\t\t\t\t\t\t\t\t\t\t<div class=\"box-icon-wrapper  box-with-icon box-icon-simple\">\n\t\t\t\t\t\t\t<div class=\"info-box-icon\">\n\t\t\t\t\t\t\t\t<img decoding=\"async\" width=\"90\" height=\"90\" src=\"https:\/\/www.absinthemarket.com\/wp-content\/uploads\/2020\/05\/icon-amere-90x90.png\" class=\"attachment-90x90 size-90x90\" alt=\"Am\u00e8re\" \/>\t\t\t\t\t\t\t<\/div>\n\t\t\t\t\t\t<\/div>\n\t\t\t\t\t\t\t\t\t\t<div class=\"info-box-content\">\n\t\t\t\t\t\t<h3 class=\"info-box-title title box-title-style-default wd-fontsize-s\">BITTER<\/h3>\t\t\t\t\t\t<div class=\"info-box-inner reset-last-child\"><p>Entdecken Sie die typische Bitterkeit der Wermutpflanze<\/p>\n<\/div>\n\n\t\t\t\t\t\t\t\t\t\t\t<\/div>\n\n\t\t\t\t\t\n\t\t\t\t\t\t\t\t\t<\/div>\n\t\t\t<\/div>\n\t\t[\/vc_column_inner][vc_column_inner width=&#8220;1\/2&#8243; css=&#8220;.vc_custom_1490694856753{margin-bottom: 20px !important;}&#8220;]\t\t\t<div class=\"info-box-wrapper\">\n\t\t\t\t<div id=\"wd-5edb5ee6f0e1e\" class=\" wd-rs-5edb5ee6f0e1e wd-info-box wd-wpb text-center box-icon-align-top box-style- color-scheme- wd-bg-none vc_custom_1591435056848\">\n\t\t\t\t\t\t\t\t\t\t\t<div class=\"box-icon-wrapper  box-with-icon box-icon-simple\">\n\t\t\t\t\t\t\t<div class=\"info-box-icon\">\n\t\t\t\t\t\t\t\t<img decoding=\"async\" width=\"90\" height=\"90\" src=\"https:\/\/www.absinthemarket.com\/wp-content\/uploads\/2020\/05\/icon-plantelocale-90x90.png\" class=\"attachment-90x90 size-90x90\" alt=\"Locale\" \/>\t\t\t\t\t\t\t<\/div>\n\t\t\t\t\t\t<\/div>\n\t\t\t\t\t\t\t\t\t\t<div class=\"info-box-content\">\n\t\t\t\t\t\t<h3 class=\"info-box-title title box-title-style-default wd-fontsize-s\">LOKALER ABSINTH<\/h3>\t\t\t\t\t\t<div class=\"info-box-inner reset-last-child\"><p>Gebrannt aus der im Val-de-Travers angebauten Wermutpflanze<\/p>\n<\/div>\n\n\t\t\t\t\t\t\t\t\t\t\t<\/div>\n\n\t\t\t\t\t\n\t\t\t\t\t\t\t\t\t<\/div>\n\t\t\t<\/div>\n\t\t[\/vc_column_inner][\/vc_row_inner][\/vc_column][\/vc_row]<\/p>\n<\/div>","protected":false},"excerpt":{"rendered":"<p>M\u00f6chten Sie das L\u00f6ffel-Zucker-Ritual ausprobieren? Hier ist der Absinth, den Sie daf\u00fcr brauchen. Reich an Bitterkeit, trocken, mit den h\u00fcbschen Kr\u00e4uternoten der Pflanzen aus der Region.<\/p>\n<p>Brenner: <a href=\"https:\/\/www.absinthemarket.com\/de\/absinth-brennerei-bovet-la-valote\/\">Absinthe Bovet La Valote<\/a><br \/>\nAlkoholgehalt: 65 Vol.-%<br \/>\nInhalt: <a href=\"https:\/\/www.absinthemarket.com\/de\/produkt\/tradition-bovet-la-valote-100cl\/\">100cl<\/a>, <a href=\"https:\/\/www.absinthemarket.com\/de\/produkt\/tradition-bovet-la-valote-50cl\/\">50cl<\/a>, <a href=\"https:\/\/www.absinthemarket.com\/de\/produkt\/tradition-bovet-la-valote-10cl\/\">10cl<\/a>, 4cl<\/p>\n","protected":false},"featured_media":7532,"comment_status":"open","ping_status":"closed","template":"","meta":[],"product_brand":[],"product_cat":[120],"product_tag":[],"class_list":{"0":"post-7529","1":"product","2":"type-product","3":"status-publish","4":"has-post-thumbnail","6":"product_cat-klare-absinthe","8":"first","9":"instock","10":"taxable","11":"shipping-taxable","12":"purchasable","13":"product-type-simple"},"_links":{"self":[{"href":"https:\/\/www.absinthemarket.com\/de\/wp-json\/wp\/v2\/product\/7529","targetHints":{"allow":["GET"]}}],"collection":[{"href":"https:\/\/www.absinthemarket.com\/de\/wp-json\/wp\/v2\/product"}],"about":[{"href":"https:\/\/www.absinthemarket.com\/de\/wp-json\/wp\/v2\/types\/product"}],"replies":[{"embeddable":true,"href":"https:\/\/www.absinthemarket.com\/de\/wp-json\/wp\/v2\/comments?post=7529"}],"wp:featuredmedia":[{"embeddable":true,"href":"https:\/\/www.absinthemarket.com\/de\/wp-json\/wp\/v2\/media\/7532"}],"wp:attachment":[{"href":"https:\/\/www.absinthemarket.com\/de\/wp-json\/wp\/v2\/media?parent=7529"}],"wp:term":[{"taxonomy":"product_brand","embeddable":true,"href":"https:\/\/www.absinthemarket.com\/de\/wp-json\/wp\/v2\/product_brand?post=7529"},{"taxonomy":"product_cat","embeddable":true,"href":"https:\/\/www.absinthemarket.com\/de\/wp-json\/wp\/v2\/product_cat?post=7529"},{"taxonomy":"product_tag","embeddable":true,"href":"https:\/\/www.absinthemarket.com\/de\/wp-json\/wp\/v2\/product_tag?post=7529"}],"curies":[{"name":"wp","href":"https:\/\/api.w.org\/{rel}","templated":true}]}}