{"id":6453,"date":"2021-03-22T14:58:54","date_gmt":"2021-03-22T13:58:54","guid":{"rendered":"https:\/\/www.absinthemarket.com\/produit\/box-starke-absinthe-4cl\/"},"modified":"2021-06-26T13:46:16","modified_gmt":"2021-06-26T11:46:16","slug":"box-starke-absinthe-4cl","status":"publish","type":"product","link":"https:\/\/www.absinthemarket.com\/de\/produkt\/box-starke-absinthe-4cl\/","title":{"rendered":"Verkostungsbox starke Absinthe 10 x 4 cl"},"content":{"rendered":"<div class=\"wpb-content-wrapper\"><p>[vc_row content_placement=&#8220;top&#8220;][vc_column width=&#8220;1\/2&#8243;][vc_column_text text_larger=&#8220;no&#8220; woodmart_inline=&#8220;no&#8220;]<\/p>\n<h2>Unsere Auswahl mit 10 starken Absinthen<\/h2>\n<p><strong><a href=\"https:\/\/www.absinthemarket.com\/de\/produkt\/imperiale-absinthe-herboriste-70cl\/\">Absinthe Imp\u00e9riale, Absinthe de l&#8217;Herboriste: ein starker und erdiger Blanche<\/a><\/strong><br \/>\nDieser Blanche mit hohem Alkoholgehalt schmeichelt dem Gaumen mit seiner subtilen Engelwurz oder Angelikawurzel. Er ist erdig, rustikal, w\u00fcrzig, pikant. Trocken und herrlich pflanzlich.<br \/>\nAlkoholgehalt: 60 Vol.-%<\/p>\n<p><strong><a href=\"https:\/\/www.absinthemarket.com\/de\/produkt\/absinthe-des-poetes-verte-70cl\/\">Absinthe des Po\u00e8tes verte, Distillerie du Val-de-Travers: ein starker und s\u00fc\u00dfer Absinth<\/a><\/strong><br \/>\nDieser verf\u00fchrerisch s\u00fc\u00dfe Absinthe des Po\u00e8tes ist selten f\u00fcr einen Verte und schafft einen Kontrast zu den \u00fcblicherweise bitteren und trockenen gr\u00fcnen Absinthen. Am Gaumen entfalten sich ein intensives Kr\u00e4uteraroma und eine bemerkenswerte Komplexit\u00e4t.<br \/>\nAlkoholgehalt: 64 Vol.-%<\/p>\n<p><strong><a href=\"https:\/\/www.absinthemarket.com\/de\/produkt\/absinthe-la-grenouillarde-100cl\/\">Absinthe La Grenouillarde, Absinthe La Valote Martin: ein in Lakritz gebadeter Blanche<\/a><\/strong><br \/>\nDie Kraft des Alkohols reagiert auf die Rundheit von Lakritz und Anis, majest\u00e4tisch ausgewogen aus zarten blumigen und pflanzlichen Noten.<br \/>\nAlkoholgehalt: 65 Vol.-%<\/p>\n<p><strong><a href=\"https:\/\/www.absinthemarket.com\/de\/produkt\/absinthe-nirvana-70cl\/\">Absinthe Nirvana, Absinthe La Valote Martin: ein starker Blanche und \u201eprestigetr\u00e4chtiger Jahrgang\u201c<\/a><\/strong><br \/>\nAls Prestige-Jahrgang von La Valote Martin besteht dieser Nirvana nur aus au\u00dfergew\u00f6hnlichen, handerlesenen Pflanzen. Der im Val-de-Travers angebaute Wermut setzt seine blumigen Geschmacksnoten frei.<br \/>\nAlkoholgehalt: 65 Vol.-%<\/p>\n<p><strong><a href=\"https:\/\/www.absinthemarket.com\/de\/produkt\/absinthe-la-guilloudtine-70cl\/\">Absinthe La Guilloudtine, Absintherie Celle \u00e0 Guilloud: ein starker und bitterer Blanche<\/a><\/strong><br \/>\nHier ist \u201eder Aperitif, der Sie umhaut\u201c, wie das Flaschenetikett behauptet! Dieser Guilloudtine, der 68 Vol.-% austitriert, weist eine starke Bitterkeit auf, die durch sehr s\u00fc\u00dfen Anis ausgeglichen wird.<br \/>\nAlkoholgehalt: 68 Vol.-%<\/p>\n<p><strong><a href=\"https:\/\/www.absinthemarket.com\/de\/produkt\/absinthe-la-fine-verte-70cl\/\">Absinthe La Fine Verte, Distillerie du Val-de-Travers: ein starker und komplexer Verte<\/a><\/strong><br \/>\nWie passt so viel Komplexit\u00e4t in eine so kleine Flasche? 21 Pflanzen bilden diesen bitteren und pflanzlichen Nektar, der auch mit einem L\u00f6ffel und einem St\u00fcck Zucker verkostet werden kann.<br \/>\nAlkoholgehalt: 68 Vol.-%<\/p>\n<p><strong><a href=\"https:\/\/www.absinthemarket.com\/de\/produkt\/absinthe-la-coquine-75cl\/\">Absinthe La Coquine, Yves Benoit: ein starker und anislastiger Blanche<\/a><\/strong><br \/>\nWelch Schelm, dieser Blanche mit seinen 69 Vol.-%, ein kokettes Augenzwinkern von seinem Erfinder Yves Benoit. Und doch, welche S\u00fc\u00dfe, welche Rundheit, basierend auf intensiven Anisaromen.<br \/>\nAlkoholgehalt: 69 Vol.-%<\/p>\n<p><strong><a href=\"https:\/\/www.absinthemarket.com\/de\/produkt\/ancestrale-absinthe-herboriste-70cl\/\">Absinthe Ancestrale, Absinthe de l&#8217;Herboriste: ein starker und blumiger Blanche<\/a><\/strong><br \/>\nIn diesem Rezept, das in den 1880er Jahren entwickelt wurde, finden wenig Bitterkeit, viel S\u00fc\u00dfe und Wermutpflanzen aus dem Val-de-Travers Ber\u00fccksichtigung, die ihr intensiv blumiges Aroma ausstrahlen.<br \/>\nAlkoholgehalt: 70 Vol.-%<\/p>\n<p><strong><a href=\"https:\/\/www.absinthemarket.com\/de\/produkt\/absinthe-originale-100cl\/\">Absinthe Originale, Absinthe La Valote Martin: ein starker und s\u00fc\u00dfer Blanche<\/a><\/strong><br \/>\nL\u00e4sst sich ein Absinth, der bei 72 Vol.-% austitriert, mit S\u00fc\u00dfe anreichern? Oh ja, antwortet dieser Originale, den Philippe Martin mit Anis versetzt. Dieses Rezept, das noch von einem seiner Vorfahren stammt, wurde im Jahr 1900 entwickelt.<br \/>\nAlkoholgehalt: 72 Vol.-%<\/p>\n<p><strong><a href=\"https:\/\/www.absinthemarket.com\/de\/produkt\/absinthe-esmeralda-70cl\/\">Absinthe Esmeralda, Absinthe La Valote Martin: ein starker und pikanter Verte<\/a><\/strong><br \/>\nDieser Esmeralda kombiniert die Sch\u00e4rfe von Alkohol mit der Zartheit von Zitronen- und Orangennoten. Unter seiner subtil gr\u00fcnen Farbe ist dieser Absinth blumig, pflanzlich und komplex.<br \/>\nAlkoholgehalt: 72 Vol.-%[\/vc_column_text][\/vc_column][vc_column width=&#8220;1\/2&#8243; css=&#8220;.vc_custom_1490694541710{padding-top: 0px !important;}&#8220;][vc_column_text text_larger=&#8220;no&#8220;]<\/p>\n<h2>Schon gewusst?<\/h2>\n<p>Der hohe Alkoholgehalt ist ein Merkmal des Absinths, der einen Mindestgehalt von 45 Vol.-% und einen H\u00f6chstgehalt von 80 Vol.-% aufweisen muss, um als solcher bezeichnet zu werden.<\/p>\n<p>Dieser hohe Gehalt verhindert, dass der Alkohol unter Hitzeeinwirkung beeintr\u00e4chtigt wird, erm\u00f6glicht es, bestimmte Aromen zu verst\u00e4rken, aber auch die Farbe des gr\u00fcnen Absinths zu erhalten, der auf nat\u00fcrliche Weise durch die Mazeration chlorophyllreicher Pflanzen entsteht.<\/p>\n<p>[\/vc_column_text][\/vc_column][\/vc_row]<\/p>\n<\/div>","protected":false},"excerpt":{"rendered":"<p>Absinth f\u00fcr diejenigen, die ihn vollmundig, w\u00fcrzig, stark m\u00f6gen. Verpassen Sie nicht diese spezielle Auswahl mit 10 Absinthen \u00e0 4 cl, sieben klaren und drei gr\u00fcnen, die hoch austitrieren. Und folgen Sie dem Pfad der Aromen dieser kr\u00e4ftigen Absinthe (von 60 bis 72 Vol.-%), die auch die Feinheit der Aromen nicht vernachl\u00e4ssigen.<\/p>\n<p>Brennereien: Absinthe de l&#8217;Herboriste, Distillerie du Val-de-Travers, Absinthe La Valote Martin, Absintherie Celle \u00e0 Guilloud, Yves Benoit<br \/>\nAlkoholgehalt: 60\u00b0-72\u00b0<br \/>\nInhalt: 10 x 4 cl<\/p>\n","protected":false},"featured_media":5643,"comment_status":"open","ping_status":"closed","template":"","meta":[],"product_brand":[],"product_cat":[126],"product_tag":[],"class_list":{"0":"post-6453","1":"product","2":"type-product","3":"status-publish","4":"has-post-thumbnail","6":"product_cat-absinth-sets","8":"first","9":"outofstock","10":"taxable","11":"shipping-taxable","12":"purchasable","13":"product-type-simple"},"_links":{"self":[{"href":"https:\/\/www.absinthemarket.com\/de\/wp-json\/wp\/v2\/product\/6453","targetHints":{"allow":["GET"]}}],"collection":[{"href":"https:\/\/www.absinthemarket.com\/de\/wp-json\/wp\/v2\/product"}],"about":[{"href":"https:\/\/www.absinthemarket.com\/de\/wp-json\/wp\/v2\/types\/product"}],"replies":[{"embeddable":true,"href":"https:\/\/www.absinthemarket.com\/de\/wp-json\/wp\/v2\/comments?post=6453"}],"wp:featuredmedia":[{"embeddable":true,"href":"https:\/\/www.absinthemarket.com\/de\/wp-json\/wp\/v2\/media\/5643"}],"wp:attachment":[{"href":"https:\/\/www.absinthemarket.com\/de\/wp-json\/wp\/v2\/media?parent=6453"}],"wp:term":[{"taxonomy":"product_brand","embeddable":true,"href":"https:\/\/www.absinthemarket.com\/de\/wp-json\/wp\/v2\/product_brand?post=6453"},{"taxonomy":"product_cat","embeddable":true,"href":"https:\/\/www.absinthemarket.com\/de\/wp-json\/wp\/v2\/product_cat?post=6453"},{"taxonomy":"product_tag","embeddable":true,"href":"https:\/\/www.absinthemarket.com\/de\/wp-json\/wp\/v2\/product_tag?post=6453"}],"curies":[{"name":"wp","href":"https:\/\/api.w.org\/{rel}","templated":true}]}}