{"id":6452,"date":"2021-03-22T11:14:27","date_gmt":"2021-03-22T10:14:27","guid":{"rendered":"https:\/\/www.absinthemarket.com\/produit\/box-saveurs-absinthe-4cl\/"},"modified":"2026-02-26T21:29:45","modified_gmt":"2026-02-26T20:29:45","slug":"box-saveurs-absinthe-4cl","status":"publish","type":"product","link":"https:\/\/www.absinthemarket.com\/de\/produkt\/box-saveurs-absinthe-4cl\/","title":{"rendered":"Entdeckerbox Absinthe Saveurs 10 x 4 cl"},"content":{"rendered":"<div class=\"wpb-content-wrapper\"><p>[vc_row content_placement=&#8220;top&#8220;][vc_column width=&#8220;1\/2&#8243;][vc_column_text text_larger=&#8220;no&#8220; woodmart_inline=&#8220;no&#8220;]<\/p>\n<h2>Unsere Auswahl mit 4 \u201eSaveurs\u201c-Absinthen<\/h2>\n<p><strong><a href=\"https:\/\/www.absinthemarket.com\/de\/produkt\/absinthe-55-distab-4cl\/\">Absinthe 55\u00b0, DistAB: ein anislastiger Blanche<\/a><\/strong><br \/>\nEntdecken Sie die Kraft von Sternanis mit w\u00fcrzigen Noten. Ein Rezept mit 11 Pflanzen, das im Untergrund entwickelt wurde und seitdem unver\u00e4ndert geblieben ist.<br \/>\nAlkoholgehalt: 55 Vol.-%<\/p>\n<p><strong><a href=\"https:\/\/www.absinthemarket.com\/de\/produkt\/absinthe-des-poetes-4cl\/\">Absinthe des Po\u00e8tes, Distillerie du Val-de-Travers: ein milder Blanche<\/a><\/strong><br \/>\nIn Lakritz gebadet, ist dies einer der s\u00fc\u00dfesten Nektare in unserer Auswahl, inspiriert von einem 1903 entwickelten Rezept. Ein Hauch von Koriander, Minze und ein mehrfach preisgekr\u00f6ntes Meisterwerk.<br \/>\nAlkoholgehalt: 52 Vol.-%<\/p>\n<p><strong><a href=\"https:\/\/www.absinthemarket.com\/de\/produkt\/absinthe-la-guerisseuse-4cl\/\">Absinthe La Gu\u00e9risseuse, Yves Benoit: ein blumiger Blanche<\/a><\/strong><br \/>\nAm Gaumen alle Bl\u00fcten der Wermutpflanze, die im Val-de-Travers angebaut wird, wie vier weitere der acht Pflanzen, die diesen extrem blumigen Nektar frei von jeder Bitterkeit bilden.<br \/>\nTeneur en alcool : 53\u00b0<\/p>\n<p><strong><a href=\"https:\/\/www.absinthemarket.com\/de\/produkt\/absinthe-celle-a-guilloud-4cl\/\">Celle \u00e0 Guilloud, Absintherie Celle \u00e0 Guilloud: ein Blanche aus dem Untergrund<\/a><\/strong><br \/>\nEin Absinth aus dem Untergrund, der mit Wermutpflanzen versetzt ist, die wie zu Zeiten der Prohibition aus L\u00e4ndern des S\u00fcdens importiert werden. Bitter, trocken und pflanzlich, hat er sich seinen Geschmack des Verbotenen beibehalten.<br \/>\nAlkoholgehalt: 54 Vol.-%<\/p>\n<p><strong><a href=\"https:\/\/www.absinthemarket.com\/de\/produkt\/absinth-la-2112-4cl\/\">Absinthe La 2112, Les Frangins: ein komplexer Blanche<\/a><\/strong><br \/>\nEin klassischer wei\u00dfer Absinth, wie die Absinthe des Vallon, die man heimlich genie\u00dft, von einer Koriandernote gepr\u00e4gt.<br \/>\nAlkoholgehalt: 56 Vol.-%<\/p>\n<p><strong><a href=\"https:\/\/www.absinthemarket.com\/de\/produkt\/absinthe-la-vraie-4cl\/\">Absinthe La Vraie, Pierre-Andr\u00e9 Currit: ein leichter Blanche<\/a><\/strong><br \/>\nPerfekt f\u00fcr den Einstieg geeignet, ist dieser leichte Blanche (52 Vol.-%), weder zu s\u00fc\u00df noch zu bitter. Urspr\u00fcnglich wurde er von einem ehemaligen Schwarzbrenner im Haut-Vallon insgeheim hergestellt.<br \/>\nAlkoholgehalt: 52 Vol.-%<\/p>\n<p><strong><a href=\"https:\/\/www.absinthemarket.com\/de\/produkt\/absinthe-des-poetes-verte-4cl\/\">Absinthe des Po\u00e8tes verte, Distillerie du Val-de-Travers: ein milder Verte<\/a><\/strong><br \/>\nDieser liebliche \u201ePo\u00e8tes verte\u201c durchl\u00e4uft eine mehr als dreimonatige Mazeration chlorophyllreicher Pflanzen, um seine zart smaragdgr\u00fcne Farbe und seine intensiven Kr\u00e4uteraromen zum Vorschein zu bringen.<br \/>\nAlkoholgehalt: 64 Vol.-%<\/p>\n<p><strong><a href=\"https:\/\/www.absinthemarket.com\/de\/produkt\/absinthe-la-fine-verte-4cl\/\">Absinthe La Fine Verte, Distillerie du Val-de-Travers: ein bitterer Verte<\/a><\/strong><br \/>\nNach der S\u00fc\u00dfe des Po\u00e8tes kommt die strukturierte Bitterkeit dieses feinen Verte, der aus 21 Pflanzen zubereitet wird, mehr als bei jedem anderen Absinth in unserem Sortiment.<br \/>\nAlkoholgehalt: 68 Vol.-%<\/p>\n<p><strong><a href=\"https:\/\/www.absinthemarket.com\/de\/produkt\/absinthe-la-bleue-authentique-du-val-de-travers-4cl\/\">La Bleue Authentique du Val-de-Travers, Distillerie du Val-de-Travers et DistAB: ein kr\u00e4uteriger Verte<\/a><\/strong><br \/>\nHier ist ein \u201eim Wollstrumpf\u201c gef\u00e4rbter Verte, wie zu Zeiten des Untergrunds, der herrlich pflanzlich ist. Achten Sie auf die pikanten Noten von Zitronenmelisse und die ungew\u00f6hnlich provenzalischen Noten.<br \/>\nAlkoholgehalt: 54 Vol.-%<\/p>\n<p><strong><a href=\"https:\/\/www.absinthemarket.com\/de\/produkt\/ancestrale-absinthe-herboriste-4cl\/\">Ancestrale, Absinthe de l\u2019Herboriste: ein starker Blanche<\/a><\/strong><br \/>\nEin Rezept aus dem Jahr 1880, das vor der Prohibition bei Pernod in Couvet destilliert wurde, wo der Urgro\u00dfvater des Brenners arbeitete und das er heimlich in seiner Arbeitskleidung aufbewahrte&#8230;<br \/>\nAlkoholgehalt: 70 Vol.-%[\/vc_column_text][\/vc_column][vc_column width=&#8220;1\/2&#8243; css=&#8220;.vc_custom_1490694541710{padding-top: 0px !important;}&#8220;][vc_column_text text_larger=&#8220;no&#8220;]<\/p>\n<h2>Schon gewusst?<\/h2>\n<p>Spezialisten teilen Absinthe in f\u00fcnf Geschmacksfamilien ein:<\/p>\n<p>Die Anislastigen werden von Anis und\/oder Sternanis dominiert.<br \/>\nDie Bitteren basieren auf der charakteristischen Bitterkeit des Gemeinen Wermuts.<br \/>\nDie S\u00fc\u00dfen sind durch die Rundheit von Lakritz- oder Anispflanzen gepr\u00e4gt.<br \/>\nDie Krautigen (oder Pflanzlichen) zeichnen sich durch die kr\u00e4ftigen Aromen von Kr\u00e4utern aus (Minze, Koriander, Ysop, Zitronenmelisse usw.).<br \/>\nDie Blumigen verstr\u00f6men den Duft des im Val-de-Travers angebauten Wermuts.<\/p>\n<p>[\/vc_column_text][\/vc_column][\/vc_row]<\/p>\n<\/div>","protected":false},"excerpt":{"rendered":"<p>In dieser Box finden Sie 10 Absinthe zur Verkostung (4 cl), sieben klare und drei gr\u00fcne, die von unseren Experten ausgew\u00e4hlt wurden, um die verschiedenen Geschmacksrichtungen des authentischen Absinths aus dem Val-de-Travers zu erkunden.<\/p>\n<p>Brennereien: Pierre-Andr\u00e9 Currit, DistAB, Distillerie du Val-de-Travers, Yves Benoit, Absintherie Celle \u00e0 Guilloud, Les Frangins, Absinthe de l\u2019Herboriste<br \/>\nAlkoholgehalt: 52\u00b0-70\u00b0<br \/>\nInhalt: 10 x 4 cl<\/p>\n","protected":false},"featured_media":7591,"comment_status":"open","ping_status":"closed","template":"","meta":[],"product_brand":[],"product_cat":[126],"product_tag":[],"class_list":{"0":"post-6452","1":"product","2":"type-product","3":"status-publish","4":"has-post-thumbnail","6":"product_cat-absinth-sets","8":"first","9":"instock","10":"taxable","11":"shipping-taxable","12":"purchasable","13":"product-type-simple"},"_links":{"self":[{"href":"https:\/\/www.absinthemarket.com\/de\/wp-json\/wp\/v2\/product\/6452","targetHints":{"allow":["GET"]}}],"collection":[{"href":"https:\/\/www.absinthemarket.com\/de\/wp-json\/wp\/v2\/product"}],"about":[{"href":"https:\/\/www.absinthemarket.com\/de\/wp-json\/wp\/v2\/types\/product"}],"replies":[{"embeddable":true,"href":"https:\/\/www.absinthemarket.com\/de\/wp-json\/wp\/v2\/comments?post=6452"}],"wp:featuredmedia":[{"embeddable":true,"href":"https:\/\/www.absinthemarket.com\/de\/wp-json\/wp\/v2\/media\/7591"}],"wp:attachment":[{"href":"https:\/\/www.absinthemarket.com\/de\/wp-json\/wp\/v2\/media?parent=6452"}],"wp:term":[{"taxonomy":"product_brand","embeddable":true,"href":"https:\/\/www.absinthemarket.com\/de\/wp-json\/wp\/v2\/product_brand?post=6452"},{"taxonomy":"product_cat","embeddable":true,"href":"https:\/\/www.absinthemarket.com\/de\/wp-json\/wp\/v2\/product_cat?post=6452"},{"taxonomy":"product_tag","embeddable":true,"href":"https:\/\/www.absinthemarket.com\/de\/wp-json\/wp\/v2\/product_tag?post=6452"}],"curies":[{"name":"wp","href":"https:\/\/api.w.org\/{rel}","templated":true}]}}