{"id":6450,"date":"2021-03-22T10:57:08","date_gmt":"2021-03-22T09:57:08","guid":{"rendered":"https:\/\/www.absinthemarket.com\/produit\/box-lakritz-absinthe-10cl\/"},"modified":"2021-09-22T13:28:37","modified_gmt":"2021-09-22T11:28:37","slug":"box-lakritz-absinthe-10cl","status":"publish","type":"product","link":"https:\/\/www.absinthemarket.com\/de\/produkt\/box-lakritz-absinthe-10cl\/","title":{"rendered":"Verkostungsbox Lakritz Absinthe 4 x 10 cl"},"content":{"rendered":"<div class=\"wpb-content-wrapper\"><p>[vc_row content_placement=&#8220;top&#8220;][vc_column width=&#8220;1\/2&#8243;][vc_column_text text_larger=&#8220;no&#8220; woodmart_inline=&#8220;no&#8220;]<\/p>\n<h2>Unsere Auswahl mit 4 Lakritzabsinthen<\/h2>\n<p><strong><a href=\"https:\/\/www.absinthemarket.com\/de\/produkt\/absinthe-des-poetes-70cl\/\">Absinthe des Po\u00e8tes, Distillerie du Val-de-Travers: Lakritz und S\u00fc\u00dfe (Blanche)<\/a><\/strong><br \/>\nSehr s\u00fc\u00df ist dieser klare Absinthe des Po\u00e8tes von einem rustikalen und bitteren Rezept aus dem Jahr 1903 inspiriert, das der Brenner Christophe Racine \u00fcberarbeitet hat, um es an den zeitgen\u00f6ssischen Gaumen anzupassen. In Lakritz gebadet, ist hier ein Absinth von brillanter Geschmeidigkeit, begleitet von frischer Minze und zitronenartigem Koriander.<br \/>\nAlkoholgehalt: 52 Vol.-%<\/p>\n<p><strong><a href=\"https:\/\/www.absinthemarket.com\/de\/produkt\/le-chat-bovet-la-valote-100cl\/\">Le Chat, Absinthe Bovet La Valote: Lakritz und Untergrund (Blanche)<\/a><\/strong><br \/>\nDie S\u00fc\u00dfe von Lakritz verbindet sich subtil mit der Bitterkeit von Wermut und den Kr\u00e4uternoten von Pflanzen in diesem mythischen Absinth, den der nicht minder legend\u00e4re Willy Bovet fast 50 Jahre lang heimlich im Untergrund brannte. Und auch wenn Willy inzwischen von uns gegangen ist, bleibt Le Chat, der von der Tochter des Schwarzbrenners unver\u00e4ndert gebrannt wird.<br \/>\nAlkoholgehalt: 54 Vol.-%<\/p>\n<p><strong><a href=\"https:\/\/www.absinthemarket.com\/de\/produkt\/absinthe-marylin-100cl\/\">Absinthe Marylin, Absinthe La Valote Martin: Lakritzabsinth f\u00fcr Einsteiger (Blanche)<\/a><\/strong><br \/>\nDieser ausgezeichnete Einstiegsabsinth, \u201eMarylin\u201c wurde vom Vater des Brenners in der Zeit des Untergrunds entworfen. Er richtete sich an ungeschulte Gaumen, frei von jeglicher Bitterkeit, allerdings mit der gew\u00fcnschten S\u00fc\u00dfe aus opulenten Lakritzbouquets. 10 Pflanzen gehen in seine Zusammensetzung ein, darunter der im Val-de-Travers angebaute Wermut.<br \/>\nAlkoholgehalt: 54 Vol.-%<\/p>\n<p><strong><a href=\"https:\/\/www.absinthemarket.com\/de\/produkt\/absinthe-la-grenouillarde-100cl\/\">Absinthe La Grenouillarde, Absinthe La Valote Martin: Lakritz und Anis (Blanche)<\/a><\/strong><br \/>\nHier ist die S\u00fc\u00dfigkeit aus der renommierten Brennerei Absinthe La Valote Martin, die hier Spa\u00df mit Lakritz und Anis hat, um ihren Nektar mit einer verf\u00fchrerischen S\u00fc\u00dfe anzureichern. In Grenouillarde, wie der Name der Einwohner von Boveresse, wo die Brennerei liegt, wenige hundert Meter vom mythischen historischen Trockenspeicher f\u00fcr Absinth entfernt, wurden die sch\u00f6nsten Absinthstunden im Val-de-Travers geschrieben.<br \/>\nAlkoholgehalt: 65 Vol.-%[\/vc_column_text][\/vc_column][vc_column width=&#8220;1\/2&#8243; css=&#8220;.vc_custom_1490694541710{padding-top: 0px !important;}&#8220;][vc_column_text text_larger=&#8220;no&#8220;]<\/p>\n<h2>Schon gewusst?<\/h2>\n<p>Da Zucker in Alkohol nicht l\u00f6slich ist, sind es die Pflanzen und nur die Pflanzen, die dem Absinth seine S\u00fc\u00dfe verleihen. Vorne weg Anis und Lakritz, aber auch Sternanis, Zitronenmelisse usw.<\/p>\n<p>Wir sprechen also nie von einem \u201ezuckerhaltigen\u201c Absinth, sondern von einem \u201es\u00fc\u00dfen\u201c oder \u201erunden\u201c Absinth, da bei der Destillation des Absinths niemals Zucker zugesetzt wird.<\/p>\n<p>Umgekehrt wird ein Absinth, der wenig oder keine S\u00fc\u00dfe aufweist, als \u201etrocken\u201c bezeichnet.<\/p>\n<p>[\/vc_column_text][\/vc_column][\/vc_row]<\/p>\n<\/div>","protected":false},"excerpt":{"rendered":"<p>F\u00fcr den s\u00fc\u00dfen Zahn, der die S\u00fc\u00dfe von Lakritz der Bitterkeit von Wermut vorzieht, ist hier eine Box mit vier klaren Absinthen, die intensiv mit Lakritz versetzt sind.<\/p>\n<p>Die von den AbsintheMarket-Experten ausgew\u00e4hlten Nektare unterstreichen die Vielfalt dieser Pflanze. Wie beim Absinthe des Po\u00e8tes, wenn er mit Minze und Zitrone versetzt wird. Oder wie bei La Grenouillarde, begleitet von einem lieblichen Herz aus Anis. Le Chat ist ein urspr\u00fcnglicher Geheimtipp, der seitdem unver\u00e4ndert geblieben ist, und die l\u00e4chelnde Marylin ist ein ausgezeichneter Einstiegsabsinth.<\/p>\n<p>Brennereien: Distillerie du Val-de-Travers, Absinthe Bovet La Valote, Absinthe La Valote Martin<br \/>\nAlkoholgehalt: 52\u00b0-65\u00b0<br \/>\nInhalt: 4 x 10 cl<\/p>\n","protected":false},"featured_media":5630,"comment_status":"open","ping_status":"closed","template":"","meta":[],"product_brand":[],"product_cat":[126],"product_tag":[],"class_list":{"0":"post-6450","1":"product","2":"type-product","3":"status-publish","4":"has-post-thumbnail","6":"product_cat-absinth-sets","8":"first","9":"outofstock","10":"taxable","11":"shipping-taxable","12":"purchasable","13":"product-type-simple"},"_links":{"self":[{"href":"https:\/\/www.absinthemarket.com\/de\/wp-json\/wp\/v2\/product\/6450","targetHints":{"allow":["GET"]}}],"collection":[{"href":"https:\/\/www.absinthemarket.com\/de\/wp-json\/wp\/v2\/product"}],"about":[{"href":"https:\/\/www.absinthemarket.com\/de\/wp-json\/wp\/v2\/types\/product"}],"replies":[{"embeddable":true,"href":"https:\/\/www.absinthemarket.com\/de\/wp-json\/wp\/v2\/comments?post=6450"}],"wp:featuredmedia":[{"embeddable":true,"href":"https:\/\/www.absinthemarket.com\/de\/wp-json\/wp\/v2\/media\/5630"}],"wp:attachment":[{"href":"https:\/\/www.absinthemarket.com\/de\/wp-json\/wp\/v2\/media?parent=6450"}],"wp:term":[{"taxonomy":"product_brand","embeddable":true,"href":"https:\/\/www.absinthemarket.com\/de\/wp-json\/wp\/v2\/product_brand?post=6450"},{"taxonomy":"product_cat","embeddable":true,"href":"https:\/\/www.absinthemarket.com\/de\/wp-json\/wp\/v2\/product_cat?post=6450"},{"taxonomy":"product_tag","embeddable":true,"href":"https:\/\/www.absinthemarket.com\/de\/wp-json\/wp\/v2\/product_tag?post=6450"}],"curies":[{"name":"wp","href":"https:\/\/api.w.org\/{rel}","templated":true}]}}