{"id":6443,"date":"2021-03-21T14:11:10","date_gmt":"2021-03-21T13:11:10","guid":{"rendered":"https:\/\/www.absinthemarket.com\/produit\/box-suesse-absinthe-10cl\/"},"modified":"2021-11-29T09:31:50","modified_gmt":"2021-11-29T08:31:50","slug":"box-suesse-absinthe-10cl","status":"publish","type":"product","link":"https:\/\/www.absinthemarket.com\/de\/produkt\/box-suesse-absinthe-10cl\/","title":{"rendered":"Verkostungsbox S\u00fc\u00dfe Absinthe 4 x 10 cl"},"content":{"rendered":"<div class=\"wpb-content-wrapper\"><p>[vc_row content_placement=&#8220;top&#8220;][vc_column width=&#8220;1\/2&#8243;][vc_column_text text_larger=&#8220;no&#8220; woodmart_inline=&#8220;no&#8220;]<\/p>\n<h2>Unsere Auswahl mit 4 s\u00fc\u00dfen Absinthen<\/h2>\n<p><strong><a href=\"https:\/\/www.absinthemarket.com\/de\/produkt\/absinthe-des-poetes-70cl\/\">Absinthe des Po\u00e8tes, Destillerie du Val-de-Travers: ein sehr, sehr s\u00fc\u00dfer Blanche<\/a><\/strong><br \/>\nEin Absinth wie ein Gedicht: Dieser klare Poet ist eine Ode an die s\u00fc\u00dfe Fee in all ihrer Pracht. Nach einem Rezept von 1903 sorgt Lakritz f\u00fcr die S\u00fc\u00dfe dieses Absinths, der seinem Erfinder, dem ehemaligen Schwarzbrenner Christophe Racine, den Schweizer Titel \u201eGolden Distiller\u201c einbrachte.<br \/>\nAlkoholgehalt: 52 Vol.-%<\/p>\n<p><strong><a href=\"https:\/\/www.absinthemarket.com\/de\/produkt\/le-chat-bovet-la-valote-100cl\/\">Le Chat, Absinte Bovet La Valote: ein in Lakritz gebadeter Blanche<\/a><\/strong><br \/>\nEin Gro\u00dfteil der Pflanzen dieses sehr s\u00fc\u00dfen \u201eChat\u201c wird von der Brennerei selbst angebaut. Im Val-de-Travers ist er allseits beliebt! Eine in Lakritz gebadete S\u00fc\u00dfe, eine ausgewogene Bitterkeit mit angenehmer Komplexit\u00e4t.<br \/>\nAlkoholgehalt: 54 Vol.-%<\/p>\n<p><strong><a href=\"https:\/\/www.absinthemarket.com\/de\/produkt\/absinthe-originale-100cl\/\">L&#8217;Originale, Absinthe La Valote Martin: ein s\u00fc\u00dfer und starker Blanche<\/a><\/strong><br \/>\nAus der Rundheit von Anis entwickeln sich die s\u00fc\u00dfen Aromen dieses Rezepts, das im Jahr 1900 von einem Gro\u00dfvater des Brenners erfunden wurde. Eine Lieblichkeit im Kontrast zum hohen Alkoholgehalt, wodurch die charakteristischen Aromen des im Val-de-Travers angebauten Wermutkrauts verst\u00e4rkt werden.<br \/>\nAlkoholgehalt: 72 Vol.-%<\/p>\n<p><strong><a href=\"https:\/\/www.absinthemarket.com\/de\/produkt\/absinthe-la-coquine-75cl\/\">La Coquine, Yves Benoit: ein mit Anis angereicherter Blanche<\/a><\/strong><br \/>\nDieser sirupartige Absinth basiert auf einer blumigen Anisbasis. Der Name ist eine schelmische Anspielung von seinem Erfinder Yves Benoit, der immer davon getr\u00e4umt hat, einen seiner Absinthe \u201eCoquine\u201c zu nennen. Zusammen mit einem Freund hatte er Spa\u00df daran, ihn auf 69 Vol.-% austitrieren zu lassen. Das Konzept war geschaffen. Schelmisch und s\u00fc\u00df h\u00e4lt er, was er verspricht!<br \/>\nAlkoholgehalt: 69 Vol.-%[\/vc_column_text][\/vc_column][vc_column width=&#8220;1\/2&#8243; css=&#8220;.vc_custom_1490694541710{padding-top: 0px !important;}&#8220;][vc_column_text text_larger=&#8220;no&#8220;]<\/p>\n<h2>Schon gewusst?<\/h2>\n<p>Absinth wurde anfangs nicht mit Pflanzen ges\u00fc\u00dft und war daher f\u00fcrchterlich bitter. So entstand das Ritual des L\u00f6ffels.<\/p>\n<p>Ein St\u00fcck Zucker wurde auf einen perforierten L\u00f6ffel gegeben, durch den das Wasser floss, um die Fee zu s\u00fc\u00dfen und zu tr\u00fcben.<\/p>\n<p>Heutzutage werden Absinthe fast immer ges\u00fc\u00dft, insbesondere mit Anis und Fenchel, was die sch\u00f6ne Tradition des L\u00f6ffels \u00fcberfl\u00fcssig macht. Uff! Einige Brenner haben die trockenen und bitteren Absinthe von gestern wiederbelebt, die speziell dazu entwickelt wurden, um mit einem L\u00f6ffel ges\u00fc\u00dft zu werden.<\/p>\n<p>Interesse? Schauen Sie sich unsere Verkostungsbox \u201eLes Am\u00e8res\u201c und unsere Auswahl an bitterem Absinth an.<\/p>\n<p>[\/vc_column_text][\/vc_column][\/vc_row]<\/p>\n<\/div>","protected":false},"excerpt":{"rendered":"<p>Hallo, Naschkatzen! Hier ist die Box, die unsere Experten Ihrem Verlagen nach S\u00fc\u00dfe und Naschwerk entsprechend ausgew\u00e4hlt haben. 4 Absinthe \u00e0 10 cl, die die Rundheit von Anis, die S\u00fc\u00dfe von Lakritz verk\u00f6rpern, ohne die pikante Bitterkeit von Wermutkraut zu vernachl\u00e4ssigen: Welch Gabe!<\/p>\n<p>Mit dieser Probierrunde werden Sie die komplexen Aromen hochwertiger, von Hand gebrannter Absinthe sch\u00e4tzen lernen. Angefangen bei diesen beiden klaren Absinthen, die Anis (La Coquine) oder Lakritz (Le Chat) verk\u00f6rpern, \u00fcber diesen \u201eOriginale\u201c, der sich durch seine S\u00fc\u00dfe gepaart mit einem hohen Alkoholgehalt (72 Vol.-%) auszeichnet, bis hin zu dem \u201ePo\u00e8tes\u201c, dem s\u00fc\u00dfesten Absinth in unserem gesamten Sortiment.<\/p>\n<p>Brennereien: Distillerie du Val-de-Travers, Absinthe Bovet La Valote, Absinthe La Valote Martin, Yves Benoit<br \/>\nAlkoholgehalt: 52\u00b0-72\u00b0<br \/>\nInhalt: 4 x 10 cl<\/p>\n","protected":false},"featured_media":5601,"comment_status":"open","ping_status":"closed","template":"","meta":[],"product_brand":[],"product_cat":[126],"product_tag":[],"class_list":{"0":"post-6443","1":"product","2":"type-product","3":"status-publish","4":"has-post-thumbnail","6":"product_cat-absinth-sets","8":"first","9":"outofstock","10":"taxable","11":"shipping-taxable","12":"purchasable","13":"product-type-simple"},"_links":{"self":[{"href":"https:\/\/www.absinthemarket.com\/de\/wp-json\/wp\/v2\/product\/6443","targetHints":{"allow":["GET"]}}],"collection":[{"href":"https:\/\/www.absinthemarket.com\/de\/wp-json\/wp\/v2\/product"}],"about":[{"href":"https:\/\/www.absinthemarket.com\/de\/wp-json\/wp\/v2\/types\/product"}],"replies":[{"embeddable":true,"href":"https:\/\/www.absinthemarket.com\/de\/wp-json\/wp\/v2\/comments?post=6443"}],"wp:featuredmedia":[{"embeddable":true,"href":"https:\/\/www.absinthemarket.com\/de\/wp-json\/wp\/v2\/media\/5601"}],"wp:attachment":[{"href":"https:\/\/www.absinthemarket.com\/de\/wp-json\/wp\/v2\/media?parent=6443"}],"wp:term":[{"taxonomy":"product_brand","embeddable":true,"href":"https:\/\/www.absinthemarket.com\/de\/wp-json\/wp\/v2\/product_brand?post=6443"},{"taxonomy":"product_cat","embeddable":true,"href":"https:\/\/www.absinthemarket.com\/de\/wp-json\/wp\/v2\/product_cat?post=6443"},{"taxonomy":"product_tag","embeddable":true,"href":"https:\/\/www.absinthemarket.com\/de\/wp-json\/wp\/v2\/product_tag?post=6443"}],"curies":[{"name":"wp","href":"https:\/\/api.w.org\/{rel}","templated":true}]}}