{"id":6424,"date":"2021-03-13T13:39:53","date_gmt":"2021-03-13T12:39:53","guid":{"rendered":"https:\/\/www.absinthemarket.com\/produit\/tshirt-absinthe-2minutes-damen\/"},"modified":"2025-11-09T13:21:19","modified_gmt":"2025-11-09T12:21:19","slug":"tshirt-absinthe-2minutes-damen","status":"publish","type":"product","link":"https:\/\/www.absinthemarket.com\/de\/produkt\/tshirt-absinthe-2minutes-damen\/","title":{"rendered":"Je m&#8217;absinthe 2 minutes &#8211; Damen-T-Shirt"},"content":{"rendered":"<div class=\"wpb-content-wrapper\"><p>[vc_row content_placement=&#8220;top&#8220;][vc_column width=&#8220;1\/2&#8243;][vc_column_text text_larger=&#8220;no&#8220;]<\/p>\n<p>\u00ab \u00c0 tout de suite, je m&#8217;absinthe deux minutes \u00bb (\u201eBis gleich, komme zwei Absinthe sp\u00e4ter\u201c). Benjamin Houlli\u00e8re entwirft humorvolle Phrasen f\u00fcr T-Shirts, die er auf vielen Festivals und Veranstaltungen verkauft. Dieses ist uns aufgefallen! Es zeigt alle wesentlichen Elemente der Fee: die wichtigsten destillierten Pflanzen, die Absinthfont\u00e4ne, die L\u00f6ffel und selbst die chemische Formel von Thujon, dem Wirkstoff der Wermutpflanze, dem vorgeworfen wurde, Menschen verr\u00fcckt zu machen, und der zu Beginn des 20. Jahrhunderts zum Absinthverbot f\u00fchrte.<\/p>\n<p>Der feminine Schnitt ist mit einem V-Ausschnitt versehen, der das Dekollet\u00e9 hervorhebt. Auch als Herrenmodell erh\u00e4ltlich, lockerer, runder Kragen, von S bis XXXL. Auch im Rucksackformat.<\/p>\n<p>[\/vc_column_text][\/vc_column][vc_column width=&#8220;1\/2&#8243; css=&#8220;.vc_custom_1490694541710{padding-top: 0px !important;}&#8220;][vc_column_text text_larger=&#8220;no&#8220;]<\/p>\n<p>Label: Green Soul<br \/>\nGrafikdesigner: Benjamin Houlli\u00e8re<br \/>\nTextil aus 100 % Baumwolle<br \/>\nFarbe: schwarz, wei\u00dfes Logo<br \/>\nVerf\u00fcgbare Gr\u00f6\u00dfen: S, M, L, XL<\/p>\n<p>[\/vc_column_text][\/vc_column][\/vc_row]<\/p>\n<\/div>","protected":false},"excerpt":{"rendered":"<p>Zeigen Sie Ihre Liebe zur Gr\u00fcnen Fee mit diesem sch\u00f6nen und lustigen Absinth-T-Shirt, das vom Schweizer Grafikdesigner Benjamin Houlli\u00e8re entworfen wurde. Dieser Absinth-Enthusiast zeichnet hier ein Logo, das von der Belle \u00c9poque inspiriert und mit einer guten Portion Humor vermischt wurde.<\/p>\n","protected":false},"featured_media":5736,"comment_status":"open","ping_status":"closed","template":"","meta":[],"product_brand":[],"product_cat":[193],"product_tag":[],"class_list":{"0":"post-6424","1":"product","2":"type-product","3":"status-publish","4":"has-post-thumbnail","6":"product_cat-kleidung","8":"first","9":"instock","10":"taxable","11":"shipping-taxable","12":"purchasable","13":"product-type-variable"},"_links":{"self":[{"href":"https:\/\/www.absinthemarket.com\/de\/wp-json\/wp\/v2\/product\/6424","targetHints":{"allow":["GET"]}}],"collection":[{"href":"https:\/\/www.absinthemarket.com\/de\/wp-json\/wp\/v2\/product"}],"about":[{"href":"https:\/\/www.absinthemarket.com\/de\/wp-json\/wp\/v2\/types\/product"}],"replies":[{"embeddable":true,"href":"https:\/\/www.absinthemarket.com\/de\/wp-json\/wp\/v2\/comments?post=6424"}],"wp:featuredmedia":[{"embeddable":true,"href":"https:\/\/www.absinthemarket.com\/de\/wp-json\/wp\/v2\/media\/5736"}],"wp:attachment":[{"href":"https:\/\/www.absinthemarket.com\/de\/wp-json\/wp\/v2\/media?parent=6424"}],"wp:term":[{"taxonomy":"product_brand","embeddable":true,"href":"https:\/\/www.absinthemarket.com\/de\/wp-json\/wp\/v2\/product_brand?post=6424"},{"taxonomy":"product_cat","embeddable":true,"href":"https:\/\/www.absinthemarket.com\/de\/wp-json\/wp\/v2\/product_cat?post=6424"},{"taxonomy":"product_tag","embeddable":true,"href":"https:\/\/www.absinthemarket.com\/de\/wp-json\/wp\/v2\/product_tag?post=6424"}],"curies":[{"name":"wp","href":"https:\/\/api.w.org\/{rel}","templated":true}]}}