{"id":6417,"date":"2021-03-13T13:00:29","date_gmt":"2021-03-13T12:00:29","guid":{"rendered":"https:\/\/www.absinthemarket.com\/produit\/tshirt-absinthe-2minutes-herren\/"},"modified":"2026-01-02T20:38:54","modified_gmt":"2026-01-02T19:38:54","slug":"tshirt-absinthe-2minutes-herren","status":"publish","type":"product","link":"https:\/\/www.absinthemarket.com\/de\/produkt\/tshirt-absinthe-2minutes-herren\/","title":{"rendered":"Je m&#8217;absinthe 2 minutes &#8211; Herren-T-Shirt"},"content":{"rendered":"<div class=\"wpb-content-wrapper\"><p>[vc_row content_placement=&#8220;top&#8220;][vc_column width=&#8220;1\/2&#8243;][vc_column_text text_larger=&#8220;no&#8220;]<\/p>\n<p>Absinthliebhaber werden auf diesem T-Shirt alle wesentlichen Details der Gr\u00fcnen Fee erkennen. Die Pflanzen, Wermutkraut, Minze, Ysop, Fenchel, die in ihre Zusammensetzung eingehen, bilden eine Absinth Font\u00e4ne und zu dessen F\u00fc\u00dfen zwei Absinthl\u00f6ffel. Aber was ist das in der Mitte? Die chemische Formel des ber\u00fchmten Thujons, dem vorgeworfen wurde, verr\u00fcckt zu machen, was zu Beginn des 20. Jahrhunderts zum Absinthverbot f\u00fchrte.<\/p>\n<p>Der maskuline Schnitt ist bequem, gutsitzend und bleibt locker. Verf\u00fcgbar bis XXXL. Auch f\u00fcr Frauen erh\u00e4ltlich (von S bis XL), mit gr\u00f6\u00dferem V-Ausschnitt versehen, um die Brust zu betonen. Auch im Rucksackformat.<\/p>\n<p>[\/vc_column_text][\/vc_column][vc_column width=&#8220;1\/2&#8243; css=&#8220;.vc_custom_1490694541710{padding-top: 0px !important;}&#8220;][vc_column_text text_larger=&#8220;no&#8220;]<\/p>\n<p>Label: Green Soul<br \/>\nGrafikdesigner: Benjamin Houlli\u00e8re<br \/>\nTextil aus 100 % Baumwolle<br \/>\nFarbe: schwarz, wei\u00dfes Logo<br \/>\nVerf\u00fcgbare Gr\u00f6\u00dfen: S, M, L, XL, XXL, XXXL<\/p>\n<p>[\/vc_column_text][\/vc_column][\/vc_row]<\/p>\n<\/div>","protected":false},"excerpt":{"rendered":"<p>\u00ab \u00c0 tout de suite, je m&#8217;absinthe deux minutes \u00bb (\u201eBis gleich, komme zwei Absinthe sp\u00e4ter\u201c), lacht dieses T-Shirt von Benjamin Houlli\u00e8re vom Schweizer Label Green Soul seinen Betrachtern entgegen. Hergestellt aus widerstandsf\u00e4higem Textil, 100% Baumwolle. Wei\u00dfes Logo auf schwarzem Hintergrund.<\/p>\n","protected":false},"featured_media":5733,"comment_status":"open","ping_status":"closed","template":"","meta":[],"product_brand":[],"product_cat":[193],"product_tag":[],"class_list":{"0":"post-6417","1":"product","2":"type-product","3":"status-publish","4":"has-post-thumbnail","6":"product_cat-kleidung","8":"first","9":"instock","10":"taxable","11":"shipping-taxable","12":"purchasable","13":"product-type-variable"},"_links":{"self":[{"href":"https:\/\/www.absinthemarket.com\/de\/wp-json\/wp\/v2\/product\/6417","targetHints":{"allow":["GET"]}}],"collection":[{"href":"https:\/\/www.absinthemarket.com\/de\/wp-json\/wp\/v2\/product"}],"about":[{"href":"https:\/\/www.absinthemarket.com\/de\/wp-json\/wp\/v2\/types\/product"}],"replies":[{"embeddable":true,"href":"https:\/\/www.absinthemarket.com\/de\/wp-json\/wp\/v2\/comments?post=6417"}],"wp:featuredmedia":[{"embeddable":true,"href":"https:\/\/www.absinthemarket.com\/de\/wp-json\/wp\/v2\/media\/5733"}],"wp:attachment":[{"href":"https:\/\/www.absinthemarket.com\/de\/wp-json\/wp\/v2\/media?parent=6417"}],"wp:term":[{"taxonomy":"product_brand","embeddable":true,"href":"https:\/\/www.absinthemarket.com\/de\/wp-json\/wp\/v2\/product_brand?post=6417"},{"taxonomy":"product_cat","embeddable":true,"href":"https:\/\/www.absinthemarket.com\/de\/wp-json\/wp\/v2\/product_cat?post=6417"},{"taxonomy":"product_tag","embeddable":true,"href":"https:\/\/www.absinthemarket.com\/de\/wp-json\/wp\/v2\/product_tag?post=6417"}],"curies":[{"name":"wp","href":"https:\/\/api.w.org\/{rel}","templated":true}]}}