{"id":6195,"date":"2021-02-26T13:05:21","date_gmt":"2021-02-26T12:05:21","guid":{"rendered":"https:\/\/www.absinthemarket.com\/produit\/buch-absinth-val-de-travers-ursprunge-unbekanntes\/"},"modified":"2025-01-13T21:40:32","modified_gmt":"2025-01-13T20:40:32","slug":"buch-absinth-val-de-travers-ursprunge-unbekanntes","status":"publish","type":"product","link":"https:\/\/www.absinthemarket.com\/de\/produkt\/buch-absinth-val-de-travers-ursprunge-unbekanntes\/","title":{"rendered":"Absinth im Val-de-Travers, Urspr\u00fcnge und Unbekanntes"},"content":{"rendered":"<div class=\"wpb-content-wrapper\"><p>[vc_row content_placement=&#8220;top&#8220;][vc_column width=&#8220;1\/2&#8243;][vc_column_text text_larger=&#8220;no&#8220;]Achtung: explosive Enth\u00fcllungen! Wir dachten, wir w\u00fcssten alles \u00fcber die Geschichte des Absinths im Val-de-Travers, ohne mit der akribischen Arbeit seiner Bewohner Jacques Kaeslin und Michel Kreis zu rechnen, aus der unver\u00f6ffentlichte und unbekannte Informationen hervorgehen! Absinth hatte demnach w\u00e4hrend des Sklavenhandels im 18. und 19. Jahrhundert als Tauschgut gedient. Zwischen Mythen und Realit\u00e4t durchforsteten die beiden Enthusiasten Volksz\u00e4hlungen, Kirchenb\u00fccher und Pressearchive, um die Legenden der Gr\u00fcnen Fee zu \u00fcberpr\u00fcfen. Dieses Buch liefert \u00fcberraschende Schlussfolgerungen&#8230; und viele Geheimnisse.[\/vc_column_text][\/vc_column][vc_column width=&#8220;1\/2&#8243; css=&#8220;.vc_custom_1490694541710{padding-top: 0px !important;}&#8220;][vc_column_text text_larger=&#8220;no&#8220;]<\/p>\n<p>Jacques Kaeslin und Michel Kreis<br \/>\nFranz\u00f6sisch<br \/>\nISBN 978-2-8399-0935-8<br \/>\n101 Seiten<br \/>\n2011<\/p>\n<p>[\/vc_column_text][\/vc_column][\/vc_row]<\/p>\n<\/div>","protected":false},"excerpt":{"rendered":"<p>Jacques Kaeslin und Michel Kreis<\/p>\n<p>Wer war Mutter Henriod? Hat sie den Absinth tats\u00e4chlich erfunden? Unter welchen Umst\u00e4nden? Und wie wurde Absinth dann zu dem Aperitif, der auf den Pariser Boulevards so beliebt war? Entdecken Sie in dieser Arbeit unver\u00f6ffentlichte und unbekannte Informationen, die reich an unver\u00f6ffentlichten Dokumenten sind, die die Autoren in Kirchenb\u00fcchern, Pressearchiven und anderen amtlichen Dokumenten gefunden haben.<\/p>\n","protected":false},"featured_media":5219,"comment_status":"open","ping_status":"closed","template":"","meta":[],"product_brand":[],"product_cat":[192],"product_tag":[],"class_list":{"0":"post-6195","1":"product","2":"type-product","3":"status-publish","4":"has-post-thumbnail","6":"product_cat-buecher","8":"first","9":"instock","10":"taxable","11":"shipping-taxable","12":"purchasable","13":"product-type-simple"},"_links":{"self":[{"href":"https:\/\/www.absinthemarket.com\/de\/wp-json\/wp\/v2\/product\/6195","targetHints":{"allow":["GET"]}}],"collection":[{"href":"https:\/\/www.absinthemarket.com\/de\/wp-json\/wp\/v2\/product"}],"about":[{"href":"https:\/\/www.absinthemarket.com\/de\/wp-json\/wp\/v2\/types\/product"}],"replies":[{"embeddable":true,"href":"https:\/\/www.absinthemarket.com\/de\/wp-json\/wp\/v2\/comments?post=6195"}],"wp:featuredmedia":[{"embeddable":true,"href":"https:\/\/www.absinthemarket.com\/de\/wp-json\/wp\/v2\/media\/5219"}],"wp:attachment":[{"href":"https:\/\/www.absinthemarket.com\/de\/wp-json\/wp\/v2\/media?parent=6195"}],"wp:term":[{"taxonomy":"product_brand","embeddable":true,"href":"https:\/\/www.absinthemarket.com\/de\/wp-json\/wp\/v2\/product_brand?post=6195"},{"taxonomy":"product_cat","embeddable":true,"href":"https:\/\/www.absinthemarket.com\/de\/wp-json\/wp\/v2\/product_cat?post=6195"},{"taxonomy":"product_tag","embeddable":true,"href":"https:\/\/www.absinthemarket.com\/de\/wp-json\/wp\/v2\/product_tag?post=6195"}],"curies":[{"name":"wp","href":"https:\/\/api.w.org\/{rel}","templated":true}]}}