{"id":6194,"date":"2021-02-25T17:38:05","date_gmt":"2021-02-25T16:38:05","guid":{"rendered":"https:\/\/www.absinthemarket.com\/produit\/buch-absinthe-im-val-de-travers-1750-1830\/"},"modified":"2021-05-05T16:06:45","modified_gmt":"2021-05-05T14:06:45","slug":"buch-absinthe-im-val-de-travers-1750-1830","status":"publish","type":"product","link":"https:\/\/www.absinthemarket.com\/de\/produkt\/buch-absinthe-im-val-de-travers-1750-1830\/","title":{"rendered":"Absinthe im Val-de-Travers, das Leben der Pioniere zwischen 1750 und 1830"},"content":{"rendered":"<div class=\"wpb-content-wrapper\"><p>[vc_row content_placement=&#8220;top&#8220;][vc_column width=&#8220;1\/2&#8243;][vc_column_text text_larger=&#8220;no&#8220;]\u00dcber die Zeit des Untergrunds des Absinths im Val-de-Travers ist viel geschrieben worden, aber was ist mit der goldenen \u00c4ra, als die Gr\u00fcne Fee ganz legal in Str\u00f6men floss? Dies haben die Autoren dieses Buches ausf\u00fchrlich erforscht, um die Geschichte des Absinths in diesem abgelegenen Tal, in dem er entstanden ist, zu analysieren und sich auf notarielle Urkunden und andere Ver\u00f6ffentlichungen in den Feuilles d&#8217;Avis de Neuch\u00e2tel zu konzentrieren. Das Ergebnis ist ein detailliertes Portr\u00e4t derer, die den Mythos des Bleue Neuch\u00e2teloise zusammen mit erfrischenden Anekdoten geschaffen haben, begleitet von zahlreichen Reproduktionen historischer Dokumente.[\/vc_column_text][\/vc_column][vc_column width=&#8220;1\/2&#8243; css=&#8220;.vc_custom_1490694541710{padding-top: 0px !important;}&#8220;][vc_column_text text_larger=&#8220;no&#8220;]<\/p>\n<p>Jacques Kaeslin und Michel Kreis<br \/>\nFranz\u00f6sisch<br \/>\nISBN 978-2-8399-1739-1<br \/>\n97 Seiten<br \/>\n2015<\/p>\n<p>[\/vc_column_text][\/vc_column][\/vc_row]<\/p>\n<\/div>","protected":false},"excerpt":{"rendered":"<p>Jacques Kaeslin und Michel Kreis<\/p>\n<p>Dieses Buch voller Anekdoten und seltener Reproduktionen von historischen Dokumenten portr\u00e4tiert diejenigen, die das au\u00dfergew\u00f6hnliche Schicksal der Gr\u00fcnen Fee in der Region des Val-de-Travers, wo sie geboren sind, mitgepr\u00e4gt haben. Ein faszinierender Ausflug in diese goldene \u00c4ra, in der die Gr\u00fcne Fee zu dem am h\u00e4ufigsten konsumierten Aperitif in Frankreich wurde und sogar Wein verdr\u00e4ngte. Was seinen Untergang heraufbeschwor. Aber das ist wiederum eine andere Geschichte&#8230;<\/p>\n","protected":false},"featured_media":5215,"comment_status":"open","ping_status":"closed","template":"","meta":[],"product_brand":[],"product_cat":[192],"product_tag":[],"class_list":{"0":"post-6194","1":"product","2":"type-product","3":"status-publish","4":"has-post-thumbnail","6":"product_cat-buecher","8":"first","9":"instock","10":"taxable","11":"shipping-taxable","12":"purchasable","13":"product-type-simple"},"_links":{"self":[{"href":"https:\/\/www.absinthemarket.com\/de\/wp-json\/wp\/v2\/product\/6194","targetHints":{"allow":["GET"]}}],"collection":[{"href":"https:\/\/www.absinthemarket.com\/de\/wp-json\/wp\/v2\/product"}],"about":[{"href":"https:\/\/www.absinthemarket.com\/de\/wp-json\/wp\/v2\/types\/product"}],"replies":[{"embeddable":true,"href":"https:\/\/www.absinthemarket.com\/de\/wp-json\/wp\/v2\/comments?post=6194"}],"wp:featuredmedia":[{"embeddable":true,"href":"https:\/\/www.absinthemarket.com\/de\/wp-json\/wp\/v2\/media\/5215"}],"wp:attachment":[{"href":"https:\/\/www.absinthemarket.com\/de\/wp-json\/wp\/v2\/media?parent=6194"}],"wp:term":[{"taxonomy":"product_brand","embeddable":true,"href":"https:\/\/www.absinthemarket.com\/de\/wp-json\/wp\/v2\/product_brand?post=6194"},{"taxonomy":"product_cat","embeddable":true,"href":"https:\/\/www.absinthemarket.com\/de\/wp-json\/wp\/v2\/product_cat?post=6194"},{"taxonomy":"product_tag","embeddable":true,"href":"https:\/\/www.absinthemarket.com\/de\/wp-json\/wp\/v2\/product_tag?post=6194"}],"curies":[{"name":"wp","href":"https:\/\/api.w.org\/{rel}","templated":true}]}}