{"id":6192,"date":"2021-02-25T16:11:01","date_gmt":"2021-02-25T15:11:01","guid":{"rendered":"https:\/\/www.absinthemarket.com\/produit\/liqueur-des-fees-absinth-10cl\/"},"modified":"2024-03-18T21:31:29","modified_gmt":"2024-03-18T20:31:29","slug":"liqueur-des-fees-absinth-10cl","status":"publish","type":"product","link":"https:\/\/www.absinthemarket.com\/de\/produkt\/liqueur-des-fees-absinth-10cl\/","title":{"rendered":"Liqueur des F\u00e9es 10cl"},"content":{"rendered":"<div class=\"wpb-content-wrapper\"><p>[vc_row content_placement=&#8220;top&#8220;][vc_column width=&#8220;1\/2&#8243;][vc_column_text text_larger=&#8220;no&#8220;]Dieser Absinthlik\u00f6r (25 Vol.-% Alkohol) ist milder als der urspr\u00fcngliche Absinth und kombiniert handgemachten Absinth aus der Brennerei La Valote Martin mit Zucker, wodurch der Nektar seine hellgr\u00fcne Farbe erh\u00e4lt. Als spektakul\u00e4re Zutat in der Geb\u00e4ckherstellung verleiht es s\u00fc\u00dfen Rezepten eine \u00fcberraschende Note, kann aber auch als reiner Magenbitter genossen werden.[\/vc_column_text][\/vc_column][vc_column width=&#8220;1\/2&#8243; css=&#8220;.vc_custom_1490694541710{padding-top: 0px !important;}&#8220;][vc_column_text text_larger=&#8220;no&#8220;]<\/p>\n<p>Hersteller: Au Grenier Gourmand, Travers, Val-de-Travers<br \/>\nAlkoholgehalt: 25 Vol.-%<br \/>\nInhalt: 10cl, <a href=\"https:\/\/www.absinthemarket.com\/produit\/liqueur-des-fees-absinth-20cl\/?lang=de\">20cl<\/a><\/p>\n<p>Goldmedaille beim Schweizer Wettbewerb f\u00fcr lokale Produkte 2011-2012<\/p>\n<p>[\/vc_column_text][\/vc_column][\/vc_row]<\/p>\n<\/div>","protected":false},"excerpt":{"rendered":"<p>Unter seinem hellgr\u00fcnen Gewand sieht er aus wie Absinth&#8230; aber er ist kein Absinth. Dieser Absinthlik\u00f6r kombiniert die S\u00fc\u00dfe von Zucker mit Gr\u00fcner Fee und einer niedrigeren Titration auf 25 Vol.-% Alkohol. Beliebt als Digestif zum Dessert oder als Geb\u00e4ck, um einen Kuchen zu verfeinern oder ein Sorbet aufzupeppen.<\/p>\n<p>Inhalt: 10cl, <a href=\"https:\/\/www.absinthemarket.com\/produit\/liqueur-des-fees-absinthe-20cl\/\">20cl<\/a><\/p>\n","protected":false},"featured_media":5207,"comment_status":"open","ping_status":"closed","template":"","meta":[],"product_brand":[],"product_cat":[127],"product_tag":[],"class_list":{"0":"post-6192","1":"product","2":"type-product","3":"status-publish","4":"has-post-thumbnail","6":"product_cat-feinkost-delikatessen","8":"first","9":"instock","10":"taxable","11":"shipping-taxable","12":"purchasable","13":"product-type-simple"},"_links":{"self":[{"href":"https:\/\/www.absinthemarket.com\/de\/wp-json\/wp\/v2\/product\/6192","targetHints":{"allow":["GET"]}}],"collection":[{"href":"https:\/\/www.absinthemarket.com\/de\/wp-json\/wp\/v2\/product"}],"about":[{"href":"https:\/\/www.absinthemarket.com\/de\/wp-json\/wp\/v2\/types\/product"}],"replies":[{"embeddable":true,"href":"https:\/\/www.absinthemarket.com\/de\/wp-json\/wp\/v2\/comments?post=6192"}],"wp:featuredmedia":[{"embeddable":true,"href":"https:\/\/www.absinthemarket.com\/de\/wp-json\/wp\/v2\/media\/5207"}],"wp:attachment":[{"href":"https:\/\/www.absinthemarket.com\/de\/wp-json\/wp\/v2\/media?parent=6192"}],"wp:term":[{"taxonomy":"product_brand","embeddable":true,"href":"https:\/\/www.absinthemarket.com\/de\/wp-json\/wp\/v2\/product_brand?post=6192"},{"taxonomy":"product_cat","embeddable":true,"href":"https:\/\/www.absinthemarket.com\/de\/wp-json\/wp\/v2\/product_cat?post=6192"},{"taxonomy":"product_tag","embeddable":true,"href":"https:\/\/www.absinthemarket.com\/de\/wp-json\/wp\/v2\/product_tag?post=6192"}],"curies":[{"name":"wp","href":"https:\/\/api.w.org\/{rel}","templated":true}]}}