{"id":6190,"date":"2021-02-25T14:48:13","date_gmt":"2021-02-25T13:48:13","guid":{"rendered":"https:\/\/www.absinthemarket.com\/produit\/risotto-destillateur-absinth\/"},"modified":"2026-02-15T21:18:25","modified_gmt":"2026-02-15T20:18:25","slug":"risotto-destillateur-absinth","status":"publish","type":"product","link":"https:\/\/www.absinthemarket.com\/de\/produkt\/risotto-destillateur-absinth\/","title":{"rendered":"Risotto vom Destillateur + 40 ml absinth"},"content":{"rendered":"<div class=\"wpb-content-wrapper\"><p>[vc_row content_placement=&#8220;top&#8220;][vc_column width=&#8220;1\/2&#8243;][vc_column_text text_larger=&#8220;no&#8220;]<\/p>\n<p>Reichern Sie das traditionelle Risotto mit diesem gebrauchsfertigen Set an. Es enth\u00e4lt feinen Risottoreis, Reis San Andrea, Gew\u00fcrze (insbesondere Wermut, Kr\u00e4uter, Knoblauch, Sellerie, Gem\u00fcse) und eine Flasche handgemachten wei\u00dfen Absinths, den hervorragenden Fine du Clandestin aus der Distillerie du Val-de-Travers mit ged\u00e4mpfter S\u00fc\u00dfe und erh\u00f6hter Bitterkeit f\u00fcr perfekt ausbalancierte Akkorde.<\/p>\n<p>Hersteller: Au Grenier Gourmand, Travers, Val-de-Travers<br \/>\nZusammensetzung: Italienischer Reis, Gem\u00fcse, Sellerie, Knoblauch, Gew\u00fcrze, Wermut, Kr\u00e4uter.<br \/>\n350 g + 40 ml Absinth \u201eLa Fine du Clandestin\u201c aus der Distillerie du Val-de-Travers<\/p>\n<p>[\/vc_column_text][\/vc_column][vc_column width=&#8220;1\/2&#8243; css=&#8220;.vc_custom_1490694541710{padding-top: 0px !important;}&#8220;][vc_column_text text_larger=&#8220;no&#8220;]<\/p>\n<h4>Das Rezept:<\/h4>\n<p>Reis und Gew\u00fcrze in einem Topf mit 2 bis 3 EL \u00d6l anbraten.<br \/>\nSobald der Reis glasig ist, ein halbes Glas Wei\u00dfwein hinzugeben.<br \/>\nNach und nach einen Liter Br\u00fche hinzugeben und 20 Minuten lang quellen lassen, bis der Reis gekocht ist.<br \/>\nVor dem Servieren die Fiole Absinth dar\u00fcbergie\u00dfen und flambieren.<br \/>\nParmesan hinzuf\u00fcgen.<\/p>\n<p>[\/vc_column_text][\/vc_column][\/vc_row]<\/p>\n<\/div>","protected":false},"excerpt":{"rendered":"<p>Reichern Sie Ihr Feenrisotto mithilfe dieses gebrauchsfertigen Kits an. Es enth\u00e4lt das italienische Risotto San Andrea, Gew\u00fcrze, einschlie\u00dflich getrockneten Wermuts, und eine 40-ml-Flasche Absinth \u201eLa Fine du Clandestin\u201c  aus der Distillerie du Val-de-Travers, dessen Bitterkeit und Kr\u00e4uteraromen eine hervorragende Erg\u00e4nzung zu diesem Rezept des Caterers Daniel Givord, Ehemaliger des renommierten Palais du Peyrou in Neuenburg, sind.<\/p>\n","protected":false},"featured_media":5202,"comment_status":"open","ping_status":"closed","template":"","meta":[],"product_brand":[],"product_cat":[127],"product_tag":[],"class_list":{"0":"post-6190","1":"product","2":"type-product","3":"status-publish","4":"has-post-thumbnail","6":"product_cat-feinkost-delikatessen","8":"first","9":"instock","10":"taxable","11":"shipping-taxable","12":"purchasable","13":"product-type-simple"},"_links":{"self":[{"href":"https:\/\/www.absinthemarket.com\/de\/wp-json\/wp\/v2\/product\/6190","targetHints":{"allow":["GET"]}}],"collection":[{"href":"https:\/\/www.absinthemarket.com\/de\/wp-json\/wp\/v2\/product"}],"about":[{"href":"https:\/\/www.absinthemarket.com\/de\/wp-json\/wp\/v2\/types\/product"}],"replies":[{"embeddable":true,"href":"https:\/\/www.absinthemarket.com\/de\/wp-json\/wp\/v2\/comments?post=6190"}],"wp:featuredmedia":[{"embeddable":true,"href":"https:\/\/www.absinthemarket.com\/de\/wp-json\/wp\/v2\/media\/5202"}],"wp:attachment":[{"href":"https:\/\/www.absinthemarket.com\/de\/wp-json\/wp\/v2\/media?parent=6190"}],"wp:term":[{"taxonomy":"product_brand","embeddable":true,"href":"https:\/\/www.absinthemarket.com\/de\/wp-json\/wp\/v2\/product_brand?post=6190"},{"taxonomy":"product_cat","embeddable":true,"href":"https:\/\/www.absinthemarket.com\/de\/wp-json\/wp\/v2\/product_cat?post=6190"},{"taxonomy":"product_tag","embeddable":true,"href":"https:\/\/www.absinthemarket.com\/de\/wp-json\/wp\/v2\/product_tag?post=6190"}],"curies":[{"name":"wp","href":"https:\/\/api.w.org\/{rel}","templated":true}]}}