{"id":6183,"date":"2021-02-18T17:48:46","date_gmt":"2021-02-18T16:48:46","guid":{"rendered":"https:\/\/www.absinthemarket.com\/produit\/absinth-schokolade-douceur-des-fees\/"},"modified":"2026-03-25T13:56:16","modified_gmt":"2026-03-25T12:56:16","slug":"absinth-schokolade-douceur-des-fees","status":"publish","type":"product","link":"https:\/\/www.absinthemarket.com\/de\/produkt\/absinth-schokolade-douceur-des-fees\/","title":{"rendered":"Absinth Schokolade Douceur des f\u00e9es"},"content":{"rendered":"<div class=\"wpb-content-wrapper\"><p>[vc_row content_placement=&#8220;top&#8220;][vc_column width=&#8220;1\/2&#8243;][vc_column_text text_larger=&#8220;no&#8220;]<\/p>\n<p>Bei diesem handwerklichen Genuss kommt der Absinth sehr s\u00fc\u00df an, gemischt mit einer zarten Ganache aus traditioneller dunkler Schokolade und Cr\u00e8me Fra\u00eeche, eingebettet zwischen zwei d\u00fcnnen Schichten Pistazien-Marzipan. Das Ganze ist mit einer seidig wei\u00dfen Schokolade \u00fcberzogen, die mit dem regionalen Symbol der Gr\u00fcnen Fee versehen ist.<\/p>\n<p>Jede von Hand gesch\u00f6pfte Schokolade wird in begrenzten Mengen mit frischen Produkten aus der Region von dieser handwerklichen Schokoladenfabrik in Fleurier im Val-de-Travers hergestellt.<\/p>\n<p>[\/vc_column_text][\/vc_column][vc_column width=&#8220;1\/2&#8243; css=&#8220;.vc_custom_1490694541710{padding-top: 0px !important;}&#8220;][vc_column_text text_larger=&#8220;no&#8220;]<\/p>\n<p><strong>Hersteller:<\/strong> Chocolat Douceur des F\u00e9es. Fleurier, Val-de-Travers.<\/p>\n<p><strong>Zusammensetzung:<\/strong> Zucker, Sahne, Kakaobutter, Kakaomasse, Pistazienmarzipan (21%): Zucker, Mandeln, Pistazien, Wasser, Bittermandel. Absinth (5%), Butter, Milchpulver, Soja- und Sonnenblumenlecithin, Vanille.<\/p>\n<p>[\/vc_column_text][\/vc_column][\/vc_row]<\/p>\n<\/div>","protected":false},"excerpt":{"rendered":"<p>Hinter seiner wei\u00dfen Schokolade verbirgt sich dieser handgemachte meisterliche Leckerbissen mit zarter Ganache aus dunkler Schokolade, Sahne und Pistazien-Marzipan, die mit einem sehr s\u00fc\u00dfen Absinth eine Liaison eingeht. Erh\u00e4ltlich in Sets mit 6, 9, 15 und 21 St\u00fcck. Seien Sie vorsichtig, denn es ist unm\u00f6glich, nur einen zu probieren. Wir haben Sie gewarnt &#8230;<\/p>\n","protected":false},"featured_media":5112,"comment_status":"open","ping_status":"closed","template":"","meta":[],"product_brand":[],"product_cat":[127],"product_tag":[],"class_list":{"0":"post-6183","1":"product","2":"type-product","3":"status-publish","4":"has-post-thumbnail","6":"product_cat-feinkost-delikatessen","8":"first","9":"instock","10":"taxable","11":"shipping-taxable","12":"purchasable","13":"product-type-variable"},"_links":{"self":[{"href":"https:\/\/www.absinthemarket.com\/de\/wp-json\/wp\/v2\/product\/6183","targetHints":{"allow":["GET"]}}],"collection":[{"href":"https:\/\/www.absinthemarket.com\/de\/wp-json\/wp\/v2\/product"}],"about":[{"href":"https:\/\/www.absinthemarket.com\/de\/wp-json\/wp\/v2\/types\/product"}],"replies":[{"embeddable":true,"href":"https:\/\/www.absinthemarket.com\/de\/wp-json\/wp\/v2\/comments?post=6183"}],"wp:featuredmedia":[{"embeddable":true,"href":"https:\/\/www.absinthemarket.com\/de\/wp-json\/wp\/v2\/media\/5112"}],"wp:attachment":[{"href":"https:\/\/www.absinthemarket.com\/de\/wp-json\/wp\/v2\/media?parent=6183"}],"wp:term":[{"taxonomy":"product_brand","embeddable":true,"href":"https:\/\/www.absinthemarket.com\/de\/wp-json\/wp\/v2\/product_brand?post=6183"},{"taxonomy":"product_cat","embeddable":true,"href":"https:\/\/www.absinthemarket.com\/de\/wp-json\/wp\/v2\/product_cat?post=6183"},{"taxonomy":"product_tag","embeddable":true,"href":"https:\/\/www.absinthemarket.com\/de\/wp-json\/wp\/v2\/product_tag?post=6183"}],"curies":[{"name":"wp","href":"https:\/\/api.w.org\/{rel}","templated":true}]}}