{"id":6178,"date":"2021-02-21T09:29:50","date_gmt":"2021-02-21T08:29:50","guid":{"rendered":"https:\/\/www.absinthemarket.com\/produit\/dosierkappe-3cl\/"},"modified":"2024-01-26T10:46:03","modified_gmt":"2024-01-26T09:46:03","slug":"dosierkappe-3cl","status":"publish","type":"product","link":"https:\/\/www.absinthemarket.com\/de\/produkt\/dosierkappe-3cl\/","title":{"rendered":"Dosierkappe 3 cl"},"content":{"rendered":"<div class=\"wpb-content-wrapper\"><p>[vc_row content_placement=&#8220;top&#8220;][vc_column width=&#8220;1\/2&#8243;][vc_column_text text_larger=&#8220;no&#8220;]<\/p>\n<p>Der Absinth wird in Wasser verd\u00fcnnt verkostet, was die typische Kelle der Gr\u00fcnen Fee verursacht und die Aromen verst\u00e4rkt. Aber h\u00fcten Sie sich davor, zu hoch zu dosieren (man spricht dann von \u201eBrei\u201c) oder zu stark zu verd\u00fcnnen. Experten empfehlen, einen Teil Absinth mit 3 bis 4 Teilen Wasser zu mischen.<\/p>\n<p>Diese Dosierkappe eignet sich perfekt zum Servieren von Absinth und gie\u00dft 3 cl reinen Absinth, die perfekte Menge f\u00fcr ein Standard-Absinthglas.<\/p>\n<p>[\/vc_column_text][\/vc_column][vc_column width=&#8220;1\/2&#8243; css=&#8220;.vc_custom_1490694541710{padding-top: 0px !important;}&#8220;][vc_column_text text_larger=&#8220;no&#8220;]<\/p>\n<p>In unserem Shop finden Sie auch unsere Auswahl an <a href=\"https:\/\/www.absinthemarket.com\/de\/produktkategorie\/absinth-glaeser\/\">Absinthgl\u00e4sern mit Reservoir<\/a>, Reproduktionen des 19. Jahrhunderts, so schick wie n\u00fctzlich f\u00fcr eine ausgewogene Verd\u00fcnnung.<\/p>\n<p>Und lernen Sie in unserer Rubrik \u201eAbsinth entdecken&#8220; <a href=\"https:\/\/www.absinthemarket.com\/absinth-verkosten\/?lang=de\">das Ritual zum Verkosten von Absinth<\/a> kennen. Mit oder ohne Eisw\u00fcrfel? Mit einem St\u00fcck Zucker und einem L\u00f6ffel?<\/p>\n<p>[\/vc_column_text][\/vc_column][\/vc_row]<\/p>\n<\/div>","protected":false},"excerpt":{"rendered":"<p>Diese Dosierkappe, die bei Barkeepern beliebt und nun auch f\u00fcr Privatpersonen erh\u00e4ltlich ist, wird am Flaschenhals angebracht, um die ideale Dosis reinen Absinths zu servieren, d. h. 3 cl f\u00fcr ein Standardglas. Ohne Kugel, aber mit einem Messbecher, k\u00f6nnen Sie mehrere aufeinanderfolgende Dosen servieren.<\/p>\n","protected":false},"featured_media":5160,"comment_status":"open","ping_status":"closed","template":"","meta":[],"product_brand":[],"product_cat":[191],"product_tag":[],"class_list":{"0":"post-6178","1":"product","2":"type-product","3":"status-publish","4":"has-post-thumbnail","6":"product_cat-zubehoer","8":"first","9":"outofstock","10":"taxable","11":"shipping-taxable","12":"purchasable","13":"product-type-simple"},"_links":{"self":[{"href":"https:\/\/www.absinthemarket.com\/de\/wp-json\/wp\/v2\/product\/6178","targetHints":{"allow":["GET"]}}],"collection":[{"href":"https:\/\/www.absinthemarket.com\/de\/wp-json\/wp\/v2\/product"}],"about":[{"href":"https:\/\/www.absinthemarket.com\/de\/wp-json\/wp\/v2\/types\/product"}],"replies":[{"embeddable":true,"href":"https:\/\/www.absinthemarket.com\/de\/wp-json\/wp\/v2\/comments?post=6178"}],"wp:featuredmedia":[{"embeddable":true,"href":"https:\/\/www.absinthemarket.com\/de\/wp-json\/wp\/v2\/media\/5160"}],"wp:attachment":[{"href":"https:\/\/www.absinthemarket.com\/de\/wp-json\/wp\/v2\/media?parent=6178"}],"wp:term":[{"taxonomy":"product_brand","embeddable":true,"href":"https:\/\/www.absinthemarket.com\/de\/wp-json\/wp\/v2\/product_brand?post=6178"},{"taxonomy":"product_cat","embeddable":true,"href":"https:\/\/www.absinthemarket.com\/de\/wp-json\/wp\/v2\/product_cat?post=6178"},{"taxonomy":"product_tag","embeddable":true,"href":"https:\/\/www.absinthemarket.com\/de\/wp-json\/wp\/v2\/product_tag?post=6178"}],"curies":[{"name":"wp","href":"https:\/\/api.w.org\/{rel}","templated":true}]}}