{"id":6177,"date":"2021-02-06T14:00:45","date_gmt":"2021-02-06T13:00:45","guid":{"rendered":"https:\/\/www.absinthemarket.com\/produit\/absinth-pfeife\/"},"modified":"2025-11-20T16:44:21","modified_gmt":"2025-11-20T15:44:21","slug":"absinth-pfeife","status":"publish","type":"product","link":"https:\/\/www.absinthemarket.com\/de\/produkt\/absinth-pfeife\/","title":{"rendered":"Absinth Pfeife aus Glas"},"content":{"rendered":"<div class=\"wpb-content-wrapper\"><p>[vc_row content_placement=&#8220;top&#8220;][vc_column width=&#8220;1\/2&#8243;][vc_video link=&#8220;https:\/\/www.youtube.com\/watch?v=NTr6BxHKzek&#8220; image_poster_switch=&#8220;no&#8220;][\/vc_column][vc_column width=&#8220;1\/2&#8243; css=&#8220;.vc_custom_1490694541710{padding-top: 0px !important;}&#8220;][vc_column_text text_larger=&#8220;no&#8220;]<\/p>\n<h2>Wie wird es verwendet?<\/h2>\n<p>1. F\u00fcllen Sie den Grund des ersten Reservoirs mit reinem Absinth.<\/p>\n<p>2. Legen Sie ein St\u00fcck Zucker auf den Grund des zweiten Reservoirs.<\/p>\n<p>3. Legen Sie ein paar Eisw\u00fcrfel auf den Grund des dritten Reservoirs.<\/p>\n<p>4. Bef\u00fcllen Sie das obere Reservoir mit Wasser.<\/p>\n<p>5. Warten Sie zwischen 3 und 4 Minuten, bis sich der Zucker aufgel\u00f6st hat und in den Absinth f\u00e4llt.<\/p>\n<p>6. Sogleich wird das Wasser aus dem oberen Reservoir freigesetzt, das den Absinth tr\u00fcbt. Absinth ist leichter als Wasser, der Alkohol steigt auf und verursacht einen feenhaften Rauch.<\/p>\n<p>7. Blasen Sie in das Glasrohr, um den Absinth zu mischen. Trinken Sie dann direkt durch den Halm im Rohr.<\/p>\n<p>[\/vc_column_text][\/vc_column][\/vc_row]<\/p>\n<\/div>","protected":false},"excerpt":{"rendered":"<p>Auf halbem Weg zwischen Vergangenheit und Zukunft ist hier wohl die unterhaltsamste Art, um Ihren Absinth zu genie\u00dfen. Dieses Rohr verwandelt das Ritual der \u201eKelle&#8220; in ein faszinierendes Spektakel. Es ist der letzte Schrei in Trendbars, vor allem in den Vereinigten Staaten. Das Prinzip ist inspiriert vom Ritual des L\u00f6ffels und Zuckers der Belle \u00c9poque. Aber dieses Accessoire, aufgeteilt in drei senkrechte Reservoirs, l\u00e4sst die Gr\u00fcne Fee in ph\u00e4nomenalem Rauch wie im Traum entschweben&#8230;<\/p>\n","protected":false},"featured_media":5056,"comment_status":"open","ping_status":"closed","template":"","meta":[],"product_brand":[],"product_cat":[191],"product_tag":[],"class_list":{"0":"post-6177","1":"product","2":"type-product","3":"status-publish","4":"has-post-thumbnail","6":"product_cat-zubehoer","8":"first","9":"outofstock","10":"taxable","11":"shipping-taxable","12":"purchasable","13":"product-type-simple"},"_links":{"self":[{"href":"https:\/\/www.absinthemarket.com\/de\/wp-json\/wp\/v2\/product\/6177","targetHints":{"allow":["GET"]}}],"collection":[{"href":"https:\/\/www.absinthemarket.com\/de\/wp-json\/wp\/v2\/product"}],"about":[{"href":"https:\/\/www.absinthemarket.com\/de\/wp-json\/wp\/v2\/types\/product"}],"replies":[{"embeddable":true,"href":"https:\/\/www.absinthemarket.com\/de\/wp-json\/wp\/v2\/comments?post=6177"}],"wp:featuredmedia":[{"embeddable":true,"href":"https:\/\/www.absinthemarket.com\/de\/wp-json\/wp\/v2\/media\/5056"}],"wp:attachment":[{"href":"https:\/\/www.absinthemarket.com\/de\/wp-json\/wp\/v2\/media?parent=6177"}],"wp:term":[{"taxonomy":"product_brand","embeddable":true,"href":"https:\/\/www.absinthemarket.com\/de\/wp-json\/wp\/v2\/product_brand?post=6177"},{"taxonomy":"product_cat","embeddable":true,"href":"https:\/\/www.absinthemarket.com\/de\/wp-json\/wp\/v2\/product_cat?post=6177"},{"taxonomy":"product_tag","embeddable":true,"href":"https:\/\/www.absinthemarket.com\/de\/wp-json\/wp\/v2\/product_tag?post=6177"}],"curies":[{"name":"wp","href":"https:\/\/api.w.org\/{rel}","templated":true}]}}