{"id":6176,"date":"2021-02-06T13:38:23","date_gmt":"2021-02-06T12:38:23","guid":{"rendered":"https:\/\/www.absinthemarket.com\/produit\/absinth-glas-val-de-travers\/"},"modified":"2026-02-26T21:29:44","modified_gmt":"2026-02-26T20:29:44","slug":"absinth-glas-val-de-travers","status":"publish","type":"product","link":"https:\/\/www.absinthemarket.com\/de\/produkt\/absinth-glas-val-de-travers\/","title":{"rendered":"Absinth Glas \u201eVal-de-Travers\u201c"},"content":{"rendered":"<div class=\"wpb-content-wrapper\"><p>[vc_row content_placement=&#8220;top&#8220;][vc_column width=&#8220;1\/2&#8243;][vc_column_text text_larger=&#8220;no&#8220;]<\/p>\n<p>H\u00f6he: 140 mm, \u00d8: 85 mm,<br \/>\nReservoir: 25 ml<\/p>\n<p>[\/vc_column_text][\/vc_column][vc_column width=&#8220;1\/2&#8243; css=&#8220;.vc_custom_1490694541710{padding-top: 0px !important;}&#8220;][vc_column_text text_larger=&#8220;no&#8220;]<\/p>\n<h2>Wie wird es verwendet?<\/h2>\n<p>Man muss nur das Absinthreservoir bis zur angegebenen Menge auff\u00fcllen, d. h. 25 ml.<\/p>\n<p>F\u00fcgen Sie dann zun\u00e4chst sehr langsam Frischwasser hinzu, dann etwas st\u00e4rker, je nach Wunsch drei bis vier Teile Wasser auf einen Teil Absinth. Die Kron\u00f6ffnung des Glases ist ideal, um die Aromen der Gr\u00fcnen Fee zu verstr\u00f6men.<\/p>\n<p>[\/vc_column_text][\/vc_column][\/vc_row]<\/p>\n<\/div>","protected":false},"excerpt":{"rendered":"<p>Dieses Absinthglas \u201eVal-de-Travers&#8220; ist mit seinem massiven Kugelreservoir, das sich in einer Krone \u00f6ffnet, eine Nachbildung des klassischsten Glases aus dem 19. Jahrhundert. Ideal zum Dosieren Ihrer Gr\u00fcnen Fee, verschafft es Ihrem Aperitif einen Hauch von Belle-\u00c9poque-Eleganz. Handgefertigt und mundgeblasen, ist es besonders widerstandsf\u00e4hig.<\/p>\n","protected":false},"featured_media":10689,"comment_status":"open","ping_status":"closed","template":"","meta":[],"product_brand":[],"product_cat":[124],"product_tag":[],"class_list":{"0":"post-6176","1":"product","2":"type-product","3":"status-publish","4":"has-post-thumbnail","6":"product_cat-absinth-glaeser","8":"first","9":"instock","10":"taxable","11":"shipping-taxable","12":"purchasable","13":"product-type-simple"},"_links":{"self":[{"href":"https:\/\/www.absinthemarket.com\/de\/wp-json\/wp\/v2\/product\/6176","targetHints":{"allow":["GET"]}}],"collection":[{"href":"https:\/\/www.absinthemarket.com\/de\/wp-json\/wp\/v2\/product"}],"about":[{"href":"https:\/\/www.absinthemarket.com\/de\/wp-json\/wp\/v2\/types\/product"}],"replies":[{"embeddable":true,"href":"https:\/\/www.absinthemarket.com\/de\/wp-json\/wp\/v2\/comments?post=6176"}],"wp:featuredmedia":[{"embeddable":true,"href":"https:\/\/www.absinthemarket.com\/de\/wp-json\/wp\/v2\/media\/10689"}],"wp:attachment":[{"href":"https:\/\/www.absinthemarket.com\/de\/wp-json\/wp\/v2\/media?parent=6176"}],"wp:term":[{"taxonomy":"product_brand","embeddable":true,"href":"https:\/\/www.absinthemarket.com\/de\/wp-json\/wp\/v2\/product_brand?post=6176"},{"taxonomy":"product_cat","embeddable":true,"href":"https:\/\/www.absinthemarket.com\/de\/wp-json\/wp\/v2\/product_cat?post=6176"},{"taxonomy":"product_tag","embeddable":true,"href":"https:\/\/www.absinthemarket.com\/de\/wp-json\/wp\/v2\/product_tag?post=6176"}],"curies":[{"name":"wp","href":"https:\/\/api.w.org\/{rel}","templated":true}]}}