{"id":6175,"date":"2021-02-06T10:29:08","date_gmt":"2021-02-06T09:29:08","guid":{"rendered":"https:\/\/www.absinthemarket.com\/produit\/verkostungsset-absinthglaeser-loeffel\/"},"modified":"2025-10-20T12:41:19","modified_gmt":"2025-10-20T10:41:19","slug":"verkostungsset-absinthglaeser-loeffel","status":"publish","type":"product","link":"https:\/\/www.absinthemarket.com\/de\/produkt\/verkostungsset-absinthglaeser-loeffel\/","title":{"rendered":"Verkostungsset Absinthgl\u00e4ser und L\u00f6ffel"},"content":{"rendered":"<div class=\"wpb-content-wrapper\"><p>[vc_row content_placement=&#8220;top&#8220;][vc_column width=&#8220;1\/2&#8243;][vc_column_text text_larger=&#8220;no&#8220;]<\/p>\n<p>Dieses Verkostungsset enth\u00e4lt:<\/p>\n<p>&#8211; Zwei \u201ePontarlier\u201c-Gl\u00e4ser mit 20- bis 30-ml-Reservoir zur genauen Dosierung des Absinths, Neuauflage eines mundgeblasenen Glases aus dem 19. Jahrhundert aus den Sammlungen des Absinthmuseums in Auvers-sur-Oise.<\/p>\n<p>&#8211; Einem traditionellen flachen Absinthl\u00f6ffel, inspiriert von Modellen aus der Belle \u00c9poque<\/p>\n<p>&#8211; Einer Brosch\u00fcre mit f\u00fcnf mythischen Cocktailrezepten auf Absinthbasis.<\/p>\n<p>[\/vc_column_text][\/vc_column][vc_column width=&#8220;1\/2&#8243; css=&#8220;.vc_custom_1490694541710{padding-top: 0px !important;}&#8220;][vc_column_text text_larger=&#8220;no&#8220;]<\/p>\n<h4>In unserem Shop finden Sie f\u00fcnf Absinthe mit intensiveren Bitternoten, um Ihren Absinth mit einem St\u00fcck Zucker und einem L\u00f6ffel zu genie\u00dfen:<\/h4>\n<p><a href=\"https:\/\/www.absinthemarket.com\/de\/produkt\/absinthe-la-fine-verte-70cl\/\">La Fine Verte (Christope Racine, Distillerie du Val-de-Travers)<\/a> : Unter seinem h\u00fcbschen gr\u00fcnen M\u00e4ntelchen warten 21 Pflanzen und die st\u00e4rkste Bitterkeit unserer Auswahl.<\/p>\n<p><a href=\"https:\/\/www.absinthemarket.com\/de\/produkt\/absinthe-la-belle-epoque-100cl\/\">La Belle-\u00c9poque (Philippe Martin, Absinthe La Valote Martin)<\/a> : Die gro\u00dfartige Bitterkeit des Wermutkrauts, wie in den Nektaren der Belle \u00c9poque.<\/p>\n<p><a href=\"https:\/\/www.absinthemarket.com\/de\/produkt\/la-bleue-a-fernand-absintissimo\/\">Bleue \u00e0 Fernand (Ren\u00e9 Wanner, Absintissimo)<\/a> : Komplex, trocken und bitter, verkosten anspruchsvolle Gaumen ihn so wie er ist, wohingegen andere ihn mit einem L\u00f6ffel s\u00fc\u00dfen.<\/p>\n<p><a href=\"https:\/\/www.absinthemarket.com\/de\/produkt\/tradition-bovet-la-valote-100cl\/\">La Tradition (Fran\u00e7oise Bovet, Distillerie Bovet La Valote)<\/a> : Ein hochalkoholischer wei\u00dfer Absinth, der speziell f\u00fcr das Zucker-L\u00f6ffel-Ritual entwickelt wurde.<\/p>\n<p><a href=\"https:\/\/www.absinthemarket.com\/de\/produkt\/la-veuve-verte\/\">La Veuve verte (Jean-Jacques Charr\u00e8re, DuVallon)<\/a>\u00a0: Ein intensiv pflanzlicher gr\u00fcner Absinth mit vollmundiger Bitterkeit, der gerne mit der S\u00fc\u00dfe von Zucker verfeinert werden kann.<\/p>\n<p>[\/vc_column_text][\/vc_column][\/vc_row]<\/p>\n<\/div>","protected":false},"excerpt":{"rendered":"<p>In diesem vom franz\u00f6sischen Glasmacher La Roch\u00e8re herausgegebenen Verkostungsset finden Sie alles, was Sie brauchen, um den Aperitif zu einem magischen Moment zu machen. Es besteht aus zwei geformten \u201ePontarlier\u201c-Gl\u00e4sern, originalgetreuen Nachbildungen eines Modells aus dem 19. Jahrhundert, einem flachen Absinthl\u00f6ffel zum Auflegen eines St\u00fccks Zucker und einer Brosch\u00fcre mit f\u00fcnf Cocktailrezepten, die den Absinth subtil mischen.<\/p>\n","protected":false},"featured_media":5042,"comment_status":"open","ping_status":"closed","template":"","meta":[],"product_brand":[],"product_cat":[126,124,123],"product_tag":[],"class_list":{"0":"post-6175","1":"product","2":"type-product","3":"status-publish","4":"has-post-thumbnail","6":"product_cat-absinth-sets","7":"product_cat-absinth-glaeser","8":"product_cat-absinth-loeffel","10":"first","11":"outofstock","12":"taxable","13":"shipping-taxable","14":"purchasable","15":"product-type-simple"},"_links":{"self":[{"href":"https:\/\/www.absinthemarket.com\/de\/wp-json\/wp\/v2\/product\/6175","targetHints":{"allow":["GET"]}}],"collection":[{"href":"https:\/\/www.absinthemarket.com\/de\/wp-json\/wp\/v2\/product"}],"about":[{"href":"https:\/\/www.absinthemarket.com\/de\/wp-json\/wp\/v2\/types\/product"}],"replies":[{"embeddable":true,"href":"https:\/\/www.absinthemarket.com\/de\/wp-json\/wp\/v2\/comments?post=6175"}],"wp:featuredmedia":[{"embeddable":true,"href":"https:\/\/www.absinthemarket.com\/de\/wp-json\/wp\/v2\/media\/5042"}],"wp:attachment":[{"href":"https:\/\/www.absinthemarket.com\/de\/wp-json\/wp\/v2\/media?parent=6175"}],"wp:term":[{"taxonomy":"product_brand","embeddable":true,"href":"https:\/\/www.absinthemarket.com\/de\/wp-json\/wp\/v2\/product_brand?post=6175"},{"taxonomy":"product_cat","embeddable":true,"href":"https:\/\/www.absinthemarket.com\/de\/wp-json\/wp\/v2\/product_cat?post=6175"},{"taxonomy":"product_tag","embeddable":true,"href":"https:\/\/www.absinthemarket.com\/de\/wp-json\/wp\/v2\/product_tag?post=6175"}],"curies":[{"name":"wp","href":"https:\/\/api.w.org\/{rel}","templated":true}]}}