{"id":6174,"date":"2021-02-06T10:16:05","date_gmt":"2021-02-06T09:16:05","guid":{"rendered":"https:\/\/www.absinthemarket.com\/produit\/absinth-glas-pontarlier\/"},"modified":"2026-04-08T01:48:04","modified_gmt":"2026-04-07T23:48:04","slug":"absinth-glas-pontarlier","status":"publish","type":"product","link":"https:\/\/www.absinthemarket.com\/de\/produkt\/absinth-glas-pontarlier\/","title":{"rendered":"Absinth Glas \u201ePontarlier\u201c"},"content":{"rendered":"<div class=\"wpb-content-wrapper\"><p>[vc_row content_placement=&#8220;top&#8220;][vc_column width=&#8220;1\/2&#8243;][vc_column_text text_larger=&#8220;no&#8220;]<\/p>\n<p>H\u00f6he: 165 mm, \u00d8: 85 mm,<br \/>\nKapazit\u00e4t: 30 cl<br \/>\nReservoir: 20 ml oder 30 ml, zwei separate Markierungen<\/p>\n<p>[\/vc_column_text][\/vc_column][vc_column width=&#8220;1\/2&#8243; css=&#8220;.vc_custom_1490694541710{padding-top: 0px !important;}&#8220;][vc_column_text text_larger=&#8220;no&#8220;]<\/p>\n<h2>Wie wird es verwendet?<\/h2>\n<p>1. Gie\u00dfen Sie den reinen Absinth in das Reservoir des Pontarlier-Glases, bis es vollst\u00e4ndig gef\u00fcllt ist, d. h. 20 ml. Diejenigen, die es intensiver m\u00f6gen, sollten die Marke direkt dar\u00fcber anpeilen und 30 ml einschenken.<\/p>\n<p>2. Stellen Sie das Glas unter einen der Wasserh\u00e4hne des Absinthbrunnens und aktivieren Sie ihn. Wenn Sie keinen Brunnen haben, f\u00fcllen Sie einen Krug mit kaltem Wasser und gie\u00dfen Sie zun\u00e4chst einen sehr feinen Strahl hinein.<\/p>\n<p>3. Wenn der Absinth tr\u00fcbe wird, erh\u00f6hen Sie den Wasserfluss, um den Absinth zu schlagen.<\/p>\n<p>4. Wenn Sie drei bis vier Teile Wasser zu einem Teil Absinth hinzugegen haben, ist er fertig! Gegebenenfalls vor der Verkostung umr\u00fchren.<\/p>\n<p>[\/vc_column_text][\/vc_column][\/vc_row]<\/p>\n<\/div>","protected":false},"excerpt":{"rendered":"<p>Dieses Absinthglas aus geformtem Glas ist eine originalgetreue Nachbildung eines mundgeblasenen Pontarlier-Glases aus dem 19. Jahrhundert. Das 20- und 30-ml-Reservoir wurde in Zusammenarbeit mit dem Absinth-Museum in Auvers-sur-Oise herausgegeben und erm\u00f6glicht es Ihnen, reinen Absinth pr\u00e4zise zu dosieren. Es wurde in Frankreich hergestellt und von La Roch\u00e8re entworfen, einem exzellenten Glasmacher seit 1475. Robust und sp\u00fclmaschinenfest.<\/p>\n","protected":false},"featured_media":10686,"comment_status":"open","ping_status":"closed","template":"","meta":[],"product_brand":[],"product_cat":[124],"product_tag":[],"class_list":{"0":"post-6174","1":"product","2":"type-product","3":"status-publish","4":"has-post-thumbnail","6":"product_cat-absinth-glaeser","8":"first","9":"instock","10":"taxable","11":"shipping-taxable","12":"purchasable","13":"product-type-simple"},"_links":{"self":[{"href":"https:\/\/www.absinthemarket.com\/de\/wp-json\/wp\/v2\/product\/6174","targetHints":{"allow":["GET"]}}],"collection":[{"href":"https:\/\/www.absinthemarket.com\/de\/wp-json\/wp\/v2\/product"}],"about":[{"href":"https:\/\/www.absinthemarket.com\/de\/wp-json\/wp\/v2\/types\/product"}],"replies":[{"embeddable":true,"href":"https:\/\/www.absinthemarket.com\/de\/wp-json\/wp\/v2\/comments?post=6174"}],"wp:featuredmedia":[{"embeddable":true,"href":"https:\/\/www.absinthemarket.com\/de\/wp-json\/wp\/v2\/media\/10686"}],"wp:attachment":[{"href":"https:\/\/www.absinthemarket.com\/de\/wp-json\/wp\/v2\/media?parent=6174"}],"wp:term":[{"taxonomy":"product_brand","embeddable":true,"href":"https:\/\/www.absinthemarket.com\/de\/wp-json\/wp\/v2\/product_brand?post=6174"},{"taxonomy":"product_cat","embeddable":true,"href":"https:\/\/www.absinthemarket.com\/de\/wp-json\/wp\/v2\/product_cat?post=6174"},{"taxonomy":"product_tag","embeddable":true,"href":"https:\/\/www.absinthemarket.com\/de\/wp-json\/wp\/v2\/product_tag?post=6174"}],"curies":[{"name":"wp","href":"https:\/\/api.w.org\/{rel}","templated":true}]}}