{"id":6170,"date":"2021-01-19T17:27:53","date_gmt":"2021-01-19T16:27:53","guid":{"rendered":"https:\/\/www.absinthemarket.com\/produit\/premium-absinth-loeffel-kreuz\/"},"modified":"2026-03-15T21:41:19","modified_gmt":"2026-03-15T20:41:19","slug":"premium-absinth-loeffel-kreuz","status":"publish","type":"product","link":"https:\/\/www.absinthemarket.com\/de\/produkt\/premium-absinth-loeffel-kreuz\/","title":{"rendered":"Premium Absinth L\u00f6ffel \u201eKreuz\u201c"},"content":{"rendered":"<div class=\"wpb-content-wrapper\"><p>[vc_row content_placement=&#8220;top&#8220;][vc_column width=&#8220;1\/2&#8243;][vc_column_text text_larger=&#8220;no&#8220;]Auch wenn Absinthe heute s\u00fc\u00dfer sind als vor einem Jahrhundert, bleibt das Ritual von L\u00f6ffel und Zucker ein Heiliger Gral f\u00fcr jeden Absinthliebhaber. Gl\u00fccklicherweise pflegen viele Brennereien diese kostbare Tradition, indem sie bitterere Absinthe entwickeln, die speziell dazu gedacht sind, mit einem L\u00f6ffel ges\u00fc\u00dft zu werden.[\/vc_column_text][\/vc_column][vc_column width=&#8220;1\/2&#8243; css=&#8220;.vc_custom_1490694541710{padding-top: 0px !important;}&#8220;][vc_column_text text_larger=&#8220;no&#8220;]<\/p>\n<h2>Wie wird es verwendet?<\/h2>\n<p>1. Nachdem Sie das Glas mit 1 Teil Absinth (f\u00fcr 3 bis 4 Teile Wasser) gef\u00fcllt haben, legen Sie den perforierten L\u00f6ffel horizontal auf die R\u00e4nder.<\/p>\n<p>2. Legen Sie ein St\u00fcck Zucker auf den L\u00f6ffel.<\/p>\n<p>3. Schalten Sie den Wasserhahn des Absinthbrunnens auf den minimalen Durchfluss ein oder gie\u00dfen Sie einen Wasserstrahl mit einer Karaffe in die Mitte des Zuckers, der sich zu zersetzen beginnt. Der Absinth verschwimmt beim S\u00fc\u00dfen.<\/p>\n<p>4. Wenn der Zucker vollst\u00e4ndig verd\u00fcnnt ist, vorsichtig umr\u00fchren.<\/p>\n<p>[\/vc_column_text][\/vc_column][\/vc_row]<\/p>\n<\/div>","protected":false},"excerpt":{"rendered":"<p>Diese Premium-Modelle aus Edelstahl sind originalgetreue Reproduktionen der Absinthl\u00f6ffel, die w\u00e4hrend der Belle \u00c9poque am h\u00e4ufigsten verwendet wurden. Sie sind robust und sp\u00fclmaschinenfest. Lassen Sie sich das Vergn\u00fcgen nicht nehmen und g\u00f6nnen Sie sich dieses Objekt aus der Belle \u00c9poque, das den Aperitif zu einer eleganten Reise in die Vergangenheit macht.<\/p>\n","protected":false},"featured_media":7903,"comment_status":"open","ping_status":"closed","template":"","meta":[],"product_brand":[],"product_cat":[123],"product_tag":[],"class_list":{"0":"post-6170","1":"product","2":"type-product","3":"status-publish","4":"has-post-thumbnail","6":"product_cat-absinth-loeffel","8":"first","9":"instock","10":"taxable","11":"shipping-taxable","12":"purchasable","13":"product-type-simple"},"_links":{"self":[{"href":"https:\/\/www.absinthemarket.com\/de\/wp-json\/wp\/v2\/product\/6170","targetHints":{"allow":["GET"]}}],"collection":[{"href":"https:\/\/www.absinthemarket.com\/de\/wp-json\/wp\/v2\/product"}],"about":[{"href":"https:\/\/www.absinthemarket.com\/de\/wp-json\/wp\/v2\/types\/product"}],"replies":[{"embeddable":true,"href":"https:\/\/www.absinthemarket.com\/de\/wp-json\/wp\/v2\/comments?post=6170"}],"wp:featuredmedia":[{"embeddable":true,"href":"https:\/\/www.absinthemarket.com\/de\/wp-json\/wp\/v2\/media\/7903"}],"wp:attachment":[{"href":"https:\/\/www.absinthemarket.com\/de\/wp-json\/wp\/v2\/media?parent=6170"}],"wp:term":[{"taxonomy":"product_brand","embeddable":true,"href":"https:\/\/www.absinthemarket.com\/de\/wp-json\/wp\/v2\/product_brand?post=6170"},{"taxonomy":"product_cat","embeddable":true,"href":"https:\/\/www.absinthemarket.com\/de\/wp-json\/wp\/v2\/product_cat?post=6170"},{"taxonomy":"product_tag","embeddable":true,"href":"https:\/\/www.absinthemarket.com\/de\/wp-json\/wp\/v2\/product_tag?post=6170"}],"curies":[{"name":"wp","href":"https:\/\/api.w.org\/{rel}","templated":true}]}}