{"id":6169,"date":"2021-01-19T16:24:52","date_gmt":"2021-01-19T15:24:52","guid":{"rendered":"https:\/\/www.absinthemarket.com\/produit\/absinth-loeffel\/"},"modified":"2025-11-11T21:20:32","modified_gmt":"2025-11-11T20:20:32","slug":"absinth-loeffel","status":"publish","type":"product","link":"https:\/\/www.absinthemarket.com\/de\/produkt\/absinth-loeffel\/","title":{"rendered":"Absinth L\u00f6ffel"},"content":{"rendered":"<div class=\"wpb-content-wrapper\"><p>[vc_row content_placement=&#8220;top&#8220;][vc_column width=&#8220;1\/2&#8243;][vc_column_text text_larger=&#8220;no&#8220;]Diese Absinthl\u00f6ffel, historische Reproduktionen der sch\u00f6nsten Stunden der Gr\u00fcnen Fee, hatten ihre Bl\u00fctezeit vor dem Verbot, als Absinth auf den Pariser Boulevards das beliebteste Getr\u00e4nk Frankreichs war und 90 % der Aperitifgetr\u00e4nke ausmachte. Sein Ritual, das mehrere Minuten dauerte, war eine Attraktion f\u00fcr die Zuschauer und zeichnete die Geschicklichkeit der Experten des Genres aus.[\/vc_column_text][\/vc_column][vc_column width=&#8220;1\/2&#8243; css=&#8220;.vc_custom_1490694541710{padding-top: 0px !important;}&#8220;][vc_column_text text_larger=&#8220;no&#8220;]<\/p>\n<h2>Wie wird es verwendet?<\/h2>\n<p>1. Gie\u00dfen Sie \u201ezwei Fingerbreit\u201c reinen Absinths auf den Grund des Glases.<\/p>\n<p>2. Legen Sie den L\u00f6ffel horizontal auf die R\u00e4nder des Glases.<\/p>\n<p>3. Geben Sie das St\u00fcck Zucker auf den perforierten L\u00f6ffel.<\/p>\n<p>4. Lassen Sie einen Wasserstrahl ausflie\u00dfen, idealerweise aus einem Absinthbrunnen, um den Zucker zu verd\u00fcnnen.<\/p>\n<p>5. Nach dem Verd\u00fcnnen des Zuckers vorsichtig mischen und genie\u00dfen.<\/p>\n<p>[\/vc_column_text][\/vc_column][\/vc_row]<\/p>\n<\/div>","protected":false},"excerpt":{"rendered":"<p>Diese Absinth L\u00f6ffel sind von den beliebtesten Modellen des 19. Jahrhunderts inspiriert. Sie werden als \u201eperforierte Schaufeln\u201c bezeichnet und erm\u00f6glichen ein zartes S\u00fc\u00dfen des Absinths. Bieten Sie Ihrer Gr\u00fcnen Fee dieses historische Ritual. Geben Sie ein St\u00fcck Zucker auf den perforierten L\u00f6ffel und lassen Sie das Wasser langsam flie\u00dfen, bis sich das St\u00fcck Zucker vollst\u00e4ndig aufgel\u00f6st hat.<\/p>\n","protected":false},"featured_media":7918,"comment_status":"open","ping_status":"closed","template":"","meta":[],"product_brand":[],"product_cat":[123],"product_tag":[],"class_list":{"0":"post-6169","1":"product","2":"type-product","3":"status-publish","4":"has-post-thumbnail","6":"product_cat-absinth-loeffel","8":"first","9":"outofstock","10":"taxable","11":"shipping-taxable","12":"purchasable","13":"product-type-simple"},"_links":{"self":[{"href":"https:\/\/www.absinthemarket.com\/de\/wp-json\/wp\/v2\/product\/6169","targetHints":{"allow":["GET"]}}],"collection":[{"href":"https:\/\/www.absinthemarket.com\/de\/wp-json\/wp\/v2\/product"}],"about":[{"href":"https:\/\/www.absinthemarket.com\/de\/wp-json\/wp\/v2\/types\/product"}],"replies":[{"embeddable":true,"href":"https:\/\/www.absinthemarket.com\/de\/wp-json\/wp\/v2\/comments?post=6169"}],"wp:featuredmedia":[{"embeddable":true,"href":"https:\/\/www.absinthemarket.com\/de\/wp-json\/wp\/v2\/media\/7918"}],"wp:attachment":[{"href":"https:\/\/www.absinthemarket.com\/de\/wp-json\/wp\/v2\/media?parent=6169"}],"wp:term":[{"taxonomy":"product_brand","embeddable":true,"href":"https:\/\/www.absinthemarket.com\/de\/wp-json\/wp\/v2\/product_brand?post=6169"},{"taxonomy":"product_cat","embeddable":true,"href":"https:\/\/www.absinthemarket.com\/de\/wp-json\/wp\/v2\/product_cat?post=6169"},{"taxonomy":"product_tag","embeddable":true,"href":"https:\/\/www.absinthemarket.com\/de\/wp-json\/wp\/v2\/product_tag?post=6169"}],"curies":[{"name":"wp","href":"https:\/\/api.w.org\/{rel}","templated":true}]}}