{"id":6164,"date":"2021-01-19T13:59:28","date_gmt":"2021-01-19T12:59:28","guid":{"rendered":"https:\/\/www.absinthemarket.com\/produit\/absinth-fontaene-fee-4-wasserhaehnen\/"},"modified":"2026-03-15T21:41:18","modified_gmt":"2026-03-15T20:41:18","slug":"absinth-fontaene-fee-4-wasserhaehnen","status":"publish","type":"product","link":"https:\/\/www.absinthemarket.com\/de\/produkt\/absinth-fontaene-fee-4-wasserhaehnen\/","title":{"rendered":"Absinth Font\u00e4ne \u201eF\u00e9e\u201c 4 Wasserh\u00e4hnen"},"content":{"rendered":"<div class=\"wpb-content-wrapper\"><p>[vc_row content_placement=&#8220;top&#8220;][vc_column width=&#8220;1\/2&#8243;][vc_column_text text_larger=&#8220;no&#8220;]<\/p>\n<p>Dieser Absinthbrunnen ist einer der beliebtesten und wird von einer kleinen Glasfee gekr\u00f6nt, die wie Fu\u00df und Reservoir mundgeblasen ist. Zwei oder vier Zapfstellen hei\u00dfen Ihre G\u00e4ste zu einem historischen Ritual willkommen, wie es in der Belle \u00c9poque zelebriert wurde. F\u00fcllen Sie den Tank mit Wasser und Eisw\u00fcrfeln, f\u00fcllen Sie Ihr Glas mit reinem Absinth (1 Teil Absinth auf 3 Teile Wasser), bevor Sie es unter einen der Wasserh\u00e4hne stellen. Jeder dreht dann den Wasserhahn auf, um den Absinth langsam zu verd\u00fcnnen. Es gibt nichts Besseres, um die perfekte \u201eKelle\u201c zu erreichen. Ein Muss.<\/p>\n<p>Eigenschaften: Fu\u00df und Reservoir aus mundgeblasenem Glas. Glasdeckel mit Edelstahl, gekr\u00f6nt von einer bl\u00e4ulichen Glasfee. Fu\u00df und Dekoration des Deckels sind leicht bl\u00e4ulich.<\/p>\n<p>Absinth Font\u00e4ne Anethum F\u00e9e mit 4 Wasserh\u00e4hnen: kannelierter bl\u00e4ulicher Fu\u00df. Fassungsverm\u00f6gen 1 Liter. H\u00f6he 48,5 Zentimeter.<\/p>\n<p>[\/vc_column_text][\/vc_column][vc_column width=&#8220;1\/2&#8243; css=&#8220;.vc_custom_1490694541710{padding-top: 0px !important;}&#8220;][vc_column_text text_larger=&#8220;no&#8220;]<\/p>\n<h2>Wie wird es verwendet?<\/h2>\n<p>1. Gie\u00dfen Sie \u201ezwei Fingerbreit\u201c Absinth auf den Grund des Glases.<\/p>\n<p>2. F\u00fcllen Sie das Brunnenreservoir mit frischem Wasser und geben Sie Eisw\u00fcrfel hinein.<\/p>\n<p>3. Stellen Sie jedes der Gl\u00e4ser unter einen der Wasserh\u00e4hne des Brunnens. Falls n\u00f6tig, legen Sie einen L\u00f6ffel, der mit einem St\u00fcck Zucker belegt ist, waagerecht auf den Glasrand.<\/p>\n<p>4. Jeder Gast kann dann seinen Wasserhahn aktivieren. Auf einen minimalen Durchfluss (man \u201e\u00fcberrascht\u201c den Absinth) und dann, wenn er zu schweben beginnt, auf einem intensiveren Durchfluss (man \u201eschl\u00e4gt\u201c den Absinth).<\/p>\n<p>5. Wenn der Absinth verd\u00fcnnt ist (1 Teil Absinth auf 3-4 Teile Wasser), stellen Sie den Wasserhahn ab und genie\u00dfen.<\/p>\n<p>[\/vc_column_text][\/vc_column][\/vc_row]<\/p>\n<\/div>","protected":false},"excerpt":{"rendered":"<p>Der Genuss von Absinth verwandelt sich in ein geselliges Ritual um diesen gro\u00dfartigen Absinthbrunnen \u201eF\u00e9e\u201c herum, der von einer kleinen Fee aus bl\u00e4ulichem Glas gekr\u00f6nt wird. Vollkommen mundgeblasen, von hoher Qualit\u00e4t, k\u00f6nnen zwei oder vier G\u00e4ste ihr Glas unterstellen und ihren Wasserhahn in ihrem eigenen Tempo bedienen, um den Absinth (minimaler Durchfluss) zu \u201e\u00fcberraschen\u201c, bevor sie ihn \u201eschlagen\u201c (intensiverer Durchfluss). Die Kelle ist ideal, der Aperitif wird gestreckt und das Vertrauen wird erh\u00f6ht&#8230; Magie.<\/p>\n<p>Variante: <a href=\"https:\/\/www.absinthemarket.com\/produit\/fontaine-absinthe-fee-2-robinets\/\">Absinth Font\u00e4ne \u201eF\u00e9e\u201c 2 Wasserh\u00e4hnen<\/a><br \/>\nFassungsverm\u00f6gen: 1 Liter<br \/>\nH\u00f6he: 48,5 Zentimeter<\/p>\n","protected":false},"featured_media":9130,"comment_status":"open","ping_status":"closed","template":"","meta":[],"product_brand":[],"product_cat":[125],"product_tag":[],"class_list":{"0":"post-6164","1":"product","2":"type-product","3":"status-publish","4":"has-post-thumbnail","6":"product_cat-absinth-fontaenen","8":"first","9":"instock","10":"taxable","11":"shipping-taxable","12":"purchasable","13":"product-type-simple"},"_links":{"self":[{"href":"https:\/\/www.absinthemarket.com\/de\/wp-json\/wp\/v2\/product\/6164","targetHints":{"allow":["GET"]}}],"collection":[{"href":"https:\/\/www.absinthemarket.com\/de\/wp-json\/wp\/v2\/product"}],"about":[{"href":"https:\/\/www.absinthemarket.com\/de\/wp-json\/wp\/v2\/types\/product"}],"replies":[{"embeddable":true,"href":"https:\/\/www.absinthemarket.com\/de\/wp-json\/wp\/v2\/comments?post=6164"}],"wp:featuredmedia":[{"embeddable":true,"href":"https:\/\/www.absinthemarket.com\/de\/wp-json\/wp\/v2\/media\/9130"}],"wp:attachment":[{"href":"https:\/\/www.absinthemarket.com\/de\/wp-json\/wp\/v2\/media?parent=6164"}],"wp:term":[{"taxonomy":"product_brand","embeddable":true,"href":"https:\/\/www.absinthemarket.com\/de\/wp-json\/wp\/v2\/product_brand?post=6164"},{"taxonomy":"product_cat","embeddable":true,"href":"https:\/\/www.absinthemarket.com\/de\/wp-json\/wp\/v2\/product_cat?post=6164"},{"taxonomy":"product_tag","embeddable":true,"href":"https:\/\/www.absinthemarket.com\/de\/wp-json\/wp\/v2\/product_tag?post=6164"}],"curies":[{"name":"wp","href":"https:\/\/api.w.org\/{rel}","templated":true}]}}