{"id":6163,"date":"2020-11-13T17:04:39","date_gmt":"2020-11-13T16:04:39","guid":{"rendered":"https:\/\/www.absinthemarket.com\/produit\/absinth-fontaene-boule-2-wasserhaehnen\/"},"modified":"2024-12-02T19:21:15","modified_gmt":"2024-12-02T18:21:15","slug":"absinth-fontaene-boule-2-wasserhaehnen","status":"publish","type":"product","link":"https:\/\/www.absinthemarket.com\/de\/produkt\/absinth-fontaene-boule-2-wasserhaehnen\/","title":{"rendered":"Absinth Font\u00e4ne \u201eBoule&#8220; 2 Wasserh\u00e4hnen"},"content":{"rendered":"<div class=\"wpb-content-wrapper\"><p>[vc_row content_placement=&#8220;top&#8220;][vc_column width=&#8220;1\/2&#8243;][vc_column_text text_larger=&#8220;no&#8220;]<\/p>\n<p>Erliegen Sie dem historischen Charme des Brunnenrituals, um Ihren Absinth zu genie\u00dfen. Dem neunzehnten Jahrhundert entflohen, wurde dieser \u201eBleue\u201c in der Belle \u00c9poque auf den Pariser Boulevards getrunken.<\/p>\n<p>Jeder Gast stellt sein Glas unter einen der Wasserh\u00e4hne (2 oder 4) dieses hochwertigen Glasbrunnens, der vollst\u00e4ndig mundgeblasen und mit einer Art-Deco-Kugel gekr\u00f6nt ist.<\/p>\n<p>Eigenschaften: Fu\u00df und Reservoir aus mundgeblasenem Glas. Glasabdeckung mit Edelstahl, \u00fcberragt von einer Kugel.<\/p>\n<p>Absinthbrunnen 2 Calluna-Kugelh\u00e4hne: glatter Fu\u00df und Kugel. Fassungsverm\u00f6gen 0,8 Liter. H\u00f6he 38 Zentimeter.<\/p>\n<p>[\/vc_column_text][\/vc_column][vc_column width=&#8220;1\/2&#8243; css=&#8220;.vc_custom_1490694541710{padding-top: 0px !important;}&#8220;][vc_column_text text_larger=&#8220;no&#8220;]<\/p>\n<h2>Wie wird es verwendet?<\/h2>\n<p>1. F\u00fcllen Sie das Brunnenreservoir mit Wasser und geben Sie ein paar Eisw\u00fcrfel hinein.<\/p>\n<p>2. F\u00fcllen Sie jedes Glas mit reinem Absinth (1 Teil reiner Absinth auf 3 bis 4 Teile Wasser) und stellen Sie es unter einen der Wasserh\u00e4hne.<\/p>\n<p>3. Stellen Sie zuerst den Wasserhahn auf minimalen Durchfluss. Wenn der Absinth zu schweben beginnt, \u201eschlagen\u201c Sie den Absinth mit einem intensiveren Wasserstrahl.<\/p>\n<p>4. Wenn die \u201eKelle\u201c ideal ist, drehen Sie den Wasserhahn ab und genie\u00dfen Sie.<\/p>\n<p>[\/vc_column_text][\/vc_column][\/vc_row]<\/p>\n<\/div>","protected":false},"excerpt":{"rendered":"<p>Machen Sie Ihren Aperitif zu einem seltenen Moment mit diesem eleganten Art-Deco-Brunnen \u201eBoule&#8220;, mundgeblasen, mit 2 oder 4 Wasserh\u00e4hnen. Lassen Sie das Wasser sanft ausstr\u00f6men, um eine ideale \u201eKelle&#8220; zu erhalten, beobachten Sie den reinen Absinth dabei, wie er in eleganten Wirbeln die \u201eFee formt&#8220;, und machen Sie Ihren Aperitif mit Freunden zu einem Ritual aus der Belle \u00c9poque.<\/p>\n<p>Variante: <a href=\"https:\/\/www.absinthemarket.com\/de\/produkt\/absinth-fontaene-boule-4-wasserhaehnen\/\">Absinth Font\u00e4ne \u201eBoule&#8220; mit 4 Wasserh\u00e4hnen<\/a><br \/>\nFassungsverm\u00f6gen: 0,8 Liter<br \/>\nH\u00f6he: 38 Zentimeter<\/p>\n","protected":false},"featured_media":4735,"comment_status":"open","ping_status":"closed","template":"","meta":[],"product_brand":[],"product_cat":[125],"product_tag":[],"class_list":{"0":"post-6163","1":"product","2":"type-product","3":"status-publish","4":"has-post-thumbnail","6":"product_cat-absinth-fontaenen","8":"first","9":"instock","10":"taxable","11":"shipping-taxable","12":"purchasable","13":"product-type-simple"},"_links":{"self":[{"href":"https:\/\/www.absinthemarket.com\/de\/wp-json\/wp\/v2\/product\/6163","targetHints":{"allow":["GET"]}}],"collection":[{"href":"https:\/\/www.absinthemarket.com\/de\/wp-json\/wp\/v2\/product"}],"about":[{"href":"https:\/\/www.absinthemarket.com\/de\/wp-json\/wp\/v2\/types\/product"}],"replies":[{"embeddable":true,"href":"https:\/\/www.absinthemarket.com\/de\/wp-json\/wp\/v2\/comments?post=6163"}],"wp:featuredmedia":[{"embeddable":true,"href":"https:\/\/www.absinthemarket.com\/de\/wp-json\/wp\/v2\/media\/4735"}],"wp:attachment":[{"href":"https:\/\/www.absinthemarket.com\/de\/wp-json\/wp\/v2\/media?parent=6163"}],"wp:term":[{"taxonomy":"product_brand","embeddable":true,"href":"https:\/\/www.absinthemarket.com\/de\/wp-json\/wp\/v2\/product_brand?post=6163"},{"taxonomy":"product_cat","embeddable":true,"href":"https:\/\/www.absinthemarket.com\/de\/wp-json\/wp\/v2\/product_cat?post=6163"},{"taxonomy":"product_tag","embeddable":true,"href":"https:\/\/www.absinthemarket.com\/de\/wp-json\/wp\/v2\/product_tag?post=6163"}],"curies":[{"name":"wp","href":"https:\/\/api.w.org\/{rel}","templated":true}]}}