{"id":6133,"date":"2020-08-12T15:32:34","date_gmt":"2020-08-12T13:32:34","guid":{"rendered":"https:\/\/www.absinthemarket.com\/produit\/christiane-rey-10cl\/"},"modified":"2021-05-08T13:39:02","modified_gmt":"2021-05-08T11:39:02","slug":"christiane-rey-10cl","status":"publish","type":"product","link":"https:\/\/www.absinthemarket.com\/de\/produkt\/christiane-rey-10cl\/","title":{"rendered":"Absinth Christiane Rey 10cl"},"content":{"rendered":"<div class=\"wpb-content-wrapper\"><p>[vc_row content_placement=&#8220;top&#8220;][vc_column width=&#8220;1\/2&#8243;][vc_column_text text_larger=&#8220;no&#8220;]<\/p>\n<p>Als kleines M\u00e4dchen war Christiane in den Kessel gefallen, und so schaute sie ihrem Vater beim Brennen im Verborgenen von Verri\u00e8res heimlich \u00fcber die Schulter. \u201eMan durfte nichts sagen. Und selbst als ich klein war, verstand ich, dass es verboten war. Aber f\u00fcr mich war es nichts Spektakul\u00e4res. Es war&#8230; normal.\u201c<\/p>\n<p>Als Absinth 2005 wieder legal wurde, kam der ehemalige Schwarzbrenner aus seinem Versteck hervor und nahm seine Tochter mit auf das Abenteuer. Er brachte ihr die Wahl der Pflanzen, Mazeration, langsame Destillation, Alkoholmischung bei. Christiane betrat das Spielfeld und brannte schnell ihren Absinth unter ihrem Namen.<\/p>\n<p>\u201eDas Rezept ist genau das meines Vaters. Aber viele Leute meinen, der Geschmack sei anders\u201c. Kein Zweifel, denn Absinth ist nicht nur eine Frage der Technik, sondern auch der Seele und Leidenschaft.<\/p>\n<p>Hier ist ein guter Bleue mit dem Geschmack des Verbotenen, der 12 Pflanzen vereint, einschlie\u00dflich des in der Region angebauten Wermutkrauts. La Vy-Perroud, die einzige Brennerei von Verri\u00e8res, hat ihren Erben gefunden.<\/p>\n<p>[\/vc_column_text][vc_column_text text_larger=&#8220;no&#8220;]<\/p>\n<ul>\n<li>ANISLASTIG: <img decoding=\"async\" class=\"alignnone size-full wp-image-3153\" style=\"margin-top: -7px;\" src=\"https:\/\/www.absinthemarket.com\/wp-content\/uploads\/2020\/05\/2-stars.png\" alt=\"\" width=\"93\" height=\"17\" \/><\/li>\n<li>BITTERKEIT: <img decoding=\"async\" class=\"alignnone size-full wp-image-3156\" style=\"margin-top: -7px;\" src=\"https:\/\/www.absinthemarket.com\/wp-content\/uploads\/2020\/05\/3-stars.png\" alt=\"\" width=\"93\" height=\"17\" \/><\/li>\n<li>S\u00dcSSE: <img decoding=\"async\" class=\"alignnone size-full wp-image-3153\" style=\"margin-top: -7px;\" src=\"https:\/\/www.absinthemarket.com\/wp-content\/uploads\/2020\/05\/2-stars.png\" alt=\"\" width=\"93\" height=\"17\" \/><\/li>\n<li>PFLANZLICH (KR\u00c4UTERIG): <img decoding=\"async\" class=\"alignnone size-full wp-image-3156\" style=\"margin-top: -7px;\" src=\"https:\/\/www.absinthemarket.com\/wp-content\/uploads\/2020\/05\/3-stars.png\" alt=\"\" width=\"93\" height=\"17\" \/><\/li>\n<li>BLUMIG: <img decoding=\"async\" class=\"alignnone size-full wp-image-3150\" style=\"margin-top: -7px;\" src=\"https:\/\/www.absinthemarket.com\/wp-content\/uploads\/2020\/05\/1-star.png\" alt=\"\" width=\"93\" height=\"17\" \/><\/li>\n<li>KOMPLEXIT\u00c4T: <img decoding=\"async\" class=\"alignnone size-full wp-image-3153\" style=\"margin-top: -7px;\" src=\"https:\/\/www.absinthemarket.com\/wp-content\/uploads\/2020\/05\/2-stars.png\" alt=\"\" width=\"93\" height=\"17\" \/><\/li>\n<\/ul>\n<p>[\/vc_column_text][\/vc_column][vc_column width=&#8220;1\/2&#8243; css=&#8220;.vc_custom_1490694541710{padding-top: 0px !important;}&#8220;][vc_row_inner content_placement=&#8220;top&#8220;][vc_column_inner width=&#8220;1\/2&#8243; css=&#8220;.vc_custom_1490695008312{margin-bottom: 20px !important;}&#8220;]\t\t\t<div class=\"info-box-wrapper\">\n\t\t\t\t<div id=\"wd-5f32aefc208f8\" class=\" wd-rs-5f32aefc208f8 wd-info-box wd-wpb text-center box-icon-align-top box-style- color-scheme- wd-bg-none vc_custom_1597157148099\">\n\t\t\t\t\t\t\t\t\t\t\t<div class=\"box-icon-wrapper  box-with-icon box-icon-simple\">\n\t\t\t\t\t\t\t<div class=\"info-box-icon\">\n\t\t\t\t\t\t\t\t<img decoding=\"async\" width=\"90\" height=\"90\" src=\"https:\/\/www.absinthemarket.com\/wp-content\/uploads\/2020\/05\/icon-quantites-limitees-90x90.png\" class=\"attachment-90x90 size-90x90\" alt=\"Quantit\u00e9s limit\u00e9es\" \/>\t\t\t\t\t\t\t<\/div>\n\t\t\t\t\t\t<\/div>\n\t\t\t\t\t\t\t\t\t\t<div class=\"info-box-content\">\n\t\t\t\t\t\t<h3 class=\"info-box-title title box-title-style-default wd-fontsize-s\">LIMITIERTE MENGEN<\/h3>\t\t\t\t\t\t<div class=\"info-box-inner reset-last-child\"><p>Vertrauliche Produktion in einer Mikrobrennerei<\/p>\n<\/div>\n\n\t\t\t\t\t\t\t\t\t\t\t<\/div>\n\n\t\t\t\t\t\n\t\t\t\t\t\t\t\t\t<\/div>\n\t\t\t<\/div>\n\t\t[\/vc_column_inner][vc_column_inner width=&#8220;1\/2&#8243; css=&#8220;.vc_custom_1490695011353{margin-bottom: 20px !important;}&#8220;]\t\t\t<div class=\"info-box-wrapper\">\n\t\t\t\t<div id=\"wd-5f32af2eb8f19\" class=\" wd-rs-5f32af2eb8f19 wd-info-box wd-wpb text-center box-icon-align-top box-style- color-scheme- wd-bg-none vc_custom_1597157192561\">\n\t\t\t\t\t\t\t\t\t\t\t<div class=\"box-icon-wrapper  box-with-icon box-icon-simple\">\n\t\t\t\t\t\t\t<div class=\"info-box-icon\">\n\t\t\t\t\t\t\t\t<img decoding=\"async\" width=\"90\" height=\"90\" src=\"https:\/\/www.absinthemarket.com\/wp-content\/uploads\/2020\/05\/icon-plantelocale-90x90.png\" class=\"attachment-90x90 size-90x90\" alt=\"Locale\" \/>\t\t\t\t\t\t\t<\/div>\n\t\t\t\t\t\t<\/div>\n\t\t\t\t\t\t\t\t\t\t<div class=\"info-box-content\">\n\t\t\t\t\t\t<h3 class=\"info-box-title title box-title-style-default wd-fontsize-s\">LOKALER ABSINTH<\/h3>\t\t\t\t\t\t<div class=\"info-box-inner reset-last-child\"><p>Gebrannt aus der im Val-de-Travers angebauten Wermutpflanze<\/p>\n<\/div>\n\n\t\t\t\t\t\t\t\t\t\t\t<\/div>\n\n\t\t\t\t\t\n\t\t\t\t\t\t\t\t\t<\/div>\n\t\t\t<\/div>\n\t\t[\/vc_column_inner][vc_column_inner width=&#8220;1\/2&#8243; css=&#8220;.vc_custom_1490694847874{margin-bottom: 20px !important;}&#8220;]\t\t\t<div class=\"info-box-wrapper\">\n\t\t\t\t<div id=\"wd-603664e56ef15\" class=\" wd-rs-603664e56ef15 wd-info-box wd-wpb text-center box-icon-align-top box-style- color-scheme- wd-bg-none vc_custom_1614177514581\">\n\t\t\t\t\t\t\t\t\t\t\t<div class=\"box-icon-wrapper  box-with-icon box-icon-simple\">\n\t\t\t\t\t\t\t<div class=\"info-box-icon\">\n\t\t\t\t\t\t\t\t<img decoding=\"async\" width=\"90\" height=\"89\" src=\"https:\/\/www.absinthemarket.com\/wp-content\/uploads\/2020\/08\/icon-equilibree.png\" class=\"attachment-90x90 size-90x90\" alt=\"\u00c9quilibr\u00e9e\" \/>\t\t\t\t\t\t\t<\/div>\n\t\t\t\t\t\t<\/div>\n\t\t\t\t\t\t\t\t\t\t<div class=\"info-box-content\">\n\t\t\t\t\t\t<h3 class=\"info-box-title title box-title-style-default wd-fontsize-s\">AUSGEWOGEN<\/h3>\t\t\t\t\t\t<div class=\"info-box-inner reset-last-child\"><p>Eine sch\u00f6ne Ausgewogenheit der Aromen, die einen pr\u00e4zise dosierten Nektar ausmacht<\/p>\n<\/div>\n\n\t\t\t\t\t\t\t\t\t\t\t<\/div>\n\n\t\t\t\t\t\n\t\t\t\t\t\t\t\t\t<\/div>\n\t\t\t<\/div>\n\t\t[\/vc_column_inner][vc_column_inner width=&#8220;1\/2&#8243; css=&#8220;.vc_custom_1490694856753{margin-bottom: 20px !important;}&#8220;]\t\t\t<div class=\"info-box-wrapper\">\n\t\t\t\t<div id=\"wd-5f2ebad800229\" class=\" wd-rs-5f2ebad800229 wd-info-box wd-wpb text-center box-icon-align-top box-style- color-scheme- wd-bg-none vc_custom_1596898034485\">\n\t\t\t\t\t\t\t\t\t\t\t<div class=\"box-icon-wrapper  box-with-icon box-icon-simple\">\n\t\t\t\t\t\t\t<div class=\"info-box-icon\">\n\t\t\t\t\t\t\t\t<img decoding=\"async\" width=\"90\" height=\"90\" src=\"https:\/\/www.absinthemarket.com\/wp-content\/uploads\/2020\/05\/icon-clandestine-90x90.png\" class=\"attachment-90x90 size-90x90\" alt=\"Clandestine\" \/>\t\t\t\t\t\t\t<\/div>\n\t\t\t\t\t\t<\/div>\n\t\t\t\t\t\t\t\t\t\t<div class=\"info-box-content\">\n\t\t\t\t\t\t<h3 class=\"info-box-title title box-title-style-default wd-fontsize-s\">GEHEIMREZEPT<\/h3>\t\t\t\t\t\t<div class=\"info-box-inner reset-last-child\"><p>Ein Rezept, das im Untergrund entwickelt wurde (1910 bis 2005)<\/p>\n<\/div>\n\n\t\t\t\t\t\t\t\t\t\t\t<\/div>\n\n\t\t\t\t\t\n\t\t\t\t\t\t\t\t\t<\/div>\n\t\t\t<\/div>\n\t\t[\/vc_column_inner][\/vc_row_inner][\/vc_column][\/vc_row]<\/p>\n<\/div>","protected":false},"excerpt":{"rendered":"<p>12 Pflanzen, eine gute Mischung aus Bitterkeit und Kr\u00e4utern: Hier ist das grammgenau identische Rezept, nach dem der Vater des Brenners zur Zeit der Prohibition gekocht hat.<\/p>\n<p>Brenner: <a href=\"https:\/\/www.absinthemarket.com\/de\/absinth-brennerei-vy-perroud\/\">Distillerie de la Vy-Perroud, Christiane Rey<\/a><br \/>\nAlkoholgehalt: 53 Vol.-%<br \/>\nInhalt: <a href=\"https:\/\/www.absinthemarket.com\/de\/produkt\/christiane-rey-70cl\/\">70cl<\/a>, <a href=\"https:\/\/www.absinthemarket.com\/de\/produkt\/christiane-rey-50cl\/\">50cl<\/a>, <a href=\"https:\/\/www.absinthemarket.com\/de\/produkt\/christiane-rey-20cl\/\">20cl<\/a>, 10cl<\/p>\n","protected":false},"featured_media":4114,"comment_status":"open","ping_status":"closed","template":"","meta":[],"product_brand":[],"product_cat":[120],"product_tag":[],"class_list":{"0":"post-6133","1":"product","2":"type-product","3":"status-publish","4":"has-post-thumbnail","6":"product_cat-klare-absinthe","8":"first","9":"outofstock","10":"taxable","11":"shipping-taxable","12":"purchasable","13":"product-type-simple"},"_links":{"self":[{"href":"https:\/\/www.absinthemarket.com\/de\/wp-json\/wp\/v2\/product\/6133","targetHints":{"allow":["GET"]}}],"collection":[{"href":"https:\/\/www.absinthemarket.com\/de\/wp-json\/wp\/v2\/product"}],"about":[{"href":"https:\/\/www.absinthemarket.com\/de\/wp-json\/wp\/v2\/types\/product"}],"replies":[{"embeddable":true,"href":"https:\/\/www.absinthemarket.com\/de\/wp-json\/wp\/v2\/comments?post=6133"}],"wp:featuredmedia":[{"embeddable":true,"href":"https:\/\/www.absinthemarket.com\/de\/wp-json\/wp\/v2\/media\/4114"}],"wp:attachment":[{"href":"https:\/\/www.absinthemarket.com\/de\/wp-json\/wp\/v2\/media?parent=6133"}],"wp:term":[{"taxonomy":"product_brand","embeddable":true,"href":"https:\/\/www.absinthemarket.com\/de\/wp-json\/wp\/v2\/product_brand?post=6133"},{"taxonomy":"product_cat","embeddable":true,"href":"https:\/\/www.absinthemarket.com\/de\/wp-json\/wp\/v2\/product_cat?post=6133"},{"taxonomy":"product_tag","embeddable":true,"href":"https:\/\/www.absinthemarket.com\/de\/wp-json\/wp\/v2\/product_tag?post=6133"}],"curies":[{"name":"wp","href":"https:\/\/api.w.org\/{rel}","templated":true}]}}