{"id":6042,"date":"2020-08-20T11:27:24","date_gmt":"2020-08-20T09:27:24","guid":{"rendered":"https:\/\/www.absinthemarket.com\/produit\/absinthe-du-coin-70cl\/"},"modified":"2022-07-17T15:14:55","modified_gmt":"2022-07-17T13:14:55","slug":"absinthe-du-coin-70cl","status":"publish","type":"product","link":"https:\/\/www.absinthemarket.com\/de\/produkt\/absinthe-du-coin-70cl\/","title":{"rendered":"Absinthe du coin 70cl"},"content":{"rendered":"<div class=\"wpb-content-wrapper\"><p>[vc_row content_placement=&#8220;top&#8220;][vc_column width=&#8220;1\/2&#8243;][vc_column_text text_larger=&#8220;no&#8220;]<\/p>\n<p>Nathalie Ryser Streuli ist eine Brennerin mit einer Leidenschaft f\u00fcr Pflanzen, die sie nicht nur destilliert. Sie kultiviert sie auch in ihrem Garten in C\u00f4te-aux-F\u00e9es.<\/p>\n<p>Dort oben, in einer H\u00f6he von 1000 Metern, finden R\u00f6mischer und Gemeiner Wermut einen ideal erh\u00f6hten und kalkhaltigen Boden. Genug, um diesen delikaten \u201elokalen Absinth\u201c zu komponieren, der sich um die Pflanze des regionalen Wermuts dreht. Er verstr\u00f6mt seine charakteristischen Aromen, als ob ein gro\u00dfer Blumenstrau\u00df in der Flasche eingeschlossen worden w\u00e4re.<\/p>\n<p>[\/vc_column_text][vc_column_text text_larger=&#8220;no&#8220;]<\/p>\n<ul>\n<li>ANISLASTIG: <img decoding=\"async\" class=\"alignnone size-full wp-image-3153\" style=\"margin-top: -7px;\" src=\"https:\/\/www.absinthemarket.com\/wp-content\/uploads\/2020\/05\/2-stars.png\" alt=\"\" width=\"93\" height=\"17\" \/><\/li>\n<li>BITTERKEIT: <img decoding=\"async\" class=\"alignnone size-full wp-image-3150\" style=\"margin-top: -7px;\" src=\"https:\/\/www.absinthemarket.com\/wp-content\/uploads\/2020\/05\/1-star.png\" alt=\"\" width=\"93\" height=\"17\" \/><\/li>\n<li>S\u00dcSSE: <img decoding=\"async\" class=\"alignnone size-full wp-image-3156\" style=\"margin-top: -7px;\" src=\"https:\/\/www.absinthemarket.com\/wp-content\/uploads\/2020\/05\/3-stars.png\" alt=\"\" width=\"93\" height=\"17\" \/><\/li>\n<li>PFLANZLICH (KR\u00c4UTERIG): <img decoding=\"async\" class=\"alignnone size-full wp-image-3159\" style=\"margin-top: -7px;\" src=\"https:\/\/www.absinthemarket.com\/wp-content\/uploads\/2020\/05\/4-stars.png\" alt=\"\" width=\"93\" height=\"17\" \/><\/li>\n<li>BLUMIG: <img decoding=\"async\" class=\"alignnone size-full wp-image-3162\" style=\"margin-top: -7px;\" src=\"https:\/\/www.absinthemarket.com\/wp-content\/uploads\/2020\/05\/5-stars.png\" alt=\"\" width=\"93\" height=\"17\" \/><\/li>\n<li>KOMPLEXIT\u00c4T: <img decoding=\"async\" class=\"alignnone size-full wp-image-3159\" style=\"margin-top: -7px;\" src=\"https:\/\/www.absinthemarket.com\/wp-content\/uploads\/2020\/05\/4-stars.png\" alt=\"\" width=\"93\" height=\"17\" \/><\/li>\n<li>TYPIZIT\u00c4T: Sehr blumig (Bl\u00fcten vom Wermutkraut).<\/li>\n<\/ul>\n<p>[\/vc_column_text][\/vc_column][vc_column width=&#8220;1\/2&#8243; css=&#8220;.vc_custom_1490694541710{padding-top: 0px !important;}&#8220;][vc_row_inner content_placement=&#8220;top&#8220;][vc_column_inner width=&#8220;1\/2&#8243; css=&#8220;.vc_custom_1490695008312{margin-bottom: 20px !important;}&#8220;]\t\t\t<div class=\"info-box-wrapper\">\n\t\t\t\t<div id=\"wd-5f3d321e9038f\" class=\" wd-rs-5f3d321e9038f wd-info-box wd-wpb text-center box-icon-align-top box-style- color-scheme- wd-bg-none vc_custom_1597846074635\">\n\t\t\t\t\t\t\t\t\t\t\t<div class=\"box-icon-wrapper  box-with-icon box-icon-simple\">\n\t\t\t\t\t\t\t<div class=\"info-box-icon\">\n\t\t\t\t\t\t\t\t<img decoding=\"async\" width=\"90\" height=\"90\" src=\"https:\/\/www.absinthemarket.com\/wp-content\/uploads\/2020\/05\/icon-herbacee-1-90x90.png\" class=\"attachment-90x90 size-90x90\" alt=\"V\u00e9g\u00e9tale\" \/>\t\t\t\t\t\t\t<\/div>\n\t\t\t\t\t\t<\/div>\n\t\t\t\t\t\t\t\t\t\t<div class=\"info-box-content\">\n\t\t\t\t\t\t<h3 class=\"info-box-title title box-title-style-default wd-fontsize-s\">PFLANZLICH<\/h3>\t\t\t\t\t\t<div class=\"info-box-inner reset-last-child\"><p>Dominanz der in aromatischen Pflanzen enthaltenen Kr\u00e4uteraromen<\/p>\n<\/div>\n\n\t\t\t\t\t\t\t\t\t\t\t<\/div>\n\n\t\t\t\t\t\n\t\t\t\t\t\t\t\t\t<\/div>\n\t\t\t<\/div>\n\t\t[\/vc_column_inner][vc_column_inner width=&#8220;1\/2&#8243; css=&#8220;.vc_custom_1490695011353{margin-bottom: 20px !important;}&#8220;]\t\t\t<div class=\"info-box-wrapper\">\n\t\t\t\t<div id=\"wd-5f3e44a991259\" class=\" wd-rs-5f3e44a991259 wd-info-box wd-wpb text-center box-icon-align-top box-style- color-scheme- wd-bg-none vc_custom_1597916354636\">\n\t\t\t\t\t\t\t\t\t\t\t<div class=\"box-icon-wrapper  box-with-icon box-icon-simple\">\n\t\t\t\t\t\t\t<div class=\"info-box-icon\">\n\t\t\t\t\t\t\t\t<img decoding=\"async\" width=\"90\" height=\"90\" src=\"https:\/\/www.absinthemarket.com\/wp-content\/uploads\/2020\/05\/icon-plantelocale-90x90.png\" class=\"attachment-90x90 size-90x90\" alt=\"Locale\" \/>\t\t\t\t\t\t\t<\/div>\n\t\t\t\t\t\t<\/div>\n\t\t\t\t\t\t\t\t\t\t<div class=\"info-box-content\">\n\t\t\t\t\t\t<h3 class=\"info-box-title title box-title-style-default wd-fontsize-s\">LOKALER ABSINTH<\/h3>\t\t\t\t\t\t<div class=\"info-box-inner reset-last-child\"><\/p>\n<p>Gebrannt aus der im Val-de-Travers angebauten Wermutpflanze<\/p>\n<p>\n<\/div>\n\n\t\t\t\t\t\t\t\t\t\t\t<\/div>\n\n\t\t\t\t\t\n\t\t\t\t\t\t\t\t\t<\/div>\n\t\t\t<\/div>\n\t\t[\/vc_column_inner][vc_column_inner width=&#8220;1\/2&#8243; css=&#8220;.vc_custom_1490694847874{margin-bottom: 20px !important;}&#8220;]\t\t\t<div class=\"info-box-wrapper\">\n\t\t\t\t<div id=\"wd-5f3e44cd141c1\" class=\" wd-rs-5f3e44cd141c1 wd-info-box wd-wpb text-center box-icon-align-top box-style- color-scheme- wd-bg-none vc_custom_1597916392976\">\n\t\t\t\t\t\t\t\t\t\t\t<div class=\"box-icon-wrapper  box-with-icon box-icon-simple\">\n\t\t\t\t\t\t\t<div class=\"info-box-icon\">\n\t\t\t\t\t\t\t\t<img decoding=\"async\" width=\"90\" height=\"90\" src=\"https:\/\/www.absinthemarket.com\/wp-content\/uploads\/2020\/05\/icon-florale-90x90.png\" class=\"attachment-90x90 size-90x90\" alt=\"Florale\" \/>\t\t\t\t\t\t\t<\/div>\n\t\t\t\t\t\t<\/div>\n\t\t\t\t\t\t\t\t\t\t<div class=\"info-box-content\">\n\t\t\t\t\t\t<h3 class=\"info-box-title title box-title-style-default wd-fontsize-s\">BLUMIG<\/h3>\t\t\t\t\t\t<div class=\"info-box-inner reset-last-child\"><p>Pr\u00e4valenz von Aromen aus Bl\u00fctenpflanzen<\/p>\n<\/div>\n\n\t\t\t\t\t\t\t\t\t\t\t<\/div>\n\n\t\t\t\t\t\n\t\t\t\t\t\t\t\t\t<\/div>\n\t\t\t<\/div>\n\t\t[\/vc_column_inner][vc_column_inner width=&#8220;1\/2&#8243; css=&#8220;.vc_custom_1490694856753{margin-bottom: 20px !important;}&#8220;]\t\t\t<div class=\"info-box-wrapper\">\n\t\t\t\t<div id=\"wd-5f3d325b0ec8d\" class=\" wd-rs-5f3d325b0ec8d wd-info-box wd-wpb text-center box-icon-align-top box-style- color-scheme- wd-bg-none vc_custom_1597846130724\">\n\t\t\t\t\t\t\t\t\t\t\t<div class=\"box-icon-wrapper  box-with-icon box-icon-simple\">\n\t\t\t\t\t\t\t<div class=\"info-box-icon\">\n\t\t\t\t\t\t\t\t<img decoding=\"async\" width=\"90\" height=\"90\" src=\"https:\/\/www.absinthemarket.com\/wp-content\/uploads\/2020\/05\/icon-complexe-90x90.png\" class=\"attachment-90x90 size-90x90\" alt=\"Complexe\" \/>\t\t\t\t\t\t\t<\/div>\n\t\t\t\t\t\t<\/div>\n\t\t\t\t\t\t\t\t\t\t<div class=\"info-box-content\">\n\t\t\t\t\t\t<h3 class=\"info-box-title title box-title-style-default wd-fontsize-s\">KOMPLEX<\/h3>\t\t\t\t\t\t<div class=\"info-box-inner reset-last-child\"><p>Komplexe Aromen aus einer gro\u00dfen Vielfalt destillierter Pflanzen<\/p>\n<\/div>\n\n\t\t\t\t\t\t\t\t\t\t\t<\/div>\n\n\t\t\t\t\t\n\t\t\t\t\t\t\t\t\t<\/div>\n\t\t\t<\/div>\n\t\t[\/vc_column_inner][\/vc_row_inner][\/vc_column][\/vc_row]<\/p>\n<\/div>","protected":false},"excerpt":{"rendered":"<p>Fast alles in diesem zarten Nektar kommt von nebenan. Aus dem eigenen Garten der Brennerei! Geschmacklich wie ein Armvoll s\u00fc\u00dfer Blumen, ohne Bitterkeit.<\/p>\n<p>Brenner: <a href=\"https:\/\/www.absinthemarket.com\/de\/absinth-de-derriere-les-fagots\/\">Absinthe de derri\u00e8re les Fagots, Nathalie Ryser Streuli<\/a><br \/>\nAlkoholgehalt: 54 Vol.-%<br \/>\nInhalt: 70cl, <a href=\"https:\/\/www.absinthemarket.com\/de\/produkt\/absinthe-du-coin-20cl\/\">20cl<\/a><\/p>\n","protected":false},"featured_media":5437,"comment_status":"open","ping_status":"closed","template":"","meta":[],"product_brand":[],"product_cat":[120],"product_tag":[],"class_list":{"0":"post-6042","1":"product","2":"type-product","3":"status-publish","4":"has-post-thumbnail","6":"product_cat-klare-absinthe","8":"first","9":"instock","10":"taxable","11":"shipping-taxable","12":"purchasable","13":"product-type-simple"},"_links":{"self":[{"href":"https:\/\/www.absinthemarket.com\/de\/wp-json\/wp\/v2\/product\/6042","targetHints":{"allow":["GET"]}}],"collection":[{"href":"https:\/\/www.absinthemarket.com\/de\/wp-json\/wp\/v2\/product"}],"about":[{"href":"https:\/\/www.absinthemarket.com\/de\/wp-json\/wp\/v2\/types\/product"}],"replies":[{"embeddable":true,"href":"https:\/\/www.absinthemarket.com\/de\/wp-json\/wp\/v2\/comments?post=6042"}],"wp:featuredmedia":[{"embeddable":true,"href":"https:\/\/www.absinthemarket.com\/de\/wp-json\/wp\/v2\/media\/5437"}],"wp:attachment":[{"href":"https:\/\/www.absinthemarket.com\/de\/wp-json\/wp\/v2\/media?parent=6042"}],"wp:term":[{"taxonomy":"product_brand","embeddable":true,"href":"https:\/\/www.absinthemarket.com\/de\/wp-json\/wp\/v2\/product_brand?post=6042"},{"taxonomy":"product_cat","embeddable":true,"href":"https:\/\/www.absinthemarket.com\/de\/wp-json\/wp\/v2\/product_cat?post=6042"},{"taxonomy":"product_tag","embeddable":true,"href":"https:\/\/www.absinthemarket.com\/de\/wp-json\/wp\/v2\/product_tag?post=6042"}],"curies":[{"name":"wp","href":"https:\/\/api.w.org\/{rel}","templated":true}]}}