{"id":6021,"date":"2020-08-08T17:08:52","date_gmt":"2020-08-08T15:08:52","guid":{"rendered":"https:\/\/www.absinthemarket.com\/produit\/absinthe-la-2112-50cl\/"},"modified":"2025-12-13T14:20:34","modified_gmt":"2025-12-13T13:20:34","slug":"absinthe-la-2112-50cl","status":"publish","type":"product","link":"https:\/\/www.absinthemarket.com\/de\/produkt\/absinthe-la-2112-50cl\/","title":{"rendered":"Absinth La 2112 50cl"},"content":{"rendered":"<div class=\"wpb-content-wrapper\"><p>[vc_row content_placement=&#8220;top&#8220;][vc_column width=&#8220;1\/2&#8243;][vc_column_text text_larger=&#8220;no&#8220;]<\/p>\n<p>Komplex und kr\u00e4uterig folgt dieser Absinth der Tradition des Untergrunds mit Aromen, die von dem Geschmack des Verbotenen inspiriert sind, das man sich im Val-de-Travers insgeheim zu Gem\u00fcte gef\u00fchrt hat. Ein klassischer Blanche, der sich durch seine urspr\u00fcngliche Koriandernote auszeichnet.<\/p>\n<p>In der historischen Hauptstadt Val-de-Travers, M\u00f4tiers, von Hand gebrannt, hat die Postleitzahl diesem traditionellen Blanche seinen Namen verliehen. Auf seinem Etikett abgebildet ist der Wasserfall, in dessen N\u00e4he der ber\u00fchmteste B\u00fcrger des Dorfes Inspiration und Gelassenheit suchte: Jean-Jacques Rousseau himself.<\/p>\n<p>[\/vc_column_text][vc_column_text text_larger=&#8220;no&#8220;]<\/p>\n<ul>\n<li>ANISLASTIG: <img decoding=\"async\" class=\"alignnone size-full wp-image-3156\" style=\"margin-top: -7px;\" src=\"https:\/\/www.absinthemarket.com\/wp-content\/uploads\/2020\/05\/3-stars.png\" alt=\"\" width=\"93\" height=\"17\" \/><\/li>\n<li>BITTERKEIT: <img decoding=\"async\" class=\"alignnone size-full wp-image-3153\" style=\"margin-top: -7px;\" src=\"https:\/\/www.absinthemarket.com\/wp-content\/uploads\/2020\/05\/2-stars.png\" alt=\"\" width=\"93\" height=\"17\" \/><\/li>\n<li>S\u00dcSSE: <img decoding=\"async\" class=\"alignnone size-full wp-image-3156\" style=\"margin-top: -7px;\" src=\"https:\/\/www.absinthemarket.com\/wp-content\/uploads\/2020\/05\/3-stars.png\" alt=\"\" width=\"93\" height=\"17\" \/><\/li>\n<li>PFLANZLICH (KR\u00c4UTERIG): <img decoding=\"async\" class=\"alignnone size-full wp-image-3159\" style=\"margin-top: -7px;\" src=\"https:\/\/www.absinthemarket.com\/wp-content\/uploads\/2020\/05\/4-stars.png\" alt=\"\" width=\"93\" height=\"17\" \/><\/li>\n<li>BLUMIG: <img decoding=\"async\" class=\"alignnone size-full wp-image-3150\" style=\"margin-top: -7px;\" src=\"https:\/\/www.absinthemarket.com\/wp-content\/uploads\/2020\/05\/1-star.png\" alt=\"\" width=\"93\" height=\"17\" \/><\/li>\n<li>KOMPLEXIT\u00c4T: <img decoding=\"async\" class=\"alignnone size-full wp-image-3159\" style=\"margin-top: -7px;\" src=\"https:\/\/www.absinthemarket.com\/wp-content\/uploads\/2020\/05\/4-stars.png\" alt=\"\" width=\"93\" height=\"17\" \/><\/li>\n<li>TYPIZIT\u00c4T: Koriandernote.<\/li>\n<\/ul>\n<p>[\/vc_column_text][\/vc_column][vc_column width=&#8220;1\/2&#8243; css=&#8220;.vc_custom_1490694541710{padding-top: 0px !important;}&#8220;][vc_row_inner content_placement=&#8220;top&#8220;][vc_column_inner width=&#8220;1\/2&#8243; css=&#8220;.vc_custom_1490695008312{margin-bottom: 20px !important;}&#8220;]\t\t\t<div class=\"info-box-wrapper\">\n\t\t\t\t<div id=\"wd-5f2eb9a6ae938\" class=\" wd-rs-5f2eb9a6ae938 wd-info-box wd-wpb text-center box-icon-align-top box-style- color-scheme- wd-bg-none vc_custom_1596897756163\">\n\t\t\t\t\t\t\t\t\t\t\t<div class=\"box-icon-wrapper  box-with-icon box-icon-simple\">\n\t\t\t\t\t\t\t<div class=\"info-box-icon\">\n\t\t\t\t\t\t\t\t<img decoding=\"async\" width=\"90\" height=\"90\" src=\"https:\/\/www.absinthemarket.com\/wp-content\/uploads\/2020\/05\/icon-herbacee-1-90x90.png\" class=\"attachment-90x90 size-90x90\" alt=\"V\u00e9g\u00e9tale\" \/>\t\t\t\t\t\t\t<\/div>\n\t\t\t\t\t\t<\/div>\n\t\t\t\t\t\t\t\t\t\t<div class=\"info-box-content\">\n\t\t\t\t\t\t<h3 class=\"info-box-title title box-title-style-default wd-fontsize-s\">PFLANZLICH<\/h3>\t\t\t\t\t\t<div class=\"info-box-inner reset-last-child\"><p>Dominanz der in aromatischen Pflanzen enthaltenen Kr\u00e4uteraromen<\/p>\n<\/div>\n\n\t\t\t\t\t\t\t\t\t\t\t<\/div>\n\n\t\t\t\t\t\n\t\t\t\t\t\t\t\t\t<\/div>\n\t\t\t<\/div>\n\t\t[\/vc_column_inner][vc_column_inner width=&#8220;1\/2&#8243; css=&#8220;.vc_custom_1490695011353{margin-bottom: 20px !important;}&#8220;]\t\t\t<div class=\"info-box-wrapper\">\n\t\t\t\t<div id=\"wd-5f2eb9df556ee\" class=\" wd-rs-5f2eb9df556ee wd-info-box wd-wpb text-center box-icon-align-top box-style- color-scheme- wd-bg-none vc_custom_1596897793441\">\n\t\t\t\t\t\t\t\t\t\t\t<div class=\"box-icon-wrapper  box-with-icon box-icon-simple\">\n\t\t\t\t\t\t\t<div class=\"info-box-icon\">\n\t\t\t\t\t\t\t\t<img decoding=\"async\" width=\"90\" height=\"90\" src=\"https:\/\/www.absinthemarket.com\/wp-content\/uploads\/2020\/05\/icon-complexe-90x90.png\" class=\"attachment-90x90 size-90x90\" alt=\"Complexe\" \/>\t\t\t\t\t\t\t<\/div>\n\t\t\t\t\t\t<\/div>\n\t\t\t\t\t\t\t\t\t\t<div class=\"info-box-content\">\n\t\t\t\t\t\t<h3 class=\"info-box-title title box-title-style-default wd-fontsize-s\">KOMPLEX<\/h3>\t\t\t\t\t\t<div class=\"info-box-inner reset-last-child\"><p>Komplexe Aromen aus einer gro\u00dfen Vielfalt destillierter Pflanzen<\/p>\n<\/div>\n\n\t\t\t\t\t\t\t\t\t\t\t<\/div>\n\n\t\t\t\t\t\n\t\t\t\t\t\t\t\t\t<\/div>\n\t\t\t<\/div>\n\t\t[\/vc_column_inner][vc_column_inner width=&#8220;1\/2&#8243; css=&#8220;.vc_custom_1490694847874{margin-bottom: 20px !important;}&#8220;]\t\t\t<div class=\"info-box-wrapper\">\n\t\t\t\t<div id=\"wd-5f2eba0c246ad\" class=\" wd-rs-5f2eba0c246ad wd-info-box wd-wpb text-center box-icon-align-top box-style- color-scheme- wd-bg-none vc_custom_1596897917767\">\n\t\t\t\t\t\t\t\t\t\t\t<div class=\"box-icon-wrapper  box-with-icon box-icon-simple\">\n\t\t\t\t\t\t\t<div class=\"info-box-icon\">\n\t\t\t\t\t\t\t\t<img decoding=\"async\" width=\"90\" height=\"90\" src=\"https:\/\/www.absinthemarket.com\/wp-content\/uploads\/2020\/08\/icon-coriandre-90x90.png\" class=\"attachment-90x90 size-90x90\" alt=\"Coriandre\" \/>\t\t\t\t\t\t\t<\/div>\n\t\t\t\t\t\t<\/div>\n\t\t\t\t\t\t\t\t\t\t<div class=\"info-box-content\">\n\t\t\t\t\t\t<h3 class=\"info-box-title title box-title-style-default wd-fontsize-s\">KORIANDER<\/h3>\t\t\t\t\t\t<div class=\"info-box-inner reset-last-child\"><p>Dieser Absinth wird durch einen \u00fcberraschenden Hauch von Koriander verst\u00e4rkt<\/p>\n<\/div>\n\n\t\t\t\t\t\t\t\t\t\t\t<\/div>\n\n\t\t\t\t\t\n\t\t\t\t\t\t\t\t\t<\/div>\n\t\t\t<\/div>\n\t\t[\/vc_column_inner][vc_column_inner width=&#8220;1\/2&#8243; css=&#8220;.vc_custom_1490694856753{margin-bottom: 20px !important;}&#8220;]\t\t\t<div class=\"info-box-wrapper\">\n\t\t\t\t<div id=\"wd-5f2ebad800229\" class=\" wd-rs-5f2ebad800229 wd-info-box wd-wpb text-center box-icon-align-top box-style- color-scheme- wd-bg-none vc_custom_1596898034485\">\n\t\t\t\t\t\t\t\t\t\t\t<div class=\"box-icon-wrapper  box-with-icon box-icon-simple\">\n\t\t\t\t\t\t\t<div class=\"info-box-icon\">\n\t\t\t\t\t\t\t\t<img decoding=\"async\" width=\"90\" height=\"90\" src=\"https:\/\/www.absinthemarket.com\/wp-content\/uploads\/2020\/05\/icon-clandestine-90x90.png\" class=\"attachment-90x90 size-90x90\" alt=\"Clandestine\" \/>\t\t\t\t\t\t\t<\/div>\n\t\t\t\t\t\t<\/div>\n\t\t\t\t\t\t\t\t\t\t<div class=\"info-box-content\">\n\t\t\t\t\t\t<h3 class=\"info-box-title title box-title-style-default wd-fontsize-s\">GEHEIMREZEPT<\/h3>\t\t\t\t\t\t<div class=\"info-box-inner reset-last-child\"><p>Ein Rezept, das im Untergrund entwickelt wurde (1910 bis 2005)<\/p>\n<\/div>\n\n\t\t\t\t\t\t\t\t\t\t\t<\/div>\n\n\t\t\t\t\t\n\t\t\t\t\t\t\t\t\t<\/div>\n\t\t\t<\/div>\n\t\t[\/vc_column_inner][\/vc_row_inner][\/vc_column][\/vc_row]<\/p>\n<\/div>","protected":false},"excerpt":{"rendered":"<p>Traditionell, aber \u00fcberraschend, ist hier ein \u201eechter\u201c Blanche, der durch den Untergrund inspiriert wurde und den Gaumen mit seinem urspr\u00fcnglichen Hauch von Koriander verbl\u00fcfft. Die gemeinsame Arbeit zweier Freunde, die sich so nahe standen, dass sie ihre Brennerei \u201eLes Frangins\u201c nannten.<\/p>\n<p>Brenner: <a href=\"https:\/\/www.absinthemarket.com\/de\/absinth-brennerei-les-frangins\/\">Les Frangins<\/a><br \/>\nAlkoholgehalt: 56 Vol.-%<br \/>\nInhalt: <a href=\"https:\/\/www.absinthemarket.com\/de\/produkt\/absinthe-la-2112-70cl\/\">70cl<\/a>, 50cl, <a href=\"https:\/\/www.absinthemarket.com\/de\/produkt\/absinthe-la-2112-20cl\/\">20cl<\/a>, <a href=\"https:\/\/www.absinthemarket.com\/de\/produkt\/absinthe-la-2112-10cl\/\">10cl<\/a>, <a href=\"https:\/\/www.absinthemarket.com\/de\/produkt\/absinth-la-2112-4cl\/\">4cl<\/a><\/p>\n","protected":false},"featured_media":4036,"comment_status":"open","ping_status":"closed","template":"","meta":[],"product_brand":[],"product_cat":[120],"product_tag":[],"class_list":{"0":"post-6021","1":"product","2":"type-product","3":"status-publish","4":"has-post-thumbnail","6":"product_cat-klare-absinthe","8":"first","9":"instock","10":"taxable","11":"shipping-taxable","12":"purchasable","13":"product-type-simple"},"_links":{"self":[{"href":"https:\/\/www.absinthemarket.com\/de\/wp-json\/wp\/v2\/product\/6021","targetHints":{"allow":["GET"]}}],"collection":[{"href":"https:\/\/www.absinthemarket.com\/de\/wp-json\/wp\/v2\/product"}],"about":[{"href":"https:\/\/www.absinthemarket.com\/de\/wp-json\/wp\/v2\/types\/product"}],"replies":[{"embeddable":true,"href":"https:\/\/www.absinthemarket.com\/de\/wp-json\/wp\/v2\/comments?post=6021"}],"wp:featuredmedia":[{"embeddable":true,"href":"https:\/\/www.absinthemarket.com\/de\/wp-json\/wp\/v2\/media\/4036"}],"wp:attachment":[{"href":"https:\/\/www.absinthemarket.com\/de\/wp-json\/wp\/v2\/media?parent=6021"}],"wp:term":[{"taxonomy":"product_brand","embeddable":true,"href":"https:\/\/www.absinthemarket.com\/de\/wp-json\/wp\/v2\/product_brand?post=6021"},{"taxonomy":"product_cat","embeddable":true,"href":"https:\/\/www.absinthemarket.com\/de\/wp-json\/wp\/v2\/product_cat?post=6021"},{"taxonomy":"product_tag","embeddable":true,"href":"https:\/\/www.absinthemarket.com\/de\/wp-json\/wp\/v2\/product_tag?post=6021"}],"curies":[{"name":"wp","href":"https:\/\/api.w.org\/{rel}","templated":true}]}}