{"id":5953,"date":"2020-08-07T17:10:25","date_gmt":"2020-08-07T15:10:25","guid":{"rendered":"https:\/\/www.absinthemarket.com\/produit\/la-devergondee-4cl\/"},"modified":"2023-12-17T14:16:06","modified_gmt":"2023-12-17T13:16:06","slug":"la-devergondee-4cl","status":"publish","type":"product","link":"https:\/\/www.absinthemarket.com\/de\/produkt\/la-devergondee-4cl\/","title":{"rendered":"Absinth La D\u00e9vergond\u00e9e 4cl"},"content":{"rendered":"<div class=\"wpb-content-wrapper\"><p>[vc_row content_placement=&#8220;top&#8220;][vc_column width=&#8220;1\/2&#8243;][vc_column_text text_larger=&#8220;no&#8220;]\u201eDer Wert steigt nicht unbedingt mit der Anzahl der Jahre\u201c, erkl\u00e4rt Corneille. Und La D\u00e9vergond\u00e9e (die Ausschweifende) wird dem nicht widersprechen. \u00c9milien Piaget ist einer der jungen Brenner, die eine Leidenschaft f\u00fcr Absinth entwickelt haben. Nach Abschluss seiner Ausbildung und Erwerb seines Alembiks, entwickelte er dieses tolle Rezept selbst, das sich durch seine Ausgewogenheit auszeichnet: Weder zu viel Anis noch zu wenig. Genau so bitter, wie er sein sollte, und begleitet von einer sch\u00f6nen Mischung pflanzlicher Aromen. Ungeschulte Gaumen werden verf\u00fchrt.<\/p>\n<p>Und warum dann dieser Name \u201eLa D\u00e9vergond\u00e9e\u201c (die Ausschweifende)? Ein Geistesblitz unter Freunden an einem Trinkabend, den sein Stiefvater auf seinem Etikett inszenierte. Seine Fee wacht \u00fcber eine Wermutpflanze in einem Dekor der f\u00fcr das Neuenburger Gebirge typischen Nadelb\u00e4ume.<\/p>\n<p>[\/vc_column_text][vc_column_text text_larger=&#8220;no&#8220; woodmart_inline=&#8220;no&#8220;]<\/p>\n<ul>\n<li>ANISLASTIG: <img decoding=\"async\" class=\"alignnone size-full wp-image-3156\" style=\"margin-top: -7px;\" src=\"https:\/\/www.absinthemarket.com\/wp-content\/uploads\/2020\/05\/3-stars.png\" alt=\"\" width=\"93\" height=\"17\" \/><\/li>\n<li>BITTERKEIT: <img decoding=\"async\" class=\"alignnone size-full wp-image-3156\" style=\"margin-top: -7px;\" src=\"https:\/\/www.absinthemarket.com\/wp-content\/uploads\/2020\/05\/3-stars.png\" alt=\"\" width=\"93\" height=\"17\" \/><\/li>\n<li>S\u00dcSSE: <img decoding=\"async\" class=\"alignnone size-full wp-image-3159\" style=\"margin-top: -7px;\" src=\"https:\/\/www.absinthemarket.com\/wp-content\/uploads\/2020\/05\/4-stars.png\" alt=\"\" width=\"93\" height=\"17\" \/><\/li>\n<li>PFLANZLICH (KR\u00c4UTERIG): <img decoding=\"async\" class=\"alignnone size-full wp-image-3156\" style=\"margin-top: -7px;\" src=\"https:\/\/www.absinthemarket.com\/wp-content\/uploads\/2020\/05\/3-stars.png\" alt=\"\" width=\"93\" height=\"17\" \/><\/li>\n<li>BLUMIG: <img decoding=\"async\" class=\"alignnone size-full wp-image-3150\" style=\"margin-top: -7px;\" src=\"https:\/\/www.absinthemarket.com\/wp-content\/uploads\/2020\/05\/1-star.png\" alt=\"\" width=\"93\" height=\"17\" \/><\/li>\n<li>KOMPLEXIT\u00c4T: <img decoding=\"async\" class=\"alignnone size-full wp-image-3156\" style=\"margin-top: -7px;\" src=\"https:\/\/www.absinthemarket.com\/wp-content\/uploads\/2020\/05\/3-stars.png\" alt=\"\" width=\"93\" height=\"17\" \/><\/li>\n<\/ul>\n<p>[\/vc_column_text][\/vc_column][vc_column width=&#8220;1\/2&#8243; css=&#8220;.vc_custom_1490694541710{padding-top: 0px !important;}&#8220;][vc_row_inner content_placement=&#8220;top&#8220;][vc_column_inner width=&#8220;1\/2&#8243; css=&#8220;.vc_custom_1490695008312{margin-bottom: 20px !important;}&#8220;]\t\t\t<div class=\"info-box-wrapper\">\n\t\t\t\t<div id=\"wd-60366644544b4\" class=\" wd-rs-60366644544b4 wd-info-box wd-wpb text-center box-icon-align-top box-style- color-scheme- wd-bg-none vc_custom_1614177865137\">\n\t\t\t\t\t\t\t\t\t\t\t<div class=\"box-icon-wrapper  box-with-icon box-icon-simple\">\n\t\t\t\t\t\t\t<div class=\"info-box-icon\">\n\t\t\t\t\t\t\t\t<img decoding=\"async\" width=\"90\" height=\"89\" src=\"https:\/\/www.absinthemarket.com\/wp-content\/uploads\/2020\/08\/icon-equilibree.png\" class=\"attachment-90x90 size-90x90\" alt=\"\u00c9quilibr\u00e9e\" \/>\t\t\t\t\t\t\t<\/div>\n\t\t\t\t\t\t<\/div>\n\t\t\t\t\t\t\t\t\t\t<div class=\"info-box-content\">\n\t\t\t\t\t\t<h3 class=\"info-box-title title box-title-style-default wd-fontsize-s\">AUSGEWOGEN<\/h3>\t\t\t\t\t\t<div class=\"info-box-inner reset-last-child\"><p>Eine sch\u00f6ne Ausgewogenheit der Aromen, die einen pr\u00e4zise dosierten Nektar ausmacht<\/p>\n<\/div>\n\n\t\t\t\t\t\t\t\t\t\t\t<\/div>\n\n\t\t\t\t\t\n\t\t\t\t\t\t\t\t\t<\/div>\n\t\t\t<\/div>\n\t\t[\/vc_column_inner][vc_column_inner width=&#8220;1\/2&#8243; css=&#8220;.vc_custom_1490695011353{margin-bottom: 20px !important;}&#8220;]\t\t\t<div class=\"info-box-wrapper\">\n\t\t\t\t<div id=\"wd-5fb3c827b3f7c\" class=\" wd-rs-5fb3c827b3f7c wd-info-box wd-wpb text-center box-icon-align-top box-style- color-scheme- wd-bg-none vc_custom_1605617864460\">\n\t\t\t\t\t\t\t\t\t\t\t<div class=\"box-icon-wrapper  box-with-icon box-icon-simple\">\n\t\t\t\t\t\t\t<div class=\"info-box-icon\">\n\t\t\t\t\t\t\t\t<img decoding=\"async\" width=\"90\" height=\"90\" src=\"https:\/\/www.absinthemarket.com\/wp-content\/uploads\/2020\/08\/icon-legere-90x90.png\" class=\"attachment-90x90 size-90x90\" alt=\"L\u00e9g\u00e8re\" \/>\t\t\t\t\t\t\t<\/div>\n\t\t\t\t\t\t<\/div>\n\t\t\t\t\t\t\t\t\t\t<div class=\"info-box-content\">\n\t\t\t\t\t\t<h3 class=\"info-box-title title box-title-style-default wd-fontsize-s\">LEICHT<\/h3>\t\t\t\t\t\t<div class=\"info-box-inner reset-last-child\"><p>Mit einem moderaten Alkoholgehalt ist er ein leichter und einfach abzuschmeckender Absinth<\/p>\n<\/div>\n\n\t\t\t\t\t\t\t\t\t\t\t<\/div>\n\n\t\t\t\t\t\n\t\t\t\t\t\t\t\t\t<\/div>\n\t\t\t<\/div>\n\t\t[\/vc_column_inner][vc_column_inner width=&#8220;1\/2&#8243; css=&#8220;.vc_custom_1490694847874{margin-bottom: 20px !important;}&#8220;]\t\t\t<div class=\"info-box-wrapper\">\n\t\t\t\t<div id=\"wd-6059ee247522b\" class=\" wd-rs-6059ee247522b wd-info-box wd-wpb text-center box-icon-align-top box-style- color-scheme- wd-bg-none vc_custom_1616506412231\">\n\t\t\t\t\t\t\t\t\t\t\t<div class=\"box-icon-wrapper  box-with-icon box-icon-simple\">\n\t\t\t\t\t\t\t<div class=\"info-box-icon\">\n\t\t\t\t\t\t\t\t<img decoding=\"async\" width=\"90\" height=\"90\" src=\"https:\/\/www.absinthemarket.com\/wp-content\/uploads\/2020\/05\/icon-speciale-debutants-90x90.png\" class=\"attachment-90x90 size-90x90\" alt=\"Sp\u00e9ciale d\u00e9butants\" \/>\t\t\t\t\t\t\t<\/div>\n\t\t\t\t\t\t<\/div>\n\t\t\t\t\t\t\t\t\t\t<div class=\"info-box-content\">\n\t\t\t\t\t\t<h3 class=\"info-box-title title box-title-style-default wd-fontsize-s\">ANF\u00c4NGER SPEZIAL<\/h3>\t\t\t\t\t\t<div class=\"info-box-inner reset-last-child\"><p>Ein idealer Absinth f\u00fcr ungeschulte Gaumen<\/p>\n<\/div>\n\n\t\t\t\t\t\t\t\t\t\t\t<\/div>\n\n\t\t\t\t\t\n\t\t\t\t\t\t\t\t\t<\/div>\n\t\t\t<\/div>\n\t\t[\/vc_column_inner][vc_column_inner width=&#8220;1\/2&#8243; css=&#8220;.vc_custom_1490694856753{margin-bottom: 20px !important;}&#8220;]\t\t\t<div class=\"info-box-wrapper\">\n\t\t\t\t<div id=\"wd-5fb3c8cb2f2ba\" class=\" wd-rs-5fb3c8cb2f2ba wd-info-box wd-wpb text-center box-icon-align-top box-style- color-scheme- wd-bg-none vc_custom_1605617893485\">\n\t\t\t\t\t\t\t\t\t\t\t<div class=\"box-icon-wrapper  box-with-icon box-icon-simple\">\n\t\t\t\t\t\t\t<div class=\"info-box-icon\">\n\t\t\t\t\t\t\t\t<img decoding=\"async\" width=\"90\" height=\"90\" src=\"https:\/\/www.absinthemarket.com\/wp-content\/uploads\/2020\/05\/icon-douce-90x90.png\" class=\"attachment-90x90 size-90x90\" alt=\"Douce\" \/>\t\t\t\t\t\t\t<\/div>\n\t\t\t\t\t\t<\/div>\n\t\t\t\t\t\t\t\t\t\t<div class=\"info-box-content\">\n\t\t\t\t\t\t<h3 class=\"info-box-title title box-title-style-default wd-fontsize-s\">MILD<\/h3>\t\t\t\t\t\t<div class=\"info-box-inner reset-last-child\"><p>Ein ganz milder, runder Absinth f\u00fcr alle Naschkatzen<\/p>\n<\/div>\n\n\t\t\t\t\t\t\t\t\t\t\t<\/div>\n\n\t\t\t\t\t\n\t\t\t\t\t\t\t\t\t<\/div>\n\t\t\t<\/div>\n\t\t[\/vc_column_inner][\/vc_row_inner][\/vc_column][\/vc_row]<\/p>\n<\/div>","protected":false},"excerpt":{"rendered":"<p>Perfekt ausbalanciert, ist dies ein Absinth, der, ohne falsche Note, Anis, Bitterkeit und pflanzliche Aromen miteinander vereint. Ideal f\u00fcr Einsteiger des Feengetr\u00e4nks.<\/p>\n<p>Brenner: <a href=\"https:\/\/www.absinthemarket.com\/de\/absinth-brennerei-sapiniere-emilien-piaget\/\">Distillerie de La Sapini\u00e8re, Emilien Piaget<\/a><br \/>\nAlkoholgehalt: 53 Vol.-%<br \/>\nInhalt: <a href=\"https:\/\/www.absinthemarket.com\/de\/produkt\/la-devergondee-70cl\/\">70cl<\/a>, <a href=\"https:\/\/www.absinthemarket.com\/de\/produkt\/la-devergondee-50cl\/\">50cl<\/a>, <a href=\"https:\/\/www.absinthemarket.com\/de\/produkt\/la-devergondee-35cl\/\">35cl<\/a>, <a href=\"https:\/\/www.absinthemarket.com\/de\/produkt\/la-devergondee-10cl\/\">10cl<\/a>, 4cl<\/p>\n","protected":false},"featured_media":4013,"comment_status":"open","ping_status":"closed","template":"","meta":[],"product_brand":[],"product_cat":[120],"product_tag":[],"class_list":{"0":"post-5953","1":"product","2":"type-product","3":"status-publish","4":"has-post-thumbnail","6":"product_cat-klare-absinthe","8":"first","9":"outofstock","10":"taxable","11":"shipping-taxable","12":"purchasable","13":"product-type-simple"},"_links":{"self":[{"href":"https:\/\/www.absinthemarket.com\/de\/wp-json\/wp\/v2\/product\/5953","targetHints":{"allow":["GET"]}}],"collection":[{"href":"https:\/\/www.absinthemarket.com\/de\/wp-json\/wp\/v2\/product"}],"about":[{"href":"https:\/\/www.absinthemarket.com\/de\/wp-json\/wp\/v2\/types\/product"}],"replies":[{"embeddable":true,"href":"https:\/\/www.absinthemarket.com\/de\/wp-json\/wp\/v2\/comments?post=5953"}],"wp:featuredmedia":[{"embeddable":true,"href":"https:\/\/www.absinthemarket.com\/de\/wp-json\/wp\/v2\/media\/4013"}],"wp:attachment":[{"href":"https:\/\/www.absinthemarket.com\/de\/wp-json\/wp\/v2\/media?parent=5953"}],"wp:term":[{"taxonomy":"product_brand","embeddable":true,"href":"https:\/\/www.absinthemarket.com\/de\/wp-json\/wp\/v2\/product_brand?post=5953"},{"taxonomy":"product_cat","embeddable":true,"href":"https:\/\/www.absinthemarket.com\/de\/wp-json\/wp\/v2\/product_cat?post=5953"},{"taxonomy":"product_tag","embeddable":true,"href":"https:\/\/www.absinthemarket.com\/de\/wp-json\/wp\/v2\/product_tag?post=5953"}],"curies":[{"name":"wp","href":"https:\/\/api.w.org\/{rel}","templated":true}]}}