{"id":5875,"date":"2020-06-06T10:46:52","date_gmt":"2020-06-06T08:46:52","guid":{"rendered":"https:\/\/www.absinthemarket.com\/produit\/le-chat-bovet-la-valote-100cl\/"},"modified":"2026-04-18T18:37:09","modified_gmt":"2026-04-18T16:37:09","slug":"le-chat-bovet-la-valote-100cl","status":"publish","type":"product","link":"https:\/\/www.absinthemarket.com\/de\/produkt\/le-chat-bovet-la-valote-100cl\/","title":{"rendered":"Absinth Le Chat 100cl"},"content":{"rendered":"<div class=\"wpb-content-wrapper\"><p>[vc_row content_placement=&#8220;top&#8220;][vc_column width=&#8220;1\/2&#8243;][vc_column_text text_larger=&#8220;no&#8220;]Hier ist das legend\u00e4re Rezept, das Willy Bovet im Verborgenen heimlich destilliert hat. Ein \u201eBleue\u201c, den er 1968 schuf. Es kombiniert elegant die S\u00fc\u00dfe von Lakritz, die Bitterkeit von Wermut und die Kr\u00e4uternoten von Pflanzen, von denen viele von der Brennerei selbst pestizidfrei angebaut werden.<\/p>\n<p>Auf der Flasche befindet sich das legend\u00e4re Etikett der Absinthe Belle-\u00e9poque Bourgeois, auf dem eine schwarze Katze aus einem Glas Absinth leckt. Nach lokaler Art neu interpretiert, wird Absinth Bourgeois zu Bovet und das Journal von Pontarlier zu dem des Val-de-Travers. Hervorragend.<\/p>\n<p>Goldmedaille Distisuisse 2013-2014[\/vc_column_text][vc_column_text text_larger=&#8220;no&#8220;]<\/p>\n<ul>\n<li>ANISLASTIG: <img decoding=\"async\" class=\"alignnone size-full wp-image-3156\" style=\"margin-top: -7px;\" src=\"https:\/\/www.absinthemarket.com\/wp-content\/uploads\/2020\/05\/3-stars.png\" alt=\"\" width=\"93\" height=\"17\" \/><\/li>\n<li>BITTERKEIT: <img decoding=\"async\" class=\"alignnone size-full wp-image-3156\" style=\"margin-top: -7px;\" src=\"https:\/\/www.absinthemarket.com\/wp-content\/uploads\/2020\/05\/3-stars.png\" alt=\"\" width=\"93\" height=\"17\" \/><\/li>\n<li>S\u00dcSSE: <img decoding=\"async\" class=\"alignnone size-full wp-image-3159\" style=\"margin-top: -7px;\" src=\"https:\/\/www.absinthemarket.com\/wp-content\/uploads\/2020\/05\/4-stars.png\" alt=\"\" width=\"93\" height=\"17\" \/><\/li>\n<li>PFLANZLICH (KR\u00c4UTERIG): <img decoding=\"async\" class=\"alignnone size-full wp-image-3156\" style=\"margin-top: -7px;\" src=\"https:\/\/www.absinthemarket.com\/wp-content\/uploads\/2020\/05\/3-stars.png\" alt=\"\" width=\"93\" height=\"17\" \/><\/li>\n<li>BLUMIG: <img decoding=\"async\" class=\"alignnone size-full wp-image-3153\" style=\"margin-top: -7px;\" src=\"https:\/\/www.absinthemarket.com\/wp-content\/uploads\/2020\/05\/2-stars.png\" alt=\"\" width=\"93\" height=\"17\" \/><\/li>\n<li>KOMPLEXIT\u00c4T: <img decoding=\"async\" class=\"alignnone size-full wp-image-3156\" style=\"margin-top: -7px;\" src=\"https:\/\/www.absinthemarket.com\/wp-content\/uploads\/2020\/05\/3-stars.png\" alt=\"\" width=\"93\" height=\"17\" \/><\/li>\n<li>TYPIZIT\u00c4T: S\u00fc\u00df, dominiert von Lakritz.<\/li>\n<\/ul>\n<p>[\/vc_column_text][\/vc_column][vc_column width=&#8220;1\/2&#8243; css=&#8220;.vc_custom_1490694541710{padding-top: 0px !important;}&#8220;][vc_row_inner content_placement=&#8220;top&#8220;][vc_column_inner width=&#8220;1\/2&#8243; css=&#8220;.vc_custom_1490695008312{margin-bottom: 20px !important;}&#8220;]\t\t\t<div class=\"info-box-wrapper\">\n\t\t\t\t<div id=\"wd-5edb5ea853978\" class=\" wd-rs-5edb5ea853978 wd-info-box wd-wpb text-center box-icon-align-top box-style- color-scheme- wd-bg-none vc_custom_1591434975197\">\n\t\t\t\t\t\t\t\t\t\t\t<div class=\"box-icon-wrapper  box-with-icon box-icon-simple\">\n\t\t\t\t\t\t\t<div class=\"info-box-icon\">\n\t\t\t\t\t\t\t\t<img decoding=\"async\" width=\"90\" height=\"90\" src=\"https:\/\/www.absinthemarket.com\/wp-content\/uploads\/2020\/06\/icon-primee-90x90.png\" class=\"attachment-90x90 size-90x90\" alt=\"Prim\u00e9e\" \/>\t\t\t\t\t\t\t<\/div>\n\t\t\t\t\t\t<\/div>\n\t\t\t\t\t\t\t\t\t\t<div class=\"info-box-content\">\n\t\t\t\t\t\t<h3 class=\"info-box-title title box-title-style-default wd-fontsize-s\">AUSGEZEICHNET<\/h3>\t\t\t\t\t\t<div class=\"info-box-inner reset-last-child\"><p>Ein au\u00dfergew\u00f6hnlicher Absinth, der von renommierten Jurys ausgezeichnet wurde<\/p>\n<p>\n<\/div>\n\n\t\t\t\t\t\t\t\t\t\t\t<\/div>\n\n\t\t\t\t\t\n\t\t\t\t\t\t\t\t\t<\/div>\n\t\t\t<\/div>\n\t\t[\/vc_column_inner][vc_column_inner width=&#8220;1\/2&#8243; css=&#8220;.vc_custom_1490695011353{margin-bottom: 20px !important;}&#8220;]\t\t\t<div class=\"info-box-wrapper\">\n\t\t\t\t<div id=\"wd-5eca3552a427c\" class=\" wd-rs-5eca3552a427c wd-info-box wd-wpb text-center box-icon-align-top box-style- color-scheme- wd-bg-none vc_custom_1590310241262\">\n\t\t\t\t\t\t\t\t\t\t\t<div class=\"box-icon-wrapper  box-with-icon box-icon-simple\">\n\t\t\t\t\t\t\t<div class=\"info-box-icon\">\n\t\t\t\t\t\t\t\t<img decoding=\"async\" width=\"90\" height=\"90\" src=\"https:\/\/www.absinthemarket.com\/wp-content\/uploads\/2020\/05\/icon-douce.png\" class=\"attachment-90x90 size-90x90\" alt=\"Douce\" \/>\t\t\t\t\t\t\t<\/div>\n\t\t\t\t\t\t<\/div>\n\t\t\t\t\t\t\t\t\t\t<div class=\"info-box-content\">\n\t\t\t\t\t\t<h3 class=\"info-box-title title box-title-style-default wd-fontsize-s\">MILD<\/h3>\t\t\t\t\t\t<div class=\"info-box-inner reset-last-child\"><p>Ein ganz milder, runder Absinth f\u00fcr alle Naschkatzen<\/p>\n<\/div>\n\n\t\t\t\t\t\t\t\t\t\t\t<\/div>\n\n\t\t\t\t\t\n\t\t\t\t\t\t\t\t\t<\/div>\n\t\t\t<\/div>\n\t\t[\/vc_column_inner][vc_column_inner width=&#8220;1\/2&#8243; css=&#8220;.vc_custom_1490694847874{margin-bottom: 20px !important;}&#8220;]\t\t\t<div class=\"info-box-wrapper\">\n\t\t\t\t<div id=\"wd-602e8735b86bd\" class=\" wd-rs-602e8735b86bd wd-info-box wd-wpb text-center box-icon-align-top box-style- color-scheme- wd-bg-none vc_custom_1613662010008\">\n\t\t\t\t\t\t\t\t\t\t\t<div class=\"box-icon-wrapper  box-with-icon box-icon-simple\">\n\t\t\t\t\t\t\t<div class=\"info-box-icon\">\n\t\t\t\t\t\t\t\t<img decoding=\"async\" width=\"90\" height=\"90\" src=\"https:\/\/www.absinthemarket.com\/wp-content\/uploads\/2020\/05\/icon-reglisse.png\" class=\"attachment-90x90 size-90x90\" alt=\"R\u00e9glisse\" \/>\t\t\t\t\t\t\t<\/div>\n\t\t\t\t\t\t<\/div>\n\t\t\t\t\t\t\t\t\t\t<div class=\"info-box-content\">\n\t\t\t\t\t\t<h3 class=\"info-box-title title box-title-style-default wd-fontsize-s\">LAKRITZE<\/h3>\t\t\t\t\t\t<div class=\"info-box-inner reset-last-child\"><p>Sehr s\u00fc\u00df, zart mit Lakritz versetzt&#8230; wie eine S\u00fc\u00dfigkeit<\/p>\n<\/div>\n\n\t\t\t\t\t\t\t\t\t\t\t<\/div>\n\n\t\t\t\t\t\n\t\t\t\t\t\t\t\t\t<\/div>\n\t\t\t<\/div>\n\t\t[\/vc_column_inner][vc_column_inner width=&#8220;1\/2&#8243; css=&#8220;.vc_custom_1490694856753{margin-bottom: 20px !important;}&#8220;]\t\t\t<div class=\"info-box-wrapper\">\n\t\t\t\t<div id=\"wd-5edb5ee6f0e1e\" class=\" wd-rs-5edb5ee6f0e1e wd-info-box wd-wpb text-center box-icon-align-top box-style- color-scheme- wd-bg-none vc_custom_1591435056848\">\n\t\t\t\t\t\t\t\t\t\t\t<div class=\"box-icon-wrapper  box-with-icon box-icon-simple\">\n\t\t\t\t\t\t\t<div class=\"info-box-icon\">\n\t\t\t\t\t\t\t\t<img decoding=\"async\" width=\"90\" height=\"90\" src=\"https:\/\/www.absinthemarket.com\/wp-content\/uploads\/2020\/05\/icon-plantelocale-90x90.png\" class=\"attachment-90x90 size-90x90\" alt=\"Locale\" \/>\t\t\t\t\t\t\t<\/div>\n\t\t\t\t\t\t<\/div>\n\t\t\t\t\t\t\t\t\t\t<div class=\"info-box-content\">\n\t\t\t\t\t\t<h3 class=\"info-box-title title box-title-style-default wd-fontsize-s\">LOKALER ABSINTH<\/h3>\t\t\t\t\t\t<div class=\"info-box-inner reset-last-child\"><p>Gebrannt aus der im Val-de-Travers angebauten Wermutpflanze<\/p>\n<\/div>\n\n\t\t\t\t\t\t\t\t\t\t\t<\/div>\n\n\t\t\t\t\t\n\t\t\t\t\t\t\t\t\t<\/div>\n\t\t\t<\/div>\n\t\t[\/vc_column_inner][\/vc_row_inner][\/vc_column][\/vc_row]<\/p>\n<\/div>","protected":false},"excerpt":{"rendered":"<p>Le Chat wurde von einem der ber\u00fchmtesten Schwarzbrenner des Tals hergestellt und hat die Prohibition \u00fcberdauert. Und auch wenn Willy verstorben ist, reproduziert seine Tochter Fran\u00e7oise diesen sehr s\u00fc\u00dfen und preisgekr\u00f6nten Nektar, der sich hinter einem alten Etikett bourgeoiser Absinthe verbirgt. Hervorragend!<\/p>\n<p>Brenner: <a href=\"https:\/\/www.absinthemarket.com\/de\/absinth-brennerei-bovet-la-valote\/\">Absinthe Bovet La Valote<\/a><br \/>\nAlkoholgehalt: 54 Vol.-%<br \/>\nInhalt: 100cl, <a href=\"https:\/\/www.absinthemarket.com\/de\/produkt\/le-chat-bovet-la-valote-50cl\/\">50cl<\/a>, <a href=\"https:\/\/www.absinthemarket.com\/de\/produkt\/le-chat-bovet-la-valote-10cl\/\">10cl<\/a>, <a href=\"https:\/\/www.absinthemarket.com\/de\/produkt\/le-chat-bovet-la-valote-4cl\/\">4cl<\/a><\/p>\n","protected":false},"featured_media":3773,"comment_status":"open","ping_status":"closed","template":"","meta":[],"product_brand":[],"product_cat":[120],"product_tag":[],"class_list":{"0":"post-5875","1":"product","2":"type-product","3":"status-publish","4":"has-post-thumbnail","6":"product_cat-klare-absinthe","8":"first","9":"instock","10":"taxable","11":"shipping-taxable","12":"purchasable","13":"product-type-simple"},"_links":{"self":[{"href":"https:\/\/www.absinthemarket.com\/de\/wp-json\/wp\/v2\/product\/5875","targetHints":{"allow":["GET"]}}],"collection":[{"href":"https:\/\/www.absinthemarket.com\/de\/wp-json\/wp\/v2\/product"}],"about":[{"href":"https:\/\/www.absinthemarket.com\/de\/wp-json\/wp\/v2\/types\/product"}],"replies":[{"embeddable":true,"href":"https:\/\/www.absinthemarket.com\/de\/wp-json\/wp\/v2\/comments?post=5875"}],"wp:featuredmedia":[{"embeddable":true,"href":"https:\/\/www.absinthemarket.com\/de\/wp-json\/wp\/v2\/media\/3773"}],"wp:attachment":[{"href":"https:\/\/www.absinthemarket.com\/de\/wp-json\/wp\/v2\/media?parent=5875"}],"wp:term":[{"taxonomy":"product_brand","embeddable":true,"href":"https:\/\/www.absinthemarket.com\/de\/wp-json\/wp\/v2\/product_brand?post=5875"},{"taxonomy":"product_cat","embeddable":true,"href":"https:\/\/www.absinthemarket.com\/de\/wp-json\/wp\/v2\/product_cat?post=5875"},{"taxonomy":"product_tag","embeddable":true,"href":"https:\/\/www.absinthemarket.com\/de\/wp-json\/wp\/v2\/product_tag?post=5875"}],"curies":[{"name":"wp","href":"https:\/\/api.w.org\/{rel}","templated":true}]}}