{"id":10607,"date":"2025-11-28T11:21:40","date_gmt":"2025-11-28T10:21:40","guid":{"rendered":"https:\/\/www.absinthemarket.com\/?post_type=product&#038;p=10607"},"modified":"2025-12-01T13:32:30","modified_gmt":"2025-12-01T12:32:30","slug":"absinthe-la-folle","status":"publish","type":"product","link":"https:\/\/www.absinthemarket.com\/de\/produkt\/absinthe-la-folle\/","title":{"rendered":"Absinth La Folle 70cl"},"content":{"rendered":"<div class=\"wpb-content-wrapper\"><p>[vc_row content_placement=&#8220;top&#8220;][vc_column width=&#8220;1\/2&#8243;][vc_column_text css=&#8220;&#8220; text_larger=&#8220;no&#8220; woodmart_inline=&#8220;no&#8220;]Kenner wissen es: Die \u201eFee\u201c ist anmutig, elegant \u2013 aber auch ein bisschen\u2026 verr\u00fcckt. Als spielerisches Nicken <a href=\"https:\/\/www.absinthemarket.com\/de\/absinth-verbot\/\">zum Verbot von 1910<\/a>, als der Absinth f\u00e4lschlicherweise f\u00fcr Wahnsinn verantwortlich gemacht wurde (die Wissenschaft hat das l\u00e4ngst widerlegt \u2013 mehr dazu in unserer Rubrik \u00ab<a href=\"https:\/\/www.absinthemarket.com\/de\/absinth-geschichte\/\">Geschichte<\/a>\u00bb), spielt dieser Absinth von Herv\u00e9 Beuret und Sylvie Jeanmairet bewusst mit den alten Klischees. Auf der Flasche tanzt eine komplett ausrastende Fee, eingeschn\u00fcrt in ihrer Zwangsjacke.<\/p>\n<p>Verr\u00fcckt? Ja! Voller Gew\u00fcrze, Kr\u00e4uter und Komplexit\u00e4t. Aber auch ausgewogen, weich und rund, mit einem sanften Nachhall von Lakritze \u2013 ohne \u00fcbertriebenen Anis.<\/p>\n<p>Eine \u201eFolle\u201c, die man gerne n\u00e4herkommen l\u00e4sst, bereit, mutige Gaumen und abenteuerlustige Geister zu verf\u00fchren. Denn wie Paul Boudreau sagte: \u00abEs sind die verr\u00fcckten Ideen, die die Welt bauen.\u00bb Und vielleicht auch ein bisschen die verr\u00fcckten Absinths\u2026[\/vc_column_text][vc_column_text css=&#8220;&#8220; text_larger=&#8220;no&#8220; woodmart_inline=&#8220;no&#8220;]<\/p>\n<ul>\n<li>ANISLASTIG: <img decoding=\"async\" class=\"alignnone size-full wp-image-3155\" style=\"margin-top: -7px;\" src=\"https:\/\/www.absinthemarket.com\/wp-content\/uploads\/2020\/05\/3-stars.png\" alt=\"\" width=\"93\" height=\"17\" \/><\/li>\n<li>BITTERKEIT: <img decoding=\"async\" class=\"alignnone size-full wp-image-3158\" style=\"margin-top: -7px;\" src=\"https:\/\/www.absinthemarket.com\/wp-content\/uploads\/2020\/05\/2-stars.png\" alt=\"\" width=\"93\" height=\"17\" \/><\/li>\n<li>S\u00dcSSE: <img decoding=\"async\" class=\"alignnone size-full wp-image-3149\" style=\"margin-top: -7px;\" src=\"https:\/\/www.absinthemarket.com\/wp-content\/uploads\/2020\/05\/3-stars.png\" alt=\"\" width=\"93\" height=\"17\" \/><\/li>\n<li>PFLANZLICH (KR\u00c4UTERIG): <img decoding=\"async\" class=\"alignnone size-full wp-image-3158\" style=\"margin-top: -7px;\" src=\"https:\/\/www.absinthemarket.com\/wp-content\/uploads\/2020\/05\/4-stars.png\" alt=\"\" width=\"93\" height=\"17\" \/><\/li>\n<li>BLUMIG: <img decoding=\"async\" class=\"alignnone size-full wp-image-3149\" style=\"margin-top: -7px;\" src=\"https:\/\/www.absinthemarket.com\/wp-content\/uploads\/2020\/05\/2-stars.png\" alt=\"\" width=\"93\" height=\"17\" \/><\/li>\n<li>KOMPLEXIT\u00c4T: <img decoding=\"async\" class=\"alignnone size-full wp-image-3152\" style=\"margin-top: -7px;\" src=\"https:\/\/www.absinthemarket.com\/wp-content\/uploads\/2020\/05\/4-stars.png\" alt=\"\" width=\"93\" height=\"17\" \/><\/li>\n<\/ul>\n<p>[\/vc_column_text][\/vc_column][vc_column width=&#8220;1\/2&#8243; css=&#8220;.vc_custom_1490694541710{padding-top: 0px !important;}&#8220;][vc_row_inner content_placement=&#8220;top&#8220;][vc_column_inner width=&#8220;1\/2&#8243; css=&#8220;.vc_custom_1490695008312{margin-bottom: 20px !important;}&#8220;]\t\t\t<div class=\"info-box-wrapper\">\n\t\t\t\t<div id=\"wd-692d838ea2aad\" class=\" wd-rs-692d838ea2aad wd-info-box wd-wpb text-center box-icon-align-top box-style- color-scheme- wd-bg-none vc_custom_1764590490184\">\n\t\t\t\t\t\t\t\t\t\t\t<div class=\"box-icon-wrapper  box-with-icon box-icon-simple\">\n\t\t\t\t\t\t\t<div class=\"info-box-icon\">\n\t\t\t\t\t\t\t\t<img decoding=\"async\" width=\"90\" height=\"90\" src=\"https:\/\/www.absinthemarket.com\/wp-content\/uploads\/2020\/05\/icon-herbacee-90x90.png\" class=\"attachment-90x90 size-90x90\" alt=\"V\u00e9g\u00e9tale\" \/>\t\t\t\t\t\t\t<\/div>\n\t\t\t\t\t\t<\/div>\n\t\t\t\t\t\t\t\t\t\t<div class=\"info-box-content\">\n\t\t\t\t\t\t<h3 class=\"info-box-title title box-title-style-default wd-fontsize-s\">PFLANZLICH<\/h3>\t\t\t\t\t\t<div class=\"info-box-inner reset-last-child\"><p>Dominanz der in aromatischen Pflanzen enthaltenen Kr\u00e4uteraromen<\/p>\n<\/div>\n\n\t\t\t\t\t\t\t\t\t\t\t<\/div>\n\n\t\t\t\t\t\n\t\t\t\t\t\t\t\t\t<\/div>\n\t\t\t<\/div>\n\t\t[\/vc_column_inner][vc_column_inner width=&#8220;1\/2&#8243; css=&#8220;.vc_custom_1490695011353{margin-bottom: 20px !important;}&#8220;]\t\t\t<div class=\"info-box-wrapper\">\n\t\t\t\t<div id=\"wd-692d83ab67d51\" class=\" wd-rs-692d83ab67d51 wd-info-box wd-wpb text-center box-icon-align-top box-style- color-scheme- wd-bg-none vc_custom_1764590520189\">\n\t\t\t\t\t\t\t\t\t\t\t<div class=\"box-icon-wrapper  box-with-icon box-icon-simple\">\n\t\t\t\t\t\t\t<div class=\"info-box-icon\">\n\t\t\t\t\t\t\t\t<img decoding=\"async\" width=\"90\" height=\"90\" src=\"https:\/\/www.absinthemarket.com\/wp-content\/uploads\/2020\/05\/icon-complexe-90x90.png\" class=\"attachment-90x90 size-90x90\" alt=\"Complexe\" \/>\t\t\t\t\t\t\t<\/div>\n\t\t\t\t\t\t<\/div>\n\t\t\t\t\t\t\t\t\t\t<div class=\"info-box-content\">\n\t\t\t\t\t\t<h3 class=\"info-box-title title box-title-style-default wd-fontsize-s\">KOMPLEX<\/h3>\t\t\t\t\t\t<div class=\"info-box-inner reset-last-child\"><p>Komplexe Aromen aus einer gro\u00dfen Vielfalt destillierter Pflanzen<\/p>\n<\/div>\n\n\t\t\t\t\t\t\t\t\t\t\t<\/div>\n\n\t\t\t\t\t\n\t\t\t\t\t\t\t\t\t<\/div>\n\t\t\t<\/div>\n\t\t[\/vc_column_inner][vc_column_inner width=&#8220;1\/2&#8243; css=&#8220;.vc_custom_1490694847874{margin-bottom: 20px !important;}&#8220;]\t\t\t<div class=\"info-box-wrapper\">\n\t\t\t\t<div id=\"wd-692d83c912fac\" class=\" wd-rs-692d83c912fac wd-info-box wd-wpb text-center box-icon-align-top box-style- color-scheme- wd-bg-none vc_custom_1764590550774\">\n\t\t\t\t\t\t\t\t\t\t\t<div class=\"box-icon-wrapper  box-with-icon box-icon-simple\">\n\t\t\t\t\t\t\t<div class=\"info-box-icon\">\n\t\t\t\t\t\t\t\t<img decoding=\"async\" width=\"90\" height=\"90\" src=\"https:\/\/www.absinthemarket.com\/wp-content\/uploads\/2020\/06\/icon-primee-90x90.png\" class=\"attachment-90x90 size-90x90\" alt=\"Prim\u00e9e\" \/>\t\t\t\t\t\t\t<\/div>\n\t\t\t\t\t\t<\/div>\n\t\t\t\t\t\t\t\t\t\t<div class=\"info-box-content\">\n\t\t\t\t\t\t<h3 class=\"info-box-title title box-title-style-default wd-fontsize-s\">AUSGEZEICHNET<\/h3>\t\t\t\t\t\t<div class=\"info-box-inner reset-last-child\"><p>Ein au\u00dfergew\u00f6hnlicher Absinth, der von renommierten Jurys ausgezeichnet wurde<\/p>\n<\/div>\n\n\t\t\t\t\t\t\t\t\t\t\t<\/div>\n\n\t\t\t\t\t\n\t\t\t\t\t\t\t\t\t<\/div>\n\t\t\t<\/div>\n\t\t[\/vc_column_inner][vc_column_inner width=&#8220;1\/2&#8243; css=&#8220;.vc_custom_1490694856753{margin-bottom: 20px !important;}&#8220;]\t\t\t<div class=\"info-box-wrapper\">\n\t\t\t\t<div id=\"wd-692d83e7929de\" class=\" wd-rs-692d83e7929de wd-info-box wd-wpb text-center box-icon-align-top box-style- color-scheme- wd-bg-none vc_custom_1764590579191\">\n\t\t\t\t\t\t\t\t\t\t\t<div class=\"box-icon-wrapper  box-with-icon box-icon-simple\">\n\t\t\t\t\t\t\t<div class=\"info-box-icon\">\n\t\t\t\t\t\t\t\t<img decoding=\"async\" width=\"90\" height=\"90\" src=\"https:\/\/www.absinthemarket.com\/wp-content\/uploads\/2020\/06\/icon-piquante-90x90.png\" class=\"attachment-90x90 size-90x90\" alt=\"Piquante\" \/>\t\t\t\t\t\t\t<\/div>\n\t\t\t\t\t\t<\/div>\n\t\t\t\t\t\t\t\t\t\t<div class=\"info-box-content\">\n\t\t\t\t\t\t<h3 class=\"info-box-title title box-title-style-default wd-fontsize-s\">W\u00dcRZIG<\/h3>\t\t\t\t\t\t<div class=\"info-box-inner reset-last-child\"><p>Ein Absinth mit kr\u00e4uteriger, angenehm w\u00fcrziger Note<\/p>\n<\/div>\n\n\t\t\t\t\t\t\t\t\t\t\t<\/div>\n\n\t\t\t\t\t\n\t\t\t\t\t\t\t\t\t<\/div>\n\t\t\t<\/div>\n\t\t[\/vc_column_inner][\/vc_row_inner][\/vc_column][\/vc_row]<\/p>\n<\/div>","protected":false},"excerpt":{"rendered":"<p>Entdecken Sie einen verr\u00fcckten weissen Absinth \u2013 ein augenzwinkernder Verweis auf das Absinthverbot von 1910, als man der Gr\u00fcnen Fee nachsagte, sie mache wahnsinnig. \u201eLa Folle\u201c ist vor allem eine Hommage an die urspr\u00fcnglichen, ausgewogenen, runden Absinths\u2026 mit einem kleinen w\u00fcrzig-kr\u00e4uterigen Twist, der den Unterschied macht.<\/p>\n<p>Brenner: <a href=\"https:\/\/www.absinthemarket.com\/de\/herve-beuret-sylvie-jeanmairet\/\">Herv\u00e9 Beuret und Sylvie Jeanmairet<\/a><br \/>\nAlkoholgehalt: 54 Vol.-%<br \/>\nInhalt: 70cl<\/p>\n","protected":false},"featured_media":10612,"comment_status":"open","ping_status":"closed","template":"","meta":[],"product_brand":[],"product_cat":[120],"product_tag":[],"class_list":{"0":"post-10607","1":"product","2":"type-product","3":"status-publish","4":"has-post-thumbnail","6":"product_cat-klare-absinthe","8":"first","9":"instock","10":"taxable","11":"shipping-taxable","12":"purchasable","13":"product-type-simple"},"_links":{"self":[{"href":"https:\/\/www.absinthemarket.com\/de\/wp-json\/wp\/v2\/product\/10607","targetHints":{"allow":["GET"]}}],"collection":[{"href":"https:\/\/www.absinthemarket.com\/de\/wp-json\/wp\/v2\/product"}],"about":[{"href":"https:\/\/www.absinthemarket.com\/de\/wp-json\/wp\/v2\/types\/product"}],"replies":[{"embeddable":true,"href":"https:\/\/www.absinthemarket.com\/de\/wp-json\/wp\/v2\/comments?post=10607"}],"wp:featuredmedia":[{"embeddable":true,"href":"https:\/\/www.absinthemarket.com\/de\/wp-json\/wp\/v2\/media\/10612"}],"wp:attachment":[{"href":"https:\/\/www.absinthemarket.com\/de\/wp-json\/wp\/v2\/media?parent=10607"}],"wp:term":[{"taxonomy":"product_brand","embeddable":true,"href":"https:\/\/www.absinthemarket.com\/de\/wp-json\/wp\/v2\/product_brand?post=10607"},{"taxonomy":"product_cat","embeddable":true,"href":"https:\/\/www.absinthemarket.com\/de\/wp-json\/wp\/v2\/product_cat?post=10607"},{"taxonomy":"product_tag","embeddable":true,"href":"https:\/\/www.absinthemarket.com\/de\/wp-json\/wp\/v2\/product_tag?post=10607"}],"curies":[{"name":"wp","href":"https:\/\/api.w.org\/{rel}","templated":true}]}}