{"id":10577,"date":"2025-11-27T11:56:06","date_gmt":"2025-11-27T10:56:06","guid":{"rendered":"https:\/\/www.absinthemarket.com\/?post_type=product&#038;p=10577"},"modified":"2026-03-02T22:00:56","modified_gmt":"2026-03-02T21:00:56","slug":"pandore-zimtlikoer-absinth-20cl","status":"publish","type":"product","link":"https:\/\/www.absinthemarket.com\/de\/produkt\/pandore-zimtlikoer-absinth-20cl\/","title":{"rendered":"Pandore Zimtlik\u00f6r mit Absinth 20cl"},"content":{"rendered":"<div class=\"wpb-content-wrapper\"><p>[vc_row content_placement=&#8220;top&#8220;][vc_column width=&#8220;1\/2&#8243;][vc_column_text css=&#8220;&#8220; text_larger=&#8220;no&#8220; woodmart_inline=&#8220;no&#8220;]\u00d6ffnen Sie die B\u00fcchse der Pandore und lassen Sie sich \u00fcberraschen: ein Lik\u00f6r, in dem der Absinth mit w\u00fcrzigen, warmen Noten durchzogen ist. Zimt, Nelken, Koriandersamen \u2013 ein aromatischer \u201eShot\u201c, der wirklich mit nichts anderem vergleichbar ist.<\/p>\n<p>Der Pandore-Lik\u00f6r schmeckt pur ausgezeichnet, ideal als Abschluss eines Essens (gerne auch zusammen mit dem Kaffee \u2013 oder leicht darin verd\u00fcnnt). Er l\u00e4sst sich aber auch mit einem Hauch Wasser abrunden, wodurch sich die anisigen Aromen des Absinths noch deutlicher entfalten.<\/p>\n<p>Eine originelle Kreation der jungen Destillerie Stillerie \u2013 eines fr\u00f6hlichen Genfer Trios im Val-de-Travers, das der uralten Absinthtradition einen frischen, modernen Twist verleiht.[\/vc_column_text][\/vc_column][\/vc_row]<\/p>\n<\/div>","protected":false},"excerpt":{"rendered":"<p>Dieser Lik\u00f6r verbindet Absinth mit Zimt, Nelken und Koriandersamen. Ein kleines, sanftes Digestif-Bonbon, das sich auch leicht verd\u00fcnnt trinken l\u00e4sst \u2013 damit die Gr\u00fcne Fee sich voll entfalten kann.<\/p>\n<p>Brenner: <a href=\"https:\/\/www.absinthemarket.com\/de\/destillerie-stillerie\/\">Destillerie Stillerie<\/a><br \/>\nAlkoholgehalt: 42 Vol.-%<br \/>\nInhalt: <a href=\"https:\/\/www.absinthemarket.com\/de\/pandore-zimtlikoer-absinth\/\">50cl<\/a>, 20cl<\/p>\n","protected":false},"featured_media":10572,"comment_status":"open","ping_status":"closed","template":"","meta":[],"product_brand":[],"product_cat":[127],"product_tag":[],"class_list":{"0":"post-10577","1":"product","2":"type-product","3":"status-publish","4":"has-post-thumbnail","6":"product_cat-feinkost-delikatessen","8":"first","9":"instock","10":"taxable","11":"shipping-taxable","12":"purchasable","13":"product-type-simple"},"_links":{"self":[{"href":"https:\/\/www.absinthemarket.com\/de\/wp-json\/wp\/v2\/product\/10577","targetHints":{"allow":["GET"]}}],"collection":[{"href":"https:\/\/www.absinthemarket.com\/de\/wp-json\/wp\/v2\/product"}],"about":[{"href":"https:\/\/www.absinthemarket.com\/de\/wp-json\/wp\/v2\/types\/product"}],"replies":[{"embeddable":true,"href":"https:\/\/www.absinthemarket.com\/de\/wp-json\/wp\/v2\/comments?post=10577"}],"wp:featuredmedia":[{"embeddable":true,"href":"https:\/\/www.absinthemarket.com\/de\/wp-json\/wp\/v2\/media\/10572"}],"wp:attachment":[{"href":"https:\/\/www.absinthemarket.com\/de\/wp-json\/wp\/v2\/media?parent=10577"}],"wp:term":[{"taxonomy":"product_brand","embeddable":true,"href":"https:\/\/www.absinthemarket.com\/de\/wp-json\/wp\/v2\/product_brand?post=10577"},{"taxonomy":"product_cat","embeddable":true,"href":"https:\/\/www.absinthemarket.com\/de\/wp-json\/wp\/v2\/product_cat?post=10577"},{"taxonomy":"product_tag","embeddable":true,"href":"https:\/\/www.absinthemarket.com\/de\/wp-json\/wp\/v2\/product_tag?post=10577"}],"curies":[{"name":"wp","href":"https:\/\/api.w.org\/{rel}","templated":true}]}}