{"id":10564,"date":"2025-11-27T09:58:25","date_gmt":"2025-11-27T08:58:25","guid":{"rendered":"https:\/\/www.absinthemarket.com\/?post_type=product&#038;p=10564"},"modified":"2026-03-02T22:00:56","modified_gmt":"2026-03-02T21:00:56","slug":"absinthe-baba-yaga","status":"publish","type":"product","link":"https:\/\/www.absinthemarket.com\/de\/produkt\/absinthe-baba-yaga\/","title":{"rendered":"Absinth Baba Yaga 50cl"},"content":{"rendered":"<div class=\"wpb-content-wrapper\"><p>[vc_row content_placement=&#8220;top&#8220;][vc_column width=&#8220;1\/2&#8243;][vc_column_text css=&#8220;&#8220; text_larger=&#8220;no&#8220; woodmart_inline=&#8220;no&#8220;]Bereit f\u00fcr eine Geschmacksb\u00f6e? Anschnallen, denn diese gr\u00fcne Baba Yaga sprengt alle Grenzen: 82\u00b0 Alkoholgehalt, ein absoluter Rekord, den man mit Respekt geniessen sollte. Wie unsere Experten sagen: \u00abTrinkt man einen, folgt oft ein zweiter.\u00bb Sie sind gewarnt.<\/p>\n<p>Und was erz\u00e4hlt dieser \u00fcberm\u00e4chtige Absinth?<\/p>\n<p>Zuerst die Nase: ungew\u00f6hnlich und erdig, fast irritierend, gepr\u00e4gt von Baldrian und Weissdorn.<\/p>\n<p>Dann der Louche: einige Tropfen, damit es \u201eeinsitzt\u201c, und ein kr\u00e4ftigerer Wasserstrahl, um eine zur\u00fcckhaltende Opaleszenz zu entdecken \u2013 der hohe Alkoholgehalt l\u00e4sst gr\u00fcssen.<\/p>\n<p>Sein Kleid: ein sehr leuchtendes Gr\u00fcn, klar und intensiv.<\/p>\n<p>Und der Geschmack? \u00abExtrem \u00fcberraschend\u00bb, meinen die Spezialisten von AbsintheMarket. Stark zitronige Aromen und eine erstaunliche Frische \u2013 trotz der 82 Grad. \u00abUnbedingt testen, wenn man etwas ganz anderes sucht.\u00bb Sie auch?[\/vc_column_text][vc_column_text css=&#8220;&#8220; text_larger=&#8220;no&#8220; woodmart_inline=&#8220;no&#8220;]<\/p>\n<ul>\n<li style=\"list-style-type: none;\">\n<ul>\n<li>ANISLASTIG: <img decoding=\"async\" class=\"alignnone size-full wp-image-3155\" style=\"margin-top: -7px;\" src=\"https:\/\/www.absinthemarket.com\/wp-content\/uploads\/2020\/05\/2-stars.png\" alt=\"\" width=\"93\" height=\"17\" \/><\/li>\n<li>BITTERKEIT: <img decoding=\"async\" class=\"alignnone size-full wp-image-3158\" style=\"margin-top: -7px;\" src=\"https:\/\/www.absinthemarket.com\/wp-content\/uploads\/2020\/05\/2-stars.png\" alt=\"\" width=\"93\" height=\"17\" \/><\/li>\n<li>S\u00dcSSE: <img decoding=\"async\" class=\"alignnone size-full wp-image-3149\" style=\"margin-top: -7px;\" src=\"https:\/\/www.absinthemarket.com\/wp-content\/uploads\/2020\/05\/2-stars.png\" alt=\"\" width=\"93\" height=\"17\" \/><\/li>\n<li>PFLANZLICH (KR\u00c4UTERIG): <img decoding=\"async\" class=\"alignnone size-full wp-image-3158\" style=\"margin-top: -7px;\" src=\"https:\/\/www.absinthemarket.com\/wp-content\/uploads\/2020\/05\/5-stars.png\" alt=\"\" width=\"93\" height=\"17\" \/><\/li>\n<li>BLUMIG: <img decoding=\"async\" class=\"alignnone size-full wp-image-3149\" style=\"margin-top: -7px;\" src=\"https:\/\/www.absinthemarket.com\/wp-content\/uploads\/2020\/05\/1-star.png\" alt=\"\" width=\"93\" height=\"17\" \/><\/li>\n<li>KOMPLEXIT\u00c4T: <img decoding=\"async\" class=\"alignnone size-full wp-image-3152\" style=\"margin-top: -7px;\" src=\"https:\/\/www.absinthemarket.com\/wp-content\/uploads\/2020\/05\/5-stars.png\" alt=\"\" width=\"93\" height=\"17\" \/><\/li>\n<li>TYPIZIT\u00c4T: H\u00f6chster Alkoholgehalt unserer Auswahl<\/li>\n<\/ul>\n<\/li>\n<\/ul>\n<p>[\/vc_column_text][\/vc_column][vc_column width=&#8220;1\/2&#8243; css=&#8220;.vc_custom_1490694541710{padding-top: 0px !important;}&#8220;][vc_row_inner content_placement=&#8220;top&#8220;][vc_column_inner width=&#8220;1\/2&#8243; css=&#8220;.vc_custom_1490695008312{margin-bottom: 20px !important;}&#8220;]\t\t\t<div class=\"info-box-wrapper\">\n\t\t\t\t<div id=\"wd-692862411f974\" class=\" wd-rs-692862411f974 wd-info-box wd-wpb text-center box-icon-align-top box-style- color-scheme- wd-bg-none vc_custom_1764254284775\">\n\t\t\t\t\t\t\t\t\t\t\t<div class=\"box-icon-wrapper  box-with-icon box-icon-simple\">\n\t\t\t\t\t\t\t<div class=\"info-box-icon\">\n\t\t\t\t\t\t\t\t<img decoding=\"async\" width=\"90\" height=\"90\" src=\"https:\/\/www.absinthemarket.com\/wp-content\/uploads\/2020\/05\/icon-verte-90x90.png\" class=\"attachment-90x90 size-90x90\" alt=\"Verte\" \/>\t\t\t\t\t\t\t<\/div>\n\t\t\t\t\t\t<\/div>\n\t\t\t\t\t\t\t\t\t\t<div class=\"info-box-content\">\n\t\t\t\t\t\t<h3 class=\"info-box-title title box-title-style-default wd-fontsize-s\">GR\u00dcN<\/h3>\t\t\t\t\t\t<div class=\"info-box-inner reset-last-child\"><p>Die gr\u00fcne Farbe dieses Absinths wird auf nat\u00fcrliche Weise durch Mazeration von Pflanzen erhalten<\/p>\n<\/div>\n\n\t\t\t\t\t\t\t\t\t\t\t<\/div>\n\n\t\t\t\t\t\n\t\t\t\t\t\t\t\t\t<\/div>\n\t\t\t<\/div>\n\t\t[\/vc_column_inner][vc_column_inner width=&#8220;1\/2&#8243; css=&#8220;.vc_custom_1490695011353{margin-bottom: 20px !important;}&#8220;]\t\t\t<div class=\"info-box-wrapper\">\n\t\t\t\t<div id=\"wd-69286250d2581\" class=\" wd-rs-69286250d2581 wd-info-box wd-wpb text-center box-icon-align-top box-style- color-scheme- wd-bg-none vc_custom_1764254299089\">\n\t\t\t\t\t\t\t\t\t\t\t<div class=\"box-icon-wrapper  box-with-icon box-icon-simple\">\n\t\t\t\t\t\t\t<div class=\"info-box-icon\">\n\t\t\t\t\t\t\t\t<img decoding=\"async\" width=\"90\" height=\"90\" src=\"https:\/\/www.absinthemarket.com\/wp-content\/uploads\/2020\/05\/icon-agrumes.png\" class=\"attachment-90x90 size-90x90\" alt=\"Notes d&#039;agrumes\" \/>\t\t\t\t\t\t\t<\/div>\n\t\t\t\t\t\t<\/div>\n\t\t\t\t\t\t\t\t\t\t<div class=\"info-box-content\">\n\t\t\t\t\t\t<h3 class=\"info-box-title title box-title-style-default wd-fontsize-s\">ZITRUSNOTEN<\/h3>\t\t\t\t\t\t<div class=\"info-box-inner reset-last-child\"><p>Eine Note von Zesten, um den Absinth zu entfalten<\/p>\n<\/div>\n\n\t\t\t\t\t\t\t\t\t\t\t<\/div>\n\n\t\t\t\t\t\n\t\t\t\t\t\t\t\t\t<\/div>\n\t\t\t<\/div>\n\t\t[\/vc_column_inner][vc_column_inner width=&#8220;1\/2&#8243; css=&#8220;.vc_custom_1490694847874{margin-bottom: 20px !important;}&#8220;]\t\t\t<div class=\"info-box-wrapper\">\n\t\t\t\t<div id=\"wd-6928626cc6215\" class=\" wd-rs-6928626cc6215 wd-info-box wd-wpb text-center box-icon-align-top box-style- color-scheme- wd-bg-none vc_custom_1764254327329\">\n\t\t\t\t\t\t\t\t\t\t\t<div class=\"box-icon-wrapper  box-with-icon box-icon-simple\">\n\t\t\t\t\t\t\t<div class=\"info-box-icon\">\n\t\t\t\t\t\t\t\t<img decoding=\"async\" width=\"90\" height=\"90\" src=\"https:\/\/www.absinthemarket.com\/wp-content\/uploads\/2020\/06\/icon-forte-90x90.png\" class=\"attachment-90x90 size-90x90\" alt=\"Forte\" \/>\t\t\t\t\t\t\t<\/div>\n\t\t\t\t\t\t<\/div>\n\t\t\t\t\t\t\t\t\t\t<div class=\"info-box-content\">\n\t\t\t\t\t\t<h3 class=\"info-box-title title box-title-style-default wd-fontsize-s\">STARK<\/h3>\t\t\t\t\t\t<div class=\"info-box-inner reset-last-child\"><p>Dieser Absinth ist einer der alkoholst\u00e4rksten in unserem Sortiment<\/p>\n<\/div>\n\n\t\t\t\t\t\t\t\t\t\t\t<\/div>\n\n\t\t\t\t\t\n\t\t\t\t\t\t\t\t\t<\/div>\n\t\t\t<\/div>\n\t\t[\/vc_column_inner][vc_column_inner width=&#8220;1\/2&#8243; css=&#8220;.vc_custom_1490694856753{margin-bottom: 20px !important;}&#8220;]\t\t\t<div class=\"info-box-wrapper\">\n\t\t\t\t<div id=\"wd-6928625e5910e\" class=\" wd-rs-6928625e5910e wd-info-box wd-wpb text-center box-icon-align-top box-style- color-scheme- wd-bg-none vc_custom_1764254314823\">\n\t\t\t\t\t\t\t\t\t\t\t<div class=\"box-icon-wrapper  box-with-icon box-icon-simple\">\n\t\t\t\t\t\t\t<div class=\"info-box-icon\">\n\t\t\t\t\t\t\t\t<img decoding=\"async\" width=\"90\" height=\"90\" src=\"https:\/\/www.absinthemarket.com\/wp-content\/uploads\/2020\/05\/icon-fraiche.png\" class=\"attachment-90x90 size-90x90\" alt=\"Fra\u00eeche\" \/>\t\t\t\t\t\t\t<\/div>\n\t\t\t\t\t\t<\/div>\n\t\t\t\t\t\t\t\t\t\t<div class=\"info-box-content\">\n\t\t\t\t\t\t<h3 class=\"info-box-title title box-title-style-default wd-fontsize-s\">FRISCH<\/h3>\t\t\t\t\t\t<div class=\"info-box-inner reset-last-child\"><p>Ein frischer Absinth wie in Eisw\u00fcrfeln gebadet<\/p>\n<\/div>\n\n\t\t\t\t\t\t\t\t\t\t\t<\/div>\n\n\t\t\t\t\t\n\t\t\t\t\t\t\t\t\t<\/div>\n\t\t\t<\/div>\n\t\t[\/vc_column_inner][\/vc_row_inner][\/vc_column][\/vc_row]<\/p>\n<\/div>","protected":false},"excerpt":{"rendered":"<p>82\u00b0! Ja, Sie haben richtig gelesen! Kein Absinth im ganzen Val-de-Travers hat mehr Umdrehungen. Ein echter Donnerschlag, der \u00fcberrascht. Mit zitrusbetonten Aromen und einer verbl\u00fcffenden Frische. Verd\u00fcnnt trinken \u2013 oder als Digestif, nur leicht mit ein paar Tropfen Wasser gez\u00e4hmt.<\/p>\n<p>Brenner: <a href=\"https:\/\/www.absinthemarket.com\/de\/destillerie-stillerie\/\">Destillerie Stillerie<\/a><br \/>\nAlkoholgehalt: 82 Vol.-%<br \/>\nInhalt: 50cl<\/p>\n","protected":false},"featured_media":10567,"comment_status":"open","ping_status":"closed","template":"","meta":[],"product_brand":[],"product_cat":[122],"product_tag":[],"class_list":{"0":"post-10564","1":"product","2":"type-product","3":"status-publish","4":"has-post-thumbnail","6":"product_cat-gruene-absinthe","8":"first","9":"instock","10":"taxable","11":"shipping-taxable","12":"purchasable","13":"product-type-simple"},"_links":{"self":[{"href":"https:\/\/www.absinthemarket.com\/de\/wp-json\/wp\/v2\/product\/10564","targetHints":{"allow":["GET"]}}],"collection":[{"href":"https:\/\/www.absinthemarket.com\/de\/wp-json\/wp\/v2\/product"}],"about":[{"href":"https:\/\/www.absinthemarket.com\/de\/wp-json\/wp\/v2\/types\/product"}],"replies":[{"embeddable":true,"href":"https:\/\/www.absinthemarket.com\/de\/wp-json\/wp\/v2\/comments?post=10564"}],"wp:featuredmedia":[{"embeddable":true,"href":"https:\/\/www.absinthemarket.com\/de\/wp-json\/wp\/v2\/media\/10567"}],"wp:attachment":[{"href":"https:\/\/www.absinthemarket.com\/de\/wp-json\/wp\/v2\/media?parent=10564"}],"wp:term":[{"taxonomy":"product_brand","embeddable":true,"href":"https:\/\/www.absinthemarket.com\/de\/wp-json\/wp\/v2\/product_brand?post=10564"},{"taxonomy":"product_cat","embeddable":true,"href":"https:\/\/www.absinthemarket.com\/de\/wp-json\/wp\/v2\/product_cat?post=10564"},{"taxonomy":"product_tag","embeddable":true,"href":"https:\/\/www.absinthemarket.com\/de\/wp-json\/wp\/v2\/product_tag?post=10564"}],"curies":[{"name":"wp","href":"https:\/\/api.w.org\/{rel}","templated":true}]}}