{"id":6903,"date":"2021-06-16T12:24:56","date_gmt":"2021-06-16T10:24:56","guid":{"rendered":"https:\/\/www.absinthemarket.com\/?page_id=6903"},"modified":"2021-06-30T13:35:05","modified_gmt":"2021-06-30T11:35:05","slug":"medien","status":"publish","type":"page","link":"https:\/\/www.absinthemarket.com\/de\/medien\/","title":{"rendered":"Medien"},"content":{"rendered":"<div class=\"wpb-content-wrapper\"><p>[vc_row][vc_column]\n\t\t<div id=\"wd-60c9c049da65f\" class=\"title-wrapper wd-wpb wd-set-mb reset-last-child  wd-rs-60c9c049da65f wd-title-color-default wd-title-style-default text-center  wd-underline-colored\">\n\t\t\t\t\t\t\t\n\t\t\t\t<div class=\"title-subtitle  subtitle-color-default font-default subtitle-style-background wd-font-weight- wd-fontsize-m\">PRESSEMITTEILUNG<\/div>\n\t\t\t\n\t\t\t<div class=\"liner-continer\">\n\t\t\t\t<h1 class=\"woodmart-title-container title  wd-font-weight- wd-fontsize-xxxl\" >Ein neuer Online-Shop vereint die Absinth-Destillateure des Val-de-Travers<\/h1>\n\t\t\t\t\t\t\t<\/div>\n\t\t\t\n\t\t\t\n\t\t\t\n\t\t<\/div>\n\t\t\n\t\t[vc_single_image image=&#8220;6909&#8243; img_size=&#8220;full&#8220; parallax_scroll=&#8220;no&#8220; woodmart_inline=&#8220;no&#8220;][vc_column_text text_larger=&#8220;no&#8220; el_class=&#8220;chapeau&#8220; woodmart_inline=&#8220;no&#8220;]Es sind 24 Destillier-Handwerker aus Val-de-Travers, die sich im neuen virtuellen Shop unter AbsintheMarket.com versammelt haben. Ein Schaufenster der Exzellenz, das die umfassendste Auswahl an Schweizer Absinth bietet und gleichzeitig das umfassendste Informationsportal zum Thema Absinth auf Franz\u00f6sisch und Deutsch ist.[\/vc_column_text][vc_column_text text_larger=&#8220;no&#8220; el_class=&#8220;article&#8220; woodmart_inline=&#8220;no&#8220;]Es war im M\u00e4rz 2020. Die Schweiz ist im Lockdown, Gesch\u00e4fte schlie\u00dfen, Touristen bleiben zu Hause. W\u00e4hrend wir nur noch \u00fcber die Digitalisierung der physischen Gesch\u00e4fte sprechen, wird die Idee einer Plattform f\u00fcr Absinth aus Val-de-Travers geboren, die zum ersten Mal alle Destillateure des Val-de-Travers, die es w\u00fcnschen, zusammenbringt.<\/p>\n<p>Eine anspruchsvolle, zweisprachige franz\u00f6sisch-deutsche Plattform, um regionale Grenzen zu \u00fcberschreiten, mit einer kompakten, informativen Komponente, um die Geschichte und die Eigenschaften des legend\u00e4rsten Schweizer Produkts zu verstehen.<\/p>\n<p>24 Brenn-Handwerker aus Val-de-Travers und Umgebung begeben sich auf das Abenteuer und stellen mit mehr als 80 verschiedene Destillaten das gr\u00f6\u00dfte Sortiment an regionalen Absinthen, die als die besten der Welt gelten, zusammen.<\/p>\n<p>Denn hier, und nur hier, wo der Absinth um 1751 geboren wurde, sind fachliches Wissen und Erfahrung trotz jahrhundertelangen Verbots nie verloren gegangen. Als Nachfahren einer langen illegalen Tradition haben die Brennmeister von AbsintheMarket die Rezepte und Verfahrensweisen ihrer Vorfahren bewahrt. Ein wertvolles und einzigartiges Know-how.<\/p>\n<p>Diese neue Plattform gibt sich nicht mit einem einfachen Online-Shop zufrieden, sondern nimmt sich die Zeit, jeden Destillateur vorzustellen, seine Geschichte, von seinem Terroir und seinen Geheimnissen der Destillation zu erz\u00e4hlen. Sie erm\u00f6glicht Ihnen, die verschiedenen Absinthe mit einer leistungsstarken Suchmaschine zu erkunden, die sie nach Geschmack, Alkoholgehalt und Typizit\u00e4t (wei\u00df, gr\u00fcn oder spezial) klassifiziert. Sie durchl\u00e4uft die faszinierende Geschichte eines legend\u00e4ren Geistes, der Paris und die Welt eroberte, bevor er bis 2005 kriminalisiert wurde.<\/p>\n<p>AbsintheMarket m\u00f6chte ein kostbares, seltenes und ausgezeichnetes Getr\u00e4nk bekannt machen, das unter mangelnder Sichtbarkeit leidet, da in diesem Tal keine Massenproduktion existiert. Alle Destillateure sind leidenschaftliche Handwerker, die selten von ihren Destillationen leben und die Codes des Marketings und des digitalen Handels nicht immer beherrschen. Diese neue Plattform bietet ihnen endlich das anspruchsvolle Werkzeug, das ihren Exzellenzproduktionen fehlte.[\/vc_column_text][vc_separator][vc_column_text text_larger=&#8220;no&#8220; el_class=&#8220;article&#8220; woodmart_inline=&#8220;no&#8220;]<strong>Diese Pressemitteilung kann unver\u00e4ndert verwendet werden.<\/strong><\/p>\n<p>Kontaktieren Sie uns, um Ihren Artikel zu bereichern, zum Beispiel durch die Einbindung von Cocktail- oder Kochrezepten, Handwerkerportr\u00e4ts, historischen Nahaufnahmen etc. Wir stehen zu Ihrer Verf\u00fcgung.<\/p>\n<p>Nachfolgend finden Sie urheberrechtlich gesch\u00fctztes Bildmaterial, die Logos des Online-Shops und die Pressemappe.<\/p>\n<p><strong>Links:<\/strong><br \/>\n<a href=\"https:\/\/www.absinthemarket.com\/files\/AbsintheMarket-DE-Pressemappe.pdf\" target=\"_blank\" rel=\"noopener\">Pressemappe<\/a><br \/>\n<a href=\"https:\/\/www.absinthemarket.com\/files\/Photos-AbsintheMarket.zip\">Lizenzfreie Bilder<\/a><br \/>\n<a href=\"https:\/\/www.absinthemarket.com\/files\/Logos-AbsintheMarket.zip\">Logos AbsintheMarket.com<\/a><\/p>\n<p>Medienkontakt: <a href=\"mailto:esthe%72@ab%73inthe%6d%61rke%74%2eco%6d\">Esther Freiburghaus<\/a>[\/vc_column_text][\/vc_column][\/vc_row]<\/p>\n<\/div>","protected":false},"excerpt":{"rendered":"<p>[vc_row][vc_column][vc_single_image image=&#8220;6909&#8243; img_size=&#8220;full&#8220; parallax_scroll=&#8220;no&#8220; woodmart_inline=&#8220;no&#8220;][vc_column_text text_larger=&#8220;no&#8220; el_class=&#8220;chapeau&#8220; woodmart_inline=&#8220;no&#8220;]Es sind 24 Destillier-Handwerker aus Val-de-Travers, die sich im neuen virtuellen Shop unter<\/p>\n","protected":false},"author":1,"featured_media":6909,"parent":0,"menu_order":0,"comment_status":"closed","ping_status":"closed","template":"","meta":{"footnotes":""},"class_list":["post-6903","page","type-page","status-publish","has-post-thumbnail","hentry"],"_links":{"self":[{"href":"https:\/\/www.absinthemarket.com\/de\/wp-json\/wp\/v2\/pages\/6903","targetHints":{"allow":["GET"]}}],"collection":[{"href":"https:\/\/www.absinthemarket.com\/de\/wp-json\/wp\/v2\/pages"}],"about":[{"href":"https:\/\/www.absinthemarket.com\/de\/wp-json\/wp\/v2\/types\/page"}],"author":[{"embeddable":true,"href":"https:\/\/www.absinthemarket.com\/de\/wp-json\/wp\/v2\/users\/1"}],"replies":[{"embeddable":true,"href":"https:\/\/www.absinthemarket.com\/de\/wp-json\/wp\/v2\/comments?post=6903"}],"version-history":[{"count":12,"href":"https:\/\/www.absinthemarket.com\/de\/wp-json\/wp\/v2\/pages\/6903\/revisions"}],"predecessor-version":[{"id":7129,"href":"https:\/\/www.absinthemarket.com\/de\/wp-json\/wp\/v2\/pages\/6903\/revisions\/7129"}],"wp:featuredmedia":[{"embeddable":true,"href":"https:\/\/www.absinthemarket.com\/de\/wp-json\/wp\/v2\/media\/6909"}],"wp:attachment":[{"href":"https:\/\/www.absinthemarket.com\/de\/wp-json\/wp\/v2\/media?parent=6903"}],"curies":[{"name":"wp","href":"https:\/\/api.w.org\/{rel}","templated":true}]}}