{"id":6434,"date":"2021-05-01T14:01:38","date_gmt":"2021-05-01T12:01:38","guid":{"rendered":"https:\/\/www.absinthemarket.com\/kontakt\/"},"modified":"2022-05-01T09:45:28","modified_gmt":"2022-05-01T07:45:28","slug":"kontakt","status":"publish","type":"page","link":"https:\/\/www.absinthemarket.com\/de\/kontakt\/","title":{"rendered":"Kontakt"},"content":{"rendered":"<div class=\"wpb-content-wrapper\"><p>[vc_row][vc_column]\n\t\t<div id=\"wd-608bc95e407a3\" class=\"title-wrapper wd-wpb wd-set-mb reset-last-child  wd-rs-608bc95e407a3 wd-title-color-default wd-title-style-default text-center  wd-underline-colored\">\n\t\t\t\t\t\t\t\n\t\t\t\t<div class=\"title-subtitle  subtitle-color-default font-default subtitle-style-background wd-font-weight- wd-fontsize-m\">ABSINTHEMARKET<\/div>\n\t\t\t\n\t\t\t<div class=\"liner-continer\">\n\t\t\t\t<h1 class=\"woodmart-title-container title  wd-font-weight- wd-fontsize-xxxl\" >Kontaktieren Sie uns<\/h1>\n\t\t\t\t\t\t\t<\/div>\n\t\t\t\n\t\t\t\n\t\t\t\n\t\t<\/div>\n\t\t\n\t\t[vc_row_inner][vc_column_inner width=&#8220;1\/4&#8243;]\t\t\t<div class=\"info-box-wrapper\">\n\t\t\t\t<div id=\"wd-60b5e773d6335\" class=\" wd-rs-60b5e773d6335 wd-info-box wd-wpb text-center box-icon-align-top box-style- color-scheme- wd-bg-none wd-off-anim wpb_animate_when_almost_visible wpb_fadeIn fadeIn wd-anim-name_fadeIn \">\n\t\t\t\t\t\t\t\t\t\t\t<div class=\"box-icon-wrapper  box-with-icon box-icon-simple\">\n\t\t\t\t\t\t\t<div class=\"info-box-icon\">\n\t\t\t\t\t\t\t\t<img decoding=\"async\" width=\"250\" height=\"250\" src=\"https:\/\/www.absinthemarket.com\/wp-content\/uploads\/2021\/04\/logo-email.png\" class=\"attachment-full size-full\" alt=\"Email\" srcset=\"https:\/\/www.absinthemarket.com\/wp-content\/uploads\/2021\/04\/logo-email.png 250w, https:\/\/www.absinthemarket.com\/wp-content\/uploads\/2021\/04\/logo-email-150x150.png 150w\" sizes=\"(max-width: 250px) 100vw, 250px\" \/>\t\t\t\t\t\t\t<\/div>\n\t\t\t\t\t\t<\/div>\n\t\t\t\t\t\t\t\t\t\t<div class=\"info-box-content\">\n\t\t\t\t\t\t<h4 class=\"info-box-title title box-title-style-default wd-fontsize-m\">E-MAIL<\/h4>\t\t\t\t\t\t<div class=\"info-box-inner reset-last-child\"><p>Wir beantworten Ihre Anfragen per E-Mail: : <a href=\"mailto:%68%65%6clo@a%62sint%68e%6dar%6b%65t%2e%63%6f%6d\">hello@absinthemarket.com<\/a><\/p>\n<p>\n<\/div>\n\n\t\t\t\t\t\t\t\t\t\t\t<\/div>\n\n\t\t\t\t\t\t\t\t\t\t\t<a class=\"wd-info-box-link wd-fill\" aria-label=\"Infobox link\" href=\"mailto:%68%65%6clo&#064;&#097;%62sint%68e%6d&#097;&#114;%6b%65&#116;%2e%63%6f%6d\" title=\"\"><\/a>\n\t\t\t\t\t\n\t\t\t\t\t\t\t\t\t<\/div>\n\t\t\t<\/div>\n\t\t[\/vc_column_inner][vc_column_inner width=&#8220;1\/4&#8243;]\t\t\t<div class=\"info-box-wrapper\">\n\t\t\t\t<div id=\"wd-608bc9e36e776\" class=\" wd-rs-608bc9e36e776 wd-info-box wd-wpb text-center box-icon-align-top box-style- color-scheme- wd-bg-none wd-off-anim wpb_animate_when_almost_visible wpb_fadeIn fadeIn wd-anim-name_fadeIn \">\n\t\t\t\t\t\t\t\t\t\t\t<div class=\"box-icon-wrapper  box-with-icon box-icon-simple\">\n\t\t\t\t\t\t\t<div class=\"info-box-icon\">\n\t\t\t\t\t\t\t\t<img decoding=\"async\" width=\"250\" height=\"250\" src=\"https:\/\/www.absinthemarket.com\/wp-content\/uploads\/2021\/04\/logo-localisation.png\" class=\"attachment-full size-full\" alt=\"Localisation\" srcset=\"https:\/\/www.absinthemarket.com\/wp-content\/uploads\/2021\/04\/logo-localisation.png 250w, https:\/\/www.absinthemarket.com\/wp-content\/uploads\/2021\/04\/logo-localisation-150x150.png 150w\" sizes=\"(max-width: 250px) 100vw, 250px\" \/>\t\t\t\t\t\t\t<\/div>\n\t\t\t\t\t\t<\/div>\n\t\t\t\t\t\t\t\t\t\t<div class=\"info-box-content\">\n\t\t\t\t\t\t<h4 class=\"info-box-title title box-title-style-default wd-fontsize-m\">STANDORT<\/h4>\t\t\t\t\t\t<div class=\"info-box-inner reset-last-child\"><p>Wir befinden uns in M\u00f4tiers, im Herzen des Val-de-Travers, der Wiege des Absinths.<\/p>\n<\/div>\n\n\t\t\t\t\t\t\t\t\t\t\t<\/div>\n\n\t\t\t\t\t\n\t\t\t\t\t\t\t\t\t<\/div>\n\t\t\t<\/div>\n\t\t[\/vc_column_inner][vc_column_inner width=&#8220;1\/4&#8243;]\t\t\t<div class=\"info-box-wrapper\">\n\t\t\t\t<div id=\"wd-608bf76065a66\" class=\" wd-rs-608bf76065a66 wd-info-box wd-wpb text-center box-icon-align-top box-style- color-scheme- wd-bg-none wd-off-anim wpb_animate_when_almost_visible wpb_fadeIn fadeIn wd-anim-name_fadeIn \">\n\t\t\t\t\t\t\t\t\t\t\t<div class=\"box-icon-wrapper  box-with-icon box-icon-simple\">\n\t\t\t\t\t\t\t<div class=\"info-box-icon\">\n\t\t\t\t\t\t\t\t<img decoding=\"async\" width=\"250\" height=\"250\" src=\"https:\/\/www.absinthemarket.com\/wp-content\/uploads\/2021\/04\/logo-telephone.png\" class=\"attachment-full size-full\" alt=\"T\u00e9l\u00e9phone\" srcset=\"https:\/\/www.absinthemarket.com\/wp-content\/uploads\/2021\/04\/logo-telephone.png 250w, https:\/\/www.absinthemarket.com\/wp-content\/uploads\/2021\/04\/logo-telephone-150x150.png 150w\" sizes=\"(max-width: 250px) 100vw, 250px\" \/>\t\t\t\t\t\t\t<\/div>\n\t\t\t\t\t\t<\/div>\n\t\t\t\t\t\t\t\t\t\t<div class=\"info-box-content\">\n\t\t\t\t\t\t<h4 class=\"info-box-title title box-title-style-default wd-fontsize-m\">TELEFON<\/h4>\t\t\t\t\t\t<div class=\"info-box-inner reset-last-child\"><p>Bestellungen nehmen wir nicht telefonisch entgegen. Bitte kontaktieren Sie uns per E-Mail.<\/p>\n<\/div>\n\n\t\t\t\t\t\t\t\t\t\t\t<\/div>\n\n\t\t\t\t\t\n\t\t\t\t\t\t\t\t\t<\/div>\n\t\t\t<\/div>\n\t\t[\/vc_column_inner][vc_column_inner width=&#8220;1\/4&#8243;]\t\t\t<div class=\"info-box-wrapper\">\n\t\t\t\t<div id=\"wd-6093f7495e0c2\" class=\" wd-rs-6093f7495e0c2 wd-info-box wd-wpb text-center box-icon-align-top box-style- color-scheme- wd-bg-none wd-off-anim wpb_animate_when_almost_visible wpb_fadeIn fadeIn wd-anim-name_fadeIn \">\n\t\t\t\t\t\t\t\t\t\t\t<div class=\"box-icon-wrapper  box-with-icon box-icon-simple\">\n\t\t\t\t\t\t\t<div class=\"info-box-icon\">\n\t\t\t\t\t\t\t\t<img decoding=\"async\" width=\"250\" height=\"250\" src=\"https:\/\/www.absinthemarket.com\/wp-content\/uploads\/2021\/04\/logo-professionnels.png\" class=\"attachment-full size-full\" alt=\"Professionnels\" srcset=\"https:\/\/www.absinthemarket.com\/wp-content\/uploads\/2021\/04\/logo-professionnels.png 250w, https:\/\/www.absinthemarket.com\/wp-content\/uploads\/2021\/04\/logo-professionnels-150x150.png 150w\" sizes=\"(max-width: 250px) 100vw, 250px\" \/>\t\t\t\t\t\t\t<\/div>\n\t\t\t\t\t\t<\/div>\n\t\t\t\t\t\t\t\t\t\t<div class=\"info-box-content\">\n\t\t\t\t\t\t<h4 class=\"info-box-title title box-title-style-default wd-fontsize-m\">GESCH\u00c4FTSKUNDEN<\/h4>\t\t\t\t\t\t<div class=\"info-box-inner reset-last-child\"><p>Gewerbetreibende: Profitieren Sie von Sonderangeboten und Tipps unserer Experten.<\/p>\n<\/div>\n\n\t\t\t\t\t\t\t\t\t\t\t<\/div>\n\n\t\t\t\t\t\t\t\t\t\t\t<a class=\"wd-info-box-link wd-fill\" aria-label=\"Infobox link\" href=\"https:\/\/www.absinthemarket.com\/de\/geschaeftskunden\/\" title=\"\"><\/a>\n\t\t\t\t\t\n\t\t\t\t\t\t\t\t\t<\/div>\n\t\t\t<\/div>\n\t\t[\/vc_column_inner][\/vc_row_inner][\/vc_column][\/vc_row][vc_row][vc_column width=&#8220;1\/6&#8243;][\/vc_column][vc_column width=&#8220;2\/3&#8243;]\n\t\t<div id=\"wd-608d0dc967348\" class=\"title-wrapper wd-wpb wd-set-mb reset-last-child  wd-rs-608d0dc967348 wd-title-color-default wd-title-style-default text-center vc_custom_1619856848064 wd-underline-colored\">\n\t\t\t\n\t\t\t<div class=\"liner-continer\">\n\t\t\t\t<h2 class=\"woodmart-title-container title  wd-font-weight- wd-fontsize-xxl\" >Haben Sie eine Frage? K\u00f6nnen wir Ihnen helfen, sie zu beantworten?<\/h2>\n\t\t\t\t\t\t\t<\/div>\n\t\t\t\n\t\t\t\n\t\t\t\n\t\t<\/div>\n\t\t\n\t\t[vc_column_text text_larger=&#8220;no&#8220; el_class=&#8220;chapeau&#8220; woodmart_inline=&#8220;no&#8220; css=&#8220;.vc_custom_1619855091513{margin-bottom: 0px !important;}&#8220;]<\/p>\n<h3>Wie sind Ihre Lieferzeiten?<\/h3>\n<p>[\/vc_column_text][vc_column_text text_larger=&#8220;no&#8220; el_class=&#8220;article&#8220; woodmart_inline=&#8220;no&#8220;]Bestellungen werden innerhalb von 2 bis 4 Werktagen versandt.[\/vc_column_text][vc_column_text text_larger=&#8220;no&#8220; el_class=&#8220;chapeau&#8220; woodmart_inline=&#8220;no&#8220; css=&#8220;.vc_custom_1619855135037{margin-bottom: 0px !important;}&#8220;]<\/p>\n<h3>Wie hoch sind die Lieferkosten?<\/h3>\n<p>[\/vc_column_text][vc_column_text text_larger=&#8220;no&#8220; el_class=&#8220;article&#8220; woodmart_inline=&#8220;no&#8220;]Die Lieferkosten betragen 12,- CHF und werden ab einem Bestellwert von 300,- CHF erlassen.[\/vc_column_text][vc_column_text text_larger=&#8220;no&#8220; el_class=&#8220;chapeau&#8220; woodmart_inline=&#8220;no&#8220; css=&#8220;.vc_custom_1619855168376{margin-bottom: 0px !important;}&#8220;]<\/p>\n<h3>Wohin liefern Sie?<\/h3>\n<p>[\/vc_column_text][vc_column_text text_larger=&#8220;no&#8220; el_class=&#8220;article&#8220; woodmart_inline=&#8220;no&#8220;]In die gesamte Schweiz und nach Liechtenstein. Bei Anfragen zur Lieferung in ein anderes Land kontaktieren Sie uns bitte per E-Mail.[\/vc_column_text][vc_column_text text_larger=&#8220;no&#8220; el_class=&#8220;chapeau&#8220; woodmart_inline=&#8220;no&#8220; css=&#8220;.vc_custom_1619855201614{margin-bottom: 0px !important;}&#8220;]<\/p>\n<h3>Was ist, wenn meine Flasche kaputt ankommt?<\/h3>\n<p>[\/vc_column_text][vc_column_text text_larger=&#8220;no&#8220; el_class=&#8220;article&#8220; woodmart_inline=&#8220;no&#8220;]Wenn das Paket besch\u00e4digt ist, z\u00f6gern Sie bitte nicht, es abzulehnen. Wenn Flaschen oder Glaszubeh\u00f6r besch\u00e4digt sind, machen Sie ein Foto und kontaktieren Sie uns per E-Mail, damit Ihre Bestellung zur\u00fcckerstattet wird.<\/p>\n<p>Weitere Informationen finden Sie im Abschnitt \u201e<a href=\"https:\/\/www.absinthemarket.com\/de\/lieferung\/\">Lieferung, Versand und Verpackung<\/a>\u201c.<\/p>\n<p>Fragen zur Destillation von Absinth? Antworten finden Sie in unserer Datei \u201e<a href=\"https:\/\/www.absinthemarket.com\/de\/absinth-entdecken\/\">Absinth entdecken<\/a>\u201c: Rezept, Pflanzen, Destillation.<\/p>\n<p>Fragen zu den Geheimnissen der Herstellung von gr\u00fcnem Absinth? Unsere Experten geben detaillierte Antworten im Artikel \u201e<a href=\"https:\/\/www.absinthemarket.com\/de\/klarer-absinth-gruener-absinth\/\">Klarer oder gr\u00fcner Absinth, was sind die Unterschiede?<\/a>\u201c \u00bb.<\/p>\n<p>M\u00f6chten Sie mehr \u00fcber die dunkle Geschichte des Absinths erfahren? St\u00f6bern Sie in unserer umfangreichen Datei \u201e<a href=\"https:\/\/www.absinthemarket.com\/de\/absinth-geschichte\/\">Geschichte des Absinths: Erfindung, Untergrund und Rehabilitation<\/a>\u201c.[\/vc_column_text][\/vc_column][vc_column width=&#8220;1\/6&#8243;][\/vc_column][\/vc_row]<\/p>\n<\/div>","protected":false},"excerpt":{"rendered":"<p>[vc_row][vc_column][vc_row_inner][vc_column_inner width=&#8220;1\/4&#8243;][\/vc_column_inner][vc_column_inner width=&#8220;1\/4&#8243;][\/vc_column_inner][vc_column_inner width=&#8220;1\/4&#8243;][\/vc_column_inner][vc_column_inner width=&#8220;1\/4&#8243;][\/vc_column_inner][\/vc_row_inner][\/vc_column][\/vc_row][vc_row][vc_column width=&#8220;1\/6&#8243;][\/vc_column][vc_column width=&#8220;2\/3&#8243;][vc_column_text text_larger=&#8220;no&#8220; el_class=&#8220;chapeau&#8220; woodmart_inline=&#8220;no&#8220; css=&#8220;.vc_custom_1619855091513{margin-bottom: 0px !important;}&#8220;] Wie sind Ihre Lieferzeiten? [\/vc_column_text][vc_column_text text_larger=&#8220;no&#8220; el_class=&#8220;article&#8220;<\/p>\n","protected":false},"author":1,"featured_media":4847,"parent":0,"menu_order":0,"comment_status":"closed","ping_status":"closed","template":"","meta":{"footnotes":""},"class_list":["post-6434","page","type-page","status-publish","has-post-thumbnail","hentry"],"_links":{"self":[{"href":"https:\/\/www.absinthemarket.com\/de\/wp-json\/wp\/v2\/pages\/6434","targetHints":{"allow":["GET"]}}],"collection":[{"href":"https:\/\/www.absinthemarket.com\/de\/wp-json\/wp\/v2\/pages"}],"about":[{"href":"https:\/\/www.absinthemarket.com\/de\/wp-json\/wp\/v2\/types\/page"}],"author":[{"embeddable":true,"href":"https:\/\/www.absinthemarket.com\/de\/wp-json\/wp\/v2\/users\/1"}],"replies":[{"embeddable":true,"href":"https:\/\/www.absinthemarket.com\/de\/wp-json\/wp\/v2\/comments?post=6434"}],"version-history":[{"count":9,"href":"https:\/\/www.absinthemarket.com\/de\/wp-json\/wp\/v2\/pages\/6434\/revisions"}],"predecessor-version":[{"id":8129,"href":"https:\/\/www.absinthemarket.com\/de\/wp-json\/wp\/v2\/pages\/6434\/revisions\/8129"}],"wp:featuredmedia":[{"embeddable":true,"href":"https:\/\/www.absinthemarket.com\/de\/wp-json\/wp\/v2\/media\/4847"}],"wp:attachment":[{"href":"https:\/\/www.absinthemarket.com\/de\/wp-json\/wp\/v2\/media?parent=6434"}],"curies":[{"name":"wp","href":"https:\/\/api.w.org\/{rel}","templated":true}]}}