{"id":6431,"date":"2021-05-01T13:39:23","date_gmt":"2021-05-01T11:39:23","guid":{"rendered":"https:\/\/www.absinthemarket.com\/datenschutzerklaerung\/"},"modified":"2021-06-08T15:14:56","modified_gmt":"2021-06-08T13:14:56","slug":"datenschutz","status":"publish","type":"page","link":"https:\/\/www.absinthemarket.com\/de\/datenschutz\/","title":{"rendered":"Datenschutzerkl\u00e4rung"},"content":{"rendered":"<div class=\"wpb-content-wrapper\"><p>[vc_row][vc_column][vc_column_text text_larger=&#8220;no&#8220; css=&#8220;.vc_custom_1616600133227{margin-bottom: 18px !important;}&#8220;]<\/p>\n<h1>Impressum und Datenschutzerkl\u00e4rung<\/h1>\n<p>[\/vc_column_text][vc_column_text text_larger=&#8220;no&#8220; woodmart_inline=&#8220;no&#8220;]Die Website www.absinthemarket.com wird betrieben von:<\/p>\n<p>Distillerie du Val-de-Travers, Christophe Racine<br \/>\nRue du Coll\u00e8ge 1, 2112 M\u00f4tiers NE, Schweiz<br \/>\nTelefon +41 32 860 10 20<br \/>\nUID-Nr. CHE-280.314.713<\/p>\n<p>E-Mail: <strong><a href=\"mailto:h%65%6clo@absinthe%6d%61%72ket%2eco%6d\">cliquez ici<\/a><\/strong>[\/vc_column_text][vc_column_text text_larger=&#8220;no&#8220; css=&#8220;.vc_custom_1616600246609{margin-bottom: 20px !important;}&#8220;]<\/p>\n<h2>Erhobene personenbezogene Daten<\/h2>\n<p>[\/vc_column_text][vc_column_text text_larger=&#8220;no&#8220; woodmart_inline=&#8220;no&#8220;]<\/p>\n<h3>Anlegen eines Kundenkontos, Einkauf im Shop<\/h3>\n<p>Um eine Bestellung in unserem Online-Shop aufzugeben, m\u00fcssen Sie ein Kundenkonto anlegen. Wir sammeln die folgenden Daten:<\/p>\n<p>&#8211; Vor- und Nachname<br \/>\n&#8211; Postadresse \/ Rechnungsadresse<br \/>\n&#8211; Telefon-Nummer<br \/>\n&#8211; E-Mail Adresse<br \/>\n&#8211; Benutzer-ID<br \/>\n&#8211; IP-Adresse<br \/>\n&#8211; Zahlungsinformationen<\/p>\n<p>Diese Daten werden auf Grundlage von Art. 6 Abs. 1 1 lass. a und b der Datenschutzgrundverordnung (EU 2016\/679), nachfolgend \u201eDSGVO\u201c.[\/vc_column_text][vc_column_text text_larger=&#8220;no&#8220;]<\/p>\n<h3>Kommentare<\/h3>\n<p>Wenn Sie einen Kommentar auf unserer Website hinterlassen, werden die im Kommentarformular eingegebenen Daten sowie Ihre IP-Adresse und der Benutzeragent Ihres Browsers erfasst, damit wir unerw\u00fcnschte Kommentare erkennen k\u00f6nnen.<\/p>\n<p>Aus Ihrer E-Mail-Adresse kann eine anonymisierte Zeichenfolge (auch Hash genannt) erstellt und dem Gravatar-Dienst \u00fcbermittelt werden, um zu pr\u00fcfen, ob Sie diesen benutzen. Die Vertraulichkeitsklauseln f\u00fcr den Gravatar-Dienst finden Sie <strong><a href=\"https:\/\/automattic.com\/privacy\/\" target=\"_blank\" rel=\"noopener\">hier<\/a><\/strong>. Nachdem Ihr Kommentar freigegeben wurde, ist Ihr Profilbild im Zusammenhang mit Ihrem Kommentar \u00f6ffentlich sichtbar.<\/p>\n<p>[\/vc_column_text][vc_column_text text_larger=&#8220;no&#8220; woodmart_inline=&#8220;no&#8220;]<\/p>\n<h3>Newsletter<\/h3>\n<p>Wenn Sie unseren Newsletter abonnieren, erhalten Sie E-Mails von uns, insbesondere werblicher Natur. Sie k\u00f6nnen sich jederzeit wieder abmelden.<br \/>\nIhre Daten werden in der Schweiz bei der Firma Infomaniak gespeichert. Mehr Informationen \u00fcber <strong><a href=\"https:\/\/www.infomaniak.com\/de\/agb\/datenschutzrichtlinien\" target=\"_blank\" rel=\"noopener\">die Datenschutzbestimmungen<\/a><\/strong>.[\/vc_column_text][vc_column_text text_larger=&#8220;no&#8220;]<\/p>\n<h3>Medien<\/h3>\n<p>Wenn Sie ein registrierter Benutzer sind und Bilder auf der Website hochladen, empfehlen wir, das Hochladen von Bildern mit EXIF-GPS-Koordinatendaten zu vermeiden. Besucher Ihrer Website k\u00f6nnen Standortdaten von diesen Bildern herunterladen und extrahieren.<\/p>\n<p>[\/vc_column_text][vc_column_text text_larger=&#8220;no&#8220; woodmart_inline=&#8220;no&#8220;]<\/p>\n<h3>Cookies<\/h3>\n<p>Wenn Sie auf unserer Website einen Kommentar hinterlassen, wird Ihnen angeboten, Ihren Namen, Ihre E-Mail-Adresse und Ihre Website in Cookies zu speichern. Dies dient nur Ihrer Bequemlichkeit, damit Sie diese Informationen nicht eingeben m\u00fcssen, wenn Sie sp\u00e4ter einen weiteren Kommentar hinterlassen. Diese Cookies verfallen nach einem Jahr.<\/p>\n<p>Wenn Sie zur Anmeldeseite gehen, wird ein tempor\u00e4res Cookie erstellt, um festzustellen, ob Ihr Browser Cookies akzeptiert. Es enth\u00e4lt keine pers\u00f6nlichen Daten und wird automatisch gel\u00f6scht, wenn Sie Ihren Browser schlie\u00dfen.<\/p>\n<p>Wenn Sie sich anmelden, setzen wir eine Reihe von Cookies, um Ihre Anmeldeinformationen und Bildschirmeinstellungen zu speichern. Die Lebensdauer eines Anmelde-Cookies betr\u00e4gt zwei Tage, die eines Bildschirmoptions-Cookies ein Jahr. Wenn Sie \u201eAngemeldet bleiben\u201c aktivieren, wird Ihr Verbindungscookie zwei Wochen lang gespeichert. Wenn Sie sich mit Ihrem Konto abmelden, werden die Anmelde-Cookies gel\u00f6scht.<\/p>\n<p>Cookies, die zur Durchf\u00fchrung des elektronischen Kommunikationsvorgangs oder zur Bereitstellung bestimmter, von Ihnen erw\u00fcnschter Funktionen (zum Beispiel Warenkorbfunktion) erforderlich sind, werden auf Grundlage von Art. 6 Abs. 1 lit. f DSGVO gespeichert. Der Websitebetreiber hat ein berechtigtes Interesse an der Speicherung von Cookies zur technisch fehlerfreien und optimierten Bereitstellung seiner Dienste.[\/vc_column_text][vc_column_text text_larger=&#8220;no&#8220;]<\/p>\n<h3>Cookies zum Erfassen unserer Besucherzahlen<\/h3>\n<p>Diese Website verwendet den Google Analytics-Webanalysedienst von Google LLC, 1600 Amphitheatre Parkway, Mountain View, CA 94043, USA (im Folgenden \u201eGoogle\u201c), der Cookies (kleine Textdateien) auf Ihrem Ger\u00e4t platziert. Diese Cookies erm\u00f6glichen es uns, den Verkehr auf unserer Website zu analysieren und werden nicht f\u00fcr Werbezwecke verwendet. Weitere Informationen finden Sie in <strong><a href=\"https:\/\/policies.google.com\/privacy?hl=de\" target=\"_blank\" rel=\"noopener\">den Datenschutzrichtlinien von Google<\/a><\/strong> und <strong><a href=\"https:\/\/support.google.com\/analytics\/answer\/6004245?hl=de\" target=\"_blank\" rel=\"noopener\">Google Analytics<\/a><\/strong>.<\/p>\n<p><strong>Deaktivierung von Google Analytics<\/strong><br \/>\nWenn Sie nicht m\u00f6chten, dass Google Analytics Ihre Aktivit\u00e4ten analysieren kann, k\u00f6nnen Sie <strong><a href=\"https:\/\/tools.google.com\/dlpage\/gaoptout\/?hl=de\" target=\"_blank\" rel=\"noopener\">das Browser-Add-On installieren<\/a><\/strong>, um Google Analytics zu deaktivieren.[\/vc_column_text][vc_column_text text_larger=&#8220;no&#8220; woodmart_inline=&#8220;no&#8220;]<\/p>\n<h2>Dauer der Speicherung Ihrer Daten<\/h2>\n<p>Wir bewahren Ihre personenbezogenen Daten so lange auf, wie es zur Erf\u00fcllung des Zwecks, f\u00fcr den sie erhoben wurden, erforderlich ist, ohne dabei die gesetzlich vorgesehene H\u00f6chstdauer zu \u00fcberschreiten.<\/p>\n<p>[\/vc_column_text][vc_column_text text_larger=&#8220;no&#8220; woodmart_inline=&#8220;no&#8220;]<\/p>\n<h2>\u00dcbermittlung Ihrer personenbezogenen Daten<\/h2>\n<p>Bei der Verarbeitung von Kreditkartenzahlungen werden bestimmte Daten an Stripe \u00fcbertragen, darunter auch Informationen, die f\u00fcr den Abschluss der Zahlung erforderlich sind, wie z. B. der Gesamtbetrag oder Rechnungsinformationen. Bitte lesen Sie <strong><a href=\"https:\/\/stripe.com\/de\/privacy\" target=\"_blank\" rel=\"noopener\">die Datenschutzbestimmungen von Stripe<\/a><\/strong> f\u00fcr weitere Details.<\/p>\n<p>Besucher-Kommentare k\u00f6nnten von einem automatisierten Dienst zur Spam-Erkennung untersucht werden.[\/vc_column_text][vc_column_text text_larger=&#8220;no&#8220;]<\/p>\n<h2>Ihre Rechte an Ihren Daten<\/h2>\n<p>Wenn Sie ein Konto haben oder Kommentare auf der Website hinterlassen haben, k\u00f6nnen Sie die L\u00f6schung Ihrer personenbezogenen Daten verlangen. Daten, die aus administrativen, rechtlichen oder Sicherheitsgr\u00fcnden gespeichert wurden, bleiben davon unber\u00fccksichtigt.[\/vc_column_text][vc_column_text text_larger=&#8220;no&#8220; woodmart_inline=&#8220;no&#8220;]<\/p>\n<h2>Cookies von Drittanbietern und eingebettete Inhalte von anderen Websites<\/h2>\n<p>Artikel auf dieser Website k\u00f6nnen eingebettete Inhalte enthalten (z. B. Videos, Bilder, Artikel usw.). Eingebettete Inhalte von anderen Websites verhalten sich genau so, als ob der Besucher die andere Website besucht h\u00e4tte. Diese Websites k\u00f6nnen Daten \u00fcber Sie sammeln, Cookies verwenden, Tracking-Tools von Drittanbietern einbetten und Ihre Interaktionen mit diesen eingebetteten Inhalten verfolgen, wenn Sie ein verbundenes Konto auf ihrer Website haben.[\/vc_column_text][vc_column_text text_larger=&#8220;no&#8220;]<\/p>\n<h3>OpenStreetMap<\/h3>\n<p>Diese Website verwendet die Kartendienste der OpenStreetMap Foundation, 132 Maney Hill Road, Sutton Coldfield, West Midlands B72 1JU, Vereinigtes K\u00f6nigreich (im Folgenden \u201eOSMF\u201c). Ihr Internetbrowser stellt eine Verbindung zu Servern her, die von OSMF in Gro\u00dfbritannien und anderen L\u00e4ndern betrieben werden. Der Herausgeber dieser Website hat keine Kontrolle \u00fcber diese Verbindungen und die Verarbeitung Ihrer Daten durch OSMF. Weitere Informationen zur Verarbeitung von Benutzerdaten durch OSMF finden Sie in <strong><a href=\"https:\/\/wiki.osmfoundation.org\/wiki\/Privacy_Policy\" target=\"_blank\" rel=\"noopener\">der OSMF-Datenschutzrichtlinie<\/a><\/strong>.[\/vc_column_text][vc_column_text text_larger=&#8220;no&#8220;]<\/p>\n<h3>reCAPTCHA<\/h3>\n<p>Diese Website verwendet den von Google bereitgestellten reCAPTCHA-Dienst, um Formulareintr\u00e4ge zu sch\u00fctzen. Dieser Dienst wird verwendet, um menschliche Eingaben von automatisiertem Missbrauch zu unterscheiden. Dies beinhaltet das Senden Ihrer IP-Adresse und m\u00f6glicherweise anderer Daten, die Google f\u00fcr den reCAPTCHA-Dienst ben\u00f6tigt. F\u00fcr Besucher aus der Europ\u00e4ischen Union wird die IP-Adresse zun\u00e4chst von Google gek\u00fcrzt und anonymisiert. In Ausnahmef\u00e4llen wird die vollst\u00e4ndige IP-Adresse an Google \u00fcbertragen und anschlie\u00dfend gek\u00fcrzt. Die von reCAPTCHA angegebene IP-Adresse wird nicht mit anderen Daten von Google zusammengef\u00fchrt. Durch die Nutzung des reCAPTCHA-Dienstes stimmen Sie der Verarbeitung Ihrer Daten durch Google zu. Erfahren Sie mehr in <strong><a href=\"https:\/\/policies.google.com\/privacy?hl=de\" target=\"_blank\" rel=\"noopener\">den Datenschutzrichtlinien von Google<\/a><\/strong>.[\/vc_column_text][vc_column_text text_larger=&#8220;no&#8220; woodmart_inline=&#8220;no&#8220;]<\/p>\n<h3>WooCommerce<\/h3>\n<p>Diese Website verwendet das WooCommerce-Plugin von Automattic Inc. Um zu erfahren, welche Cookies verwendet werden, konsultieren Sie bitte <strong><a href=\"https:\/\/docs.woocommerce.com\/document\/woocommerce-cookies\/\" target=\"_blank\" rel=\"noopener\">diese Seite<\/a><\/strong>.[\/vc_column_text][vc_column_text text_larger=&#8220;no&#8220; woodmart_inline=&#8220;no&#8220;]<\/p>\n<h3>Wordfence<\/h3>\n<p>Diese Website verwendet das Wordfence-Plugin von Defiant Inc. Weitere Informationen zu <strong><a href=\"https:\/\/www.wordfence.com\/help\/general-data-protection-regulation\/\" target=\"_blank\" rel=\"noopener\">den verwendeten Cookies und der Wordfence-Datenschutzrichtlinie<\/a><\/strong>.[\/vc_column_text][vc_column_text text_larger=&#8220;no&#8220; woodmart_inline=&#8220;no&#8220;]<\/p>\n<h3>WPML<\/h3>\n<p>Das WPML-Plugin von OnTheGoSystems Ltd. verwendet Cookies, um die aktuelle Sprache des Besuchers, die zuletzt betrachtete Sprache und die Sprache der eingeloggten Benutzer zu identifizieren. <strong><a href=\"https:\/\/wpml.org\/documentation\/support\/browser-cookies-stored-wpml\/\" target=\"_blank\" rel=\"noopener\">Mehr Informationen \u00fcber diese Cookies.<\/a><\/strong>.[\/vc_column_text][vc_column_text text_larger=&#8220;no&#8220;]<\/p>\n<h3>YouTube<\/h3>\n<p>Auf dieser Website angezeigte YouTube-Videos verwenden den erweiterten Datenschutzmodus. YouTube zeichnet keine Informationen \u00fcber Internetnutzer auf, die die Website besuchen, ohne das Video anzusehen. Erfahren Sie mehr \u00fcber <strong><a href=\"https:\/\/policies.google.com\/privacy?hl=de\" target=\"_blank\" rel=\"noopener\">die Datenschutzrichtlinien von Google<\/a><\/strong>.[\/vc_column_text][vc_column_text text_larger=&#8220;no&#8220;]<\/p>\n<h2>Cookies deaktivieren<\/h2>\n<p>Mit Webbrowsern k\u00f6nnen Sie die Cookies deaktivieren oder angeben, die Sie akzeptieren m\u00f6chten. Nachfolgend finden Sie die Vorgehensweise f\u00fcr die Hauptbrowser:<\/p>\n<ul>\n<li><a href=\"https:\/\/support.google.com\/chrome\/answer\/95647\" target=\"_blank\" rel=\"noopener\">Google Chrome<\/a><\/li>\n<li><a href=\"https:\/\/support.mozilla.org\/de\/kb\/cookies-informationen-websites-auf-ihrem-computer\" target=\"_blank\" rel=\"noopener\">Mozilla Firefox<\/a><\/li>\n<li><a href=\"https:\/\/support.apple.com\/de-de\/guide\/safari\/sfri11471\/mac\" target=\"_blank\" rel=\"noopener\">Safari (macOS)<\/a> und <a href=\"https:\/\/support.apple.com\/de-de\/HT201265\" target=\"_blank\" rel=\"noopener\">Safari (iOS)<\/a><\/li>\n<li><a href=\"https:\/\/support.microsoft.com\/de-de\/microsoft-edge\/microsoft-edge-browserdaten-und-datenschutz-b7aa740f-acb8-773a-e46b-7c13681ea3df\" target=\"_blank\" rel=\"noopener\">Microsoft Edge<\/a> und <a href=\"https:\/\/support.microsoft.com\/de-de\/windows\/l%C3%B6schen-und-verwalten-von-cookies-168dab11-0753-043d-7c16-ede5947fc64d\" target=\"_blank\" rel=\"noopener\">Internet Explorer<\/a><\/li>\n<li><a href=\"https:\/\/help.opera.com\/en\/latest\/security-and-privacy\/\" target=\"_blank\" rel=\"noopener\">Opera<\/a><\/li>\n<li><a href=\"https:\/\/support.brave.com\/hc\/en-us\/articles\/360050634931-How-Do-I-Manage-Cookies-In-Brave-\" target=\"_blank\" rel=\"noopener\">Brave<\/a><\/li>\n<\/ul>\n<p>[\/vc_column_text][vc_column_text text_larger=&#8220;no&#8220;]<\/p>\n<h2>Entwicklung<\/h2>\n<p>Die Website www.absinthemarket.com wurde von <strong><a href=\"https:\/\/www.chocolat-prod.com\/\" target=\"_blank\" rel=\"noopener\">Chocolat prod<\/a><\/strong> entwickelt.[\/vc_column_text][vc_column_text text_larger=&#8220;no&#8220; woodmart_inline=&#8220;no&#8220;]<\/p>\n<h2>Hosting<\/h2>\n<p>Die Website www.absinthemarket.com wird von <strong><a href=\"https:\/\/www.infomaniak.com\/fr\" target=\"_blank\" rel=\"noopener\">Infomaniak Network SA<\/a><\/strong> gehostet.[\/vc_column_text][vc_column_text text_larger=&#8220;no&#8220; woodmart_inline=&#8220;no&#8220;]<\/p>\n<h2>Copyright<\/h2>\n<p>\u00a9 AbsintheMarket.com 2021 &#8211; Vervielf\u00e4ltigung verboten[\/vc_column_text][\/vc_column][\/vc_row]<\/p>\n<\/div>","protected":false},"excerpt":{"rendered":"<p>[vc_row][vc_column][vc_column_text text_larger=&#8220;no&#8220; css=&#8220;.vc_custom_1616600133227{margin-bottom: 18px !important;}&#8220;] Impressum und Datenschutzerkl\u00e4rung [\/vc_column_text][vc_column_text text_larger=&#8220;no&#8220; woodmart_inline=&#8220;no&#8220;]Die Website www.absinthemarket.com wird betrieben von: Distillerie du Val-de-Travers, Christophe<\/p>\n","protected":false},"author":1,"featured_media":0,"parent":0,"menu_order":0,"comment_status":"closed","ping_status":"open","template":"","meta":{"footnotes":""},"class_list":["post-6431","page","type-page","status-publish","hentry"],"_links":{"self":[{"href":"https:\/\/www.absinthemarket.com\/de\/wp-json\/wp\/v2\/pages\/6431","targetHints":{"allow":["GET"]}}],"collection":[{"href":"https:\/\/www.absinthemarket.com\/de\/wp-json\/wp\/v2\/pages"}],"about":[{"href":"https:\/\/www.absinthemarket.com\/de\/wp-json\/wp\/v2\/types\/page"}],"author":[{"embeddable":true,"href":"https:\/\/www.absinthemarket.com\/de\/wp-json\/wp\/v2\/users\/1"}],"replies":[{"embeddable":true,"href":"https:\/\/www.absinthemarket.com\/de\/wp-json\/wp\/v2\/comments?post=6431"}],"version-history":[{"count":5,"href":"https:\/\/www.absinthemarket.com\/de\/wp-json\/wp\/v2\/pages\/6431\/revisions"}],"predecessor-version":[{"id":6817,"href":"https:\/\/www.absinthemarket.com\/de\/wp-json\/wp\/v2\/pages\/6431\/revisions\/6817"}],"wp:attachment":[{"href":"https:\/\/www.absinthemarket.com\/de\/wp-json\/wp\/v2\/media?parent=6431"}],"curies":[{"name":"wp","href":"https:\/\/api.w.org\/{rel}","templated":true}]}}