{"id":6134,"date":"2021-04-11T10:49:30","date_gmt":"2021-04-11T08:49:30","guid":{"rendered":"https:\/\/www.absinthemarket.com\/willy-pellaton-absinth-brenner\/"},"modified":"2021-05-24T14:06:59","modified_gmt":"2021-05-24T12:06:59","slug":"absinth-brennerei-willy-pellaton","status":"publish","type":"page","link":"https:\/\/www.absinthemarket.com\/de\/absinth-brennerei-willy-pellaton\/","title":{"rendered":"Willy Pellaton, Absinth Brenner"},"content":{"rendered":"<div class=\"wpb-content-wrapper\"><p>[vc_row][vc_column]\n\t\t<div id=\"wd-5f340c39a2c4a\" class=\"title-wrapper wd-wpb wd-set-mb reset-last-child  wd-rs-5f340c39a2c4a wd-title-color-default wd-title-style-default text-center  wd-underline-colored\">\n\t\t\t\t\t\t\t\n\t\t\t\t<div class=\"title-subtitle  subtitle-color-default font-default subtitle-style-background wd-font-weight- wd-fontsize-m\">BRENNEREIEN<\/div>\n\t\t\t\n\t\t\t<div class=\"liner-continer\">\n\t\t\t\t<h1 class=\"woodmart-title-container title  wd-font-weight- wd-fontsize-xxxl\" >Willy Pellaton, Absinth Brenner<\/h1>\n\t\t\t\t\t\t\t<\/div>\n\t\t\t\n\t\t\t\n\t\t\t\n\t\t<\/div>\n\t\t\n\t\t[vc_single_image image=&#8220;4121&#8243; img_size=&#8220;full&#8220; parallax_scroll=&#8220;no&#8220;][vc_column_text text_larger=&#8220;no&#8220; el_class=&#8220;article&#8220; woodmart_inline=&#8220;no&#8220;]An: La Br\u00e9vine (NE)<\/p>\n<p>Willy ist fast so alt wie das Absinthverbot. Fast! In den schneebedeckten H\u00f6hen des Schweizer Sibiriens, nur wenige Kilometer vom Val-de-Travers entfernt, hat <a href=\"https:\/\/www.absinthemarket.com\/de\/der-untergrund-des-absinths\/\">der ehemalige Schwarzbrenner<\/a> immer nach dem gleichen Rezept gebrannt, ein authentisches Bleue, ehrlich, trocken und ohne viel Aufhebens, in begrenzten Mengen destilliert. Alles, was man liebt.[\/vc_column_text]\n\t\t<div id=\"wd-5f340d22c502f\" class=\"title-wrapper wd-wpb wd-set-mb reset-last-child  wd-rs-5f340d22c502f wd-title-color-primary wd-title-style-underlined text-center  wd-underline-colored\">\n\t\t\t\n\t\t\t<div class=\"liner-continer\">\n\t\t\t\t<h2 class=\"woodmart-title-container title  wd-font-weight- wd-fontsize-xl\" >Mon p\u00e9ch\u00e9 mignon<\/h2>\n\t\t\t\t\t\t\t<\/div>\n\t\t\t\n\t\t\t\n\t\t\t\n\t\t<\/div>\n\t\t\n\t\t\t\t\t<div class=\"wd-products-element wd-wpb\">\n\t\t\t\n\t\t\n\t\t\t\t\t<div class=\"products wd-products  grid-columns-3 elements-grid wd-grid-g wd-loop-builder-off\" data-paged=\"1\" data-atts=\"{&quot;post_type&quot;:&quot;ids&quot;,&quot;include&quot;:&quot;4123, 4127, 4131&quot;,&quot;columns&quot;:&quot;3&quot;,&quot;sale_countdown&quot;:&quot;0&quot;,&quot;stock_progress_bar&quot;:&quot;0&quot;,&quot;highlighted_products&quot;:&quot;0&quot;,&quot;products_bordered_grid&quot;:&quot;0&quot;,&quot;orderby&quot;:&quot;ID&quot;,&quot;force_not_ajax&quot;:&quot;no&quot;}\" data-source=\"shortcode\" data-columns=\"3\" style=\"--wd-col-lg:3;--wd-col-md:3;--wd-col-sm:2;--wd-gap-lg:30px;--wd-gap-sm:10px;\">\n\t\t\t<div class=\"wd-product wd-col wd-hover-base wd-hover-with-fade product-no-swatches product-grid-item product type-product post-6138 status-publish outofstock product_cat-klare-absinthe has-post-thumbnail taxable shipping-taxable purchasable product-type-simple\" data-loop=\"1\" data-id=\"6138\">\n\t\n<div class=\"wd-product-wrapper product-wrapper\">\n\t<div class=\"wd-product-card-bg content-product-imagin\"><\/div>\n\t<div class=\"wd-product-thumb product-element-top wd-quick-shop\">\n\t\t<a href=\"https:\/\/www.absinthemarket.com\/de\/produkt\/mon-peche-mignon-100cl\/\" class=\"wd-product-img-link product-image-link\" tabindex=\"-1\" aria-label=\"Absinth Mon p\u00e9ch\u00e9 mignon 100cl\">\n\t\t\t\t\t\t<div class=\"product-labels labels-rounded\">\n\t\t\t\t<span class=\"out-of-stock product-label wd-shape-round\">Sold out<\/span>\t\t\t<\/div>\n\t\t\t<img decoding=\"async\" width=\"600\" height=\"600\" src=\"https:\/\/www.absinthemarket.com\/wp-content\/uploads\/2020\/08\/absinthe-mon-peche-mignon-100cl-600x600.jpg\" class=\"attachment-woocommerce_thumbnail size-woocommerce_thumbnail\" alt=\"Absinth Mon p\u00e9ch\u00e9 mignon (Willy Pellaton)\" srcset=\"https:\/\/www.absinthemarket.com\/wp-content\/uploads\/2020\/08\/absinthe-mon-peche-mignon-100cl-600x600.jpg 600w, https:\/\/www.absinthemarket.com\/wp-content\/uploads\/2020\/08\/absinthe-mon-peche-mignon-100cl-150x150.jpg 150w, https:\/\/www.absinthemarket.com\/wp-content\/uploads\/2020\/08\/absinthe-mon-peche-mignon-100cl-300x300.jpg 300w, https:\/\/www.absinthemarket.com\/wp-content\/uploads\/2020\/08\/absinthe-mon-peche-mignon-100cl-768x768.jpg 768w, https:\/\/www.absinthemarket.com\/wp-content\/uploads\/2020\/08\/absinthe-mon-peche-mignon-100cl.jpg 1000w\" sizes=\"(max-width: 600px) 100vw, 600px\" \/>\t\t<\/a>\n\n\t\t\n\t\t<div class=\"wrapp-swatches\"><\/div>\n\t<\/div>\n\n\t<div class=\"product-element-bottom product-information\">\n\t\t<h3 class=\"wd-entities-title\"><a href=\"https:\/\/www.absinthemarket.com\/de\/produkt\/mon-peche-mignon-100cl\/\">Absinth Mon p\u00e9ch\u00e9 mignon 100cl<\/a><\/h3>\t\t\t\t<div class=\"product-rating-price\">\n\t\t\t<div class=\"wrapp-product-price\">\n\t\t\t\t\n\t<span class=\"price\"><span class=\"woocommerce-Price-amount amount\"><bdi><span class=\"woocommerce-Price-currencySymbol\">&#67;&#72;&#70;<\/span>&nbsp;72.00<\/bdi><\/span><\/span>\n\t\t\t\t\t\t\t<\/div>\n\t\t<\/div>\n\t\t\t\t<div class=\"wd-product-card-hover fade-in-block wd-scroll\">\n\t\t\t<div class=\"hover-content wd-more-desc\">\n\t\t\t\t<div class=\"hover-content-inner wd-more-desc-inner\">\n\t\t\t\t\t<p>Sie sind kein Freund s\u00fc\u00dfer Absinthe? Probieren Sie diesen \u201eP\u00e9ch\u00e9 Mignon\u201c (kleine S\u00fcnde), einen rustikalen und trockenen Blanche, der von einem der \u00e4ltesten Schwarzbrenner unserer Auswahl im Verborgenen gebrannt wurde. Eine sichere Wette.<\/p>\r\n<p>Brenner: <a href=\"https:\/\/www.absinthemarket.com\/de\/absinth-brennerei-willy-pellaton\/\">Willy Pellaton<\/a><br \/>\r\nAlkoholgehalt: 52 Vol.-%<br \/>\r\nInhalt: 100cl, <a href=\"https:\/\/www.absinthemarket.com\/de\/produkt\/mon-peche-mignon-50cl\/\">50cl<\/a>, <a href=\"https:\/\/www.absinthemarket.com\/de\/produkt\/mon-peche-mignon-20cl\/\">20cl<\/a><\/p>\t\t\t\t<\/div>\n\t\t\t\t<a href=\"#\" rel=\"nofollow\" class=\"wd-more-desc-btn\" aria-label=\"Read more description\"><\/a>\n\t\t\t<\/div>\n\t\t\t<div class=\" wd-bottom-actions\">\n\t\t\t\t<div class=\"wrap-wishlist-button\">\t\t\t<div class=\"wd-wishlist-btn wd-action-btn wd-style-icon wd-wishlist-icon\">\n\t\t\t\t<a class=\"\" href=\"https:\/\/www.absinthemarket.com\/de\/meine-wunschzettel\/\" data-key=\"eb8fc6719b\" data-product-id=\"4123\" rel=\"nofollow\">\n\t\t\t\t\t<span class=\"wd-action-icon\">\n\t\t\t\t\t\t<span class=\"wd-check-icon\"><\/span>\n\t\t\t\t\t<\/span>\n\t\t\t\t\t<span class=\"wd-action-text\">Zur Merkliste hinzuf\u00fcgen<\/span>\n\t\t\t\t<\/a>\n\t\t\t<\/div>\n\t\t<\/div>\n\t\t\t\t<div class=\"wd-add-btn wd-add-btn-replace\">\n\t\t\t\t\t<a href=\"https:\/\/www.absinthemarket.com\/de\/produkt\/mon-peche-mignon-100cl\/\" aria-describedby=\"woocommerce_loop_add_to_cart_link_describedby_6138\" data-quantity=\"1\" class=\"button product_type_simple add-to-cart-loop\" data-product_id=\"6138\" data-product_sku=\"\" aria-label=\"Lese mehr \u00fcber &#8222;Absinth Mon p\u00e9ch\u00e9 mignon 100cl&#8220;\" rel=\"nofollow\" data-success_message=\"\"><span class=\"wd-action-icon\"><span class=\"wd-check-icon\"><\/span><\/span><span class=\"wd-action-text\">Weiterlesen<\/span><\/a>\t<span id=\"woocommerce_loop_add_to_cart_link_describedby_6138\" class=\"screen-reader-text\">\n\t\t\t<\/span>\n\t\t\t\t\t\t\t\t\t\t\t<span class=\"gtm4wp_productdata\" style=\"display:none; visibility:hidden;\" data-gtm4wp_product_data=\"{&quot;internal_id&quot;:6138,&quot;item_id&quot;:6138,&quot;item_name&quot;:&quot;Absinth Mon p\\u00e9ch\\u00e9 mignon 100cl&quot;,&quot;sku&quot;:6138,&quot;price&quot;:72,&quot;stocklevel&quot;:0,&quot;stockstatus&quot;:&quot;outofstock&quot;,&quot;google_business_vertical&quot;:&quot;retail&quot;,&quot;item_category&quot;:&quot;Klare Absinthe&quot;,&quot;id&quot;:6138,&quot;productlink&quot;:&quot;https:\\\/\\\/www.absinthemarket.com\\\/de\\\/produkt\\\/mon-peche-mignon-100cl\\\/&quot;,&quot;item_list_name&quot;:&quot;General Product List&quot;,&quot;index&quot;:2,&quot;product_type&quot;:&quot;simple&quot;,&quot;item_brand&quot;:&quot;&quot;}\"><\/span>\t\t\t\t\t\t\t\t\t<\/div>\n\t\t\t\t<div class=\"wrap-quickview-button\">\t\t<div class=\"wd-quick-view-btn wd-quick-view-icon wd-action-btn wd-style-icon\">\n\t\t\t<a\n\t\t\t\thref=\"https:\/\/www.absinthemarket.com\/de\/produkt\/mon-peche-mignon-100cl\/\"\n\t\t\t\tclass=\"open-quick-view\"\n\t\t\t\trel=\"nofollow\"\n\t\t\t\tdata-id=\"6138\"\n\t\t\t\t>\n\t\t\t\t\t<span class=\"wd-action-icon\"><\/span>\n\t\t\t\t\t<span class=\"wd-action-text\">\n\t\t\t\t\t\tSchnellansicht\t\t\t\t\t<\/span>\n\t\t\t<\/a>\n\t\t<\/div>\n\t\t<\/div>\n\t\t\t<\/div>\n\n\t\t\t\t\t\t\n\t\t\t\t\t<\/div>\n\t<\/div>\n<\/div>\n<\/div>\n<div class=\"wd-product wd-col wd-hover-base wd-hover-with-fade product-no-swatches product-grid-item product type-product post-6139 status-publish outofstock product_cat-klare-absinthe has-post-thumbnail taxable shipping-taxable purchasable product-type-simple\" data-loop=\"2\" data-id=\"6139\">\n\t\n<div class=\"wd-product-wrapper product-wrapper\">\n\t<div class=\"wd-product-card-bg content-product-imagin\"><\/div>\n\t<div class=\"wd-product-thumb product-element-top wd-quick-shop\">\n\t\t<a href=\"https:\/\/www.absinthemarket.com\/de\/produkt\/mon-peche-mignon-50cl\/\" class=\"wd-product-img-link product-image-link\" tabindex=\"-1\" aria-label=\"Absinth Mon p\u00e9ch\u00e9 mignon 50cl\">\n\t\t\t\t\t\t<div class=\"product-labels labels-rounded\">\n\t\t\t\t<span class=\"out-of-stock product-label wd-shape-round\">Sold out<\/span>\t\t\t<\/div>\n\t\t\t<img decoding=\"async\" width=\"600\" height=\"600\" src=\"https:\/\/www.absinthemarket.com\/wp-content\/uploads\/2020\/08\/absinthe-mon-peche-mignon-50cl-600x600.jpg\" class=\"attachment-woocommerce_thumbnail size-woocommerce_thumbnail\" alt=\"Absinth Mon p\u00e9ch\u00e9 mignon (Willy Pellaton)\" srcset=\"https:\/\/www.absinthemarket.com\/wp-content\/uploads\/2020\/08\/absinthe-mon-peche-mignon-50cl-600x600.jpg 600w, https:\/\/www.absinthemarket.com\/wp-content\/uploads\/2020\/08\/absinthe-mon-peche-mignon-50cl-150x150.jpg 150w, https:\/\/www.absinthemarket.com\/wp-content\/uploads\/2020\/08\/absinthe-mon-peche-mignon-50cl-300x300.jpg 300w, https:\/\/www.absinthemarket.com\/wp-content\/uploads\/2020\/08\/absinthe-mon-peche-mignon-50cl-768x768.jpg 768w, https:\/\/www.absinthemarket.com\/wp-content\/uploads\/2020\/08\/absinthe-mon-peche-mignon-50cl.jpg 1000w\" sizes=\"(max-width: 600px) 100vw, 600px\" \/>\t\t<\/a>\n\n\t\t\n\t\t<div class=\"wrapp-swatches\"><\/div>\n\t<\/div>\n\n\t<div class=\"product-element-bottom product-information\">\n\t\t<h3 class=\"wd-entities-title\"><a href=\"https:\/\/www.absinthemarket.com\/de\/produkt\/mon-peche-mignon-50cl\/\">Absinth Mon p\u00e9ch\u00e9 mignon 50cl<\/a><\/h3>\t\t\t\t<div class=\"product-rating-price\">\n\t\t\t<div class=\"wrapp-product-price\">\n\t\t\t\t\n\t<span class=\"price\"><span class=\"woocommerce-Price-amount amount\"><bdi><span class=\"woocommerce-Price-currencySymbol\">&#67;&#72;&#70;<\/span>&nbsp;40.00<\/bdi><\/span><\/span>\n\t\t\t\t\t\t\t<\/div>\n\t\t<\/div>\n\t\t\t\t<div class=\"wd-product-card-hover fade-in-block wd-scroll\">\n\t\t\t<div class=\"hover-content wd-more-desc\">\n\t\t\t\t<div class=\"hover-content-inner wd-more-desc-inner\">\n\t\t\t\t\t<p>Sie sind kein Freund s\u00fc\u00dfer Absinthe? Probieren Sie diesen \u201eP\u00e9ch\u00e9 Mignon\u201c (kleine S\u00fcnde), einen rustikalen und trockenen Blanche, der von einem der \u00e4ltesten Schwarzbrenner unserer Auswahl im Verborgenen gebrannt wurde. Eine sichere Wette.<\/p>\r\n<p>Brenner: <a href=\"https:\/\/www.absinthemarket.com\/de\/absinth-brennerei-willy-pellaton\/\">Willy Pellaton<\/a><br \/>\r\nAlkoholgehalt: 52 Vol.-%<br \/>\r\nInhalt: <a href=\"https:\/\/www.absinthemarket.com\/de\/produkt\/mon-peche-mignon-100cl\/\">100cl<\/a>, 50cl, <a href=\"https:\/\/www.absinthemarket.com\/de\/produkt\/mon-peche-mignon-20cl\/\">20cl<\/a><\/p>\t\t\t\t<\/div>\n\t\t\t\t<a href=\"#\" rel=\"nofollow\" class=\"wd-more-desc-btn\" aria-label=\"Read more description\"><\/a>\n\t\t\t<\/div>\n\t\t\t<div class=\" wd-bottom-actions\">\n\t\t\t\t<div class=\"wrap-wishlist-button\">\t\t\t<div class=\"wd-wishlist-btn wd-action-btn wd-style-icon wd-wishlist-icon\">\n\t\t\t\t<a class=\"\" href=\"https:\/\/www.absinthemarket.com\/de\/meine-wunschzettel\/\" data-key=\"eb8fc6719b\" data-product-id=\"4127\" rel=\"nofollow\">\n\t\t\t\t\t<span class=\"wd-action-icon\">\n\t\t\t\t\t\t<span class=\"wd-check-icon\"><\/span>\n\t\t\t\t\t<\/span>\n\t\t\t\t\t<span class=\"wd-action-text\">Zur Merkliste hinzuf\u00fcgen<\/span>\n\t\t\t\t<\/a>\n\t\t\t<\/div>\n\t\t<\/div>\n\t\t\t\t<div class=\"wd-add-btn wd-add-btn-replace\">\n\t\t\t\t\t<a href=\"https:\/\/www.absinthemarket.com\/de\/produkt\/mon-peche-mignon-50cl\/\" aria-describedby=\"woocommerce_loop_add_to_cart_link_describedby_6139\" data-quantity=\"1\" class=\"button product_type_simple add-to-cart-loop\" data-product_id=\"6139\" data-product_sku=\"\" aria-label=\"Lese mehr \u00fcber &#8222;Absinth Mon p\u00e9ch\u00e9 mignon 50cl&#8220;\" rel=\"nofollow\" data-success_message=\"\"><span class=\"wd-action-icon\"><span class=\"wd-check-icon\"><\/span><\/span><span class=\"wd-action-text\">Weiterlesen<\/span><\/a>\t<span id=\"woocommerce_loop_add_to_cart_link_describedby_6139\" class=\"screen-reader-text\">\n\t\t\t<\/span>\n\t\t\t\t\t\t\t\t\t\t\t<span class=\"gtm4wp_productdata\" style=\"display:none; visibility:hidden;\" data-gtm4wp_product_data=\"{&quot;internal_id&quot;:6139,&quot;item_id&quot;:6139,&quot;item_name&quot;:&quot;Absinth Mon p\\u00e9ch\\u00e9 mignon 50cl&quot;,&quot;sku&quot;:6139,&quot;price&quot;:40,&quot;stocklevel&quot;:0,&quot;stockstatus&quot;:&quot;outofstock&quot;,&quot;google_business_vertical&quot;:&quot;retail&quot;,&quot;item_category&quot;:&quot;Klare Absinthe&quot;,&quot;id&quot;:6139,&quot;productlink&quot;:&quot;https:\\\/\\\/www.absinthemarket.com\\\/de\\\/produkt\\\/mon-peche-mignon-50cl\\\/&quot;,&quot;item_list_name&quot;:&quot;General Product List&quot;,&quot;index&quot;:3,&quot;product_type&quot;:&quot;simple&quot;,&quot;item_brand&quot;:&quot;&quot;}\"><\/span>\t\t\t\t\t\t\t\t\t<\/div>\n\t\t\t\t<div class=\"wrap-quickview-button\">\t\t<div class=\"wd-quick-view-btn wd-quick-view-icon wd-action-btn wd-style-icon\">\n\t\t\t<a\n\t\t\t\thref=\"https:\/\/www.absinthemarket.com\/de\/produkt\/mon-peche-mignon-50cl\/\"\n\t\t\t\tclass=\"open-quick-view\"\n\t\t\t\trel=\"nofollow\"\n\t\t\t\tdata-id=\"6139\"\n\t\t\t\t>\n\t\t\t\t\t<span class=\"wd-action-icon\"><\/span>\n\t\t\t\t\t<span class=\"wd-action-text\">\n\t\t\t\t\t\tSchnellansicht\t\t\t\t\t<\/span>\n\t\t\t<\/a>\n\t\t<\/div>\n\t\t<\/div>\n\t\t\t<\/div>\n\n\t\t\t\t\t\t\n\t\t\t\t\t<\/div>\n\t<\/div>\n<\/div>\n<\/div>\n<div class=\"wd-product wd-col wd-hover-base wd-hover-with-fade product-no-swatches product-grid-item product type-product post-6140 status-publish last outofstock product_cat-klare-absinthe has-post-thumbnail taxable shipping-taxable purchasable product-type-simple\" data-loop=\"3\" data-id=\"6140\">\n\t\n<div class=\"wd-product-wrapper product-wrapper\">\n\t<div class=\"wd-product-card-bg content-product-imagin\"><\/div>\n\t<div class=\"wd-product-thumb product-element-top wd-quick-shop\">\n\t\t<a href=\"https:\/\/www.absinthemarket.com\/de\/produkt\/mon-peche-mignon-20cl\/\" class=\"wd-product-img-link product-image-link\" tabindex=\"-1\" aria-label=\"Absinth Mon p\u00e9ch\u00e9 mignon 20cl\">\n\t\t\t\t\t\t<div class=\"product-labels labels-rounded\">\n\t\t\t\t<span class=\"out-of-stock product-label wd-shape-round\">Sold out<\/span>\t\t\t<\/div>\n\t\t\t<img decoding=\"async\" width=\"600\" height=\"600\" src=\"https:\/\/www.absinthemarket.com\/wp-content\/uploads\/2020\/08\/absinthe-mon-peche-mignon-20cl-600x600.jpg\" class=\"attachment-woocommerce_thumbnail size-woocommerce_thumbnail\" alt=\"Absinth Mon p\u00e9ch\u00e9 mignon (Willy Pellaton)\" srcset=\"https:\/\/www.absinthemarket.com\/wp-content\/uploads\/2020\/08\/absinthe-mon-peche-mignon-20cl-600x600.jpg 600w, https:\/\/www.absinthemarket.com\/wp-content\/uploads\/2020\/08\/absinthe-mon-peche-mignon-20cl-150x150.jpg 150w, https:\/\/www.absinthemarket.com\/wp-content\/uploads\/2020\/08\/absinthe-mon-peche-mignon-20cl-300x300.jpg 300w, https:\/\/www.absinthemarket.com\/wp-content\/uploads\/2020\/08\/absinthe-mon-peche-mignon-20cl-768x768.jpg 768w, https:\/\/www.absinthemarket.com\/wp-content\/uploads\/2020\/08\/absinthe-mon-peche-mignon-20cl.jpg 1000w\" sizes=\"(max-width: 600px) 100vw, 600px\" \/>\t\t<\/a>\n\n\t\t\n\t\t<div class=\"wrapp-swatches\"><\/div>\n\t<\/div>\n\n\t<div class=\"product-element-bottom product-information\">\n\t\t<h3 class=\"wd-entities-title\"><a href=\"https:\/\/www.absinthemarket.com\/de\/produkt\/mon-peche-mignon-20cl\/\">Absinth Mon p\u00e9ch\u00e9 mignon 20cl<\/a><\/h3>\t\t\t\t<div class=\"product-rating-price\">\n\t\t\t<div class=\"wrapp-product-price\">\n\t\t\t\t\n\t<span class=\"price\"><span class=\"woocommerce-Price-amount amount\"><bdi><span class=\"woocommerce-Price-currencySymbol\">&#67;&#72;&#70;<\/span>&nbsp;20.00<\/bdi><\/span><\/span>\n\t\t\t\t\t\t\t<\/div>\n\t\t<\/div>\n\t\t\t\t<div class=\"wd-product-card-hover fade-in-block wd-scroll\">\n\t\t\t<div class=\"hover-content wd-more-desc\">\n\t\t\t\t<div class=\"hover-content-inner wd-more-desc-inner\">\n\t\t\t\t\t<p>Sie sind kein Freund s\u00fc\u00dfer Absinthe? Probieren Sie diesen \u201eP\u00e9ch\u00e9 Mignon\u201c (kleine S\u00fcnde), einen rustikalen und trockenen Blanche, der von einem der \u00e4ltesten Schwarzbrenner unserer Auswahl im Verborgenen gebrannt wurde. Eine sichere Wette.<\/p>\r\n<p>Brenner: <a href=\"https:\/\/www.absinthemarket.com\/de\/absinth-brennerei-willy-pellaton\/\">Willy Pellaton<\/a><br \/>\r\nAlkoholgehalt: 52 Vol.-%<br \/>\r\nInhalt: <a href=\"https:\/\/www.absinthemarket.com\/de\/produkt\/mon-peche-mignon-100cl\/\">100cl<\/a>, <a href=\"https:\/\/www.absinthemarket.com\/de\/produkt\/mon-peche-mignon-50cl\/\">50cl<\/a>, 20cl<\/p>\t\t\t\t<\/div>\n\t\t\t\t<a href=\"#\" rel=\"nofollow\" class=\"wd-more-desc-btn\" aria-label=\"Read more description\"><\/a>\n\t\t\t<\/div>\n\t\t\t<div class=\" wd-bottom-actions\">\n\t\t\t\t<div class=\"wrap-wishlist-button\">\t\t\t<div class=\"wd-wishlist-btn wd-action-btn wd-style-icon wd-wishlist-icon\">\n\t\t\t\t<a class=\"\" href=\"https:\/\/www.absinthemarket.com\/de\/meine-wunschzettel\/\" data-key=\"eb8fc6719b\" data-product-id=\"4131\" rel=\"nofollow\">\n\t\t\t\t\t<span class=\"wd-action-icon\">\n\t\t\t\t\t\t<span class=\"wd-check-icon\"><\/span>\n\t\t\t\t\t<\/span>\n\t\t\t\t\t<span class=\"wd-action-text\">Zur Merkliste hinzuf\u00fcgen<\/span>\n\t\t\t\t<\/a>\n\t\t\t<\/div>\n\t\t<\/div>\n\t\t\t\t<div class=\"wd-add-btn wd-add-btn-replace\">\n\t\t\t\t\t<a href=\"https:\/\/www.absinthemarket.com\/de\/produkt\/mon-peche-mignon-20cl\/\" aria-describedby=\"woocommerce_loop_add_to_cart_link_describedby_6140\" data-quantity=\"1\" class=\"button product_type_simple add-to-cart-loop\" data-product_id=\"6140\" data-product_sku=\"\" aria-label=\"Lese mehr \u00fcber &#8222;Absinth Mon p\u00e9ch\u00e9 mignon 20cl&#8220;\" rel=\"nofollow\" data-success_message=\"\"><span class=\"wd-action-icon\"><span class=\"wd-check-icon\"><\/span><\/span><span class=\"wd-action-text\">Weiterlesen<\/span><\/a>\t<span id=\"woocommerce_loop_add_to_cart_link_describedby_6140\" class=\"screen-reader-text\">\n\t\t\t<\/span>\n\t\t\t\t\t\t\t\t\t\t\t<span class=\"gtm4wp_productdata\" style=\"display:none; visibility:hidden;\" data-gtm4wp_product_data=\"{&quot;internal_id&quot;:6140,&quot;item_id&quot;:6140,&quot;item_name&quot;:&quot;Absinth Mon p\\u00e9ch\\u00e9 mignon 20cl&quot;,&quot;sku&quot;:6140,&quot;price&quot;:20,&quot;stocklevel&quot;:0,&quot;stockstatus&quot;:&quot;outofstock&quot;,&quot;google_business_vertical&quot;:&quot;retail&quot;,&quot;item_category&quot;:&quot;Klare Absinthe&quot;,&quot;id&quot;:6140,&quot;productlink&quot;:&quot;https:\\\/\\\/www.absinthemarket.com\\\/de\\\/produkt\\\/mon-peche-mignon-20cl\\\/&quot;,&quot;item_list_name&quot;:&quot;General Product List&quot;,&quot;index&quot;:4,&quot;product_type&quot;:&quot;simple&quot;,&quot;item_brand&quot;:&quot;&quot;}\"><\/span>\t\t\t\t\t\t\t\t\t<\/div>\n\t\t\t\t<div class=\"wrap-quickview-button\">\t\t<div class=\"wd-quick-view-btn wd-quick-view-icon wd-action-btn wd-style-icon\">\n\t\t\t<a\n\t\t\t\thref=\"https:\/\/www.absinthemarket.com\/de\/produkt\/mon-peche-mignon-20cl\/\"\n\t\t\t\tclass=\"open-quick-view\"\n\t\t\t\trel=\"nofollow\"\n\t\t\t\tdata-id=\"6140\"\n\t\t\t\t>\n\t\t\t\t\t<span class=\"wd-action-icon\"><\/span>\n\t\t\t\t\t<span class=\"wd-action-text\">\n\t\t\t\t\t\tSchnellansicht\t\t\t\t\t<\/span>\n\t\t\t<\/a>\n\t\t<\/div>\n\t\t<\/div>\n\t\t\t<\/div>\n\n\t\t\t\t\t\t\n\t\t\t\t\t<\/div>\n\t<\/div>\n<\/div>\n<\/div>\n\t\t\t<\/div>\n\t\t\t<\/div>[\/vc_column][\/vc_row]<\/p>\n<\/div>","protected":false},"excerpt":{"rendered":"<p>[vc_row][vc_column][vc_single_image image=&#8220;4121&#8243; img_size=&#8220;full&#8220; parallax_scroll=&#8220;no&#8220;][vc_column_text text_larger=&#8220;no&#8220; el_class=&#8220;article&#8220; woodmart_inline=&#8220;no&#8220;]An: La Br\u00e9vine (NE) Willy ist fast so alt wie das Absinthverbot. Fast! In<\/p>\n","protected":false},"author":1,"featured_media":4121,"parent":0,"menu_order":0,"comment_status":"closed","ping_status":"closed","template":"","meta":{"footnotes":""},"class_list":["post-6134","page","type-page","status-publish","has-post-thumbnail","hentry"],"_links":{"self":[{"href":"https:\/\/www.absinthemarket.com\/de\/wp-json\/wp\/v2\/pages\/6134","targetHints":{"allow":["GET"]}}],"collection":[{"href":"https:\/\/www.absinthemarket.com\/de\/wp-json\/wp\/v2\/pages"}],"about":[{"href":"https:\/\/www.absinthemarket.com\/de\/wp-json\/wp\/v2\/types\/page"}],"author":[{"embeddable":true,"href":"https:\/\/www.absinthemarket.com\/de\/wp-json\/wp\/v2\/users\/1"}],"replies":[{"embeddable":true,"href":"https:\/\/www.absinthemarket.com\/de\/wp-json\/wp\/v2\/comments?post=6134"}],"version-history":[{"count":4,"href":"https:\/\/www.absinthemarket.com\/de\/wp-json\/wp\/v2\/pages\/6134\/revisions"}],"predecessor-version":[{"id":6648,"href":"https:\/\/www.absinthemarket.com\/de\/wp-json\/wp\/v2\/pages\/6134\/revisions\/6648"}],"wp:featuredmedia":[{"embeddable":true,"href":"https:\/\/www.absinthemarket.com\/de\/wp-json\/wp\/v2\/media\/4121"}],"wp:attachment":[{"href":"https:\/\/www.absinthemarket.com\/de\/wp-json\/wp\/v2\/media?parent=6134"}],"curies":[{"name":"wp","href":"https:\/\/api.w.org\/{rel}","templated":true}]}}