{"id":6123,"date":"2021-04-11T09:23:53","date_gmt":"2021-04-11T07:23:53","guid":{"rendered":"https:\/\/www.absinthemarket.com\/absinth-brennerei-vy-perroud-christiane-rey-und-rene-jeanjaquet\/"},"modified":"2021-05-24T13:27:35","modified_gmt":"2021-05-24T11:27:35","slug":"absinth-brennerei-vy-perroud","status":"publish","type":"page","link":"https:\/\/www.absinthemarket.com\/de\/absinth-brennerei-vy-perroud\/","title":{"rendered":"Absinth Brennerei Vy-Perroud, Christiane Rey und Ren\u00e9 Jeanjaquet"},"content":{"rendered":"<div class=\"wpb-content-wrapper\"><p>[vc_row][vc_column]\n\t\t<div id=\"wd-5f329cc1328f9\" class=\"title-wrapper wd-wpb wd-set-mb reset-last-child  wd-rs-5f329cc1328f9 wd-title-color-default wd-title-style-default text-center  wd-underline-colored\">\n\t\t\t\t\t\t\t\n\t\t\t\t<div class=\"title-subtitle  subtitle-color-default font-default subtitle-style-background wd-font-weight- wd-fontsize-m\">BRENNEREIEN<\/div>\n\t\t\t\n\t\t\t<div class=\"liner-continer\">\n\t\t\t\t<h1 class=\"woodmart-title-container title  wd-font-weight- wd-fontsize-xxxl\" >Absinth Brennerei Vy-Perroud, Christiane Rey und Ren\u00e9 Jeanjaquet<\/h1>\n\t\t\t\t\t\t\t<\/div>\n\t\t\t\n\t\t\t\n\t\t\t\n\t\t<\/div>\n\t\t\n\t\t[vc_single_image image=&#8220;4084&#8243; img_size=&#8220;full&#8220; parallax_scroll=&#8220;no&#8220;][vc_column_text text_larger=&#8220;no&#8220; el_class=&#8220;article&#8220; woodmart_inline=&#8220;no&#8220;]An: Les Verri\u00e8res, Val-de-Travers<\/p>\n<p>In dieser kleinen Brennerei in den H\u00f6hen des Vallon an der Grenze zur Schweiz brennt die ganze Familie. Vater Ren\u00e9, \u00fcber 80 Jahre alt, <a href=\"https:\/\/www.absinthemarket.com\/de\/der-untergrund-des-absinths\/\">ehemaliger Schwarzbrenner<\/a>, destilliert seit etwa vierzig Jahren.<\/p>\n<p>Alles begann als er noch bei Dubied in Couvet arbeitete, einem legend\u00e4ren Schweizer Unternehmen f\u00fcr Industriemechanik, das 1987 geschlossen wurde.<\/p>\n<p>\u201eIn den 1960er Jahren h\u00f6rte ein Arbeitskollege mit dem Brennen auf. Er bot an, mir sein Rezept zu vermachen. Damals haben wir wenig verdient. Also sagte ich zu. Um mir ein nettes Zubrot zu verdienen. \u00bb<\/p>\n<p>Also brannte er. In einem Alembik aus Kupfer, der ebenfalls &#8211; genauso heimlich &#8211; von Claudet entworfen wurde, dessen Alembiks dem H\u00f6rensagen nach als die Besten galten. Ein guter Bleue, der schnell eine gro\u00dfe Fangemeinde aufbaute. \u201eEs war schwer, leere Flaschen zu finden, deshalb fragte ich in Bistros nach, damit ich die Flaschen dann so wie sie waren bef\u00fcllen konnte. Mit den Etiketten \u201eApfel\u201c oder \u201eKirsch\u201c. \u00bb<\/p>\n<p>Seine Tochter Christiane hat das immer gewusst. Die versteckten Branntweine. Das Geheimnis. Aber auch die Durchsuchungen der Eidgen\u00f6ssischen Alkoholverwaltung. Weil Ren\u00e9 mehrmals erwischt wurde. Nichts, was sie h\u00e4tte entmutigen k\u00f6nnen. Sein Vater steckte sie mit dem Absinth an und so produzierten die beiden fortan gemeinsam Schwarzgebrannten. Ihre Absinthe wurden am fr\u00fchen Morgen gebrannt, ehe die Sonne ihren Zenit erreichte. Tauchen Sie ein in die Legende&#8230;[\/vc_column_text]\n\t\t<div id=\"wd-5f32a044df9c5\" class=\"title-wrapper wd-wpb wd-set-mb reset-last-child  wd-rs-5f32a044df9c5 wd-title-color-primary wd-title-style-underlined text-center  wd-underline-colored\">\n\t\t\t\n\t\t\t<div class=\"liner-continer\">\n\t\t\t\t<h2 class=\"woodmart-title-container title  wd-font-weight- wd-fontsize-xl\" >Absinth Ren\u00e9 Jeanjaquet<\/h2>\n\t\t\t\t\t\t\t<\/div>\n\t\t\t\n\t\t\t\n\t\t\t\n\t\t<\/div>\n\t\t\n\t\t\t\t\t<div class=\"wd-products-element wd-wpb\">\n\t\t\t\n\t\t\n\t\t\t\t\t<div class=\"products wd-products  grid-columns-3 elements-grid wd-grid-g wd-loop-builder-off\" data-paged=\"1\" data-atts=\"{&quot;post_type&quot;:&quot;ids&quot;,&quot;include&quot;:&quot;4086, 4090, 4094&quot;,&quot;columns&quot;:&quot;3&quot;,&quot;sale_countdown&quot;:&quot;0&quot;,&quot;stock_progress_bar&quot;:&quot;0&quot;,&quot;highlighted_products&quot;:&quot;0&quot;,&quot;products_bordered_grid&quot;:&quot;0&quot;,&quot;orderby&quot;:&quot;ID&quot;,&quot;force_not_ajax&quot;:&quot;no&quot;}\" data-source=\"shortcode\" data-columns=\"3\" style=\"--wd-col-lg:3;--wd-col-md:3;--wd-col-sm:2;--wd-gap-lg:30px;--wd-gap-sm:10px;\">\n\t\t\t<div class=\"wd-product wd-col wd-hover-base wd-hover-with-fade product-no-swatches product-grid-item product type-product post-6127 status-publish outofstock product_cat-klare-absinthe has-post-thumbnail taxable shipping-taxable purchasable product-type-simple\" data-loop=\"1\" data-id=\"6127\">\n\t\n<div class=\"wd-product-wrapper product-wrapper\">\n\t<div class=\"wd-product-card-bg content-product-imagin\"><\/div>\n\t<div class=\"wd-product-thumb product-element-top wd-quick-shop\">\n\t\t<a href=\"https:\/\/www.absinthemarket.com\/de\/produkt\/rene-jeanjaquet-70cl\/\" class=\"wd-product-img-link product-image-link\" tabindex=\"-1\" aria-label=\"Absinth Ren\u00e9 Jeanjaquet 70cl\">\n\t\t\t\t\t\t<div class=\"product-labels labels-rounded\">\n\t\t\t\t<span class=\"out-of-stock product-label wd-shape-round\">Sold out<\/span>\t\t\t<\/div>\n\t\t\t<img decoding=\"async\" width=\"600\" height=\"600\" src=\"https:\/\/www.absinthemarket.com\/wp-content\/uploads\/2020\/08\/absinthe-rene-jeanjaquet-vy-perroud-70cl-600x600.jpg\" class=\"attachment-woocommerce_thumbnail size-woocommerce_thumbnail\" alt=\"Absinth Ren\u00e9 Jeanjaquet (Brennerei Vy-Perroud)\" srcset=\"https:\/\/www.absinthemarket.com\/wp-content\/uploads\/2020\/08\/absinthe-rene-jeanjaquet-vy-perroud-70cl-600x600.jpg 600w, https:\/\/www.absinthemarket.com\/wp-content\/uploads\/2020\/08\/absinthe-rene-jeanjaquet-vy-perroud-70cl-150x150.jpg 150w, https:\/\/www.absinthemarket.com\/wp-content\/uploads\/2020\/08\/absinthe-rene-jeanjaquet-vy-perroud-70cl-300x300.jpg 300w, https:\/\/www.absinthemarket.com\/wp-content\/uploads\/2020\/08\/absinthe-rene-jeanjaquet-vy-perroud-70cl-768x768.jpg 768w, https:\/\/www.absinthemarket.com\/wp-content\/uploads\/2020\/08\/absinthe-rene-jeanjaquet-vy-perroud-70cl.jpg 1000w\" sizes=\"(max-width: 600px) 100vw, 600px\" \/>\t\t<\/a>\n\n\t\t\n\t\t<div class=\"wrapp-swatches\"><\/div>\n\t<\/div>\n\n\t<div class=\"product-element-bottom product-information\">\n\t\t<h3 class=\"wd-entities-title\"><a href=\"https:\/\/www.absinthemarket.com\/de\/produkt\/rene-jeanjaquet-70cl\/\">Absinth Ren\u00e9 Jeanjaquet 70cl<\/a><\/h3>\t\t\t\t<div class=\"product-rating-price\">\n\t\t\t<div class=\"wrapp-product-price\">\n\t\t\t\t\n\t<span class=\"price\"><span class=\"woocommerce-Price-amount amount\"><bdi><span class=\"woocommerce-Price-currencySymbol\">&#67;&#72;&#70;<\/span>&nbsp;59.00<\/bdi><\/span><\/span>\n\t\t\t\t\t\t\t<\/div>\n\t\t<\/div>\n\t\t\t\t<div class=\"wd-product-card-hover fade-in-block wd-scroll\">\n\t\t\t<div class=\"hover-content wd-more-desc\">\n\t\t\t\t<div class=\"hover-content-inner wd-more-desc-inner\">\n\t\t\t\t\t<p>Hier ist ein Absinth, der von einem der \u00e4ltesten Schwarzbrenner des Val-de-Travers gebrannt wurde. Fast ein halbes Jahrhundert Erfahrung auf dem Buckel, und das kann man bei diesem ausgewogenen Absinthrezept herausschmecken, das sich seit der Prohibition nicht ver\u00e4ndert hat.<\/p>\r\n<p>Brenner: <a href=\"https:\/\/www.absinthemarket.com\/de\/absinth-brennerei-vy-perroud\/\">Distillerie de la Vy-Perroud, Ren\u00e9 Jeanjaquet<\/a><br \/>\r\nAlkoholgehalt: 53 Vol.-%<br \/>\r\nInhalt: 70cl, <a href=\"https:\/\/www.absinthemarket.com\/de\/produkt\/rene-jeanjaquet-50cl\/\">50cl<\/a>, <a href=\"https:\/\/www.absinthemarket.com\/de\/produkt\/rene-jeanjaquet-20cl\/\">20cl<\/a><\/p>\t\t\t\t<\/div>\n\t\t\t\t<a href=\"#\" rel=\"nofollow\" class=\"wd-more-desc-btn\" aria-label=\"Read more description\"><\/a>\n\t\t\t<\/div>\n\t\t\t<div class=\" wd-bottom-actions\">\n\t\t\t\t<div class=\"wrap-wishlist-button\">\t\t\t<div class=\"wd-wishlist-btn wd-action-btn wd-style-icon wd-wishlist-icon\">\n\t\t\t\t<a class=\"\" href=\"https:\/\/www.absinthemarket.com\/de\/meine-wunschzettel\/\" data-key=\"9d60301cde\" data-product-id=\"4086\" rel=\"nofollow\">\n\t\t\t\t\t<span class=\"wd-action-icon\">\n\t\t\t\t\t\t<span class=\"wd-check-icon\"><\/span>\n\t\t\t\t\t<\/span>\n\t\t\t\t\t<span class=\"wd-action-text\">Zur Merkliste hinzuf\u00fcgen<\/span>\n\t\t\t\t<\/a>\n\t\t\t<\/div>\n\t\t<\/div>\n\t\t\t\t<div class=\"wd-add-btn wd-add-btn-replace\">\n\t\t\t\t\t<a href=\"https:\/\/www.absinthemarket.com\/de\/produkt\/rene-jeanjaquet-70cl\/\" aria-describedby=\"woocommerce_loop_add_to_cart_link_describedby_6127\" data-quantity=\"1\" class=\"button product_type_simple add-to-cart-loop\" data-product_id=\"6127\" data-product_sku=\"\" aria-label=\"Lese mehr \u00fcber &#8222;Absinth Ren\u00e9 Jeanjaquet 70cl&#8220;\" rel=\"nofollow\" data-success_message=\"\"><span class=\"wd-action-icon\"><span class=\"wd-check-icon\"><\/span><\/span><span class=\"wd-action-text\">Weiterlesen<\/span><\/a>\t<span id=\"woocommerce_loop_add_to_cart_link_describedby_6127\" class=\"screen-reader-text\">\n\t\t\t<\/span>\n\t\t\t\t\t\t\t\t\t\t\t<span class=\"gtm4wp_productdata\" style=\"display:none; visibility:hidden;\" data-gtm4wp_product_data=\"{&quot;internal_id&quot;:6127,&quot;item_id&quot;:6127,&quot;item_name&quot;:&quot;Absinth Ren\\u00e9 Jeanjaquet 70cl&quot;,&quot;sku&quot;:6127,&quot;price&quot;:59,&quot;stocklevel&quot;:0,&quot;stockstatus&quot;:&quot;outofstock&quot;,&quot;google_business_vertical&quot;:&quot;retail&quot;,&quot;item_category&quot;:&quot;Klare Absinthe&quot;,&quot;id&quot;:6127,&quot;productlink&quot;:&quot;https:\\\/\\\/www.absinthemarket.com\\\/de\\\/produkt\\\/rene-jeanjaquet-70cl\\\/&quot;,&quot;item_list_name&quot;:&quot;General Product List&quot;,&quot;index&quot;:2,&quot;product_type&quot;:&quot;simple&quot;,&quot;item_brand&quot;:&quot;&quot;}\"><\/span>\t\t\t\t\t\t\t\t\t<\/div>\n\t\t\t\t<div class=\"wrap-quickview-button\">\t\t<div class=\"wd-quick-view-btn wd-quick-view-icon wd-action-btn wd-style-icon\">\n\t\t\t<a\n\t\t\t\thref=\"https:\/\/www.absinthemarket.com\/de\/produkt\/rene-jeanjaquet-70cl\/\"\n\t\t\t\tclass=\"open-quick-view\"\n\t\t\t\trel=\"nofollow\"\n\t\t\t\tdata-id=\"6127\"\n\t\t\t\t>\n\t\t\t\t\t<span class=\"wd-action-icon\"><\/span>\n\t\t\t\t\t<span class=\"wd-action-text\">\n\t\t\t\t\t\tSchnellansicht\t\t\t\t\t<\/span>\n\t\t\t<\/a>\n\t\t<\/div>\n\t\t<\/div>\n\t\t\t<\/div>\n\n\t\t\t\t\t\t\n\t\t\t\t\t<\/div>\n\t<\/div>\n<\/div>\n<\/div>\n\t\t\t<\/div>\n\t\t\t<\/div>\n\t\t<div id=\"wd-5f33f0982c220\" class=\"title-wrapper wd-wpb wd-set-mb reset-last-child  wd-rs-5f33f0982c220 wd-title-color-primary wd-title-style-underlined text-center  wd-underline-colored\">\n\t\t\t\n\t\t\t<div class=\"liner-continer\">\n\t\t\t\t<h2 class=\"woodmart-title-container title  wd-font-weight- wd-fontsize-xl\" >Absinth Christiane Rey<\/h2>\n\t\t\t\t\t\t\t<\/div>\n\t\t\t\n\t\t\t\n\t\t\t\n\t\t<\/div>\n\t\t\n\t\t\t\t\t<div class=\"wd-products-element wd-wpb\">\n\t\t\t\n\t\t\n\t\t\t\t\t<div class=\"products wd-products  grid-columns-4 elements-grid wd-grid-g wd-loop-builder-off\" data-paged=\"1\" data-atts=\"{&quot;post_type&quot;:&quot;ids&quot;,&quot;include&quot;:&quot;4099, 4103, 4107, 4111&quot;,&quot;columns&quot;:&quot;4&quot;,&quot;sale_countdown&quot;:&quot;0&quot;,&quot;stock_progress_bar&quot;:&quot;0&quot;,&quot;highlighted_products&quot;:&quot;0&quot;,&quot;products_bordered_grid&quot;:&quot;0&quot;,&quot;orderby&quot;:&quot;ID&quot;,&quot;force_not_ajax&quot;:&quot;no&quot;}\" data-source=\"shortcode\" data-columns=\"4\" style=\"--wd-col-lg:4;--wd-col-md:4;--wd-col-sm:2;--wd-gap-lg:30px;--wd-gap-sm:10px;\">\n\t\t\t<div class=\"wd-product wd-col wd-hover-base wd-hover-with-fade product-no-swatches product-grid-item product type-product post-6130 status-publish outofstock product_cat-klare-absinthe has-post-thumbnail taxable shipping-taxable purchasable product-type-simple\" data-loop=\"1\" data-id=\"6130\">\n\t\n<div class=\"wd-product-wrapper product-wrapper\">\n\t<div class=\"wd-product-card-bg content-product-imagin\"><\/div>\n\t<div class=\"wd-product-thumb product-element-top wd-quick-shop\">\n\t\t<a href=\"https:\/\/www.absinthemarket.com\/de\/produkt\/christiane-rey-70cl\/\" class=\"wd-product-img-link product-image-link\" tabindex=\"-1\" aria-label=\"Absinth Christiane Rey 70cl\">\n\t\t\t\t\t\t<div class=\"product-labels labels-rounded\">\n\t\t\t\t<span class=\"out-of-stock product-label wd-shape-round\">Sold out<\/span>\t\t\t<\/div>\n\t\t\t<img decoding=\"async\" width=\"600\" height=\"600\" src=\"https:\/\/www.absinthemarket.com\/wp-content\/uploads\/2020\/08\/absinthe-christiane-rey-vy-perroud-70cl-600x600.jpg\" class=\"attachment-woocommerce_thumbnail size-woocommerce_thumbnail\" alt=\"Absinth Christiane Rey (Brennerei Vy-Perroud)\" srcset=\"https:\/\/www.absinthemarket.com\/wp-content\/uploads\/2020\/08\/absinthe-christiane-rey-vy-perroud-70cl-600x600.jpg 600w, https:\/\/www.absinthemarket.com\/wp-content\/uploads\/2020\/08\/absinthe-christiane-rey-vy-perroud-70cl-150x150.jpg 150w, https:\/\/www.absinthemarket.com\/wp-content\/uploads\/2020\/08\/absinthe-christiane-rey-vy-perroud-70cl-300x300.jpg 300w, https:\/\/www.absinthemarket.com\/wp-content\/uploads\/2020\/08\/absinthe-christiane-rey-vy-perroud-70cl-768x768.jpg 768w, https:\/\/www.absinthemarket.com\/wp-content\/uploads\/2020\/08\/absinthe-christiane-rey-vy-perroud-70cl.jpg 1000w\" sizes=\"(max-width: 600px) 100vw, 600px\" \/>\t\t<\/a>\n\n\t\t\n\t\t<div class=\"wrapp-swatches\"><\/div>\n\t<\/div>\n\n\t<div class=\"product-element-bottom product-information\">\n\t\t<h3 class=\"wd-entities-title\"><a href=\"https:\/\/www.absinthemarket.com\/de\/produkt\/christiane-rey-70cl\/\">Absinth Christiane Rey 70cl<\/a><\/h3>\t\t\t\t<div class=\"product-rating-price\">\n\t\t\t<div class=\"wrapp-product-price\">\n\t\t\t\t\n\t<span class=\"price\"><span class=\"woocommerce-Price-amount amount\"><bdi><span class=\"woocommerce-Price-currencySymbol\">&#67;&#72;&#70;<\/span>&nbsp;59.00<\/bdi><\/span><\/span>\n\t\t\t\t\t\t\t<\/div>\n\t\t<\/div>\n\t\t\t\t<div class=\"wd-product-card-hover fade-in-block wd-scroll\">\n\t\t\t<div class=\"hover-content wd-more-desc\">\n\t\t\t\t<div class=\"hover-content-inner wd-more-desc-inner\">\n\t\t\t\t\t<p>12 Pflanzen, eine gute Mischung aus Bitterkeit und Kr\u00e4utern: Hier ist das grammgenau identische Rezept, nach dem der Vater des Brenners zur Zeit der Prohibition gekocht hat.<\/p>\r\n<p>Brenner: <a href=\"https:\/\/www.absinthemarket.com\/de\/absinth-brennerei-vy-perroud\/\">Distillerie de la Vy-Perroud, Christiane Rey<\/a><br \/>\r\nAlkoholgehalt: 53 Vol.-%<br \/>\r\nInhalt: 70cl, <a href=\"https:\/\/www.absinthemarket.com\/de\/produkt\/christiane-rey-50cl\/\">50cl<\/a>, <a href=\"https:\/\/www.absinthemarket.com\/de\/produkt\/christiane-rey-20cl\/\">20cl<\/a>, <a href=\"https:\/\/www.absinthemarket.com\/de\/produkt\/christiane-rey-10cl\/\">10cl<\/a><\/p>\t\t\t\t<\/div>\n\t\t\t\t<a href=\"#\" rel=\"nofollow\" class=\"wd-more-desc-btn\" aria-label=\"Read more description\"><\/a>\n\t\t\t<\/div>\n\t\t\t<div class=\" wd-bottom-actions\">\n\t\t\t\t<div class=\"wrap-wishlist-button\">\t\t\t<div class=\"wd-wishlist-btn wd-action-btn wd-style-icon wd-wishlist-icon\">\n\t\t\t\t<a class=\"\" href=\"https:\/\/www.absinthemarket.com\/de\/meine-wunschzettel\/\" data-key=\"9d60301cde\" data-product-id=\"4099\" rel=\"nofollow\">\n\t\t\t\t\t<span class=\"wd-action-icon\">\n\t\t\t\t\t\t<span class=\"wd-check-icon\"><\/span>\n\t\t\t\t\t<\/span>\n\t\t\t\t\t<span class=\"wd-action-text\">Zur Merkliste hinzuf\u00fcgen<\/span>\n\t\t\t\t<\/a>\n\t\t\t<\/div>\n\t\t<\/div>\n\t\t\t\t<div class=\"wd-add-btn wd-add-btn-replace\">\n\t\t\t\t\t<a href=\"https:\/\/www.absinthemarket.com\/de\/produkt\/christiane-rey-70cl\/\" aria-describedby=\"woocommerce_loop_add_to_cart_link_describedby_6130\" data-quantity=\"1\" class=\"button product_type_simple add-to-cart-loop\" data-product_id=\"6130\" data-product_sku=\"\" aria-label=\"Lese mehr \u00fcber &#8222;Absinth Christiane Rey 70cl&#8220;\" rel=\"nofollow\" data-success_message=\"\"><span class=\"wd-action-icon\"><span class=\"wd-check-icon\"><\/span><\/span><span class=\"wd-action-text\">Weiterlesen<\/span><\/a>\t<span id=\"woocommerce_loop_add_to_cart_link_describedby_6130\" class=\"screen-reader-text\">\n\t\t\t<\/span>\n\t\t\t\t\t\t\t\t\t\t\t<span class=\"gtm4wp_productdata\" style=\"display:none; visibility:hidden;\" data-gtm4wp_product_data=\"{&quot;internal_id&quot;:6130,&quot;item_id&quot;:6130,&quot;item_name&quot;:&quot;Absinth Christiane Rey 70cl&quot;,&quot;sku&quot;:6130,&quot;price&quot;:59,&quot;stocklevel&quot;:0,&quot;stockstatus&quot;:&quot;outofstock&quot;,&quot;google_business_vertical&quot;:&quot;retail&quot;,&quot;item_category&quot;:&quot;Klare Absinthe&quot;,&quot;id&quot;:6130,&quot;productlink&quot;:&quot;https:\\\/\\\/www.absinthemarket.com\\\/de\\\/produkt\\\/christiane-rey-70cl\\\/&quot;,&quot;item_list_name&quot;:&quot;General Product List&quot;,&quot;index&quot;:2,&quot;product_type&quot;:&quot;simple&quot;,&quot;item_brand&quot;:&quot;&quot;}\"><\/span>\t\t\t\t\t\t\t\t\t<\/div>\n\t\t\t\t<div class=\"wrap-quickview-button\">\t\t<div class=\"wd-quick-view-btn wd-quick-view-icon wd-action-btn wd-style-icon\">\n\t\t\t<a\n\t\t\t\thref=\"https:\/\/www.absinthemarket.com\/de\/produkt\/christiane-rey-70cl\/\"\n\t\t\t\tclass=\"open-quick-view\"\n\t\t\t\trel=\"nofollow\"\n\t\t\t\tdata-id=\"6130\"\n\t\t\t\t>\n\t\t\t\t\t<span class=\"wd-action-icon\"><\/span>\n\t\t\t\t\t<span class=\"wd-action-text\">\n\t\t\t\t\t\tSchnellansicht\t\t\t\t\t<\/span>\n\t\t\t<\/a>\n\t\t<\/div>\n\t\t<\/div>\n\t\t\t<\/div>\n\n\t\t\t\t\t\t\n\t\t\t\t\t<\/div>\n\t<\/div>\n<\/div>\n<\/div>\n\t\t\t<\/div>\n\t\t\t<\/div>[\/vc_column][\/vc_row]<\/p>\n<\/div>","protected":false},"excerpt":{"rendered":"<p>[vc_row][vc_column][vc_single_image image=&#8220;4084&#8243; img_size=&#8220;full&#8220; parallax_scroll=&#8220;no&#8220;][vc_column_text text_larger=&#8220;no&#8220; el_class=&#8220;article&#8220; woodmart_inline=&#8220;no&#8220;]An: Les Verri\u00e8res, Val-de-Travers In dieser kleinen Brennerei in den H\u00f6hen des Vallon an<\/p>\n","protected":false},"author":1,"featured_media":4084,"parent":0,"menu_order":0,"comment_status":"closed","ping_status":"closed","template":"","meta":{"footnotes":""},"class_list":["post-6123","page","type-page","status-publish","has-post-thumbnail","hentry"],"_links":{"self":[{"href":"https:\/\/www.absinthemarket.com\/de\/wp-json\/wp\/v2\/pages\/6123","targetHints":{"allow":["GET"]}}],"collection":[{"href":"https:\/\/www.absinthemarket.com\/de\/wp-json\/wp\/v2\/pages"}],"about":[{"href":"https:\/\/www.absinthemarket.com\/de\/wp-json\/wp\/v2\/types\/page"}],"author":[{"embeddable":true,"href":"https:\/\/www.absinthemarket.com\/de\/wp-json\/wp\/v2\/users\/1"}],"replies":[{"embeddable":true,"href":"https:\/\/www.absinthemarket.com\/de\/wp-json\/wp\/v2\/comments?post=6123"}],"version-history":[{"count":5,"href":"https:\/\/www.absinthemarket.com\/de\/wp-json\/wp\/v2\/pages\/6123\/revisions"}],"predecessor-version":[{"id":6639,"href":"https:\/\/www.absinthemarket.com\/de\/wp-json\/wp\/v2\/pages\/6123\/revisions\/6639"}],"wp:featuredmedia":[{"embeddable":true,"href":"https:\/\/www.absinthemarket.com\/de\/wp-json\/wp\/v2\/media\/4084"}],"wp:attachment":[{"href":"https:\/\/www.absinthemarket.com\/de\/wp-json\/wp\/v2\/media?parent=6123"}],"curies":[{"name":"wp","href":"https:\/\/api.w.org\/{rel}","templated":true}]}}