{"id":6058,"date":"2021-04-10T09:44:22","date_gmt":"2021-04-10T07:44:22","guid":{"rendered":"https:\/\/www.absinthemarket.com\/philippe-geinoz-absinth-brenner\/"},"modified":"2021-05-05T14:59:43","modified_gmt":"2021-05-05T12:59:43","slug":"absinth-brennerei-philippe-geinoz","status":"publish","type":"page","link":"https:\/\/www.absinthemarket.com\/de\/absinth-brennerei-philippe-geinoz\/","title":{"rendered":"Philippe Geinoz, Absinth Brenner"},"content":{"rendered":"<div class=\"wpb-content-wrapper\"><p>[vc_row][vc_column]\n\t\t<div id=\"wd-5f462240890ac\" class=\"title-wrapper wd-wpb wd-set-mb reset-last-child  wd-rs-5f462240890ac wd-title-color-default wd-title-style-default text-center  wd-underline-colored\">\n\t\t\t\t\t\t\t\n\t\t\t\t<div class=\"title-subtitle  subtitle-color-default font-default subtitle-style-background wd-font-weight- wd-fontsize-m\">BRENNEREIEN<\/div>\n\t\t\t\n\t\t\t<div class=\"liner-continer\">\n\t\t\t\t<h1 class=\"woodmart-title-container title  wd-font-weight- wd-fontsize-xxxl\" >Philippe Geinoz, Absinth Brenner<\/h1>\n\t\t\t\t\t\t\t<\/div>\n\t\t\t\n\t\t\t\n\t\t\t\n\t\t<\/div>\n\t\t\n\t\t[vc_single_image image=&#8220;4399&#8243; img_size=&#8220;full&#8220; parallax_scroll=&#8220;no&#8220;][vc_column_text text_larger=&#8220;no&#8220; el_class=&#8220;article&#8220;]An: La Br\u00e9vine (NE)<\/p>\n<p>Man braucht eine gewisse Prise Humor, um seinen Absinth \u201eLa Chaleureuse\u201c (die Warmherzige) zu taufen, wenn man&#8230; im k\u00e4ltesten Dorf des Landes wohnt! La Br\u00e9vine, das kleine Schweizer Sibirien, und sein Rekord von -41,8 \u00b0 C, der im Winter 1987 erreicht wurde, war wirklich hei\u00df, und der K\u00e4sehersteller des Dorfes Philippe Geinoz erinnert sich noch daran. <\/p>\n<p>Von seinem K\u00e4sebottich bis hin zu seinem Absinth war es nur ein Schritt, den dieser Liebhaber lokaler Produkte gekonnt unternahm. Sein Absinth verstr\u00f6mt den Duft regionaler Pflanzen, wie ein Strau\u00df frisch bl\u00fchender Blumen an einem Fr\u00fchlingstag in Sibirien&#8230;[\/vc_column_text]\n\t\t<div id=\"wd-5f4756cfdfe81\" class=\"title-wrapper wd-wpb wd-set-mb reset-last-child  wd-rs-5f4756cfdfe81 wd-title-color-primary wd-title-style-underlined text-center  wd-underline-colored\">\n\t\t\t\n\t\t\t<div class=\"liner-continer\">\n\t\t\t\t<h2 class=\"woodmart-title-container title  wd-font-weight- wd-fontsize-xl\" >Absinth chaleureuse<\/h2>\n\t\t\t\t\t\t\t<\/div>\n\t\t\t\n\t\t\t\n\t\t\t\n\t\t<\/div>\n\t\t\n\t\t\t\t\t<div class=\"wd-products-element wd-wpb\">\n\t\t\t\n\t\t\n\t\t\t\t\t<div class=\"products wd-products  grid-columns-3 elements-grid wd-grid-g wd-loop-builder-off\" data-paged=\"1\" data-atts=\"{&quot;post_type&quot;:&quot;ids&quot;,&quot;include&quot;:&quot;4401&quot;,&quot;columns&quot;:&quot;3&quot;,&quot;sale_countdown&quot;:&quot;0&quot;,&quot;stock_progress_bar&quot;:&quot;0&quot;,&quot;highlighted_products&quot;:&quot;0&quot;,&quot;products_bordered_grid&quot;:&quot;0&quot;,&quot;orderby&quot;:&quot;ID&quot;,&quot;force_not_ajax&quot;:&quot;no&quot;}\" data-source=\"shortcode\" data-columns=\"3\" style=\"--wd-col-lg:3;--wd-col-md:3;--wd-col-sm:2;--wd-gap-lg:30px;--wd-gap-sm:10px;\">\n\t\t\t<div class=\"wd-product wd-col wd-hover-base wd-hover-with-fade product-no-swatches product-grid-item product type-product post-6062 status-publish instock product_cat-klare-absinthe has-post-thumbnail taxable shipping-taxable purchasable product-type-simple\" data-loop=\"1\" data-id=\"6062\">\n\t\n<div class=\"wd-product-wrapper product-wrapper\">\n\t<div class=\"wd-product-card-bg content-product-imagin\"><\/div>\n\t<div class=\"wd-product-thumb product-element-top wd-quick-shop\">\n\t\t<a href=\"https:\/\/www.absinthemarket.com\/de\/produkt\/absinthe-chaleureuse-100cl\/\" class=\"wd-product-img-link product-image-link\" tabindex=\"-1\" aria-label=\"Absinth chaleureuse 100cl\">\n\t\t\t<img decoding=\"async\" width=\"600\" height=\"600\" src=\"https:\/\/www.absinthemarket.com\/wp-content\/uploads\/2020\/08\/absinthe-chaleureuse-100cl-600x600.jpg\" class=\"attachment-woocommerce_thumbnail size-woocommerce_thumbnail\" alt=\"Absinth chaleureuse, Philippe Geinoz\" srcset=\"https:\/\/www.absinthemarket.com\/wp-content\/uploads\/2020\/08\/absinthe-chaleureuse-100cl-600x600.jpg 600w, https:\/\/www.absinthemarket.com\/wp-content\/uploads\/2020\/08\/absinthe-chaleureuse-100cl-150x150.jpg 150w, https:\/\/www.absinthemarket.com\/wp-content\/uploads\/2020\/08\/absinthe-chaleureuse-100cl-300x300.jpg 300w, https:\/\/www.absinthemarket.com\/wp-content\/uploads\/2020\/08\/absinthe-chaleureuse-100cl-768x768.jpg 768w, https:\/\/www.absinthemarket.com\/wp-content\/uploads\/2020\/08\/absinthe-chaleureuse-100cl.jpg 1000w\" sizes=\"(max-width: 600px) 100vw, 600px\" \/>\t\t<\/a>\n\n\t\t\n\t\t<div class=\"wrapp-swatches\"><\/div>\n\t<\/div>\n\n\t<div class=\"product-element-bottom product-information\">\n\t\t<h3 class=\"wd-entities-title\"><a href=\"https:\/\/www.absinthemarket.com\/de\/produkt\/absinthe-chaleureuse-100cl\/\">Absinth chaleureuse 100cl<\/a><\/h3>\t\t\t\t<div class=\"product-rating-price\">\n\t\t\t<div class=\"wrapp-product-price\">\n\t\t\t\t\n\t<span class=\"price\"><span class=\"woocommerce-Price-amount amount\"><bdi><span class=\"woocommerce-Price-currencySymbol\">&#67;&#72;&#70;<\/span>&nbsp;67.00<\/bdi><\/span><\/span>\n\t\t\t\t\t\t\t<\/div>\n\t\t<\/div>\n\t\t\t\t<div class=\"wd-product-card-hover fade-in-block wd-scroll\">\n\t\t\t<div class=\"hover-content wd-more-desc\">\n\t\t\t\t<div class=\"hover-content-inner wd-more-desc-inner\">\n\t\t\t\t\t<p>Dieser Chaleureuse verk\u00f6rpert das Wermutkraut der Region mit kr\u00e4ftigen floralen Noten, die durch einen gro\u00dfz\u00fcgigen Anisaufguss angereichert werden. Eine sch\u00f6ne Komplexit\u00e4t ohne Bitterkeit.<\/p>\r\n<p>Brenner: <a href=\"https:\/\/www.absinthemarket.com\/de\/absinth-brennerei-philippe-geinoz\/\">Philippe Geinoz<\/a><br \/>\r\nAlkoholgehalt: 55\u00b0<br \/>\r\nInhalt: 100cl<\/p>\t\t\t\t<\/div>\n\t\t\t\t<a href=\"#\" rel=\"nofollow\" class=\"wd-more-desc-btn\" aria-label=\"Read more description\"><\/a>\n\t\t\t<\/div>\n\t\t\t<div class=\" wd-bottom-actions\">\n\t\t\t\t<div class=\"wrap-wishlist-button\">\t\t\t<div class=\"wd-wishlist-btn wd-action-btn wd-style-icon wd-wishlist-icon\">\n\t\t\t\t<a class=\"\" href=\"https:\/\/www.absinthemarket.com\/de\/meine-wunschzettel\/\" data-key=\"3480a0ec79\" data-product-id=\"4401\" rel=\"nofollow\">\n\t\t\t\t\t<span class=\"wd-action-icon\">\n\t\t\t\t\t\t<span class=\"wd-check-icon\"><\/span>\n\t\t\t\t\t<\/span>\n\t\t\t\t\t<span class=\"wd-action-text\">Zur Merkliste hinzuf\u00fcgen<\/span>\n\t\t\t\t<\/a>\n\t\t\t<\/div>\n\t\t<\/div>\n\t\t\t\t<div class=\"wd-add-btn wd-add-btn-replace\">\n\t\t\t\t\t<a href=\"\/de\/wp-json\/wp\/v2\/pages\/6058?add-to-cart=6062\" aria-describedby=\"woocommerce_loop_add_to_cart_link_describedby_6062\" data-quantity=\"1\" class=\"button product_type_simple add_to_cart_button ajax_add_to_cart add-to-cart-loop\" data-product_id=\"6062\" data-product_sku=\"\" aria-label=\"In den Warenkorb legen: \u201eAbsinth chaleureuse 100cl\u201c\" rel=\"nofollow\" data-success_message=\"\u201eAbsinth chaleureuse 100cl\u201c wurde deinem Warenkorb hinzugef\u00fcgt\" role=\"button\"><span class=\"wd-action-icon\"><span class=\"wd-check-icon\"><\/span><\/span><span class=\"wd-action-text\">In den Warenkorb<\/span><\/a>\t<span id=\"woocommerce_loop_add_to_cart_link_describedby_6062\" class=\"screen-reader-text\">\n\t\t\t<\/span>\n\t\t\t\t\t\t\t\t\t\t\t<span class=\"gtm4wp_productdata\" style=\"display:none; visibility:hidden;\" data-gtm4wp_product_data=\"{&quot;internal_id&quot;:6062,&quot;item_id&quot;:6062,&quot;item_name&quot;:&quot;Absinth chaleureuse 100cl&quot;,&quot;sku&quot;:6062,&quot;price&quot;:67,&quot;stocklevel&quot;:99974,&quot;stockstatus&quot;:&quot;instock&quot;,&quot;google_business_vertical&quot;:&quot;retail&quot;,&quot;item_category&quot;:&quot;Klare Absinthe&quot;,&quot;id&quot;:6062,&quot;productlink&quot;:&quot;https:\\\/\\\/www.absinthemarket.com\\\/de\\\/produkt\\\/absinthe-chaleureuse-100cl\\\/&quot;,&quot;item_list_name&quot;:&quot;General Product List&quot;,&quot;index&quot;:2,&quot;product_type&quot;:&quot;simple&quot;,&quot;item_brand&quot;:&quot;&quot;}\"><\/span>\t\t\t\t\t\t\t\t\t<\/div>\n\t\t\t\t<div class=\"wrap-quickview-button\">\t\t<div class=\"wd-quick-view-btn wd-quick-view-icon wd-action-btn wd-style-icon\">\n\t\t\t<a\n\t\t\t\thref=\"https:\/\/www.absinthemarket.com\/de\/produkt\/absinthe-chaleureuse-100cl\/\"\n\t\t\t\tclass=\"open-quick-view\"\n\t\t\t\trel=\"nofollow\"\n\t\t\t\tdata-id=\"6062\"\n\t\t\t\t>\n\t\t\t\t\t<span class=\"wd-action-icon\"><\/span>\n\t\t\t\t\t<span class=\"wd-action-text\">\n\t\t\t\t\t\tSchnellansicht\t\t\t\t\t<\/span>\n\t\t\t<\/a>\n\t\t<\/div>\n\t\t<\/div>\n\t\t\t<\/div>\n\n\t\t\t\t\t\t\n\t\t\t\t\t<\/div>\n\t<\/div>\n<\/div>\n<\/div>\n\t\t\t<\/div>\n\t\t\t<\/div>[\/vc_column][\/vc_row]<\/p>\n<\/div>","protected":false},"excerpt":{"rendered":"<p>[vc_row][vc_column][vc_single_image image=&#8220;4399&#8243; img_size=&#8220;full&#8220; parallax_scroll=&#8220;no&#8220;][vc_column_text text_larger=&#8220;no&#8220; el_class=&#8220;article&#8220;]An: La Br\u00e9vine (NE) Man braucht eine gewisse Prise Humor, um seinen Absinth \u201eLa Chaleureuse\u201c<\/p>\n","protected":false},"author":1,"featured_media":4399,"parent":0,"menu_order":0,"comment_status":"closed","ping_status":"closed","template":"","meta":{"footnotes":""},"class_list":["post-6058","page","type-page","status-publish","has-post-thumbnail","hentry"],"_links":{"self":[{"href":"https:\/\/www.absinthemarket.com\/de\/wp-json\/wp\/v2\/pages\/6058","targetHints":{"allow":["GET"]}}],"collection":[{"href":"https:\/\/www.absinthemarket.com\/de\/wp-json\/wp\/v2\/pages"}],"about":[{"href":"https:\/\/www.absinthemarket.com\/de\/wp-json\/wp\/v2\/types\/page"}],"author":[{"embeddable":true,"href":"https:\/\/www.absinthemarket.com\/de\/wp-json\/wp\/v2\/users\/1"}],"replies":[{"embeddable":true,"href":"https:\/\/www.absinthemarket.com\/de\/wp-json\/wp\/v2\/comments?post=6058"}],"version-history":[{"count":3,"href":"https:\/\/www.absinthemarket.com\/de\/wp-json\/wp\/v2\/pages\/6058\/revisions"}],"predecessor-version":[{"id":6061,"href":"https:\/\/www.absinthemarket.com\/de\/wp-json\/wp\/v2\/pages\/6058\/revisions\/6061"}],"wp:featuredmedia":[{"embeddable":true,"href":"https:\/\/www.absinthemarket.com\/de\/wp-json\/wp\/v2\/media\/4399"}],"wp:attachment":[{"href":"https:\/\/www.absinthemarket.com\/de\/wp-json\/wp\/v2\/media?parent=6058"}],"curies":[{"name":"wp","href":"https:\/\/api.w.org\/{rel}","templated":true}]}}