{"id":6025,"date":"2021-04-09T15:30:05","date_gmt":"2021-04-09T13:30:05","guid":{"rendered":"https:\/\/www.absinthemarket.com\/absinth-la-maison-des-chats-kevin-nebel\/"},"modified":"2021-09-16T15:01:07","modified_gmt":"2021-09-16T13:01:07","slug":"absinth-brennerei-maison-des-chats-kevin-nebel","status":"publish","type":"page","link":"https:\/\/www.absinthemarket.com\/de\/absinth-brennerei-maison-des-chats-kevin-nebel\/","title":{"rendered":"Absinth Brennerei La Maison des Chats, Kevin Nebel"},"content":{"rendered":"<div class=\"wpb-content-wrapper\"><p>[vc_row][vc_column]\n\t\t<div id=\"wd-60570227e6ea5\" class=\"title-wrapper wd-wpb wd-set-mb reset-last-child  wd-rs-60570227e6ea5 wd-title-color-default wd-title-style-default text-center  wd-underline-colored\">\n\t\t\t\t\t\t\t\n\t\t\t\t<div class=\"title-subtitle  subtitle-color-default font-default subtitle-style-background wd-font-weight- wd-fontsize-m\">BRENNEREIEN<\/div>\n\t\t\t\n\t\t\t<div class=\"liner-continer\">\n\t\t\t\t<h1 class=\"woodmart-title-container title  wd-font-weight- wd-fontsize-xxxl\" >Absinth-Brennerei La Maison des Chats, Kevin Nebel<\/h1>\n\t\t\t\t\t\t\t<\/div>\n\t\t\t\n\t\t\t\n\t\t\t\n\t\t<\/div>\n\t\t\n\t\t[vc_single_image image=&#8220;4313&#8243; img_size=&#8220;full&#8220; parallax_scroll=&#8220;no&#8220;][vc_column_text text_larger=&#8220;no&#8220; el_class=&#8220;article&#8220;]An: Boveresse, Val-de-Travers<\/p>\n<p>Die Brennerei La Maison des Chats befindet sich auf dem \u00e4ltesten Absinthhof des Landes, der 1777 erbaut wurde. Ein spektakul\u00e4res Geb\u00e4ude an der Hauptstra\u00dfe von Boveresse, das von dem jungen Brenner Kevin Nebel renoviert wurde, der seinen Absinth in der Tradition verankert.[\/vc_column_text][vc_row_inner][vc_column_inner width=&#8220;1\/2&#8243;][vc_single_image image=&#8220;4316&#8243; img_size=&#8220;full&#8220; add_caption=&#8220;yes&#8220; parallax_scroll=&#8220;no&#8220;][\/vc_column_inner][vc_column_inner width=&#8220;1\/2&#8243;][vc_column_text text_larger=&#8220;no&#8220; el_class=&#8220;article&#8220; woodmart_inline=&#8220;no&#8220;]Von den <a href=\"https:\/\/www.absinthemarket.com\/de\/absinth-brenner\/\">besten Brennern des Val-de-Travers<\/a> ausgebildet, bevor er sein Wissen an der \u00d6nologischen Schule von Changins perfektionierte, entwickelt er seine Nektare nach den alt\u00fcberlieferten Methoden eines Rezepts aus M\u00f4tiers von&#8230; 1860!<\/p>\n<p>Die meisten Pflanzen werden am Fu\u00dfe des Geb\u00e4udes von der Brennerei selbst angebaut, <a href=\"https:\/\/www.absinthemarket.com\/de\/wermut-artemisia-absinthium\/\">Gemeiner Wermut<\/a>, R\u00f6mischer Wermut, Pfefferminze, Zitronenmelisse, Ysop, Zitronenverbene. Sie werden dann sorgf\u00e4ltig auf dem Dachboden der Brennerei getrocknet, wo sich der \u00e4lteste noch betriebene Trockenspeicher f\u00fcr Absinth in der Schweiz befindet.<\/p>\n<p>Der Prozess braucht seine Zeit, um alle \u00e4therischen \u00d6le der Pflanzen, das Geheimnis des Qualit\u00e4tsabsinths, zu erhalten.[\/vc_column_text][\/vc_column_inner][\/vc_row_inner]\n\t\t<div id=\"wd-5f3d23ff042c7\" class=\"title-wrapper wd-wpb wd-set-mb reset-last-child  wd-rs-5f3d23ff042c7 wd-title-color-primary wd-title-style-underlined text-center  wd-underline-colored\">\n\t\t\t\n\t\t\t<div class=\"liner-continer\">\n\t\t\t\t<h2 class=\"woodmart-title-container title  wd-font-weight- wd-fontsize-xl\" >Absinthe des Chats<\/h2>\n\t\t\t\t\t\t\t<\/div>\n\t\t\t\n\t\t\t\n\t\t\t\n\t\t<\/div>\n\t\t\n\t\t\t\t\t<div class=\"wd-products-element wd-wpb\">\n\t\t\t\n\t\t\n\t\t\t\t\t<div class=\"products wd-products  grid-columns-3 elements-grid wd-grid-g wd-loop-builder-off\" data-paged=\"1\" data-atts=\"{&quot;post_type&quot;:&quot;ids&quot;,&quot;include&quot;:&quot;4319, 5428&quot;,&quot;items_per_page&quot;:&quot;3&quot;,&quot;columns&quot;:&quot;3&quot;,&quot;sale_countdown&quot;:&quot;0&quot;,&quot;stock_progress_bar&quot;:&quot;0&quot;,&quot;highlighted_products&quot;:&quot;0&quot;,&quot;products_bordered_grid&quot;:&quot;0&quot;,&quot;orderby&quot;:&quot;ID&quot;,&quot;force_not_ajax&quot;:&quot;no&quot;}\" data-source=\"shortcode\" data-columns=\"3\" style=\"--wd-col-lg:3;--wd-col-md:3;--wd-col-sm:2;--wd-gap-lg:30px;--wd-gap-sm:10px;\">\n\t\t\t<div class=\"wd-product wd-col wd-hover-base wd-hover-with-fade product-no-swatches product-grid-item product type-product post-6033 status-publish outofstock product_cat-absinthes-blanches product_cat-klare-absinthe has-post-thumbnail taxable shipping-taxable purchasable product-type-simple\" data-loop=\"1\" data-id=\"6033\">\n\t\n<div class=\"wd-product-wrapper product-wrapper\">\n\t<div class=\"wd-product-card-bg content-product-imagin\"><\/div>\n\t<div class=\"wd-product-thumb product-element-top wd-quick-shop\">\n\t\t<a href=\"https:\/\/www.absinthemarket.com\/de\/produkt\/absinthe-des-chats-70cl\/\" class=\"wd-product-img-link product-image-link\" tabindex=\"-1\" aria-label=\"Absinthe des Chats 70cl\">\n\t\t\t\t\t\t<div class=\"product-labels labels-rounded\">\n\t\t\t\t<span class=\"out-of-stock product-label wd-shape-round\">Sold out<\/span>\t\t\t<\/div>\n\t\t\t<img decoding=\"async\" width=\"600\" height=\"600\" src=\"https:\/\/www.absinthemarket.com\/wp-content\/uploads\/2020\/08\/absinthe-des-chats-70cl-600x600.jpg\" class=\"attachment-woocommerce_thumbnail size-woocommerce_thumbnail\" alt=\"Absinthe des Chats 70cl (Absinth Maison des Chats)\" srcset=\"https:\/\/www.absinthemarket.com\/wp-content\/uploads\/2020\/08\/absinthe-des-chats-70cl-600x600.jpg 600w, https:\/\/www.absinthemarket.com\/wp-content\/uploads\/2020\/08\/absinthe-des-chats-70cl-150x150.jpg 150w, https:\/\/www.absinthemarket.com\/wp-content\/uploads\/2020\/08\/absinthe-des-chats-70cl-300x300.jpg 300w, https:\/\/www.absinthemarket.com\/wp-content\/uploads\/2020\/08\/absinthe-des-chats-70cl-768x768.jpg 768w, https:\/\/www.absinthemarket.com\/wp-content\/uploads\/2020\/08\/absinthe-des-chats-70cl.jpg 1000w\" sizes=\"(max-width: 600px) 100vw, 600px\" \/>\t\t<\/a>\n\n\t\t\n\t\t<div class=\"wrapp-swatches\"><\/div>\n\t<\/div>\n\n\t<div class=\"product-element-bottom product-information\">\n\t\t<h3 class=\"wd-entities-title\"><a href=\"https:\/\/www.absinthemarket.com\/de\/produkt\/absinthe-des-chats-70cl\/\">Absinthe des Chats 70cl<\/a><\/h3>\t\t\t\t<div class=\"product-rating-price\">\n\t\t\t<div class=\"wrapp-product-price\">\n\t\t\t\t\n\t<span class=\"price\"><span class=\"woocommerce-Price-amount amount\"><bdi><span class=\"woocommerce-Price-currencySymbol\">&#67;&#72;&#70;<\/span>&nbsp;69.00<\/bdi><\/span><\/span>\n\t\t\t\t\t\t\t<\/div>\n\t\t<\/div>\n\t\t\t\t<div class=\"wd-product-card-hover fade-in-block wd-scroll\">\n\t\t\t<div class=\"hover-content wd-more-desc\">\n\t\t\t\t<div class=\"hover-content-inner wd-more-desc-inner\">\n\t\t\t\t\t<p>Hier ist ein wei\u00dfer Absinth mit Charakter, der Liebhaber von Intensit\u00e4t \u00fcberzeugen wird. Die Aromen werden verst\u00e4rkt: Blumig und pflanzlich, entwickelt auf Basis einer starken Komplexit\u00e4t. In seinem 1860 entwickelten Rezept sind 14 Pflanzen, von denen viele vom Brenner selbst angebaut werden.<\/p>\r\n<p>Brenner: <a href=\"https:\/\/www.absinthemarket.com\/de\/absinth-brennerei-maison-des-chats-kevin-nebel\/\">La Maison des Chats, Kevin Nebel<\/a><br \/>\r\nAlkoholgehalt: 54 Vol.-%<br \/>\r\nInhalt: 70cl, <a href=\"https:\/\/www.absinthemarket.com\/de\/produkt\/absinthe-des-chats-10cl\/\">10cl<\/a><\/p>\t\t\t\t<\/div>\n\t\t\t\t<a href=\"#\" rel=\"nofollow\" class=\"wd-more-desc-btn\" aria-label=\"Read more description\"><\/a>\n\t\t\t<\/div>\n\t\t\t<div class=\" wd-bottom-actions\">\n\t\t\t\t<div class=\"wrap-wishlist-button\">\t\t\t<div class=\"wd-wishlist-btn wd-action-btn wd-style-icon wd-wishlist-icon\">\n\t\t\t\t<a class=\"\" href=\"https:\/\/www.absinthemarket.com\/de\/meine-wunschzettel\/\" data-key=\"3cf863ba0a\" data-product-id=\"4319\" rel=\"nofollow\">\n\t\t\t\t\t<span class=\"wd-action-icon\">\n\t\t\t\t\t\t<span class=\"wd-check-icon\"><\/span>\n\t\t\t\t\t<\/span>\n\t\t\t\t\t<span class=\"wd-action-text\">Zur Merkliste hinzuf\u00fcgen<\/span>\n\t\t\t\t<\/a>\n\t\t\t<\/div>\n\t\t<\/div>\n\t\t\t\t<div class=\"wd-add-btn wd-add-btn-replace\">\n\t\t\t\t\t<a href=\"https:\/\/www.absinthemarket.com\/de\/produkt\/absinthe-des-chats-70cl\/\" aria-describedby=\"woocommerce_loop_add_to_cart_link_describedby_6033\" data-quantity=\"1\" class=\"button product_type_simple add-to-cart-loop\" data-product_id=\"6033\" data-product_sku=\"\" aria-label=\"Lese mehr \u00fcber &#8222;Absinthe des Chats 70cl&#8220;\" rel=\"nofollow\" data-success_message=\"\"><span class=\"wd-action-icon\"><span class=\"wd-check-icon\"><\/span><\/span><span class=\"wd-action-text\">Weiterlesen<\/span><\/a>\t<span id=\"woocommerce_loop_add_to_cart_link_describedby_6033\" class=\"screen-reader-text\">\n\t\t\t<\/span>\n\t\t\t\t\t\t\t\t\t\t\t<span class=\"gtm4wp_productdata\" style=\"display:none; visibility:hidden;\" data-gtm4wp_product_data=\"{&quot;internal_id&quot;:6033,&quot;item_id&quot;:6033,&quot;item_name&quot;:&quot;Absinthe des Chats 70cl&quot;,&quot;sku&quot;:6033,&quot;price&quot;:69,&quot;stocklevel&quot;:0,&quot;stockstatus&quot;:&quot;outofstock&quot;,&quot;google_business_vertical&quot;:&quot;retail&quot;,&quot;item_category&quot;:&quot;Klare Absinthe&quot;,&quot;id&quot;:6033,&quot;productlink&quot;:&quot;https:\\\/\\\/www.absinthemarket.com\\\/de\\\/produkt\\\/absinthe-des-chats-70cl\\\/&quot;,&quot;item_list_name&quot;:&quot;General Product List&quot;,&quot;index&quot;:2,&quot;product_type&quot;:&quot;simple&quot;,&quot;item_brand&quot;:&quot;&quot;}\"><\/span>\t\t\t\t\t\t\t\t\t<\/div>\n\t\t\t\t<div class=\"wrap-quickview-button\">\t\t<div class=\"wd-quick-view-btn wd-quick-view-icon wd-action-btn wd-style-icon\">\n\t\t\t<a\n\t\t\t\thref=\"https:\/\/www.absinthemarket.com\/de\/produkt\/absinthe-des-chats-70cl\/\"\n\t\t\t\tclass=\"open-quick-view\"\n\t\t\t\trel=\"nofollow\"\n\t\t\t\tdata-id=\"6033\"\n\t\t\t\t>\n\t\t\t\t\t<span class=\"wd-action-icon\"><\/span>\n\t\t\t\t\t<span class=\"wd-action-text\">\n\t\t\t\t\t\tSchnellansicht\t\t\t\t\t<\/span>\n\t\t\t<\/a>\n\t\t<\/div>\n\t\t<\/div>\n\t\t\t<\/div>\n\n\t\t\t\t\t\t\n\t\t\t\t\t<\/div>\n\t<\/div>\n<\/div>\n<\/div>\n<div class=\"wd-product wd-col wd-hover-base wd-hover-with-fade product-no-swatches product-grid-item product type-product post-6034 status-publish outofstock product_cat-absinthes-blanches product_cat-klare-absinthe has-post-thumbnail taxable shipping-taxable purchasable product-type-simple\" data-loop=\"2\" data-id=\"6034\">\n\t\n<div class=\"wd-product-wrapper product-wrapper\">\n\t<div class=\"wd-product-card-bg content-product-imagin\"><\/div>\n\t<div class=\"wd-product-thumb product-element-top wd-quick-shop\">\n\t\t<a href=\"https:\/\/www.absinthemarket.com\/de\/produkt\/absinthe-des-chats-10cl\/\" class=\"wd-product-img-link product-image-link\" tabindex=\"-1\" aria-label=\"Absinthe des Chats 10cl\">\n\t\t\t\t\t\t<div class=\"product-labels labels-rounded\">\n\t\t\t\t<span class=\"out-of-stock product-label wd-shape-round\">Sold out<\/span>\t\t\t<\/div>\n\t\t\t<img decoding=\"async\" width=\"600\" height=\"600\" src=\"https:\/\/www.absinthemarket.com\/wp-content\/uploads\/2021\/03\/absinthe-des-chats-10cl-600x600.jpg\" class=\"attachment-woocommerce_thumbnail size-woocommerce_thumbnail\" alt=\"Absinthe des Chats 10cl (Absinth Maison des Chats)\" srcset=\"https:\/\/www.absinthemarket.com\/wp-content\/uploads\/2021\/03\/absinthe-des-chats-10cl-600x600.jpg 600w, https:\/\/www.absinthemarket.com\/wp-content\/uploads\/2021\/03\/absinthe-des-chats-10cl-150x150.jpg 150w, https:\/\/www.absinthemarket.com\/wp-content\/uploads\/2021\/03\/absinthe-des-chats-10cl-300x300.jpg 300w, https:\/\/www.absinthemarket.com\/wp-content\/uploads\/2021\/03\/absinthe-des-chats-10cl-768x768.jpg 768w, https:\/\/www.absinthemarket.com\/wp-content\/uploads\/2021\/03\/absinthe-des-chats-10cl.jpg 1000w\" sizes=\"(max-width: 600px) 100vw, 600px\" \/>\t\t<\/a>\n\n\t\t\n\t\t<div class=\"wrapp-swatches\"><\/div>\n\t<\/div>\n\n\t<div class=\"product-element-bottom product-information\">\n\t\t<h3 class=\"wd-entities-title\"><a href=\"https:\/\/www.absinthemarket.com\/de\/produkt\/absinthe-des-chats-10cl\/\">Absinthe des Chats 10cl<\/a><\/h3>\t\t\t\t<div class=\"product-rating-price\">\n\t\t\t<div class=\"wrapp-product-price\">\n\t\t\t\t\n\t<span class=\"price\"><span class=\"woocommerce-Price-amount amount\"><bdi><span class=\"woocommerce-Price-currencySymbol\">&#67;&#72;&#70;<\/span>&nbsp;18.00<\/bdi><\/span><\/span>\n\t\t\t\t\t\t\t<\/div>\n\t\t<\/div>\n\t\t\t\t<div class=\"wd-product-card-hover fade-in-block wd-scroll\">\n\t\t\t<div class=\"hover-content wd-more-desc\">\n\t\t\t\t<div class=\"hover-content-inner wd-more-desc-inner\">\n\t\t\t\t\tHier ist ein wei\u00dfer Absinth mit Charakter, der Liebhaber von Intensit\u00e4t \u00fcberzeugen wird. Die Aromen werden verst\u00e4rkt: Blumig und pflanzlich, entwickelt auf Basis einer starken Komplexit\u00e4t. In seinem 1860 entwickelten Rezept sind 14 Pflanzen, von denen viele vom Brenner selbst angebaut werden.\r\n\r\nBrenner: <a href=\"https:\/\/www.absinthemarket.com\/de\/absinth-brennerei-maison-des-chats-kevin-nebel\/\">La Maison des Chats, Kevin Nebel<\/a>\r\nAlkoholgehalt: 54 Vol.-%\r\nInhalt: <a href=\"https:\/\/www.absinthemarket.com\/de\/produkt\/absinthe-des-chats-70cl\/\">70cl<\/a>, 10cl\t\t\t\t<\/div>\n\t\t\t\t<a href=\"#\" rel=\"nofollow\" class=\"wd-more-desc-btn\" aria-label=\"Read more description\"><\/a>\n\t\t\t<\/div>\n\t\t\t<div class=\" wd-bottom-actions\">\n\t\t\t\t<div class=\"wrap-wishlist-button\">\t\t\t<div class=\"wd-wishlist-btn wd-action-btn wd-style-icon wd-wishlist-icon\">\n\t\t\t\t<a class=\"\" href=\"https:\/\/www.absinthemarket.com\/de\/meine-wunschzettel\/\" data-key=\"3cf863ba0a\" data-product-id=\"5428\" rel=\"nofollow\">\n\t\t\t\t\t<span class=\"wd-action-icon\">\n\t\t\t\t\t\t<span class=\"wd-check-icon\"><\/span>\n\t\t\t\t\t<\/span>\n\t\t\t\t\t<span class=\"wd-action-text\">Zur Merkliste hinzuf\u00fcgen<\/span>\n\t\t\t\t<\/a>\n\t\t\t<\/div>\n\t\t<\/div>\n\t\t\t\t<div class=\"wd-add-btn wd-add-btn-replace\">\n\t\t\t\t\t<a href=\"https:\/\/www.absinthemarket.com\/de\/produkt\/absinthe-des-chats-10cl\/\" aria-describedby=\"woocommerce_loop_add_to_cart_link_describedby_6034\" data-quantity=\"1\" class=\"button product_type_simple add-to-cart-loop\" data-product_id=\"6034\" data-product_sku=\"\" aria-label=\"Lese mehr \u00fcber &#8222;Absinthe des Chats 10cl&#8220;\" rel=\"nofollow\" data-success_message=\"\"><span class=\"wd-action-icon\"><span class=\"wd-check-icon\"><\/span><\/span><span class=\"wd-action-text\">Weiterlesen<\/span><\/a>\t<span id=\"woocommerce_loop_add_to_cart_link_describedby_6034\" class=\"screen-reader-text\">\n\t\t\t<\/span>\n\t\t\t\t\t\t\t\t\t\t\t<span class=\"gtm4wp_productdata\" style=\"display:none; visibility:hidden;\" data-gtm4wp_product_data=\"{&quot;internal_id&quot;:6034,&quot;item_id&quot;:6034,&quot;item_name&quot;:&quot;Absinthe des Chats 10cl&quot;,&quot;sku&quot;:6034,&quot;price&quot;:18,&quot;stocklevel&quot;:0,&quot;stockstatus&quot;:&quot;outofstock&quot;,&quot;google_business_vertical&quot;:&quot;retail&quot;,&quot;item_category&quot;:&quot;Klare Absinthe&quot;,&quot;id&quot;:6034,&quot;productlink&quot;:&quot;https:\\\/\\\/www.absinthemarket.com\\\/de\\\/produkt\\\/absinthe-des-chats-10cl\\\/&quot;,&quot;item_list_name&quot;:&quot;General Product List&quot;,&quot;index&quot;:3,&quot;product_type&quot;:&quot;simple&quot;,&quot;item_brand&quot;:&quot;&quot;}\"><\/span>\t\t\t\t\t\t\t\t\t<\/div>\n\t\t\t\t<div class=\"wrap-quickview-button\">\t\t<div class=\"wd-quick-view-btn wd-quick-view-icon wd-action-btn wd-style-icon\">\n\t\t\t<a\n\t\t\t\thref=\"https:\/\/www.absinthemarket.com\/de\/produkt\/absinthe-des-chats-10cl\/\"\n\t\t\t\tclass=\"open-quick-view\"\n\t\t\t\trel=\"nofollow\"\n\t\t\t\tdata-id=\"6034\"\n\t\t\t\t>\n\t\t\t\t\t<span class=\"wd-action-icon\"><\/span>\n\t\t\t\t\t<span class=\"wd-action-text\">\n\t\t\t\t\t\tSchnellansicht\t\t\t\t\t<\/span>\n\t\t\t<\/a>\n\t\t<\/div>\n\t\t<\/div>\n\t\t\t<\/div>\n\n\t\t\t\t\t\t\n\t\t\t\t\t<\/div>\n\t<\/div>\n<\/div>\n<\/div>\n\t\t\t<\/div>\n\t\t\t<\/div>[\/vc_column][\/vc_row]<\/p>\n<\/div>","protected":false},"excerpt":{"rendered":"<p>[vc_row][vc_column][vc_single_image image=&#8220;4313&#8243; img_size=&#8220;full&#8220; parallax_scroll=&#8220;no&#8220;][vc_column_text text_larger=&#8220;no&#8220; el_class=&#8220;article&#8220;]An: Boveresse, Val-de-Travers Die Brennerei La Maison des Chats befindet sich auf dem \u00e4ltesten Absinthhof<\/p>\n","protected":false},"author":1,"featured_media":4313,"parent":0,"menu_order":0,"comment_status":"closed","ping_status":"closed","template":"","meta":{"footnotes":""},"class_list":["post-6025","page","type-page","status-publish","has-post-thumbnail","hentry"],"_links":{"self":[{"href":"https:\/\/www.absinthemarket.com\/de\/wp-json\/wp\/v2\/pages\/6025","targetHints":{"allow":["GET"]}}],"collection":[{"href":"https:\/\/www.absinthemarket.com\/de\/wp-json\/wp\/v2\/pages"}],"about":[{"href":"https:\/\/www.absinthemarket.com\/de\/wp-json\/wp\/v2\/types\/page"}],"author":[{"embeddable":true,"href":"https:\/\/www.absinthemarket.com\/de\/wp-json\/wp\/v2\/users\/1"}],"replies":[{"embeddable":true,"href":"https:\/\/www.absinthemarket.com\/de\/wp-json\/wp\/v2\/comments?post=6025"}],"version-history":[{"count":10,"href":"https:\/\/www.absinthemarket.com\/de\/wp-json\/wp\/v2\/pages\/6025\/revisions"}],"predecessor-version":[{"id":7504,"href":"https:\/\/www.absinthemarket.com\/de\/wp-json\/wp\/v2\/pages\/6025\/revisions\/7504"}],"wp:featuredmedia":[{"embeddable":true,"href":"https:\/\/www.absinthemarket.com\/de\/wp-json\/wp\/v2\/media\/4313"}],"wp:attachment":[{"href":"https:\/\/www.absinthemarket.com\/de\/wp-json\/wp\/v2\/media?parent=6025"}],"curies":[{"name":"wp","href":"https:\/\/api.w.org\/{rel}","templated":true}]}}