{"id":5954,"date":"2021-04-09T10:25:07","date_gmt":"2021-04-09T08:25:07","guid":{"rendered":"https:\/\/www.absinthemarket.com\/gerard-stampfli-absinth-brenner\/"},"modified":"2021-05-24T14:22:12","modified_gmt":"2021-05-24T12:22:12","slug":"absinth-brennerei-gerard-stampfli","status":"publish","type":"page","link":"https:\/\/www.absinthemarket.com\/de\/absinth-brennerei-gerard-stampfli\/","title":{"rendered":"G\u00e9rard Stampfli, Absinth Brenner"},"content":{"rendered":"<div class=\"wpb-content-wrapper\"><p>[vc_row][vc_column]\n\t\t<div id=\"wd-5f369135df450\" class=\"title-wrapper wd-wpb wd-set-mb reset-last-child  wd-rs-5f369135df450 wd-title-color-default wd-title-style-default text-center  wd-underline-colored\">\n\t\t\t\t\t\t\t\n\t\t\t\t<div class=\"title-subtitle  subtitle-color-default font-default subtitle-style-background wd-font-weight- wd-fontsize-m\">BRENNEREIEN<\/div>\n\t\t\t\n\t\t\t<div class=\"liner-continer\">\n\t\t\t\t<h1 class=\"woodmart-title-container title  wd-font-weight- wd-fontsize-xxxl\" >G\u00e9rard Stampfli, Absinth Brenner<\/h1>\n\t\t\t\t\t\t\t<\/div>\n\t\t\t\n\t\t\t\n\t\t\t\n\t\t<\/div>\n\t\t\n\t\t[vc_single_image image=&#8220;4175&#8243; img_size=&#8220;full&#8220; parallax_scroll=&#8220;no&#8220;][vc_column_text text_larger=&#8220;no&#8220; el_class=&#8220;article&#8220; woodmart_inline=&#8220;no&#8220;]An: Le Mont-de-Couvet, Val-de-Travers<\/p>\n<p>Was gibt es Sch\u00f6neres als eine abgelegene Farm in den H\u00f6hen von Couvet, um ruhig und <a href=\"https:\/\/www.absinthemarket.com\/de\/der-untergrund-des-absinths\/\">illegal brennen<\/a> zu k\u00f6nnen? \u00dcber Jahre hinweg brannte G\u00e9rard Stampfli seinen Blanche so, abseits vom regen Leben und Treiben und von der Eidgen\u00f6ssischen Alkoholverwaltung.<\/p>\n<p>Nach <a href=\"https:\/\/www.absinthemarket.com\/de\/absinth-legalisierung\/\">der Legalisierung von 2005<\/a> hat sich dort oben nicht wirklich irgendetwas ge\u00e4ndert. Sein Absinthe du Mont de Couvet entspringt seinem Alembik in limitierter Menge. Ein lieblicher und holzaromatischer Nektar, der einem wie frische Waldesluft in die Nase steigt.[\/vc_column_text]\n\t\t<div id=\"wd-5f3691b2263bd\" class=\"title-wrapper wd-wpb wd-set-mb reset-last-child  wd-rs-5f3691b2263bd wd-title-color-primary wd-title-style-underlined text-center  wd-underline-colored\">\n\t\t\t\n\t\t\t<div class=\"liner-continer\">\n\t\t\t\t<h2 class=\"woodmart-title-container title  wd-font-weight- wd-fontsize-xl\" >Absinth Mont-de-Couvet<\/h2>\n\t\t\t\t\t\t\t<\/div>\n\t\t\t\n\t\t\t\n\t\t\t\n\t\t<\/div>\n\t\t\n\t\t\t\t\t<div class=\"wd-products-element wd-wpb\">\n\t\t\t\n\t\t\n\t\t\t\t\t<div class=\"products wd-products  grid-columns-3 elements-grid wd-grid-g wd-loop-builder-off\" data-paged=\"1\" data-atts=\"{&quot;post_type&quot;:&quot;ids&quot;,&quot;include&quot;:&quot;4177, 4182, 4186&quot;,&quot;columns&quot;:&quot;3&quot;,&quot;sale_countdown&quot;:&quot;0&quot;,&quot;stock_progress_bar&quot;:&quot;0&quot;,&quot;highlighted_products&quot;:&quot;0&quot;,&quot;products_bordered_grid&quot;:&quot;0&quot;,&quot;orderby&quot;:&quot;ID&quot;,&quot;force_not_ajax&quot;:&quot;no&quot;}\" data-source=\"shortcode\" data-columns=\"3\" style=\"--wd-col-lg:3;--wd-col-md:3;--wd-col-sm:2;--wd-gap-lg:30px;--wd-gap-sm:10px;\">\n\t\t\t<div class=\"wd-product wd-col wd-hover-base wd-hover-with-fade product-no-swatches product-grid-item product type-product post-5958 status-publish instock product_cat-klare-absinthe has-post-thumbnail taxable shipping-taxable purchasable product-type-simple\" data-loop=\"1\" data-id=\"5958\">\n\t\n<div class=\"wd-product-wrapper product-wrapper\">\n\t<div class=\"wd-product-card-bg content-product-imagin\"><\/div>\n\t<div class=\"wd-product-thumb product-element-top wd-quick-shop\">\n\t\t<a href=\"https:\/\/www.absinthemarket.com\/de\/produkt\/absinthe-mont-de-couvet-100cl\/\" class=\"wd-product-img-link product-image-link\" tabindex=\"-1\" aria-label=\"Absinth Mont-de-Couvet 100cl\">\n\t\t\t<img decoding=\"async\" width=\"600\" height=\"600\" src=\"https:\/\/www.absinthemarket.com\/wp-content\/uploads\/2020\/08\/absinthe-mont-de-couvet-100cl-600x600.jpg\" class=\"attachment-woocommerce_thumbnail size-woocommerce_thumbnail\" alt=\"Absinth Mont-de-Couvet, G\u00e9rard Stampfli\" srcset=\"https:\/\/www.absinthemarket.com\/wp-content\/uploads\/2020\/08\/absinthe-mont-de-couvet-100cl-600x600.jpg 600w, https:\/\/www.absinthemarket.com\/wp-content\/uploads\/2020\/08\/absinthe-mont-de-couvet-100cl-150x150.jpg 150w, https:\/\/www.absinthemarket.com\/wp-content\/uploads\/2020\/08\/absinthe-mont-de-couvet-100cl-300x300.jpg 300w, https:\/\/www.absinthemarket.com\/wp-content\/uploads\/2020\/08\/absinthe-mont-de-couvet-100cl-768x768.jpg 768w, https:\/\/www.absinthemarket.com\/wp-content\/uploads\/2020\/08\/absinthe-mont-de-couvet-100cl.jpg 1000w\" sizes=\"(max-width: 600px) 100vw, 600px\" \/>\t\t<\/a>\n\n\t\t\n\t\t<div class=\"wrapp-swatches\"><\/div>\n\t<\/div>\n\n\t<div class=\"product-element-bottom product-information\">\n\t\t<h3 class=\"wd-entities-title\"><a href=\"https:\/\/www.absinthemarket.com\/de\/produkt\/absinthe-mont-de-couvet-100cl\/\">Absinth Mont-de-Couvet 100cl<\/a><\/h3>\t\t\t\t<div class=\"product-rating-price\">\n\t\t\t<div class=\"wrapp-product-price\">\n\t\t\t\t\n\t<span class=\"price\"><span class=\"woocommerce-Price-amount amount\"><bdi><span class=\"woocommerce-Price-currencySymbol\">&#67;&#72;&#70;<\/span>&nbsp;72.00<\/bdi><\/span><\/span>\n\t\t\t\t\t\t\t<\/div>\n\t\t<\/div>\n\t\t\t\t<div class=\"wd-product-card-hover fade-in-block wd-scroll\">\n\t\t\t<div class=\"hover-content wd-more-desc\">\n\t\t\t\t<div class=\"hover-content-inner wd-more-desc-inner\">\n\t\t\t\t\t<p>Hier ist ein sehr s\u00fc\u00dfer Blanche mit einem Aroma von Unterholz, gew\u00fcrzt mit Lakritz. Er wird in limitierten Mengen auf den Hochwiesen des Vallon von einem ehemaligen Schwarzbrenner hergestellt.<\/p>\r\n<p>Brenner: <a href=\"https:\/\/www.absinthemarket.com\/de\/absinth-brennerei-gerard-stampfli\/\">G\u00e9rard Stampfli<\/a><br \/>\r\nAlkoholgehalt: 54 Vol.-%<br \/>\r\nInhalt: 100cl, <a href=\"https:\/\/www.absinthemarket.com\/de\/produkt\/absinthe-mont-de-couvet-50cl\/\">50cl<\/a>, <a href=\"https:\/\/www.absinthemarket.com\/de\/produkt\/absinthe-mont-de-couvet-25cl\/\">25cl<\/a><\/p>\t\t\t\t<\/div>\n\t\t\t\t<a href=\"#\" rel=\"nofollow\" class=\"wd-more-desc-btn\" aria-label=\"Read more description\"><\/a>\n\t\t\t<\/div>\n\t\t\t<div class=\" wd-bottom-actions\">\n\t\t\t\t<div class=\"wrap-wishlist-button\">\t\t\t<div class=\"wd-wishlist-btn wd-action-btn wd-style-icon wd-wishlist-icon\">\n\t\t\t\t<a class=\"\" href=\"https:\/\/www.absinthemarket.com\/de\/meine-wunschzettel\/\" data-key=\"3480a0ec79\" data-product-id=\"4177\" rel=\"nofollow\">\n\t\t\t\t\t<span class=\"wd-action-icon\">\n\t\t\t\t\t\t<span class=\"wd-check-icon\"><\/span>\n\t\t\t\t\t<\/span>\n\t\t\t\t\t<span class=\"wd-action-text\">Zur Merkliste hinzuf\u00fcgen<\/span>\n\t\t\t\t<\/a>\n\t\t\t<\/div>\n\t\t<\/div>\n\t\t\t\t<div class=\"wd-add-btn wd-add-btn-replace\">\n\t\t\t\t\t<a href=\"\/de\/wp-json\/wp\/v2\/pages\/5954?add-to-cart=5958\" aria-describedby=\"woocommerce_loop_add_to_cart_link_describedby_5958\" data-quantity=\"1\" class=\"button product_type_simple add_to_cart_button ajax_add_to_cart add-to-cart-loop\" data-product_id=\"5958\" data-product_sku=\"\" aria-label=\"In den Warenkorb legen: \u201eAbsinth Mont-de-Couvet 100cl\u201c\" rel=\"nofollow\" data-success_message=\"\u201eAbsinth Mont-de-Couvet 100cl\u201c wurde deinem Warenkorb hinzugef\u00fcgt\" role=\"button\"><span class=\"wd-action-icon\"><span class=\"wd-check-icon\"><\/span><\/span><span class=\"wd-action-text\">In den Warenkorb<\/span><\/a>\t<span id=\"woocommerce_loop_add_to_cart_link_describedby_5958\" class=\"screen-reader-text\">\n\t\t\t<\/span>\n\t\t\t\t\t\t\t\t\t\t\t<span class=\"gtm4wp_productdata\" style=\"display:none; visibility:hidden;\" data-gtm4wp_product_data=\"{&quot;internal_id&quot;:5958,&quot;item_id&quot;:5958,&quot;item_name&quot;:&quot;Absinth Mont-de-Couvet 100cl&quot;,&quot;sku&quot;:5958,&quot;price&quot;:72,&quot;stocklevel&quot;:99989,&quot;stockstatus&quot;:&quot;instock&quot;,&quot;google_business_vertical&quot;:&quot;retail&quot;,&quot;item_category&quot;:&quot;Klare Absinthe&quot;,&quot;id&quot;:5958,&quot;productlink&quot;:&quot;https:\\\/\\\/www.absinthemarket.com\\\/de\\\/produkt\\\/absinthe-mont-de-couvet-100cl\\\/&quot;,&quot;item_list_name&quot;:&quot;General Product List&quot;,&quot;index&quot;:2,&quot;product_type&quot;:&quot;simple&quot;,&quot;item_brand&quot;:&quot;&quot;}\"><\/span>\t\t\t\t\t\t\t\t\t<\/div>\n\t\t\t\t<div class=\"wrap-quickview-button\">\t\t<div class=\"wd-quick-view-btn wd-quick-view-icon wd-action-btn wd-style-icon\">\n\t\t\t<a\n\t\t\t\thref=\"https:\/\/www.absinthemarket.com\/de\/produkt\/absinthe-mont-de-couvet-100cl\/\"\n\t\t\t\tclass=\"open-quick-view\"\n\t\t\t\trel=\"nofollow\"\n\t\t\t\tdata-id=\"5958\"\n\t\t\t\t>\n\t\t\t\t\t<span class=\"wd-action-icon\"><\/span>\n\t\t\t\t\t<span class=\"wd-action-text\">\n\t\t\t\t\t\tSchnellansicht\t\t\t\t\t<\/span>\n\t\t\t<\/a>\n\t\t<\/div>\n\t\t<\/div>\n\t\t\t<\/div>\n\n\t\t\t\t\t\t\n\t\t\t\t\t<\/div>\n\t<\/div>\n<\/div>\n<\/div>\n<div class=\"wd-product wd-col wd-hover-base wd-hover-with-fade product-no-swatches product-grid-item product type-product post-5959 status-publish instock product_cat-klare-absinthe has-post-thumbnail taxable shipping-taxable purchasable product-type-simple\" data-loop=\"2\" data-id=\"5959\">\n\t\n<div class=\"wd-product-wrapper product-wrapper\">\n\t<div class=\"wd-product-card-bg content-product-imagin\"><\/div>\n\t<div class=\"wd-product-thumb product-element-top wd-quick-shop\">\n\t\t<a href=\"https:\/\/www.absinthemarket.com\/de\/produkt\/absinthe-mont-de-couvet-50cl\/\" class=\"wd-product-img-link product-image-link\" tabindex=\"-1\" aria-label=\"Absinth Mont-de-Couvet 50cl\">\n\t\t\t<img decoding=\"async\" width=\"600\" height=\"600\" src=\"https:\/\/www.absinthemarket.com\/wp-content\/uploads\/2020\/08\/absinthe-mont-de-couvet-50cl-600x600.jpg\" class=\"attachment-woocommerce_thumbnail size-woocommerce_thumbnail\" alt=\"Absinth Mont-de-Couvet, G\u00e9rard Stampfli\" srcset=\"https:\/\/www.absinthemarket.com\/wp-content\/uploads\/2020\/08\/absinthe-mont-de-couvet-50cl-600x600.jpg 600w, https:\/\/www.absinthemarket.com\/wp-content\/uploads\/2020\/08\/absinthe-mont-de-couvet-50cl-150x150.jpg 150w, https:\/\/www.absinthemarket.com\/wp-content\/uploads\/2020\/08\/absinthe-mont-de-couvet-50cl-300x300.jpg 300w, https:\/\/www.absinthemarket.com\/wp-content\/uploads\/2020\/08\/absinthe-mont-de-couvet-50cl-768x768.jpg 768w, https:\/\/www.absinthemarket.com\/wp-content\/uploads\/2020\/08\/absinthe-mont-de-couvet-50cl.jpg 1000w\" sizes=\"(max-width: 600px) 100vw, 600px\" \/>\t\t<\/a>\n\n\t\t\n\t\t<div class=\"wrapp-swatches\"><\/div>\n\t<\/div>\n\n\t<div class=\"product-element-bottom product-information\">\n\t\t<h3 class=\"wd-entities-title\"><a href=\"https:\/\/www.absinthemarket.com\/de\/produkt\/absinthe-mont-de-couvet-50cl\/\">Absinth Mont-de-Couvet 50cl<\/a><\/h3>\t\t\t\t<div class=\"product-rating-price\">\n\t\t\t<div class=\"wrapp-product-price\">\n\t\t\t\t\n\t<span class=\"price\"><span class=\"woocommerce-Price-amount amount\"><bdi><span class=\"woocommerce-Price-currencySymbol\">&#67;&#72;&#70;<\/span>&nbsp;40.00<\/bdi><\/span><\/span>\n\t\t\t\t\t\t\t<\/div>\n\t\t<\/div>\n\t\t\t\t<div class=\"wd-product-card-hover fade-in-block wd-scroll\">\n\t\t\t<div class=\"hover-content wd-more-desc\">\n\t\t\t\t<div class=\"hover-content-inner wd-more-desc-inner\">\n\t\t\t\t\t<p>Hier ist ein sehr s\u00fc\u00dfer Blanche mit einem Aroma von Unterholz, gew\u00fcrzt mit Lakritz. Er wird in limitierten Mengen auf den Hochwiesen des Vallon von einem ehemaligen Schwarzbrenner hergestellt.<\/p>\r\n<p>Brenner: <a href=\"https:\/\/www.absinthemarket.com\/de\/absinth-brennerei-gerard-stampfli\/\">G\u00e9rard Stampfli<\/a><br \/>\r\nAlkoholgehalt: 54 Vol.-%<br \/>\r\nInhalt: <a href=\"https:\/\/www.absinthemarket.com\/de\/produkt\/absinthe-mont-de-couvet-100cl\/\">100cl<\/a>, 50cl, <a href=\"https:\/\/www.absinthemarket.com\/de\/produkt\/absinthe-mont-de-couvet-25cl\/\">25cl<\/a><\/p>\t\t\t\t<\/div>\n\t\t\t\t<a href=\"#\" rel=\"nofollow\" class=\"wd-more-desc-btn\" aria-label=\"Read more description\"><\/a>\n\t\t\t<\/div>\n\t\t\t<div class=\" wd-bottom-actions\">\n\t\t\t\t<div class=\"wrap-wishlist-button\">\t\t\t<div class=\"wd-wishlist-btn wd-action-btn wd-style-icon wd-wishlist-icon\">\n\t\t\t\t<a class=\"\" href=\"https:\/\/www.absinthemarket.com\/de\/meine-wunschzettel\/\" data-key=\"3480a0ec79\" data-product-id=\"4182\" rel=\"nofollow\">\n\t\t\t\t\t<span class=\"wd-action-icon\">\n\t\t\t\t\t\t<span class=\"wd-check-icon\"><\/span>\n\t\t\t\t\t<\/span>\n\t\t\t\t\t<span class=\"wd-action-text\">Zur Merkliste hinzuf\u00fcgen<\/span>\n\t\t\t\t<\/a>\n\t\t\t<\/div>\n\t\t<\/div>\n\t\t\t\t<div class=\"wd-add-btn wd-add-btn-replace\">\n\t\t\t\t\t<a href=\"\/de\/wp-json\/wp\/v2\/pages\/5954?add-to-cart=5959\" aria-describedby=\"woocommerce_loop_add_to_cart_link_describedby_5959\" data-quantity=\"1\" class=\"button product_type_simple add_to_cart_button ajax_add_to_cart add-to-cart-loop\" data-product_id=\"5959\" data-product_sku=\"\" aria-label=\"In den Warenkorb legen: \u201eAbsinth Mont-de-Couvet 50cl\u201c\" rel=\"nofollow\" data-success_message=\"\u201eAbsinth Mont-de-Couvet 50cl\u201c wurde deinem Warenkorb hinzugef\u00fcgt\" role=\"button\"><span class=\"wd-action-icon\"><span class=\"wd-check-icon\"><\/span><\/span><span class=\"wd-action-text\">In den Warenkorb<\/span><\/a>\t<span id=\"woocommerce_loop_add_to_cart_link_describedby_5959\" class=\"screen-reader-text\">\n\t\t\t<\/span>\n\t\t\t\t\t\t\t\t\t\t\t<span class=\"gtm4wp_productdata\" style=\"display:none; visibility:hidden;\" data-gtm4wp_product_data=\"{&quot;internal_id&quot;:5959,&quot;item_id&quot;:5959,&quot;item_name&quot;:&quot;Absinth Mont-de-Couvet 50cl&quot;,&quot;sku&quot;:5959,&quot;price&quot;:40,&quot;stocklevel&quot;:99998,&quot;stockstatus&quot;:&quot;instock&quot;,&quot;google_business_vertical&quot;:&quot;retail&quot;,&quot;item_category&quot;:&quot;Klare Absinthe&quot;,&quot;id&quot;:5959,&quot;productlink&quot;:&quot;https:\\\/\\\/www.absinthemarket.com\\\/de\\\/produkt\\\/absinthe-mont-de-couvet-50cl\\\/&quot;,&quot;item_list_name&quot;:&quot;General Product List&quot;,&quot;index&quot;:3,&quot;product_type&quot;:&quot;simple&quot;,&quot;item_brand&quot;:&quot;&quot;}\"><\/span>\t\t\t\t\t\t\t\t\t<\/div>\n\t\t\t\t<div class=\"wrap-quickview-button\">\t\t<div class=\"wd-quick-view-btn wd-quick-view-icon wd-action-btn wd-style-icon\">\n\t\t\t<a\n\t\t\t\thref=\"https:\/\/www.absinthemarket.com\/de\/produkt\/absinthe-mont-de-couvet-50cl\/\"\n\t\t\t\tclass=\"open-quick-view\"\n\t\t\t\trel=\"nofollow\"\n\t\t\t\tdata-id=\"5959\"\n\t\t\t\t>\n\t\t\t\t\t<span class=\"wd-action-icon\"><\/span>\n\t\t\t\t\t<span class=\"wd-action-text\">\n\t\t\t\t\t\tSchnellansicht\t\t\t\t\t<\/span>\n\t\t\t<\/a>\n\t\t<\/div>\n\t\t<\/div>\n\t\t\t<\/div>\n\n\t\t\t\t\t\t\n\t\t\t\t\t<\/div>\n\t<\/div>\n<\/div>\n<\/div>\n<div class=\"wd-product wd-col wd-hover-base wd-hover-with-fade product-no-swatches product-grid-item product type-product post-5960 status-publish last instock product_cat-klare-absinthe has-post-thumbnail taxable shipping-taxable purchasable product-type-simple\" data-loop=\"3\" data-id=\"5960\">\n\t\n<div class=\"wd-product-wrapper product-wrapper\">\n\t<div class=\"wd-product-card-bg content-product-imagin\"><\/div>\n\t<div class=\"wd-product-thumb product-element-top wd-quick-shop\">\n\t\t<a href=\"https:\/\/www.absinthemarket.com\/de\/produkt\/absinthe-mont-de-couvet-25cl\/\" class=\"wd-product-img-link product-image-link\" tabindex=\"-1\" aria-label=\"Absinth Mont-de-Couvet 25cl\">\n\t\t\t<img decoding=\"async\" width=\"600\" height=\"600\" src=\"https:\/\/www.absinthemarket.com\/wp-content\/uploads\/2020\/08\/absinthe-mont-de-couvet-25cl-600x600.jpg\" class=\"attachment-woocommerce_thumbnail size-woocommerce_thumbnail\" alt=\"Absinth Mont-de-Couvet, G\u00e9rard Stampfli\" srcset=\"https:\/\/www.absinthemarket.com\/wp-content\/uploads\/2020\/08\/absinthe-mont-de-couvet-25cl-600x600.jpg 600w, https:\/\/www.absinthemarket.com\/wp-content\/uploads\/2020\/08\/absinthe-mont-de-couvet-25cl-150x150.jpg 150w, https:\/\/www.absinthemarket.com\/wp-content\/uploads\/2020\/08\/absinthe-mont-de-couvet-25cl-300x300.jpg 300w, https:\/\/www.absinthemarket.com\/wp-content\/uploads\/2020\/08\/absinthe-mont-de-couvet-25cl-768x768.jpg 768w, https:\/\/www.absinthemarket.com\/wp-content\/uploads\/2020\/08\/absinthe-mont-de-couvet-25cl.jpg 1000w\" sizes=\"(max-width: 600px) 100vw, 600px\" \/>\t\t<\/a>\n\n\t\t\n\t\t<div class=\"wrapp-swatches\"><\/div>\n\t<\/div>\n\n\t<div class=\"product-element-bottom product-information\">\n\t\t<h3 class=\"wd-entities-title\"><a href=\"https:\/\/www.absinthemarket.com\/de\/produkt\/absinthe-mont-de-couvet-25cl\/\">Absinth Mont-de-Couvet 25cl<\/a><\/h3>\t\t\t\t<div class=\"product-rating-price\">\n\t\t\t<div class=\"wrapp-product-price\">\n\t\t\t\t\n\t<span class=\"price\"><span class=\"woocommerce-Price-amount amount\"><bdi><span class=\"woocommerce-Price-currencySymbol\">&#67;&#72;&#70;<\/span>&nbsp;26.00<\/bdi><\/span><\/span>\n\t\t\t\t\t\t\t<\/div>\n\t\t<\/div>\n\t\t\t\t<div class=\"wd-product-card-hover fade-in-block wd-scroll\">\n\t\t\t<div class=\"hover-content wd-more-desc\">\n\t\t\t\t<div class=\"hover-content-inner wd-more-desc-inner\">\n\t\t\t\t\t<p>Hier ist ein sehr s\u00fc\u00dfer Blanche mit einem Aroma von Unterholz, gew\u00fcrzt mit Lakritz. Er wird in limitierten Mengen auf den Hochwiesen des Vallon von einem ehemaligen Schwarzbrenner hergestellt.<\/p>\r\n<p>Brenner: <a href=\"https:\/\/www.absinthemarket.com\/de\/absinth-brennerei-gerard-stampfli\/\">G\u00e9rard Stampfli<\/a><br \/>\r\nAlkoholgehalt: 54 Vol.-%<br \/>\r\nInhalt: <a href=\"https:\/\/www.absinthemarket.com\/de\/produkt\/absinthe-mont-de-couvet-100cl\/\">100cl<\/a>, <a href=\"https:\/\/www.absinthemarket.com\/de\/produkt\/absinthe-mont-de-couvet-50cl\/\">50cl<\/a>, 25cl<\/p>\t\t\t\t<\/div>\n\t\t\t\t<a href=\"#\" rel=\"nofollow\" class=\"wd-more-desc-btn\" aria-label=\"Read more description\"><\/a>\n\t\t\t<\/div>\n\t\t\t<div class=\" wd-bottom-actions\">\n\t\t\t\t<div class=\"wrap-wishlist-button\">\t\t\t<div class=\"wd-wishlist-btn wd-action-btn wd-style-icon wd-wishlist-icon\">\n\t\t\t\t<a class=\"\" href=\"https:\/\/www.absinthemarket.com\/de\/meine-wunschzettel\/\" data-key=\"3480a0ec79\" data-product-id=\"4186\" rel=\"nofollow\">\n\t\t\t\t\t<span class=\"wd-action-icon\">\n\t\t\t\t\t\t<span class=\"wd-check-icon\"><\/span>\n\t\t\t\t\t<\/span>\n\t\t\t\t\t<span class=\"wd-action-text\">Zur Merkliste hinzuf\u00fcgen<\/span>\n\t\t\t\t<\/a>\n\t\t\t<\/div>\n\t\t<\/div>\n\t\t\t\t<div class=\"wd-add-btn wd-add-btn-replace\">\n\t\t\t\t\t<a href=\"\/de\/wp-json\/wp\/v2\/pages\/5954?add-to-cart=5960\" aria-describedby=\"woocommerce_loop_add_to_cart_link_describedby_5960\" data-quantity=\"1\" class=\"button product_type_simple add_to_cart_button ajax_add_to_cart add-to-cart-loop\" data-product_id=\"5960\" data-product_sku=\"\" aria-label=\"In den Warenkorb legen: \u201eAbsinth Mont-de-Couvet 25cl\u201c\" rel=\"nofollow\" data-success_message=\"\u201eAbsinth Mont-de-Couvet 25cl\u201c wurde deinem Warenkorb hinzugef\u00fcgt\" role=\"button\"><span class=\"wd-action-icon\"><span class=\"wd-check-icon\"><\/span><\/span><span class=\"wd-action-text\">In den Warenkorb<\/span><\/a>\t<span id=\"woocommerce_loop_add_to_cart_link_describedby_5960\" class=\"screen-reader-text\">\n\t\t\t<\/span>\n\t\t\t\t\t\t\t\t\t\t\t<span class=\"gtm4wp_productdata\" style=\"display:none; visibility:hidden;\" data-gtm4wp_product_data=\"{&quot;internal_id&quot;:5960,&quot;item_id&quot;:5960,&quot;item_name&quot;:&quot;Absinth Mont-de-Couvet 25cl&quot;,&quot;sku&quot;:5960,&quot;price&quot;:26,&quot;stocklevel&quot;:99998,&quot;stockstatus&quot;:&quot;instock&quot;,&quot;google_business_vertical&quot;:&quot;retail&quot;,&quot;item_category&quot;:&quot;Klare Absinthe&quot;,&quot;id&quot;:5960,&quot;productlink&quot;:&quot;https:\\\/\\\/www.absinthemarket.com\\\/de\\\/produkt\\\/absinthe-mont-de-couvet-25cl\\\/&quot;,&quot;item_list_name&quot;:&quot;General Product List&quot;,&quot;index&quot;:4,&quot;product_type&quot;:&quot;simple&quot;,&quot;item_brand&quot;:&quot;&quot;}\"><\/span>\t\t\t\t\t\t\t\t\t<\/div>\n\t\t\t\t<div class=\"wrap-quickview-button\">\t\t<div class=\"wd-quick-view-btn wd-quick-view-icon wd-action-btn wd-style-icon\">\n\t\t\t<a\n\t\t\t\thref=\"https:\/\/www.absinthemarket.com\/de\/produkt\/absinthe-mont-de-couvet-25cl\/\"\n\t\t\t\tclass=\"open-quick-view\"\n\t\t\t\trel=\"nofollow\"\n\t\t\t\tdata-id=\"5960\"\n\t\t\t\t>\n\t\t\t\t\t<span class=\"wd-action-icon\"><\/span>\n\t\t\t\t\t<span class=\"wd-action-text\">\n\t\t\t\t\t\tSchnellansicht\t\t\t\t\t<\/span>\n\t\t\t<\/a>\n\t\t<\/div>\n\t\t<\/div>\n\t\t\t<\/div>\n\n\t\t\t\t\t\t\n\t\t\t\t\t<\/div>\n\t<\/div>\n<\/div>\n<\/div>\n\t\t\t<\/div>\n\t\t\t<\/div>[\/vc_column][\/vc_row]<\/p>\n<\/div>","protected":false},"excerpt":{"rendered":"<p>[vc_row][vc_column][vc_single_image image=&#8220;4175&#8243; img_size=&#8220;full&#8220; parallax_scroll=&#8220;no&#8220;][vc_column_text text_larger=&#8220;no&#8220; el_class=&#8220;article&#8220; woodmart_inline=&#8220;no&#8220;]An: Le Mont-de-Couvet, Val-de-Travers Was gibt es Sch\u00f6neres als eine abgelegene Farm in den<\/p>\n","protected":false},"author":1,"featured_media":4175,"parent":0,"menu_order":0,"comment_status":"closed","ping_status":"closed","template":"","meta":{"footnotes":""},"class_list":["post-5954","page","type-page","status-publish","has-post-thumbnail","hentry"],"_links":{"self":[{"href":"https:\/\/www.absinthemarket.com\/de\/wp-json\/wp\/v2\/pages\/5954","targetHints":{"allow":["GET"]}}],"collection":[{"href":"https:\/\/www.absinthemarket.com\/de\/wp-json\/wp\/v2\/pages"}],"about":[{"href":"https:\/\/www.absinthemarket.com\/de\/wp-json\/wp\/v2\/types\/page"}],"author":[{"embeddable":true,"href":"https:\/\/www.absinthemarket.com\/de\/wp-json\/wp\/v2\/users\/1"}],"replies":[{"embeddable":true,"href":"https:\/\/www.absinthemarket.com\/de\/wp-json\/wp\/v2\/comments?post=5954"}],"version-history":[{"count":5,"href":"https:\/\/www.absinthemarket.com\/de\/wp-json\/wp\/v2\/pages\/5954\/revisions"}],"predecessor-version":[{"id":6463,"href":"https:\/\/www.absinthemarket.com\/de\/wp-json\/wp\/v2\/pages\/5954\/revisions\/6463"}],"wp:featuredmedia":[{"embeddable":true,"href":"https:\/\/www.absinthemarket.com\/de\/wp-json\/wp\/v2\/media\/4175"}],"wp:attachment":[{"href":"https:\/\/www.absinthemarket.com\/de\/wp-json\/wp\/v2\/media?parent=5954"}],"curies":[{"name":"wp","href":"https:\/\/api.w.org\/{rel}","templated":true}]}}