{"id":5832,"date":"2021-04-01T15:04:40","date_gmt":"2021-04-01T13:04:40","guid":{"rendered":"https:\/\/www.absinthemarket.com\/die-geschichte-des-absinths-von-der-antike-bis-heute\/"},"modified":"2021-06-06T10:11:57","modified_gmt":"2021-06-06T08:11:57","slug":"absinth-geschichte","status":"publish","type":"page","link":"https:\/\/www.absinthemarket.com\/de\/absinth-geschichte\/","title":{"rendered":"Die Geschichte des Absinths von der Antike bis heute"},"content":{"rendered":"<div class=\"wpb-content-wrapper\"><p>[vc_row][vc_column]\n\t\t<div id=\"wd-5eca6a9d88adf\" class=\"title-wrapper wd-wpb wd-set-mb reset-last-child  wd-rs-5eca6a9d88adf wd-title-color-default wd-title-style-default text-center  wd-underline-colored\">\n\t\t\t\t\t\t\t\n\t\t\t\t<div class=\"title-subtitle  subtitle-color-default font-default subtitle-style-background wd-font-weight- wd-fontsize-m\">GESCHICHTE<\/div>\n\t\t\t\n\t\t\t<div class=\"liner-continer\">\n\t\t\t\t<h1 class=\"woodmart-title-container title  wd-font-weight- wd-fontsize-xxxl\" >Geschichte des Absinths: Geburt, Untergrund und Rehabilitierung<\/h1>\n\t\t\t\t\t\t\t<\/div>\n\t\t\t\n\t\t\t\n\t\t\t\n\t\t<\/div>\n\t\t\n\t\t[vc_single_image image=&#8220;3382&#8243; img_size=&#8220;full&#8220; parallax_scroll=&#8220;no&#8220;][\/vc_column][\/vc_row][vc_row][vc_column width=&#8220;1\/2&#8243; css=&#8220;.vc_custom_1590326766210{margin-bottom: 20px !important;}&#8220; mobile_bg_img_hidden=&#8220;no&#8220; tablet_bg_img_hidden=&#8220;no&#8220; woodmart_parallax=&#8220;0&#8243; woodmart_sticky_column=&#8220;false&#8220; parallax_scroll=&#8220;no&#8220; mobile_reset_margin=&#8220;no&#8220; tablet_reset_margin=&#8220;no&#8220;][vc_column_text text_larger=&#8220;no&#8220; css=&#8220;.vc_custom_1608299007463{margin-bottom: 15px !important;}&#8220;]<\/p>\n<h2><a href=\"https:\/\/www.absinthemarket.com\/de\/die-urspruenge-des-absinths\/\">Die Geburt des Absinths<\/a><\/h2>\n<p>[\/vc_column_text][vc_column_text text_larger=&#8220;no&#8220; el_class=&#8220;article&#8220; css=&#8220;.vc_custom_1608298948230{margin-bottom: 20px !important;}&#8220;]Alles begann Mitte des 18. Jahrhunderts. Im Verborgenen des Val-de-Travers kreiert Mutter Henriod ein medizinisches Elixier, das rasch zu einem beliebten Aperitif wurde. Dieser Absinth wurde von franz\u00f6sischen Soldaten nach Algerien exportiert, die ihn wiederum nach ihrer R\u00fcckkehr in Pariser Bistros popul\u00e4r machten. Ende des 19. Jahrhunderts war die \u201eGr\u00fcne Fee\u201c der beliebteste Aperitif in Frankreich.[\/vc_column_text]<div id=\"wd-60bc82ee23377\" class=\" wd-rs-60bc82ee23377  wd-button-wrapper text-left\"><a href=\"https:\/\/www.absinthemarket.com\/de\/die-urspruenge-des-absinths\/\" title=\"Die Urspr\u00fcnge des Absinths, vom medizinischen Elixier bis hin zum beliebten Aperitif\" style=\"--btn-color:#fff;--btn-color-hover:#fff;\" class=\"btn btn-style-default btn-shape-rectangle btn-size-default\">Weiterlesen<\/a><\/div>[\/vc_column][vc_column width=&#8220;1\/2&#8243;][vc_single_image image=&#8220;3385&#8243; img_size=&#8220;full&#8220; onclick=&#8220;custom_link&#8220; parallax_scroll=&#8220;no&#8220; link=&#8220;https:\/\/www.absinthemarket.com\/de\/die-urspruenge-des-absinths\/&#8220; woodmart_inline=&#8220;no&#8220;][\/vc_column][\/vc_row][vc_row][vc_column width=&#8220;1\/2&#8243;][vc_column_text text_larger=&#8220;no&#8220; css=&#8220;.vc_custom_1608299079595{margin-bottom: 15px !important;}&#8220;]<\/p>\n<h2><a href=\"https:\/\/www.absinthemarket.com\/de\/absinth-verbot\/\">Das Absinthverbot<\/a><\/h2>\n<p>[\/vc_column_text][vc_column_text text_larger=&#8220;no&#8220; el_class=&#8220;article&#8220; css=&#8220;.vc_custom_1608299086313{margin-bottom: 20px !important;}&#8220;]\u2026 So beliebt, dass die Weinproduktion zusammenbrach. In einer Zeit, in der Alkoholismus Chaos stiftete, wurde Absinth f\u00fcr alle \u00dcbel der Gesellschaft verantwortlich gemacht. Er w\u00fcrde verr\u00fcckt machen und sogar&#8230; Tuberkulose verursachen! Als ein betrunkener Arbeiter im Kanton Waadt Frau und Kinder t\u00f6tete, hatte das Schweizer Volk den idealen Schuldigen gefunden. Absinth wurde 1910 in der Schweiz verboten. F\u00fcnf Jahre sp\u00e4ter auch in Frankreich.[\/vc_column_text]<div id=\"wd-60bc831355f44\" class=\" wd-rs-60bc831355f44  wd-button-wrapper text-left\"><a href=\"https:\/\/www.absinthemarket.com\/de\/absinth-verbot\/\" title=\"Das Absinthverbot in der Schweiz und in Frankreich\" style=\"--btn-color:#fff;--btn-color-hover:#fff;\" class=\"btn btn-style-default btn-shape-rectangle btn-size-default\">Weiterlesen<\/a><\/div>[\/vc_column][vc_column width=&#8220;1\/2&#8243;][vc_single_image image=&#8220;3396&#8243; img_size=&#8220;full&#8220; onclick=&#8220;custom_link&#8220; parallax_scroll=&#8220;no&#8220; link=&#8220;https:\/\/www.absinthemarket.com\/de\/absinth-verbot\/&#8220; woodmart_inline=&#8220;no&#8220;][\/vc_column][\/vc_row][vc_row][vc_column width=&#8220;1\/2&#8243; css=&#8220;.vc_custom_1590326802242{margin-bottom: 20px !important;}&#8220; mobile_bg_img_hidden=&#8220;no&#8220; tablet_bg_img_hidden=&#8220;no&#8220; woodmart_parallax=&#8220;0&#8243; woodmart_sticky_column=&#8220;false&#8220; parallax_scroll=&#8220;no&#8220; mobile_reset_margin=&#8220;no&#8220; tablet_reset_margin=&#8220;no&#8220;][vc_column_text text_larger=&#8220;no&#8220; css=&#8220;.vc_custom_1608299103192{margin-bottom: 15px !important;}&#8220;]<\/p>\n<h2><a href=\"https:\/\/www.absinthemarket.com\/de\/der-untergrund-des-absinths\/\">Der Untergrund<\/a><\/h2>\n<p>[\/vc_column_text][vc_column_text text_larger=&#8220;no&#8220; el_class=&#8220;article&#8220; css=&#8220;.vc_custom_1608299112633{margin-bottom: 20px !important;}&#8220;]Die Prohibition von Absinth h\u00e4tte eigentlich sein Verschwinden zur Folge haben m\u00fcssen. Doch ein kleines Tal unbeugsamer Brennereien sollte sich dem widersetzen. Das Val-de-Travers ging in den Untergrund und sollte bis zu 300 Gesetzlose z\u00e4hlen. Man brannte hinter verschlossenen T\u00fcren, in der Badewanne, in der Garage. Ein Katz- und Mausspiel mit der Eidgen\u00f6ssischen Alkoholverwaltung, bei dem die wahren Legenden der Prohibition geboren wurden.[\/vc_column_text]<div id=\"wd-60bc832bc8f78\" class=\" wd-rs-60bc832bc8f78  wd-button-wrapper text-left\"><a href=\"https:\/\/www.absinthemarket.com\/de\/der-untergrund-des-absinths\/\" title=\"Der Untergrund des Absinths: 1910-2005\" style=\"--btn-color:#fff;--btn-color-hover:#fff;\" class=\"btn btn-style-default btn-shape-rectangle btn-size-default\">Weiterlesen<\/a><\/div>[\/vc_column][vc_column width=&#8220;1\/2&#8243;][vc_single_image image=&#8220;3295&#8243; img_size=&#8220;full&#8220; onclick=&#8220;custom_link&#8220; parallax_scroll=&#8220;no&#8220; link=&#8220;https:\/\/www.absinthemarket.com\/de\/der-untergrund-des-absinths\/&#8220; woodmart_inline=&#8220;no&#8220;][\/vc_column][\/vc_row][vc_row][vc_column width=&#8220;1\/2&#8243; css=&#8220;.vc_custom_1590326809833{margin-bottom: 20px !important;}&#8220; mobile_bg_img_hidden=&#8220;no&#8220; tablet_bg_img_hidden=&#8220;no&#8220; woodmart_parallax=&#8220;0&#8243; woodmart_sticky_column=&#8220;false&#8220; parallax_scroll=&#8220;no&#8220; mobile_reset_margin=&#8220;no&#8220; tablet_reset_margin=&#8220;no&#8220;][vc_column_text text_larger=&#8220;no&#8220; css=&#8220;.vc_custom_1608299128329{margin-bottom: 15px !important;}&#8220;]<\/p>\n<h2><a href=\"https:\/\/www.absinthemarket.com\/de\/absinth-legalisierung\/\">Entkriminalisierung<\/a><\/h2>\n<p>[\/vc_column_text][vc_column_text text_larger=&#8220;no&#8220; el_class=&#8220;article&#8220; css=&#8220;.vc_custom_1608299138897{margin-bottom: 20px !important;}&#8220;]Am 1. M\u00e4rz 2005 wurde nach 95 Jahren Prohibition Absinth von den Schweizer Beh\u00f6rden wieder zugelassen. Und in Frankreich im Jahr 2011. Eine Reihe ehemaliger Schwarzbrenner er\u00f6ffnete L\u00e4den und bereite nun legal jahrhundertealte Getr\u00e4nke zu, die von Generation zu Generation weitergegeben wurden.[\/vc_column_text]<div id=\"wd-60bc833fd2a97\" class=\" wd-rs-60bc833fd2a97  wd-button-wrapper text-left\"><a href=\"https:\/\/www.absinthemarket.com\/de\/absinth-legalisierung\/\" title=\"Entkriminalisierung von Absinth\" style=\"--btn-color:#fff;--btn-color-hover:#fff;\" class=\"btn btn-style-default btn-shape-rectangle btn-size-default\">Weiterlesen<\/a><\/div>[\/vc_column][vc_column width=&#8220;1\/2&#8243;][vc_single_image image=&#8220;3391&#8243; img_size=&#8220;full&#8220; onclick=&#8220;custom_link&#8220; parallax_scroll=&#8220;no&#8220; link=&#8220;https:\/\/www.absinthemarket.com\/de\/absinth-legalisierung\/&#8220; woodmart_inline=&#8220;no&#8220;][\/vc_column][\/vc_row]<\/p>\n<\/div>","protected":false},"excerpt":{"rendered":"<p>[vc_row][vc_column][vc_single_image image=&#8220;3382&#8243; img_size=&#8220;full&#8220; parallax_scroll=&#8220;no&#8220;][\/vc_column][\/vc_row][vc_row][vc_column width=&#8220;1\/2&#8243; css=&#8220;.vc_custom_1590326766210{margin-bottom: 20px !important;}&#8220; mobile_bg_img_hidden=&#8220;no&#8220; tablet_bg_img_hidden=&#8220;no&#8220; woodmart_parallax=&#8220;0&#8243; woodmart_sticky_column=&#8220;false&#8220; parallax_scroll=&#8220;no&#8220; mobile_reset_margin=&#8220;no&#8220; tablet_reset_margin=&#8220;no&#8220;][vc_column_text text_larger=&#8220;no&#8220; css=&#8220;.vc_custom_1608299007463{margin-bottom: 15px !important;}&#8220;] Die<\/p>\n","protected":false},"author":1,"featured_media":3382,"parent":0,"menu_order":0,"comment_status":"closed","ping_status":"closed","template":"","meta":{"footnotes":""},"class_list":["post-5832","page","type-page","status-publish","has-post-thumbnail","hentry"],"_links":{"self":[{"href":"https:\/\/www.absinthemarket.com\/de\/wp-json\/wp\/v2\/pages\/5832","targetHints":{"allow":["GET"]}}],"collection":[{"href":"https:\/\/www.absinthemarket.com\/de\/wp-json\/wp\/v2\/pages"}],"about":[{"href":"https:\/\/www.absinthemarket.com\/de\/wp-json\/wp\/v2\/types\/page"}],"author":[{"embeddable":true,"href":"https:\/\/www.absinthemarket.com\/de\/wp-json\/wp\/v2\/users\/1"}],"replies":[{"embeddable":true,"href":"https:\/\/www.absinthemarket.com\/de\/wp-json\/wp\/v2\/comments?post=5832"}],"version-history":[{"count":5,"href":"https:\/\/www.absinthemarket.com\/de\/wp-json\/wp\/v2\/pages\/5832\/revisions"}],"predecessor-version":[{"id":6706,"href":"https:\/\/www.absinthemarket.com\/de\/wp-json\/wp\/v2\/pages\/5832\/revisions\/6706"}],"wp:featuredmedia":[{"embeddable":true,"href":"https:\/\/www.absinthemarket.com\/de\/wp-json\/wp\/v2\/media\/3382"}],"wp:attachment":[{"href":"https:\/\/www.absinthemarket.com\/de\/wp-json\/wp\/v2\/media?parent=5832"}],"curies":[{"name":"wp","href":"https:\/\/api.w.org\/{rel}","templated":true}]}}